{"id":16,"date":"2014-01-22T08:48:01","date_gmt":"2014-01-22T07:48:01","guid":{"rendered":"http:\/\/unser-quartier.de\/havaube\/?page_id=16"},"modified":"2022-09-15T17:27:22","modified_gmt":"2022-09-15T15:27:22","slug":"impressum","status":"publish","type":"page","link":"https:\/\/unser-quartier.de\/seniorenclub-duempten\/impressum\/","title":{"rendered":"Impressum"},"content":{"rendered":"<p>&nbsp;<\/p>\n<p><strong>Angaben gem\u00e4\u00df \u00a7 5 TMG:<\/strong><\/p>\n<p>Seniorenclub D\u00fcmpten e. V.<br \/>\nOberheidstra\u00dfe 136<br \/>\n45475 M\u00fclheim-D\u00fcmpten<\/p>\n<p><strong>Kontakt:<\/strong><\/p>\n<table>\n<tbody>\n<tr>\n<td>Telefon:<\/td>\n<td>+49 (0) 208 47 01 59\u00a0 \u00a0Horst Schiffmann<\/td>\n<\/tr>\n<tr>\n<td>Telefax:<\/td>\n<td><\/td>\n<\/tr>\n<tr>\n<td>E-Mail:<\/td>\n<td>seniorenclub-duempten@gmx.de<\/td>\n<\/tr>\n<\/tbody>\n<\/table>\n<p><strong>Verantwortlich f\u00fcr den Inhalt nach \u00a7 55 Abs. 2 RStV:<\/strong><\/p>\n<p>Harald Brinkmann<br \/>\nOberheidstr. 136<br \/>\n45475\u00a0 M\u00fclheim<\/p>\n<p><strong>Quellenangaben f\u00fcr die verwendeten Bilder und Grafiken:<\/strong><\/p>\n<p>Eigene Bilder, au\u00dfer<\/p>\n<p>Homepage: Bild von Klaus-D. Schiemann<\/p>\n<p>&nbsp;<\/p>\n","protected":false},"excerpt":{"rendered":"<p>&nbsp; Angaben gem\u00e4\u00df \u00a7 5 TMG: Seniorenclub D\u00fcmpten e. V. Oberheidstra\u00dfe 136 45475 M\u00fclheim-D\u00fcmpten Kontakt: Telefon: +49 (0) 208 47 01 59\u00a0 \u00a0Horst Schiffmann Telefax: E-Mail: seniorenclub-duempten@gmx.de Verantwortlich f\u00fcr den Inhalt nach \u00a7 55 Abs. 2 RStV: Harald Brinkmann Oberheidstr. 136 45475\u00a0 M\u00fclheim Quellenangaben f\u00fcr die verwendeten Bilder und Grafiken: Eigene Bilder, au\u00dfer Homepage: Bild &#8230; <a title=\"Impressum\" class=\"read-more\" href=\"https:\/\/unser-quartier.de\/seniorenclub-duempten\/impressum\/\" aria-label=\"Mehr Informationen \u00fcber Impressum\">Read more<\/a><\/p>\n","protected":false},"author":51,"featured_media":0,"parent":0,"menu_order":7,"comment_status":"closed","ping_status":"closed","template":"","meta":{"generate_page_header":"","footnotes":""},"class_list":["post-16","page","type-page","status-publish"],"_links":{"self":[{"href":"https:\/\/unser-quartier.de\/seniorenclub-duempten\/wp-json\/wp\/v2\/pages\/16","targetHints":{"allow":["GET"]}}],"collection":[{"href":"https:\/\/unser-quartier.de\/seniorenclub-duempten\/wp-json\/wp\/v2\/pages"}],"about":[{"href":"https:\/\/unser-quartier.de\/seniorenclub-duempten\/wp-json\/wp\/v2\/types\/page"}],"author":[{"embeddable":true,"href":"https:\/\/unser-quartier.de\/seniorenclub-duempten\/wp-json\/wp\/v2\/users\/51"}],"replies":[{"embeddable":true,"href":"https:\/\/unser-quartier.de\/seniorenclub-duempten\/wp-json\/wp\/v2\/comments?post=16"}],"version-history":[{"count":0,"href":"https:\/\/unser-quartier.de\/seniorenclub-duempten\/wp-json\/wp\/v2\/pages\/16\/revisions"}],"wp:attachment":[{"href":"https:\/\/unser-quartier.de\/seniorenclub-duempten\/wp-json\/wp\/v2\/media?parent=16"}],"curies":[{"name":"wp","href":"https:\/\/api.w.org\/{rel}","templated":true}]}}