{"id":3351,"date":"2022-09-14T17:58:04","date_gmt":"2022-09-14T15:58:04","guid":{"rendered":"https:\/\/unser-quartier.de\/havaube\/?page_id=3351"},"modified":"2022-11-17T16:46:21","modified_gmt":"2022-11-17T15:46:21","slug":"herzlich-willommen","status":"publish","type":"page","link":"https:\/\/unser-quartier.de\/seniorenclub-duempten\/herzlich-willommen\/","title":{"rendered":"Herzlich willkommen"},"content":{"rendered":"<div id='gallery-1' class='gallery galleryid-3351 gallery-columns-3 gallery-size-thumbnail'><figure class='gallery-item'>\n\t\t\t<div class='gallery-icon portrait'>\n\t\t\t\t<a href='https:\/\/unser-quartier.de\/seniorenclub-duempten\/herzlich-willommen\/20220701_102436\/#main'><img loading=\"lazy\" decoding=\"async\" width=\"113\" height=\"150\" src=\"https:\/\/unser-quartier.de\/seniorenclub-duempten\/files\/2022\/11\/20220701_102436-113x150.jpg\" class=\"attachment-thumbnail size-thumbnail\" alt=\"\" srcset=\"https:\/\/unser-quartier.de\/seniorenclub-duempten\/files\/2022\/11\/20220701_102436-113x150.jpg 113w, https:\/\/unser-quartier.de\/seniorenclub-duempten\/files\/2022\/11\/20220701_102436-225x300.jpg 225w, https:\/\/unser-quartier.de\/seniorenclub-duempten\/files\/2022\/11\/20220701_102436-768x1024.jpg 768w, https:\/\/unser-quartier.de\/seniorenclub-duempten\/files\/2022\/11\/20220701_102436.jpg 900w\" sizes=\"auto, (max-width: 113px) 100vw, 113px\" \/><\/a>\n\t\t\t<\/div><\/figure><figure class='gallery-item'>\n\t\t\t<div class='gallery-icon portrait'>\n\t\t\t\t<a href='https:\/\/unser-quartier.de\/seniorenclub-duempten\/20220701_102129\/'><img loading=\"lazy\" decoding=\"async\" width=\"113\" height=\"150\" src=\"https:\/\/unser-quartier.de\/seniorenclub-duempten\/files\/2022\/07\/20220701_102129-113x150.jpg\" class=\"attachment-thumbnail size-thumbnail\" alt=\"\" aria-describedby=\"gallery-1-2858\" srcset=\"https:\/\/unser-quartier.de\/seniorenclub-duempten\/files\/2022\/07\/20220701_102129-113x150.jpg 113w, https:\/\/unser-quartier.de\/seniorenclub-duempten\/files\/2022\/07\/20220701_102129-225x300.jpg 225w, https:\/\/unser-quartier.de\/seniorenclub-duempten\/files\/2022\/07\/20220701_102129-768x1024.jpg 768w, https:\/\/unser-quartier.de\/seniorenclub-duempten\/files\/2022\/07\/20220701_102129.jpg 900w\" sizes=\"auto, (max-width: 113px) 100vw, 113px\" \/><\/a>\n\t\t\t<\/div>\n\t\t\t\t<figcaption class='wp-caption-text gallery-caption' id='gallery-1-2858'>\n\t\t\t\tDer neue Eingang\n\t\t\t\t<\/figcaption><\/figure><figure class='gallery-item'>\n\t\t\t<div class='gallery-icon portrait'>\n\t\t\t\t<a href='https:\/\/unser-quartier.de\/seniorenclub-duempten\/20220701_102107\/'><img loading=\"lazy\" decoding=\"async\" width=\"113\" height=\"150\" src=\"https:\/\/unser-quartier.de\/seniorenclub-duempten\/files\/2022\/07\/20220701_102107-113x150.jpg\" class=\"attachment-thumbnail size-thumbnail\" alt=\"\" aria-describedby=\"gallery-1-2857\" srcset=\"https:\/\/unser-quartier.de\/seniorenclub-duempten\/files\/2022\/07\/20220701_102107-113x150.jpg 113w, https:\/\/unser-quartier.de\/seniorenclub-duempten\/files\/2022\/07\/20220701_102107-225x300.jpg 225w, https:\/\/unser-quartier.de\/seniorenclub-duempten\/files\/2022\/07\/20220701_102107-768x1024.jpg 768w, https:\/\/unser-quartier.de\/seniorenclub-duempten\/files\/2022\/07\/20220701_102107.jpg 900w\" sizes=\"auto, (max-width: 113px) 100vw, 113px\" \/><\/a>\n\t\t\t<\/div>\n\t\t\t\t<figcaption class='wp-caption-text gallery-caption' id='gallery-1-2857'>\n\t\t\t\tIn den R\u00e4umen\n\t\t\t\t<\/figcaption><\/figure>\n\t\t<\/div>\n\n<h2 style=\"text-align: center;\"><strong>Herzlich willkommen im SeniorenClub D\u00fcmpten e. V.<\/strong><\/h2>\n<p style=\"text-align: center;\"><strong>Wir haben Ihnen allerhand zu bieten:<\/strong><\/p>\n<p style=\"text-align: center;\"><strong>Unterhaltung mit netten Menschen,<\/strong><\/p>\n<p style=\"text-align: center;\"><strong>Spiel &amp; Spa\u00df mit andren,<\/strong><\/p>\n<p style=\"text-align: center;\"><strong>gemeinsame Unternehmungen (Veranstaltungen, Besuche, Ausfl\u00fcge, Vortr\u00e4ge),<\/strong><\/p>\n<p style=\"text-align: center;\"><strong>leichten Sport f\u00fcr unsere Altersklasse, um sich fit zu halten.<\/strong><\/p>\n<p style=\"text-align: center;\"><strong>Bei uns lernen Sie ihr Hand<\/strong><strong>y richtig kennen &#8211; ohne Stress, mit Spa\u00df.<\/strong><\/p>\n<p>&nbsp;<\/p>\n<p style=\"text-align: center;\"><strong>Kommen Sie zu uns. Hier sind Sie in bester Gesellschaft. Wir freuen uns auf Sie.<\/strong><\/p>\n<p style=\"text-align: center;\"><strong>Schauen Sie sich gerne auch vorher unverbindlich um.<\/strong><\/p>\n<p style=\"text-align: center;\"><b>Details finden Sie links im Men\u00fc. Durch Anklicken, k\u00f6nnen Sie es aufrufen.<\/b><\/p>\n<p style=\"text-align: center;\"><strong>Wenn es Ihnen gef\u00e4llt, nur noch ein Anruf oder eine Mail und Sie sind dabei.<\/strong><\/p>\n<p>&nbsp;<\/p>\n<p>Wenn Sie Mitglied werden m\u00f6chten, f\u00fcllen Sie das nachfolgende Formular aus und senden Sie es per Mail<\/p>\n<p>(Jahresbeitrag 15,-\u20ac und beinhaltet viele Verg\u00fcnstigungen)<\/p>\n[contact-form][contact-field label=&#8221;Name&#8221; type=&#8221;name&#8221;  required=&#8221;true&#8221; \/][contact-field label=&#8221;E-Mail&#8221; type=&#8221;email&#8221; required=&#8221;true&#8221; \/][contact-field label=&#8221;Website&#8221; type=&#8221;url&#8221; \/][contact-field label=&#8221;Nachricht&#8221; type=&#8221;textarea&#8221; \/][\/contact-form]\n<p style=\"text-align: center;\">\n","protected":false},"excerpt":{"rendered":"<p>Herzlich willkommen im SeniorenClub D\u00fcmpten e. V. Wir haben Ihnen allerhand zu bieten: Unterhaltung mit netten Menschen, Spiel &amp; Spa\u00df mit andren, gemeinsame Unternehmungen (Veranstaltungen, Besuche, Ausfl\u00fcge, Vortr\u00e4ge), leichten Sport f\u00fcr unsere Altersklasse, um sich fit zu halten. Bei uns lernen Sie ihr Handy richtig kennen &#8211; ohne Stress, mit Spa\u00df. &nbsp; Kommen Sie zu &#8230; <a title=\"Herzlich willkommen\" class=\"read-more\" href=\"https:\/\/unser-quartier.de\/seniorenclub-duempten\/herzlich-willommen\/\" aria-label=\"Mehr Informationen \u00fcber Herzlich willkommen\">Read more<\/a><\/p>\n","protected":false},"author":51,"featured_media":0,"parent":0,"menu_order":0,"comment_status":"closed","ping_status":"closed","template":"","meta":{"generate_page_header":"","footnotes":""},"class_list":["post-3351","page","type-page","status-publish"],"_links":{"self":[{"href":"https:\/\/unser-quartier.de\/seniorenclub-duempten\/wp-json\/wp\/v2\/pages\/3351","targetHints":{"allow":["GET"]}}],"collection":[{"href":"https:\/\/unser-quartier.de\/seniorenclub-duempten\/wp-json\/wp\/v2\/pages"}],"about":[{"href":"https:\/\/unser-quartier.de\/seniorenclub-duempten\/wp-json\/wp\/v2\/types\/page"}],"author":[{"embeddable":true,"href":"https:\/\/unser-quartier.de\/seniorenclub-duempten\/wp-json\/wp\/v2\/users\/51"}],"replies":[{"embeddable":true,"href":"https:\/\/unser-quartier.de\/seniorenclub-duempten\/wp-json\/wp\/v2\/comments?post=3351"}],"version-history":[{"count":0,"href":"https:\/\/unser-quartier.de\/seniorenclub-duempten\/wp-json\/wp\/v2\/pages\/3351\/revisions"}],"wp:attachment":[{"href":"https:\/\/unser-quartier.de\/seniorenclub-duempten\/wp-json\/wp\/v2\/media?parent=3351"}],"curies":[{"name":"wp","href":"https:\/\/api.w.org\/{rel}","templated":true}]}}