{"id":3505,"date":"2023-01-11T08:29:21","date_gmt":"2023-01-11T07:29:21","guid":{"rendered":"https:\/\/unser-quartier.de\/seniorenclub-duempten\/?page_id=3505"},"modified":"2023-01-19T16:50:20","modified_gmt":"2023-01-19T15:50:20","slug":"veranstaltungen","status":"publish","type":"page","link":"https:\/\/unser-quartier.de\/seniorenclub-duempten\/veranstaltungen\/","title":{"rendered":"Veranstaltungen"},"content":{"rendered":"<p>CONTENTS<\/p>\n<p>Termine<\/p>\n<p>Termine nach Veranstaltungsorten<\/p>\n<p><strong>Bitte beachten Sie, dass an Feiertagen und evtl. in den Ferien keine Veranstaltungen stattfinden. Erkundigen Sie sich ggf. bei dem entsprechenden Ansprechpartner!<\/strong><\/p>\n<p><strong><\/strong><\/p>\n<p><strong>Seniorenclub-D\u00fcmpten e. V.<\/strong><\/p>\n<p><strong>Aktueller Monat:<\/strong><\/p>\nKeine  Veranstaltungen\n<p><strong>N\u00e4chster Monat:<\/strong><\/p>\nKeine  Veranstaltungen\n<p><strong>BSV Mannesmannr\u00f6hren-Werke<\/strong><\/p>\n<p><strong>Aktueller Monat:<\/strong><\/p>\nKeine  Veranstaltungen\n<p><strong>N\u00e4chster Monat:<\/strong><\/p>\nKeine  Veranstaltungen\n<p>&nbsp;<\/p>\n<p><strong>SPD D\u00fcmpten Plus60<\/strong><\/p>\n<p><strong>Aktueller Monat:<\/strong><\/p>\nKeine  Veranstaltungen\n<p><strong>N\u00e4chster Monat:<\/strong><\/p>\nKeine  Veranstaltungen\n<p><strong>Computer Training<\/strong><\/p>\n<p><strong>Aktueller Monat:<\/strong><\/p>\nKeine  Veranstaltungen\n<p><strong>N\u00e4chster Monat:<\/strong><\/p>\nKeine  Veranstaltungen\n","protected":false},"excerpt":{"rendered":"<p>CONTENTS Termine Termine nach Veranstaltungsorten Bitte beachten Sie, dass an Feiertagen und evtl. in den Ferien keine Veranstaltungen stattfinden. Erkundigen Sie sich ggf. bei dem entsprechenden Ansprechpartner! Seniorenclub-D\u00fcmpten e. V. Aktueller Monat: N\u00e4chster Monat: BSV Mannesmannr\u00f6hren-Werke Aktueller Monat: N\u00e4chster Monat: &nbsp; SPD D\u00fcmpten Plus60 Aktueller Monat: N\u00e4chster Monat: Computer Training Aktueller Monat: N\u00e4chster Monat:<\/p>\n","protected":false},"author":51,"featured_media":0,"parent":0,"menu_order":0,"comment_status":"closed","ping_status":"closed","template":"","meta":{"generate_page_header":"","footnotes":""},"class_list":["post-3505","page","type-page","status-publish"],"_links":{"self":[{"href":"https:\/\/unser-quartier.de\/seniorenclub-duempten\/wp-json\/wp\/v2\/pages\/3505","targetHints":{"allow":["GET"]}}],"collection":[{"href":"https:\/\/unser-quartier.de\/seniorenclub-duempten\/wp-json\/wp\/v2\/pages"}],"about":[{"href":"https:\/\/unser-quartier.de\/seniorenclub-duempten\/wp-json\/wp\/v2\/types\/page"}],"author":[{"embeddable":true,"href":"https:\/\/unser-quartier.de\/seniorenclub-duempten\/wp-json\/wp\/v2\/users\/51"}],"replies":[{"embeddable":true,"href":"https:\/\/unser-quartier.de\/seniorenclub-duempten\/wp-json\/wp\/v2\/comments?post=3505"}],"version-history":[{"count":3,"href":"https:\/\/unser-quartier.de\/seniorenclub-duempten\/wp-json\/wp\/v2\/pages\/3505\/revisions"}],"predecessor-version":[{"id":3607,"href":"https:\/\/unser-quartier.de\/seniorenclub-duempten\/wp-json\/wp\/v2\/pages\/3505\/revisions\/3607"}],"wp:attachment":[{"href":"https:\/\/unser-quartier.de\/seniorenclub-duempten\/wp-json\/wp\/v2\/media?parent=3505"}],"curies":[{"name":"wp","href":"https:\/\/api.w.org\/{rel}","templated":true}]}}