{"id":3608,"date":"2023-01-19T16:57:19","date_gmt":"2023-01-19T15:57:19","guid":{"rendered":"https:\/\/unser-quartier.de\/seniorenclub-duempten\/?page_id=3608"},"modified":"2023-01-20T16:40:57","modified_gmt":"2023-01-20T15:40:57","slug":"veranstaltungen-nach-veranstalter","status":"publish","type":"page","link":"https:\/\/unser-quartier.de\/seniorenclub-duempten\/veranstaltungen-nach-veranstalter\/","title":{"rendered":"Veranstaltungen nach Veranstalter"},"content":{"rendered":"<h1>Termine<\/h1>\n<p>Termine nach Veranstaltungsorten<\/p>\n<p><strong>Bitte beachten Sie, dass an Feiertagen und evtl. in den Ferien keine Veranstaltungen stattfinden. Erkundigen Sie sich ggf. bei dem entsprechenden Ansprechpartner!<\/strong><\/p>\n<p><strong><\/strong><\/p>\n<h1><span style=\"color: #800000;\"><strong>Seniorenclu<\/strong><strong>b-D\u00fcmpten e. V.<\/strong><\/span><\/h1>\n<h2>Aktueller Monat:Keine  Veranstaltungen<\/h4>\n<hr \/>\n<h2>N\u00e4chster Monat:Keine  Veranstaltungen<\/h4>\n<h1><span style=\"color: #800000;\"><strong>BSV Mannesmannr\u00f6hren-Werke<\/strong><\/span><\/h1>\n<h2>Aktueller Monat:Keine  Veranstaltungen<\/h4>\n<hr \/>\n<h2>N\u00e4chster Monat:Keine  Veranstaltungen<\/h4>\n<h1><span style=\"color: #800000;\"><strong>SPD D\u00fcmpten Plus60<\/strong><\/span><\/h1>\n<h2>Aktueller Monat:Keine  Veranstaltungen<\/h4>\n<hr \/>\n<h2>N\u00e4chster Monat:Keine  Veranstaltungen<\/h4>\n<h1><span style=\"color: #800000;\"><strong>Computer Training<\/strong><\/span><\/h1>\n<h2>Aktueller Monat:Keine  Veranstaltungen<\/h4>\n<hr \/>\n<h2>N\u00e4chster Monat:Keine  Veranstaltungen<\/h4>\n","protected":false},"excerpt":{"rendered":"<p>Termine Termine nach Veranstaltungsorten Bitte beachten Sie, dass an Feiertagen und evtl. in den Ferien keine Veranstaltungen stattfinden. Erkundigen Sie sich ggf. bei dem entsprechenden Ansprechpartner! Seniorenclub-D\u00fcmpten e. V. Aktueller Monat: N\u00e4chster Monat: BSV Mannesmannr\u00f6hren-Werke Aktueller Monat: N\u00e4chster Monat: SPD D\u00fcmpten Plus60 Aktueller Monat: N\u00e4chster Monat: Computer Training Aktueller Monat: N\u00e4chster Monat:<\/p>\n","protected":false},"author":51,"featured_media":0,"parent":0,"menu_order":0,"comment_status":"closed","ping_status":"closed","template":"","meta":{"generate_page_header":"","footnotes":""},"class_list":["post-3608","page","type-page","status-publish"],"_links":{"self":[{"href":"https:\/\/unser-quartier.de\/seniorenclub-duempten\/wp-json\/wp\/v2\/pages\/3608","targetHints":{"allow":["GET"]}}],"collection":[{"href":"https:\/\/unser-quartier.de\/seniorenclub-duempten\/wp-json\/wp\/v2\/pages"}],"about":[{"href":"https:\/\/unser-quartier.de\/seniorenclub-duempten\/wp-json\/wp\/v2\/types\/page"}],"author":[{"embeddable":true,"href":"https:\/\/unser-quartier.de\/seniorenclub-duempten\/wp-json\/wp\/v2\/users\/51"}],"replies":[{"embeddable":true,"href":"https:\/\/unser-quartier.de\/seniorenclub-duempten\/wp-json\/wp\/v2\/comments?post=3608"}],"version-history":[{"count":3,"href":"https:\/\/unser-quartier.de\/seniorenclub-duempten\/wp-json\/wp\/v2\/pages\/3608\/revisions"}],"predecessor-version":[{"id":3620,"href":"https:\/\/unser-quartier.de\/seniorenclub-duempten\/wp-json\/wp\/v2\/pages\/3608\/revisions\/3620"}],"wp:attachment":[{"href":"https:\/\/unser-quartier.de\/seniorenclub-duempten\/wp-json\/wp\/v2\/media?parent=3608"}],"curies":[{"name":"wp","href":"https:\/\/api.w.org\/{rel}","templated":true}]}}