{"id":1040,"date":"2016-01-20T10:16:41","date_gmt":"2016-01-20T09:16:41","guid":{"rendered":"http:\/\/unser-quartier.de\/stadt-bergheim\/?page_id=1040"},"modified":"2018-07-02T13:41:24","modified_gmt":"2018-07-02T11:41:24","slug":"soziales-netzwerk-gemeinsam-gegen-einsam","status":"publish","type":"page","link":"https:\/\/unser-quartier.de\/stadt-bergheim\/informationen\/untermenue-2\/soziales-netzwerk-gemeinsam-gegen-einsam\/","title":{"rendered":"Soziales Netzwerk Gemeinsam gegen Einsam"},"content":{"rendered":"<p><span style=\"font-size: medium\">Fr\u00fchst\u00fcckstreff, Sitzgymnastik, R\u00fccken-Fit, Ausfl\u00fcge, Besichtigungen, Tanznachmittage und <\/span><span style=\"font-size: medium\">Beratung in besonderen Lebenslagen <strong>f\u00fcr 55-plus<\/strong> geh\u00f6ren zu unserem Angebot. Kommen Sie doch vielleicht einmal zu unserem <strong>Aktions- und Spielenachmittag<\/strong> (15 Uhr) jeden 1. und 3. Dienstag im Monat oder besuchen Sie den <strong>Offenen Singkreis mit Akkordeonbegleitung. <\/strong>Neu ist unser <strong>Bastel- und Handarbeitstreff<\/strong>. Alle Termine auf einen Blick unten in der Datei zum Herunterladen oder im Seniorenportal unter &#8220;Veranstaltungen&#8221;.<br \/>\n<\/span><\/p>\n<p><span style=\"font-size: medium\"><b>Treffpunkt zum Kennenlernen<\/b> ist montags 9:30 Uhr im B\u00fcrgerzentrum FuNTASTIK,<br \/>\nMeissener Str. 7, 50126 Bergheim.<\/span><\/p>\n<p>&nbsp;<\/p>\n<p><span style=\"font-size: medium\"><b>Ansprechpartnerin<\/b>: Anni Wilbertz,<br \/>\nTel.:02271-42451,<br \/>\nE-mail: <a href=\"mailto:WilbertzBM@t-online.de\">WilbertzBM@t-online.de <\/a><\/span><\/p>\n<p>&nbsp;<\/p>\n<p><strong><span style=\"font-size: medium\">Hier finden Sie alle Termine f\u00fcr das 1. Quartal 2018 zum Download (bitte klicken:)<\/span><\/strong><\/p>\n<p><strong><a href=\"https:\/\/unser-quartier.de\/stadt-bergheim\/files\/2018\/01\/180101-I.-Quartal-181.pdf\">180101 I. Quartal 18[1]<\/a><\/strong><\/p>\n<p>&nbsp;<\/p>\n<p><span style=\"font-size: medium\"><strong>Auskunft zur Pflegeberatung<\/strong> erteilt die Stadt Bergheim, Eva Brandt-Fischer, Telefon 02271\/89525.<br \/>\n<\/span><\/p>\n<p>&nbsp;<\/p>\n","protected":false},"excerpt":{"rendered":"<p>Fr\u00fchst\u00fcckstreff, Sitzgymnastik, R\u00fccken-Fit, Ausfl\u00fcge, Besichtigungen, Tanznachmittage und Beratung in besonderen Lebenslagen <strong>f\u00fcr 55-plus<\/strong> geh\u00f6ren zu unserem Angebot. Kommen Sie doch vielleicht einmal zu unserem <strong>Aktions- und Spielenachmittag<\/strong> (15 Uhr) jeden 1. und 3. Dienstag im Monat oder besuchen Sie den <strong>Offenen Singkreis mit Akkordeonbegleitung. <\/strong>Neu ist unser <strong>Bastel- und Handarbeitstreff<\/strong>. Alle Termine auf einen Blick &hellip; <\/p>\n<p><a class=\"more-link btn\" href=\"https:\/\/unser-quartier.de\/stadt-bergheim\/informationen\/untermenue-2\/soziales-netzwerk-gemeinsam-gegen-einsam\/\">Weiterlesen<\/a><\/p>\n","protected":false},"author":48,"featured_media":0,"parent":3332,"menu_order":19,"comment_status":"open","ping_status":"open","template":"","meta":{"_bbp_topic_count":0,"_bbp_reply_count":0,"_bbp_total_topic_count":0,"_bbp_total_reply_count":0,"_bbp_voice_count":0,"_bbp_anonymous_reply_count":0,"_bbp_topic_count_hidden":0,"_bbp_reply_count_hidden":0,"_bbp_forum_subforum_count":0,"jetpack_post_was_ever_published":false,"footnotes":""},"class_list":["post-1040","page","type-page","status-publish","hentry","nodate","item-wrap"],"jetpack_sharing_enabled":true,"jetpack_shortlink":"https:\/\/wp.me\/P3vhfJ-gM","jetpack_likes_enabled":true,"_links":{"self":[{"href":"https:\/\/unser-quartier.de\/stadt-bergheim\/wp-json\/wp\/v2\/pages\/1040","targetHints":{"allow":["GET"]}}],"collection":[{"href":"https:\/\/unser-quartier.de\/stadt-bergheim\/wp-json\/wp\/v2\/pages"}],"about":[{"href":"https:\/\/unser-quartier.de\/stadt-bergheim\/wp-json\/wp\/v2\/types\/page"}],"author":[{"embeddable":true,"href":"https:\/\/unser-quartier.de\/stadt-bergheim\/wp-json\/wp\/v2\/users\/48"}],"replies":[{"embeddable":true,"href":"https:\/\/unser-quartier.de\/stadt-bergheim\/wp-json\/wp\/v2\/comments?post=1040"}],"version-history":[{"count":0,"href":"https:\/\/unser-quartier.de\/stadt-bergheim\/wp-json\/wp\/v2\/pages\/1040\/revisions"}],"up":[{"embeddable":true,"href":"https:\/\/unser-quartier.de\/stadt-bergheim\/wp-json\/wp\/v2\/pages\/3332"}],"wp:attachment":[{"href":"https:\/\/unser-quartier.de\/stadt-bergheim\/wp-json\/wp\/v2\/media?parent=1040"}],"curies":[{"name":"wp","href":"https:\/\/api.w.org\/{rel}","templated":true}]}}