{"id":1065,"date":"2013-09-11T12:55:26","date_gmt":"2013-09-11T10:55:26","guid":{"rendered":"http:\/\/unser-quartier.de\/stadt-bergheim\/?page_id=1065"},"modified":"2013-10-14T18:06:11","modified_gmt":"2013-10-14T16:06:11","slug":"gut-zu-wissen-ran-ans-internet","status":"publish","type":"page","link":"https:\/\/unser-quartier.de\/stadt-bergheim\/startseite\/forumshilfe\/gut-zu-wissen-ran-ans-internet\/","title":{"rendered":"Gut zu wissen! Ran ans Internet!"},"content":{"rendered":"<h4><span style=\"font-size: medium\">Ein Ratgeber f\u00fcr Einsteiger jeden Alters<\/span><\/h4>\n<p><span style=\"font-size: medium\">\u00a0<\/span><\/p>\n<div><span style=\"font-size: medium\">Das Internet ist in der Gesellschaft angekommen \u2013 mehr als 76% der deutschen Wohnbev\u00f6lkerung ist online. Das hei\u00dft zugleich aber auch, dass ein Viertel noch nicht \u201edrin\u201c ist und der Anteil der \u00fcber 60j\u00e4hrigen ist in dieser Gruppe \u00fcberproportional hoch.<\/span><\/p>\n<p><span style=\"font-size: medium\">\u00a0<\/span><\/p>\n<p><span style=\"font-size: medium\">Dabei sind die Vorteile des Internets immens. Und es ist einfacher als man denkt, man muss sich nur trauen. Nat\u00fcrlich gibt es aber auch Gefahren: zum Beispiel so genannte Abzockangebote, Schadsoftware im Netz oder E-Mails mit kriminellem Inhalt. <br \/>Man kann sich jedoch davor sch\u00fctzen: Mit gesundem Menschenverstand und den Tipps und Tricks, die in dieser Brosch\u00fcre verraten werden. Gut zu wissen!<\/span><\/p>\n<\/div>\n<p><span style=\"font-size: medium\"><a title=\"Ran ans Internet\" href=\"http:\/\/www.verwaltung.bayern.de\/egov-portlets\/xview\/Anlage\/4048616\/Gut%20zu%20wissen!%20Ran%20ans%20Internet!%20Ein%20Ratgeber%20f%FCr%20Einsteiger%20jeden%20Alters.pdf\" target=\"_blank\">Bitte die Brosch\u00fcre runterladen!<\/a><\/span><\/p>\n","protected":false},"excerpt":{"rendered":"<p>Ein Ratgeber f\u00fcr Einsteiger jeden Alters <\/p>\n<p>\u00a0<\/p>\n<p> Das Internet ist in der Gesellschaft angekommen \u2013 mehr als 76% der deutschen Wohnbev\u00f6lkerung ist online. Das hei\u00dft zugleich aber auch, dass ein Viertel noch nicht \u201edrin\u201c ist und der Anteil der \u00fcber 60j\u00e4hrigen ist in dieser Gruppe \u00fcberproportional hoch. <\/p>\n<p>\u00a0<\/p>\n<p>Dabei sind die Vorteile des Internets immens. &hellip; <\/p>\n<p><a class=\"more-link btn\" href=\"https:\/\/unser-quartier.de\/stadt-bergheim\/startseite\/forumshilfe\/gut-zu-wissen-ran-ans-internet\/\">Weiterlesen<\/a><\/p>\n","protected":false},"author":48,"featured_media":0,"parent":136,"menu_order":2,"comment_status":"open","ping_status":"open","template":"","meta":{"_bbp_topic_count":0,"_bbp_reply_count":0,"_bbp_total_topic_count":0,"_bbp_total_reply_count":0,"_bbp_voice_count":0,"_bbp_anonymous_reply_count":0,"_bbp_topic_count_hidden":0,"_bbp_reply_count_hidden":0,"_bbp_forum_subforum_count":0,"jetpack_post_was_ever_published":false,"footnotes":""},"class_list":["post-1065","page","type-page","status-publish","hentry","nodate","item-wrap"],"jetpack_sharing_enabled":true,"jetpack_shortlink":"https:\/\/wp.me\/P3vhfJ-hb","jetpack_likes_enabled":true,"_links":{"self":[{"href":"https:\/\/unser-quartier.de\/stadt-bergheim\/wp-json\/wp\/v2\/pages\/1065","targetHints":{"allow":["GET"]}}],"collection":[{"href":"https:\/\/unser-quartier.de\/stadt-bergheim\/wp-json\/wp\/v2\/pages"}],"about":[{"href":"https:\/\/unser-quartier.de\/stadt-bergheim\/wp-json\/wp\/v2\/types\/page"}],"author":[{"embeddable":true,"href":"https:\/\/unser-quartier.de\/stadt-bergheim\/wp-json\/wp\/v2\/users\/48"}],"replies":[{"embeddable":true,"href":"https:\/\/unser-quartier.de\/stadt-bergheim\/wp-json\/wp\/v2\/comments?post=1065"}],"version-history":[{"count":0,"href":"https:\/\/unser-quartier.de\/stadt-bergheim\/wp-json\/wp\/v2\/pages\/1065\/revisions"}],"up":[{"embeddable":true,"href":"https:\/\/unser-quartier.de\/stadt-bergheim\/wp-json\/wp\/v2\/pages\/136"}],"wp:attachment":[{"href":"https:\/\/unser-quartier.de\/stadt-bergheim\/wp-json\/wp\/v2\/media?parent=1065"}],"curies":[{"name":"wp","href":"https:\/\/api.w.org\/{rel}","templated":true}]}}