{"id":11585,"date":"2016-07-30T11:23:08","date_gmt":"2016-07-30T09:23:08","guid":{"rendered":"http:\/\/unser-quartier.de\/stadt-bergheim\/?page_id=11585"},"modified":"2016-07-30T11:28:37","modified_gmt":"2016-07-30T09:28:37","slug":"auch-astrologie-kann-helfen","status":"publish","type":"page","link":"https:\/\/unser-quartier.de\/stadt-bergheim\/sparten\/beratung\/auch-astrologie-kann-helfen\/","title":{"rendered":"Auch Astrologie kann helfen &#8230;"},"content":{"rendered":"<p><span style=\"font-size: 12pt\"><strong>Der Einweihungsweg im Tierkreis<\/strong><\/span><\/p>\n<p><span style=\"font-size: 12pt\">Wie eine Bergheimer B\u00fcrgerin den Tierkreis und das M\u00e4rchen von Rotk\u00e4ppchen in Ihrem Buch \u201cDer Einweihungsweg im Tierkreis\u201d miteinander verbindet und aus zwei Sichtweisen das Menschenleben mal ganz anders betrachtet.<\/span><br \/>\n<span style=\"font-size: 12pt\"> Das Buch ist Hilfe und Wegweiser.<\/span><\/p>\n<p>&nbsp;<\/p>\n<p><strong><span style=\"font-size: 14pt\">Leseprobe<\/span><\/strong><\/p>\n<h3><span style=\"font-size: 14pt\"><strong>Themen zum astrologischen Prinzip und zum M\u00e4rchen<\/strong><\/span><\/h3>\n<p><span style=\"font-size: 12pt\">Die Fusion von Astrologie und M\u00e4rchen ist ein etwas anderer Weg die Astrologie zu verstehen. Um das jeweilige astrologische Prinzip zu vervollst\u00e4ndigen, musste ich zwangsl\u00e4ufig mit einigen Themen vom M\u00e4rchentext abweichen, aber es war mir an dieser Stelle wichtig, um den Lebenszyklus verstehen zu k\u00f6nnen. Wenn wir die einzelnen Zeichen als Teil des Lebenskreises einordnen, k\u00f6nnen wir auch verstehen, warum die Zeichen so beschrieben werden, wie es in den B\u00fcchern steht: die Durchsetzungskraft von Widder, das Sicherheitsbed\u00fcrfnis von Stier usw.<\/span><\/p>\n<p><span style=\"font-size: 12pt\">Sicher regt meine Interpretation des M\u00e4rchens auch bei Ihnen die Fantasie an und es werden Ihnen zum M\u00e4rchentext noch andere Deutungsm\u00f6glichkeiten einfallen, auf die ich selbst noch nicht gekommen bin; schreiben Sie mir diese. Vielleicht werden sie mit aufgenommen in der n\u00e4chsten Ausgabe. So k\u00f6nnte dieses Buch ein Buch f\u00fcr alle und von allen werden!!<\/span><\/p>\n<p><a href=\"https:\/\/unser-quartier.de\/stadt-bergheim\/sparten\/beratung\/auch-astrologie-kann-helfen\/333dreyer1\/\" rel=\"attachment wp-att-11586\"><img data-recalc-dims=\"1\" loading=\"lazy\" decoding=\"async\" data-attachment-id=\"11586\" data-permalink=\"https:\/\/unser-quartier.de\/stadt-bergheim\/sparten\/beratung\/auch-astrologie-kann-helfen\/333dreyer1\/\" data-orig-file=\"https:\/\/i0.wp.com\/unser-quartier.de\/stadt-bergheim\/files\/2016\/07\/333dreyer1.jpg?fit=553%2C809&amp;ssl=1\" data-orig-size=\"553,809\" data-comments-opened=\"0\" data-image-meta=\"{&quot;aperture&quot;:&quot;0&quot;,&quot;credit&quot;:&quot;Testuser&quot;,&quot;camera&quot;:&quot;&quot;,&quot;caption&quot;:&quot;&quot;,&quot;created_timestamp&quot;:&quot;1469877451&quot;,&quot;copyright&quot;:&quot;&quot;,&quot;focal_length&quot;:&quot;0&quot;,&quot;iso&quot;:&quot;0&quot;,&quot;shutter_speed&quot;:&quot;0&quot;,&quot;title&quot;:&quot;&quot;,&quot;orientation&quot;:&quot;0&quot;}\" data-image-title=\"333dreyer1\" data-image-description=\"\" data-image-caption=\"\" data-medium-file=\"https:\/\/i0.wp.com\/unser-quartier.de\/stadt-bergheim\/files\/2016\/07\/333dreyer1.jpg?fit=205%2C300&amp;ssl=1\" data-large-file=\"https:\/\/i0.wp.com\/unser-quartier.de\/stadt-bergheim\/files\/2016\/07\/333dreyer1.jpg?fit=553%2C809&amp;ssl=1\" class=\"alignnone wp-image-11586\" src=\"https:\/\/i0.wp.com\/unser-quartier.de\/stadt-bergheim\/files\/2016\/07\/333dreyer1.jpg?resize=332%2C485&#038;ssl=1\" alt=\"333dreyer1\" width=\"332\" height=\"485\" srcset=\"https:\/\/i0.wp.com\/unser-quartier.de\/stadt-bergheim\/files\/2016\/07\/333dreyer1.jpg?w=553&amp;ssl=1 553w, https:\/\/i0.wp.com\/unser-quartier.de\/stadt-bergheim\/files\/2016\/07\/333dreyer1.jpg?resize=103%2C150&amp;ssl=1 103w, https:\/\/i0.wp.com\/unser-quartier.de\/stadt-bergheim\/files\/2016\/07\/333dreyer1.jpg?resize=205%2C300&amp;ssl=1 205w\" sizes=\"auto, (max-width: 332px) 100vw, 332px\" \/><\/a><\/p>\n<p><span style=\"font-size: 12pt\"><em>Margriet Dreyer: Der Einweihungsweg im Tierkreis.\u00a0<\/em>\u00a0<\/span><br \/>\n<span style=\"font-size: 12pt\">Astronova Verlag, 236 Seiten, 19,90 Euro<\/span><\/p>\n<p><a href=\"http:\/\/www.astronova.de\/Der-Einweihungsweg-im-Tierkreis.html\"><span style=\"font-size: 12pt\">Zum Verlag und zur Bestellung &#8230;.<\/span><\/a><\/p>\n<p><span style=\"font-size: 12pt\">http:\/\/www.astronova.de\/Der-Einweihungsweg-im-Tierkreis.html<\/span><\/p>\n<p><a href=\"https:\/\/unser-quartier.de\/stadt-bergheim\/sparten\/beratung\/auch-astrologie-kann-helfen\/333dreyer\/\" rel=\"attachment wp-att-11587\"><img data-recalc-dims=\"1\" loading=\"lazy\" decoding=\"async\" data-attachment-id=\"11587\" data-permalink=\"https:\/\/unser-quartier.de\/stadt-bergheim\/sparten\/beratung\/auch-astrologie-kann-helfen\/333dreyer\/\" data-orig-file=\"https:\/\/i0.wp.com\/unser-quartier.de\/stadt-bergheim\/files\/2016\/07\/333dreyer.jpg?fit=577%2C848&amp;ssl=1\" data-orig-size=\"577,848\" data-comments-opened=\"0\" data-image-meta=\"{&quot;aperture&quot;:&quot;0&quot;,&quot;credit&quot;:&quot;Testuser&quot;,&quot;camera&quot;:&quot;&quot;,&quot;caption&quot;:&quot;&quot;,&quot;created_timestamp&quot;:&quot;1469877416&quot;,&quot;copyright&quot;:&quot;&quot;,&quot;focal_length&quot;:&quot;0&quot;,&quot;iso&quot;:&quot;0&quot;,&quot;shutter_speed&quot;:&quot;0&quot;,&quot;title&quot;:&quot;&quot;,&quot;orientation&quot;:&quot;0&quot;}\" data-image-title=\"333dreyer\" data-image-description=\"\" data-image-caption=\"\" data-medium-file=\"https:\/\/i0.wp.com\/unser-quartier.de\/stadt-bergheim\/files\/2016\/07\/333dreyer.jpg?fit=204%2C300&amp;ssl=1\" data-large-file=\"https:\/\/i0.wp.com\/unser-quartier.de\/stadt-bergheim\/files\/2016\/07\/333dreyer.jpg?fit=577%2C848&amp;ssl=1\" class=\"alignnone wp-image-11587\" src=\"https:\/\/i0.wp.com\/unser-quartier.de\/stadt-bergheim\/files\/2016\/07\/333dreyer.jpg?resize=98%2C144&#038;ssl=1\" alt=\"333dreyer\" width=\"98\" height=\"144\" srcset=\"https:\/\/i0.wp.com\/unser-quartier.de\/stadt-bergheim\/files\/2016\/07\/333dreyer.jpg?w=577&amp;ssl=1 577w, https:\/\/i0.wp.com\/unser-quartier.de\/stadt-bergheim\/files\/2016\/07\/333dreyer.jpg?resize=102%2C150&amp;ssl=1 102w, https:\/\/i0.wp.com\/unser-quartier.de\/stadt-bergheim\/files\/2016\/07\/333dreyer.jpg?resize=204%2C300&amp;ssl=1 204w\" sizes=\"auto, (max-width: 98px) 100vw, 98px\" \/><\/a><\/p>\n","protected":false},"excerpt":{"rendered":"<p><strong>Der Einweihungsweg im Tierkreis<\/strong><\/p>\n<p>Wie eine Bergheimer B\u00fcrgerin den Tierkreis und das M\u00e4rchen von Rotk\u00e4ppchen in Ihrem Buch \u201cDer Einweihungsweg im Tierkreis\u201d miteinander verbindet und aus zwei Sichtweisen das Menschenleben mal ganz anders betrachtet. Das Buch ist Hilfe und Wegweiser.<\/p>\n<p>&nbsp;<\/p>\n<p><strong>Leseprobe<\/strong><\/p>\n<p> <strong>Themen zum astrologischen Prinzip und zum M\u00e4rchen<\/strong> <\/p>\n<p>Die Fusion von Astrologie und M\u00e4rchen &hellip; <\/p>\n<p><a class=\"more-link btn\" href=\"https:\/\/unser-quartier.de\/stadt-bergheim\/sparten\/beratung\/auch-astrologie-kann-helfen\/\">Weiterlesen<\/a><\/p>\n","protected":false},"author":48,"featured_media":0,"parent":961,"menu_order":0,"comment_status":"closed","ping_status":"closed","template":"","meta":{"_bbp_topic_count":0,"_bbp_reply_count":0,"_bbp_total_topic_count":0,"_bbp_total_reply_count":0,"_bbp_voice_count":0,"_bbp_anonymous_reply_count":0,"_bbp_topic_count_hidden":0,"_bbp_reply_count_hidden":0,"_bbp_forum_subforum_count":0,"jetpack_post_was_ever_published":false,"footnotes":""},"class_list":["post-11585","page","type-page","status-publish","hentry","nodate","item-wrap"],"jetpack_sharing_enabled":true,"jetpack_shortlink":"https:\/\/wp.me\/P3vhfJ-30R","jetpack_likes_enabled":true,"_links":{"self":[{"href":"https:\/\/unser-quartier.de\/stadt-bergheim\/wp-json\/wp\/v2\/pages\/11585","targetHints":{"allow":["GET"]}}],"collection":[{"href":"https:\/\/unser-quartier.de\/stadt-bergheim\/wp-json\/wp\/v2\/pages"}],"about":[{"href":"https:\/\/unser-quartier.de\/stadt-bergheim\/wp-json\/wp\/v2\/types\/page"}],"author":[{"embeddable":true,"href":"https:\/\/unser-quartier.de\/stadt-bergheim\/wp-json\/wp\/v2\/users\/48"}],"replies":[{"embeddable":true,"href":"https:\/\/unser-quartier.de\/stadt-bergheim\/wp-json\/wp\/v2\/comments?post=11585"}],"version-history":[{"count":0,"href":"https:\/\/unser-quartier.de\/stadt-bergheim\/wp-json\/wp\/v2\/pages\/11585\/revisions"}],"up":[{"embeddable":true,"href":"https:\/\/unser-quartier.de\/stadt-bergheim\/wp-json\/wp\/v2\/pages\/961"}],"wp:attachment":[{"href":"https:\/\/unser-quartier.de\/stadt-bergheim\/wp-json\/wp\/v2\/media?parent=11585"}],"curies":[{"name":"wp","href":"https:\/\/api.w.org\/{rel}","templated":true}]}}