{"id":1192,"date":"2013-09-12T15:51:29","date_gmt":"2013-09-12T13:51:29","guid":{"rendered":"http:\/\/unser-quartier.de\/stadt-bergheim\/?page_id=1192"},"modified":"2015-04-30T08:50:28","modified_gmt":"2015-04-30T06:50:28","slug":"leben-mit-demenz","status":"publish","type":"page","link":"https:\/\/unser-quartier.de\/stadt-bergheim\/sparten\/leben-mit-demenz\/","title":{"rendered":"Demenz"},"content":{"rendered":"<p><span style=\"font-size: 12pt\"><img data-recalc-dims=\"1\" loading=\"lazy\" decoding=\"async\" data-attachment-id=\"2713\" data-permalink=\"https:\/\/unser-quartier.de\/stadt-bergheim\/sparten\/leben-mit-demenz\/altedinge\/\" data-orig-file=\"https:\/\/i0.wp.com\/unser-quartier.de\/stadt-bergheim\/files\/2014\/06\/alteDinge.jpg?fit=3264%2C2448&amp;ssl=1\" data-orig-size=\"3264,2448\" data-comments-opened=\"0\" data-image-meta=\"{&quot;aperture&quot;:&quot;2.8&quot;,&quot;credit&quot;:&quot;&quot;,&quot;camera&quot;:&quot;DMC-FS6&quot;,&quot;caption&quot;:&quot;&quot;,&quot;created_timestamp&quot;:&quot;1338907307&quot;,&quot;copyright&quot;:&quot;&quot;,&quot;focal_length&quot;:&quot;5.5&quot;,&quot;iso&quot;:&quot;80&quot;,&quot;shutter_speed&quot;:&quot;0.025&quot;,&quot;title&quot;:&quot;&quot;}\" data-image-title=\"alteDinge\" data-image-description=\"\" data-image-caption=\"\" data-medium-file=\"https:\/\/i0.wp.com\/unser-quartier.de\/stadt-bergheim\/files\/2014\/06\/alteDinge.jpg?fit=300%2C225&amp;ssl=1\" data-large-file=\"https:\/\/i0.wp.com\/unser-quartier.de\/stadt-bergheim\/files\/2014\/06\/alteDinge.jpg?fit=770%2C578&amp;ssl=1\" class=\"alignleft wp-image-2713 size-medium\" src=\"https:\/\/i0.wp.com\/unser-quartier.de\/stadt-bergheim\/files\/2014\/06\/alteDinge.jpg?resize=300%2C225&#038;ssl=1\" alt=\"alteDinge\" width=\"300\" height=\"225\" srcset=\"https:\/\/i0.wp.com\/unser-quartier.de\/stadt-bergheim\/files\/2014\/06\/alteDinge.jpg?resize=300%2C225&amp;ssl=1 300w, https:\/\/i0.wp.com\/unser-quartier.de\/stadt-bergheim\/files\/2014\/06\/alteDinge.jpg?resize=150%2C112&amp;ssl=1 150w, https:\/\/i0.wp.com\/unser-quartier.de\/stadt-bergheim\/files\/2014\/06\/alteDinge.jpg?resize=1024%2C768&amp;ssl=1 1024w, https:\/\/i0.wp.com\/unser-quartier.de\/stadt-bergheim\/files\/2014\/06\/alteDinge.jpg?w=1540&amp;ssl=1 1540w, https:\/\/i0.wp.com\/unser-quartier.de\/stadt-bergheim\/files\/2014\/06\/alteDinge.jpg?w=2310&amp;ssl=1 2310w\" sizes=\"auto, (max-width: 300px) 100vw, 300px\" \/><br \/>\nImmer mehr Menschen erreichen ein hohes Alter. Neben der k\u00f6rperlichen Leistung nehmen auch die geistigen F\u00e4higkeiten ab.\u00a0<\/span><\/p>\n<p><span style=\"font-size: 12pt\">Demenz oder Alzheimer ist die Krankheit, die am h\u00e4ufigsten auftritt. Die Betroffenen sind in unterschiedlichem Ma\u00df desorientiert und haben zunehmend Ged\u00e4chtnisprobleme.<\/span><\/p>\n<p><span style=\"font-size: 12pt\">Doch wo h\u00f6rt Vergesslichkeit auf und f\u00e4ngt Demenz an? <\/span><br \/>\n<span style=\"font-size: 12pt\">Die Diagnose stellt besonders die Angeh\u00f6rigen vor gro\u00dfe Herausforderungen, gerade bei der Pflege zu Hause. <\/span><span style=\"font-size: 12pt\">Es ist schwer mitanzusehen, wie sich der geliebte Mensch zusehends ver\u00e4ndert und selbst einfache Dinge wie Anziehen, Essen oder Z\u00e4hneputzen\u00a0nicht mehr allein kann. Unruhe, Weglaufen, Vorw\u00fcrfe und Aggression wechseln sich ab mit Antriebslosigkeit und v\u00f6lliger Passivit\u00e4t.<\/span><\/p>\n<p>&nbsp;<\/p>\n<p><span style=\"font-size: 12pt\">Durch eine fr\u00fchzeitige Behandlung l\u00e4sst sich der Krankheitsverlauf verz\u00f6gern. Medikamente und Therapien k\u00f6nnen leichte Besserung bringen. Training hilft dem Ged\u00e4chtnis auf die Spr\u00fcnge und hilft, Alltagsverrichtungen nicht zu verlernen.<\/span><\/p>\n<p><span style=\"font-size: 12pt\">Bei allen Bem\u00fchungen um eine gute Betreuung sollten die Angeh\u00f6rigen ihre eigenen Bed\u00fcrfnisse nicht vergessen. Lassen Sie sich von erfahrenen Pflegediensten helfen oder nehmen Sie eine Tages- oder Kurzzeitpflege f\u00fcr eine Auszeit in Anspruch.<\/span><\/p>\n<p>&nbsp;<\/p>\n<p><span style=\"font-size: 12pt\">Hier geht es zu einem Ratgeber-Flyer&#8230; <span style=\"font-size: 14pt\"><a href=\"https:\/\/unser-quartier.de\/stadt-bergheim\/files\/2013\/09\/ABC-Poster_A1_klein.pdf\">ABC-Poster_A1_klein<\/a><\/span><\/span><span style=\"font-size: 14pt\">\u00a0<\/span><\/p>\n","protected":false},"excerpt":{"rendered":"<p> Immer mehr Menschen erreichen ein hohes Alter. Neben der k\u00f6rperlichen Leistung nehmen auch die geistigen F\u00e4higkeiten ab.\u00a0<\/p>\n<p>Demenz oder Alzheimer ist die Krankheit, die am h\u00e4ufigsten auftritt. Die Betroffenen sind in unterschiedlichem Ma\u00df desorientiert und haben zunehmend Ged\u00e4chtnisprobleme.<\/p>\n<p>Doch wo h\u00f6rt Vergesslichkeit auf und f\u00e4ngt Demenz an? Die Diagnose stellt besonders die Angeh\u00f6rigen vor &hellip; <\/p>\n<p><a class=\"more-link btn\" href=\"https:\/\/unser-quartier.de\/stadt-bergheim\/sparten\/leben-mit-demenz\/\">Weiterlesen<\/a><\/p>\n","protected":false},"author":48,"featured_media":0,"parent":941,"menu_order":3,"comment_status":"open","ping_status":"open","template":"","meta":{"_bbp_topic_count":0,"_bbp_reply_count":0,"_bbp_total_topic_count":0,"_bbp_total_reply_count":0,"_bbp_voice_count":0,"_bbp_anonymous_reply_count":0,"_bbp_topic_count_hidden":0,"_bbp_reply_count_hidden":0,"_bbp_forum_subforum_count":0,"jetpack_post_was_ever_published":false,"footnotes":""},"class_list":["post-1192","page","type-page","status-publish","hentry","nodate","item-wrap"],"jetpack_sharing_enabled":true,"jetpack_shortlink":"https:\/\/wp.me\/P3vhfJ-je","jetpack_likes_enabled":true,"_links":{"self":[{"href":"https:\/\/unser-quartier.de\/stadt-bergheim\/wp-json\/wp\/v2\/pages\/1192","targetHints":{"allow":["GET"]}}],"collection":[{"href":"https:\/\/unser-quartier.de\/stadt-bergheim\/wp-json\/wp\/v2\/pages"}],"about":[{"href":"https:\/\/unser-quartier.de\/stadt-bergheim\/wp-json\/wp\/v2\/types\/page"}],"author":[{"embeddable":true,"href":"https:\/\/unser-quartier.de\/stadt-bergheim\/wp-json\/wp\/v2\/users\/48"}],"replies":[{"embeddable":true,"href":"https:\/\/unser-quartier.de\/stadt-bergheim\/wp-json\/wp\/v2\/comments?post=1192"}],"version-history":[{"count":0,"href":"https:\/\/unser-quartier.de\/stadt-bergheim\/wp-json\/wp\/v2\/pages\/1192\/revisions"}],"up":[{"embeddable":true,"href":"https:\/\/unser-quartier.de\/stadt-bergheim\/wp-json\/wp\/v2\/pages\/941"}],"wp:attachment":[{"href":"https:\/\/unser-quartier.de\/stadt-bergheim\/wp-json\/wp\/v2\/media?parent=1192"}],"curies":[{"name":"wp","href":"https:\/\/api.w.org\/{rel}","templated":true}]}}