{"id":130,"date":"2013-04-25T11:05:35","date_gmt":"2013-04-25T09:05:35","guid":{"rendered":"http:\/\/unser-quartier.de\/stadt-bergheim\/?page_id=130"},"modified":"2018-07-02T13:41:25","modified_gmt":"2018-07-02T11:41:25","slug":"verkehrswart-rhein-erftkreis","status":"publish","type":"page","link":"https:\/\/unser-quartier.de\/stadt-bergheim\/informationen\/untermenue-2\/verkehrswart-rhein-erftkreis\/","title":{"rendered":"Verkehrswacht Rhein-Erft-Kreis"},"content":{"rendered":"<p id=\"pageheading\"><span style=\"font-size: medium\">Liebe Interessierte,<\/span><\/p>\n<div>\n<div>\n<p><span style=\"font-size: medium\">hier finden Sie Informationen der<\/span><br \/>\n<span style=\"font-size: medium\">deutschen Verkehrswacht- Rhein-Erft-Kreis!<\/span><\/p>\n<p><span style=\"font-size: medium\">Au\u00dferdem wird das Programm f\u00fcr \u00e4ltere Verkehrsteilnehmer (50 Plus) vorgestellt:<\/span><br \/>\n<span style=\"font-size: medium\">&#8211; sicher mobil &#8211; (mobil sicher) werden.<\/span><\/p>\n<p><span style=\"font-size: medium\"><a title=\"Deutsche Verkehrswacht Rhein-Erft-Kreis\" href=\"http:\/\/www.verkehrswacht-rhein-erft-kreis.de\/index.php?id=548\" target=\"_blank\"><span style=\"color: #1772af\">Deutsche Verkehrswacht Rhein-Erft-Kreis E.V. <\/span><\/a><\/span><\/p>\n<p><span style=\"font-size: medium\">Hubertusstr. 17, <\/span><span style=\"font-size: medium\">50126 Bergheim<\/span><\/p>\n<div>\n<div><span style=\"font-size: medium\">\u00a0<\/span><\/div>\n<div><span style=\"font-size: medium\">Telefon(02271 8399450)<\/span><\/div>\n<div><\/div>\n<\/div>\n<\/div>\n<\/div>\n","protected":false},"excerpt":{"rendered":"<p id=\"pageheading\">Liebe Interessierte,<\/p>\n<p>hier finden Sie Informationen der deutschen Verkehrswacht- Rhein-Erft-Kreis!<\/p>\n<p>Au\u00dferdem wird das Programm f\u00fcr \u00e4ltere Verkehrsteilnehmer (50 Plus) vorgestellt: &#8211; sicher mobil &#8211; (mobil sicher) werden.<\/p>\n<p>Deutsche Verkehrswacht Rhein-Erft-Kreis E.V. <\/p>\n<p>Hubertusstr. 17, 50126 Bergheim<\/p>\n<p> \u00a0 Telefon(02271 8399450)<\/p>\n","protected":false},"author":48,"featured_media":0,"parent":3332,"menu_order":23,"comment_status":"open","ping_status":"open","template":"template-onecolumn.php","meta":{"_bbp_topic_count":0,"_bbp_reply_count":0,"_bbp_total_topic_count":0,"_bbp_total_reply_count":0,"_bbp_voice_count":0,"_bbp_anonymous_reply_count":0,"_bbp_topic_count_hidden":0,"_bbp_reply_count_hidden":0,"_bbp_forum_subforum_count":0,"jetpack_post_was_ever_published":false,"footnotes":""},"class_list":["post-130","page","type-page","status-publish","hentry","nodate","item-wrap"],"jetpack_sharing_enabled":true,"jetpack_shortlink":"https:\/\/wp.me\/P3vhfJ-26","jetpack_likes_enabled":true,"_links":{"self":[{"href":"https:\/\/unser-quartier.de\/stadt-bergheim\/wp-json\/wp\/v2\/pages\/130","targetHints":{"allow":["GET"]}}],"collection":[{"href":"https:\/\/unser-quartier.de\/stadt-bergheim\/wp-json\/wp\/v2\/pages"}],"about":[{"href":"https:\/\/unser-quartier.de\/stadt-bergheim\/wp-json\/wp\/v2\/types\/page"}],"author":[{"embeddable":true,"href":"https:\/\/unser-quartier.de\/stadt-bergheim\/wp-json\/wp\/v2\/users\/48"}],"replies":[{"embeddable":true,"href":"https:\/\/unser-quartier.de\/stadt-bergheim\/wp-json\/wp\/v2\/comments?post=130"}],"version-history":[{"count":0,"href":"https:\/\/unser-quartier.de\/stadt-bergheim\/wp-json\/wp\/v2\/pages\/130\/revisions"}],"up":[{"embeddable":true,"href":"https:\/\/unser-quartier.de\/stadt-bergheim\/wp-json\/wp\/v2\/pages\/3332"}],"wp:attachment":[{"href":"https:\/\/unser-quartier.de\/stadt-bergheim\/wp-json\/wp\/v2\/media?parent=130"}],"curies":[{"name":"wp","href":"https:\/\/api.w.org\/{rel}","templated":true}]}}