{"id":133,"date":"2013-04-25T11:08:58","date_gmt":"2013-04-25T09:08:58","guid":{"rendered":"http:\/\/unser-quartier.de\/stadt-bergheim\/?page_id=133"},"modified":"2021-10-12T16:29:43","modified_gmt":"2021-10-12T14:29:43","slug":"was-ist-das-fachforum-seniorenarbeit-fase","status":"publish","type":"page","link":"https:\/\/unser-quartier.de\/stadt-bergheim\/startseite\/was-ist-das-fachforum-seniorenarbeit-fase\/","title":{"rendered":"Was ist das Seniorenportal Bergheim?"},"content":{"rendered":"<div>\n<p><span style=\"font-size: medium;\">Das Seniorenportal Bergheim ist der Treffpunkt f\u00fcr alle, die sich mit dem Thema \u00c4lterwerden in der Kreisstadt Bergheim besch\u00e4ftigen. Die Internetseite bringt Akteure in der Seniorenarbeit, Institutionen, Vereine sowie B\u00fcrgerinnen und B\u00fcrger zusammen, f\u00f6rdert den Austausch und b\u00fcndelt n\u00fctzliche Informationen, Rat und Hilfe. Jeder kann mitmachen und eigene Beitr\u00e4ge schreiben, Partner f\u00fcr gemeinsame Aktivit\u00e4ten suchen, Erfahrungen weitergeben und Tipps und Termine bekanntmachen. <\/span><\/p>\n<p><span style=\"font-size: medium;\">Als \u201eFachforum Seniorenarbeit&#8221; wurde das Online-Projekt von der <b>Fachstelle \u00c4lterwerden der Stadt Bergheim<\/b> im Mai 2013 initiiert und wird betreut von einem haupts\u00e4chlich ehrenamtlichen <a href=\"https:\/\/unser-quartier.de\/stadt-bergheim\/startseite\/vorstellung-der-moderatoren\/\">Redaktionsteam.<\/a> Machen Sie mit und senden Sie uns Ihre Beitr\u00e4ge!<\/p>\n<p><\/span><span style=\"font-size: medium;\"><a title=\"Impressum \u00bb Fachforum Seniorenarbeit Bergheim\" href=\"https:\/\/unser-quartier.de\/stadt-bergheim\/kontakt\/\" target=\"_blank\" rel=\"noopener\">Hier geht es zum Kontaktformular&#8230;\u00a0 <\/a>Sprechen Sie uns gern an!<br \/>\n<\/span><\/p>\n<p><span style=\"font-size: medium;\"><img data-recalc-dims=\"1\" loading=\"lazy\" decoding=\"async\" data-attachment-id=\"2715\" data-permalink=\"https:\/\/unser-quartier.de\/stadt-bergheim\/startseite\/was-ist-das-fachforum-seniorenarbeit-fase\/seniorin-mit-laptop\/\" data-orig-file=\"https:\/\/i0.wp.com\/unser-quartier.de\/stadt-bergheim\/files\/2014\/06\/Fuchs1-Fotolia_25575703_L.jpg?fit=2360%2C1568&amp;ssl=1\" data-orig-size=\"2360,1568\" data-comments-opened=\"0\" data-image-meta=\"{&quot;aperture&quot;:&quot;2.8&quot;,&quot;credit&quot;:&quot;j\\u00f6rn buchheim - Fotolia&quot;,&quot;camera&quot;:&quot;NIKON D300&quot;,&quot;caption&quot;:&quot;&quot;,&quot;created_timestamp&quot;:&quot;1283700852&quot;,&quot;copyright&quot;:&quot;j\\u00f6rn buchheim - Fotolia&quot;,&quot;focal_length&quot;:&quot;86&quot;,&quot;iso&quot;:&quot;400&quot;,&quot;shutter_speed&quot;:&quot;0.001&quot;,&quot;title&quot;:&quot;Seniorin mit Laptop&quot;}\" data-image-title=\"Seniorin mit Laptop\" data-image-description=\"\" data-image-caption=\"\" data-medium-file=\"https:\/\/i0.wp.com\/unser-quartier.de\/stadt-bergheim\/files\/2014\/06\/Fuchs1-Fotolia_25575703_L.jpg?fit=300%2C199&amp;ssl=1\" data-large-file=\"https:\/\/i0.wp.com\/unser-quartier.de\/stadt-bergheim\/files\/2014\/06\/Fuchs1-Fotolia_25575703_L.jpg?fit=770%2C511&amp;ssl=1\" class=\"alignleft size-medium wp-image-2715\" src=\"https:\/\/i0.wp.com\/unser-quartier.de\/stadt-bergheim\/files\/2014\/06\/Fuchs1-Fotolia_25575703_L.jpg?resize=300%2C199&#038;ssl=1\" alt=\"Seniorin mit Laptop\" width=\"300\" height=\"199\" srcset=\"https:\/\/i0.wp.com\/unser-quartier.de\/stadt-bergheim\/files\/2014\/06\/Fuchs1-Fotolia_25575703_L.jpg?resize=300%2C199&amp;ssl=1 300w, https:\/\/i0.wp.com\/unser-quartier.de\/stadt-bergheim\/files\/2014\/06\/Fuchs1-Fotolia_25575703_L.jpg?resize=150%2C99&amp;ssl=1 150w, https:\/\/i0.wp.com\/unser-quartier.de\/stadt-bergheim\/files\/2014\/06\/Fuchs1-Fotolia_25575703_L.jpg?resize=1024%2C680&amp;ssl=1 1024w, https:\/\/i0.wp.com\/unser-quartier.de\/stadt-bergheim\/files\/2014\/06\/Fuchs1-Fotolia_25575703_L.jpg?w=1540&amp;ssl=1 1540w, https:\/\/i0.wp.com\/unser-quartier.de\/stadt-bergheim\/files\/2014\/06\/Fuchs1-Fotolia_25575703_L.jpg?w=2310&amp;ssl=1 2310w\" sizes=\"auto, (max-width: 300px) 100vw, 300px\" \/>Das Bergheimer Seniorenportal ist Teil der Lokalen Online-Gemeinschaften \u00e4lterer Menschen des Forums Seniorenarbeit NRW mit Unterst\u00fctzung vom Kuratorium Deutsche Altershilfe sowie vom Ministerium f\u00fcr Gesundheit, Emanzipation, Pflege und Alter des Landes Nordrhein-Westfalen. Das Projekt f\u00f6rdert die aktive Teilhabe von \u00c4lteren an der digitalen Gesellschaft.<br \/>\n<\/span><\/p>\n<p><span style=\"font-size: medium;\">Damit die Technik keine H\u00fcrde ist, steht Ihnen unser Koordinator Hans-J\u00fcrgen Knabben gern zur Seite:<\/span><\/p>\n<p><span style=\"font-size: medium;\"><strong>Kontakt:<\/strong> <a href=\"mailto:hans-juergen.knabben@gmx.de\" target=\"_blank\" rel=\"noopener\">hans-juergen.knabben@gmx.de<\/a>; Telefon: 0171 \/ 33 57 218<\/span><\/p>\n<p>&nbsp;<\/p>\n<\/div>\n","protected":false},"excerpt":{"rendered":"<p>Das Seniorenportal Bergheim ist der Treffpunkt f\u00fcr alle, die sich mit dem Thema \u00c4lterwerden in der Kreisstadt Bergheim besch\u00e4ftigen. Die Internetseite bringt Akteure in der Seniorenarbeit, Institutionen, Vereine sowie B\u00fcrgerinnen und B\u00fcrger zusammen, f\u00f6rdert den Austausch und b\u00fcndelt n\u00fctzliche Informationen, Rat und Hilfe. Jeder kann mitmachen und eigene Beitr\u00e4ge schreiben, Partner f\u00fcr gemeinsame Aktivit\u00e4ten suchen, &hellip; <\/p>\n<p><a class=\"more-link btn\" href=\"https:\/\/unser-quartier.de\/stadt-bergheim\/startseite\/was-ist-das-fachforum-seniorenarbeit-fase\/\">Weiterlesen<\/a><\/p>\n","protected":false},"author":48,"featured_media":0,"parent":28,"menu_order":2,"comment_status":"closed","ping_status":"closed","template":"template-onecolumn.php","meta":{"_bbp_topic_count":0,"_bbp_reply_count":0,"_bbp_total_topic_count":0,"_bbp_total_reply_count":0,"_bbp_voice_count":0,"_bbp_anonymous_reply_count":0,"_bbp_topic_count_hidden":0,"_bbp_reply_count_hidden":0,"_bbp_forum_subforum_count":0,"jetpack_post_was_ever_published":false,"footnotes":""},"class_list":["post-133","page","type-page","status-publish","hentry","nodate","item-wrap"],"jetpack_sharing_enabled":true,"jetpack_shortlink":"https:\/\/wp.me\/P3vhfJ-29","jetpack_likes_enabled":true,"_links":{"self":[{"href":"https:\/\/unser-quartier.de\/stadt-bergheim\/wp-json\/wp\/v2\/pages\/133","targetHints":{"allow":["GET"]}}],"collection":[{"href":"https:\/\/unser-quartier.de\/stadt-bergheim\/wp-json\/wp\/v2\/pages"}],"about":[{"href":"https:\/\/unser-quartier.de\/stadt-bergheim\/wp-json\/wp\/v2\/types\/page"}],"author":[{"embeddable":true,"href":"https:\/\/unser-quartier.de\/stadt-bergheim\/wp-json\/wp\/v2\/users\/48"}],"replies":[{"embeddable":true,"href":"https:\/\/unser-quartier.de\/stadt-bergheim\/wp-json\/wp\/v2\/comments?post=133"}],"version-history":[{"count":0,"href":"https:\/\/unser-quartier.de\/stadt-bergheim\/wp-json\/wp\/v2\/pages\/133\/revisions"}],"up":[{"embeddable":true,"href":"https:\/\/unser-quartier.de\/stadt-bergheim\/wp-json\/wp\/v2\/pages\/28"}],"wp:attachment":[{"href":"https:\/\/unser-quartier.de\/stadt-bergheim\/wp-json\/wp\/v2\/media?parent=133"}],"curies":[{"name":"wp","href":"https:\/\/api.w.org\/{rel}","templated":true}]}}