{"id":13658,"date":"2017-02-07T15:12:37","date_gmt":"2017-02-07T14:12:37","guid":{"rendered":"https:\/\/unser-quartier.de\/stadt-bergheim\/?page_id=13658"},"modified":"2019-12-18T11:09:25","modified_gmt":"2019-12-18T10:09:25","slug":"polizei-im-rhein-erft-kreis-macht-mit","status":"publish","type":"page","link":"https:\/\/unser-quartier.de\/stadt-bergheim\/informationen\/untermenue-2\/polizei-im-rhein-erft-kreis-macht-mit\/","title":{"rendered":"Polizei im Rhein-Erft-Kreis macht mit &#8230;"},"content":{"rendered":"<p><strong><span style=\"font-size: 12pt\">Pr\u00e4ventionstipp f\u00fcr B\u00fcrgerinnen und B\u00fcrger<\/span><\/strong><\/p>\n<p><span style=\"font-size: 12pt\">\u00c4ltere Menschen werden zunehmend von Straft\u00e4tern angerufen, die sich als Polizeibeamte ausgeben. Die Anrufer manipulieren ihre Opfer, indem sie ihnen augenscheinlich \u00fcberzeugende Geschichten \u00fcber aktuelle Straftaten erz\u00e4hlen und sie zum vermeintlichen Schutz ihres<\/span> <span style=\"font-size: 12pt\">Eigentums auffordern, Geld oder Wertgegenst\u00e4nde auszuh\u00e4ndigen. Dabei erscheint auf dem Telefondisplay sogar die Notrufnummer 110.<\/span><\/p>\n<p><span style=\"font-size: 12pt\">Deshalb macht auch die Polizei vom Rhein-Erft-Kreis auf unserem Seniorenportal Bergheim mit.<\/span><\/p>\n<p><span style=\"font-size: 12pt\">Ihre Ansprechpartner ist:<\/span><\/p>\n<p><b>Heinz Schmickler<\/b><\/p>\n<p>Kriminalhauptkommissar<\/p>\n<p><strong>Kreispolizeibeh\u00f6rde Rhein-Erft-Kreis<\/strong><\/p>\n<p>Direktion Kriminalit\u00e4t<\/p>\n<p>Kriminalkommissariat\u00a0Kriminalpr\u00e4vention\/Opferschutz<\/p>\n<p><a href=\"\/\/2\">Luxemburger Str. 303a<\/a><\/p>\n<p><a href=\"\/\/2\">50354 H\u00fcrth<\/a><\/p>\n<p>02233 \/\u00a0 52 &#8211; 4817<\/p>\n<p><a href=\"mailto:heinz.schmickler@polizei.nrw.de\">heinz.schmickler@polizei.nrw.de<\/a><\/p>\n<p>www.rhein-erft-kreis.polizei.nrw<\/p>\n<p><a href=\"http:\/\/www.riegelvor.nrw.de\/\">www.riegelvor.nrw.de\/<\/a><\/p>\n<p><span style=\"font-size: 12pt\">Neben der Drogen- und Suchtpr\u00e4vention an Schulen bin ich f\u00fcr die pr\u00e4ventive Sicherheit der Senioren im gesamten Rhein-Erft-Kreis zust\u00e4ndig.<\/span> <span style=\"font-size: 12pt\">Auf Anfrage gebe ich in Kurzvortr\u00e4gen Verhaltenstipps zu Straftaten zum Nachteil \u00e4lterer B\u00fcrger und beziehe mich auf unseren Kreis.<\/span><\/p>\n<p><a href=\"https:\/\/unser-quartier.de\/stadt-bergheim\/files\/2017\/02\/Falsche-Polizisten.pdf\"><span style=\"font-size: 12pt\">Hier k\u00f6nnen Sie die ganze Information herunterladen &#8230;<\/span><\/a><\/p>\n<p>&nbsp;<\/p>\n","protected":false},"excerpt":{"rendered":"<p><strong>Pr\u00e4ventionstipp f\u00fcr B\u00fcrgerinnen und B\u00fcrger<\/strong><\/p>\n<p>\u00c4ltere Menschen werden zunehmend von Straft\u00e4tern angerufen, die sich als Polizeibeamte ausgeben. Die Anrufer manipulieren ihre Opfer, indem sie ihnen augenscheinlich \u00fcberzeugende Geschichten \u00fcber aktuelle Straftaten erz\u00e4hlen und sie zum vermeintlichen Schutz ihres Eigentums auffordern, Geld oder Wertgegenst\u00e4nde auszuh\u00e4ndigen. Dabei erscheint auf dem Telefondisplay sogar die Notrufnummer 110.<\/p>\n<p>Deshalb macht &hellip; <\/p>\n<p><a class=\"more-link btn\" href=\"https:\/\/unser-quartier.de\/stadt-bergheim\/informationen\/untermenue-2\/polizei-im-rhein-erft-kreis-macht-mit\/\">Weiterlesen<\/a><\/p>\n","protected":false},"author":48,"featured_media":0,"parent":3332,"menu_order":6,"comment_status":"closed","ping_status":"closed","template":"","meta":{"_bbp_topic_count":0,"_bbp_reply_count":0,"_bbp_total_topic_count":0,"_bbp_total_reply_count":0,"_bbp_voice_count":0,"_bbp_anonymous_reply_count":0,"_bbp_topic_count_hidden":0,"_bbp_reply_count_hidden":0,"_bbp_forum_subforum_count":0,"jetpack_post_was_ever_published":false,"footnotes":""},"class_list":["post-13658","page","type-page","status-publish","hentry","nodate","item-wrap"],"jetpack_sharing_enabled":true,"jetpack_shortlink":"https:\/\/wp.me\/P3vhfJ-3yi","jetpack_likes_enabled":true,"_links":{"self":[{"href":"https:\/\/unser-quartier.de\/stadt-bergheim\/wp-json\/wp\/v2\/pages\/13658","targetHints":{"allow":["GET"]}}],"collection":[{"href":"https:\/\/unser-quartier.de\/stadt-bergheim\/wp-json\/wp\/v2\/pages"}],"about":[{"href":"https:\/\/unser-quartier.de\/stadt-bergheim\/wp-json\/wp\/v2\/types\/page"}],"author":[{"embeddable":true,"href":"https:\/\/unser-quartier.de\/stadt-bergheim\/wp-json\/wp\/v2\/users\/48"}],"replies":[{"embeddable":true,"href":"https:\/\/unser-quartier.de\/stadt-bergheim\/wp-json\/wp\/v2\/comments?post=13658"}],"version-history":[{"count":0,"href":"https:\/\/unser-quartier.de\/stadt-bergheim\/wp-json\/wp\/v2\/pages\/13658\/revisions"}],"up":[{"embeddable":true,"href":"https:\/\/unser-quartier.de\/stadt-bergheim\/wp-json\/wp\/v2\/pages\/3332"}],"wp:attachment":[{"href":"https:\/\/unser-quartier.de\/stadt-bergheim\/wp-json\/wp\/v2\/media?parent=13658"}],"curies":[{"name":"wp","href":"https:\/\/api.w.org\/{rel}","templated":true}]}}