{"id":13730,"date":"2017-02-18T18:00:38","date_gmt":"2017-02-18T17:00:38","guid":{"rendered":"https:\/\/unser-quartier.de\/stadt-bergheim\/?p=13730"},"modified":"2022-04-13T18:44:11","modified_gmt":"2022-04-13T16:44:11","slug":"grenzenlos-in-niederaussem","status":"publish","type":"page","link":"https:\/\/unser-quartier.de\/stadt-bergheim\/informationen\/untermenue-1\/grenzenlos-in-niederaussem\/","title":{"rendered":"&#8220;Grenzenlos&#8221; in Niederau\u00dfem"},"content":{"rendered":"<p><strong>\u00d6kumenische Initiative mit Laden und Caf\u00e9<br \/>\n<\/strong><br \/>\n\u201eGrenzenlos\u201c \u2013 Laden und Caf\u00e9\u00a0so hei\u00dft das Angebot der \u00f6kumenischen Initiative \u201eNeue Nachbarn in Bergheim-Ost\u201c\u00a0 im Quartiersb\u00fcro <strong>in der ehemaligen Paulusschule, Im Euel 2, in Niederau\u00dfem<\/strong>.<\/p>\n<p>Immer\u00a0<strong>mittwochs von 15.00 bis 18.00 Uhr<\/strong>\u00a0f\u00fcr Alle offen!<\/p>\n<p><img data-recalc-dims=\"1\" loading=\"lazy\" decoding=\"async\" data-attachment-id=\"13733\" data-permalink=\"https:\/\/unser-quartier.de\/stadt-bergheim\/informationen\/untermenue-1\/grenzenlos-in-niederaussem\/paulusschule-na\/\" data-orig-file=\"https:\/\/i0.wp.com\/unser-quartier.de\/stadt-bergheim\/files\/2017\/02\/Paulusschule-NA.jpeg?fit=281%2C220&amp;ssl=1\" data-orig-size=\"281,220\" data-comments-opened=\"0\" data-image-meta=\"{&quot;aperture&quot;:&quot;0&quot;,&quot;credit&quot;:&quot;&quot;,&quot;camera&quot;:&quot;&quot;,&quot;caption&quot;:&quot;&quot;,&quot;created_timestamp&quot;:&quot;0&quot;,&quot;copyright&quot;:&quot;&quot;,&quot;focal_length&quot;:&quot;0&quot;,&quot;iso&quot;:&quot;0&quot;,&quot;shutter_speed&quot;:&quot;0&quot;,&quot;title&quot;:&quot;&quot;,&quot;orientation&quot;:&quot;0&quot;}\" data-image-title=\"Paulusschule NA\" data-image-description=\"\" data-image-caption=\"\" data-medium-file=\"https:\/\/i0.wp.com\/unser-quartier.de\/stadt-bergheim\/files\/2017\/02\/Paulusschule-NA.jpeg?fit=281%2C220&amp;ssl=1\" data-large-file=\"https:\/\/i0.wp.com\/unser-quartier.de\/stadt-bergheim\/files\/2017\/02\/Paulusschule-NA.jpeg?fit=281%2C220&amp;ssl=1\" class=\"alignleft wp-image-13733 size-thumbnail\" src=\"https:\/\/i0.wp.com\/unser-quartier.de\/stadt-bergheim\/files\/2017\/02\/Paulusschule-NA.jpeg?resize=150%2C117&#038;ssl=1\" width=\"150\" height=\"117\" srcset=\"https:\/\/i0.wp.com\/unser-quartier.de\/stadt-bergheim\/files\/2017\/02\/Paulusschule-NA.jpeg?resize=150%2C117&amp;ssl=1 150w, https:\/\/i0.wp.com\/unser-quartier.de\/stadt-bergheim\/files\/2017\/02\/Paulusschule-NA.jpeg?w=281&amp;ssl=1 281w\" sizes=\"auto, (max-width: 150px) 100vw, 150px\" \/>Im\u00a0Caf\u00e9\u00a0kann man\u00a0neue Menschen\u00a0kennen lernen,\u00a0Kontakte\u00a0kn\u00fcpfen,\u00a0Freunde\u00a0finden und\u00a0Hilfe und Unterst\u00fctzung\u00a0suchen oder anbieten.\u00a0Der\u00a0Laden\u00a0ist f\u00fcr jeden da, der gespendete\u00a0Kleidung und Hausrat\u00a0gegen einen geringen Betrag kaufen m\u00f6chte. Die Einnahmen werden wieder f\u00fcr soziale Zwecke im Quartier eingesetzt.<\/p>\n<p>Wer jetzt schon Kleidung\u00a0(besonders Kinderkleidung)\u00a0und Hausrat\u00a0(Bett- und Tischw\u00e4sche, Geschirr, T\u00f6pfe, Bestecke usw.)\u00a0abgeben m\u00f6chte,\u00a0kann dies\u00a0ab sofort montags von 15.00 bis 16.00 Uhr\u00a0im \u201eGrenzenlos\u201c erledigen.<\/p>\n<p>Haben Sie Interesse, diese Arbeit tatkr\u00e4ftig zu unterst\u00fctzen?<\/p>\n<p>Dann melden Sie sich bei<\/p>\n<p style=\"font-weight: 400;\">Katholischer Kirchengemeindeverband Bergheim-Ost<\/p>\n<p style=\"font-weight: 400;\">\u00a0Christa M\u00f6dder<br \/>\nEngagementf\u00f6rderin<\/p>\n<p style=\"font-weight: 400;\">Vinzentiusstra\u00dfe 28<br \/>\n50129 Bergheim<\/p>\n<p style=\"font-weight: 400;\">Tel: 0175 \u2013 2055664<br \/>\nwww.kirche-bergheim-ost.d<\/p>\n<p>&nbsp;<\/p>\n<p>&nbsp;<\/p>\n<p>&nbsp;<\/p>\n<p><img data-recalc-dims=\"1\" loading=\"lazy\" decoding=\"async\" data-attachment-id=\"13732\" data-permalink=\"https:\/\/unser-quartier.de\/stadt-bergheim\/informationen\/untermenue-1\/grenzenlos-in-niederaussem\/grenzenlos_logo\/\" data-orig-file=\"https:\/\/i0.wp.com\/unser-quartier.de\/stadt-bergheim\/files\/2017\/02\/Grenzenlos_Logo.jpeg?fit=137%2C132&amp;ssl=1\" data-orig-size=\"137,132\" data-comments-opened=\"0\" data-image-meta=\"{&quot;aperture&quot;:&quot;0&quot;,&quot;credit&quot;:&quot;&quot;,&quot;camera&quot;:&quot;&quot;,&quot;caption&quot;:&quot;&quot;,&quot;created_timestamp&quot;:&quot;0&quot;,&quot;copyright&quot;:&quot;&quot;,&quot;focal_length&quot;:&quot;0&quot;,&quot;iso&quot;:&quot;0&quot;,&quot;shutter_speed&quot;:&quot;0&quot;,&quot;title&quot;:&quot;&quot;,&quot;orientation&quot;:&quot;0&quot;}\" data-image-title=\"Grenzenlos_Logo\" data-image-description=\"\" data-image-caption=\"\" data-medium-file=\"https:\/\/i0.wp.com\/unser-quartier.de\/stadt-bergheim\/files\/2017\/02\/Grenzenlos_Logo.jpeg?fit=137%2C132&amp;ssl=1\" data-large-file=\"https:\/\/i0.wp.com\/unser-quartier.de\/stadt-bergheim\/files\/2017\/02\/Grenzenlos_Logo.jpeg?fit=137%2C132&amp;ssl=1\" class=\"alignleft wp-image-13732 size-full\" src=\"https:\/\/i0.wp.com\/unser-quartier.de\/stadt-bergheim\/files\/2017\/02\/Grenzenlos_Logo.jpeg?resize=137%2C132&#038;ssl=1\" width=\"137\" height=\"132\" \/><\/p>\n","protected":false},"excerpt":{"rendered":"<p><strong>\u00d6kumenische Initiative mit Laden und Caf\u00e9 <\/strong> \u201eGrenzenlos\u201c \u2013 Laden und Caf\u00e9\u00a0so hei\u00dft das Angebot der \u00f6kumenischen Initiative \u201eNeue Nachbarn in Bergheim-Ost\u201c\u00a0 im Quartiersb\u00fcro <strong>in der ehemaligen Paulusschule, Im Euel 2, in Niederau\u00dfem<\/strong>.<\/p>\n<p>Immer\u00a0<strong>mittwochs von 15.00 bis 18.00 Uhr<\/strong>\u00a0f\u00fcr Alle offen!<\/p>\n<p>Im\u00a0Caf\u00e9\u00a0kann man\u00a0neue Menschen\u00a0kennen lernen,\u00a0Kontakte\u00a0kn\u00fcpfen,\u00a0Freunde\u00a0finden und\u00a0Hilfe und Unterst\u00fctzung\u00a0suchen oder anbieten.\u00a0Der\u00a0Laden\u00a0ist f\u00fcr jeden da, der gespendete\u00a0Kleidung &hellip; <\/p>\n<p><a class=\"more-link btn\" href=\"https:\/\/unser-quartier.de\/stadt-bergheim\/informationen\/untermenue-1\/grenzenlos-in-niederaussem\/\">Weiterlesen<\/a><\/p>\n","protected":false},"author":133,"featured_media":0,"parent":3330,"menu_order":0,"comment_status":"closed","ping_status":"closed","template":"","meta":{"_bbp_topic_count":0,"_bbp_reply_count":0,"_bbp_total_topic_count":0,"_bbp_total_reply_count":0,"_bbp_voice_count":0,"_bbp_anonymous_reply_count":0,"_bbp_topic_count_hidden":0,"_bbp_reply_count_hidden":0,"_bbp_forum_subforum_count":0,"jetpack_post_was_ever_published":false,"footnotes":""},"class_list":["post-13730","page","type-page","status-publish","hentry","nodate","item-wrap"],"jetpack_sharing_enabled":true,"jetpack_shortlink":"https:\/\/wp.me\/P3vhfJ-3zs","jetpack_likes_enabled":true,"_links":{"self":[{"href":"https:\/\/unser-quartier.de\/stadt-bergheim\/wp-json\/wp\/v2\/pages\/13730","targetHints":{"allow":["GET"]}}],"collection":[{"href":"https:\/\/unser-quartier.de\/stadt-bergheim\/wp-json\/wp\/v2\/pages"}],"about":[{"href":"https:\/\/unser-quartier.de\/stadt-bergheim\/wp-json\/wp\/v2\/types\/page"}],"author":[{"embeddable":true,"href":"https:\/\/unser-quartier.de\/stadt-bergheim\/wp-json\/wp\/v2\/users\/133"}],"replies":[{"embeddable":true,"href":"https:\/\/unser-quartier.de\/stadt-bergheim\/wp-json\/wp\/v2\/comments?post=13730"}],"version-history":[{"count":0,"href":"https:\/\/unser-quartier.de\/stadt-bergheim\/wp-json\/wp\/v2\/pages\/13730\/revisions"}],"up":[{"embeddable":true,"href":"https:\/\/unser-quartier.de\/stadt-bergheim\/wp-json\/wp\/v2\/pages\/3330"}],"wp:attachment":[{"href":"https:\/\/unser-quartier.de\/stadt-bergheim\/wp-json\/wp\/v2\/media?parent=13730"}],"curies":[{"name":"wp","href":"https:\/\/api.w.org\/{rel}","templated":true}]}}