{"id":14053,"date":"2017-03-24T20:46:34","date_gmt":"2017-03-24T19:46:34","guid":{"rendered":"https:\/\/unser-quartier.de\/stadt-bergheim\/?page_id=14053"},"modified":"2018-09-19T18:07:09","modified_gmt":"2018-09-19T16:07:09","slug":"arbeitsgemeinschaft-der-selbsthilfegruppen-rhein-erft-kreis","status":"publish","type":"page","link":"https:\/\/unser-quartier.de\/stadt-bergheim\/arbeitsgemeinschaft-der-selbsthilfegruppen-rhein-erft-kreis\/","title":{"rendered":"Arbeitsgemeinschaft der Selbsthilfegruppen Rhein-Erft-Kreis"},"content":{"rendered":"<p class=\"western\"><span style=\"color: #000080;font-size: 20px\"><span style=\"font-family: Arial, serif\">Unserer AG \u00a0unterstehen \u00a0ca. 100 Selbsthilfegruppen im REK, unterschiedlicher Krankheitsbilder. <\/span>Der Zusammenschluss von Selbsthilfegruppen im Rhein-Erft-Kreis.<span style=\"font-family: Arial, serif\">\u00a0<\/span><\/span><\/p>\n<p class=\"western\"><span style=\"font-family: arial,helvetica,sans-serif;font-size: 20px\">Am 27.01.2003 wurde die AG Selbsthilfegruppen Rhein-Erft-Kreis von acht<\/span><br \/>\n<span style=\"font-family: arial,helvetica,sans-serif;font-size: 20px\">Leiter\/Innen von Selbsthilfegruppen verschiedenster Krankheiten gegr\u00fcndet. Seitdem ist die Initiative ein zuverl\u00e4ssiger Ansprechpartner f\u00fcr Ratsuchende auf der Suche nach einer geeigneten Gruppe, leistet Hilfe bei Gruppenneugr\u00fcndung, veranstaltet Gesundheitsmessen <\/span><span style=\"font-size: 20px\">und Informationsveranstaltungen und dies kostenfrei f\u00fcr alle. Die AG ist Ansprechpartner f\u00fcr Politik, Verwaltung, Krankenkassen und andere Institutionen. Jede Selbsthilfegruppe im Rhein-Erft-Kreis kann Mitglied werden. <\/span><strong><span style=\"font-size: 20px\">Die Mitgliedschaft ist kostenfrei<\/span>. <\/strong><\/p>\n<p class=\"western\"><span style=\"font-size: 20px\"><span style=\"color: #000000\"><span style=\"font-family: Arial, serif\">Jede Gruppe beh\u00e4lt ihre inhaltliche und organisatorische Unabh\u00e4ngigkeit.<br \/>\n<\/span><\/span><span style=\"color: #000000\"><span style=\"font-family: Arial, serif\">Die AG Selbsthilfe wird von gew\u00e4hlten Sprecher\/Innen vertreten.<\/span><\/span><span style=\"color: #000000\"><span style=\"font-family: Arial, serif\">\u00a0<\/span><\/span><\/span><\/p>\n<p>&nbsp;<\/p>\n<p class=\"western\"><span style=\"font-family: Times New Roman, serif;font-size: 20px\"><span style=\"color: #000000\"><span style=\"font-family: Arial, serif\"><b>Selbsthilfegruppen haben etwas zu bieten:<\/b><\/span><\/span><\/span><\/p>\n<p class=\"western\"><span style=\"font-family: Times New Roman, serif;font-size: 20px\"><span style=\"color: #000000\"><span style=\"font-family: Arial, serif\">Austausch von pers\u00f6nlichen Erfahrungen Informationen \u00fcber Behandlungsm\u00f6glichkeiten Unterst\u00fctzung und Beratung Hilfe zur Selbsthilfe\u00a0<\/span><\/span><\/span><\/p>\n<p class=\"western\"><span style=\"font-family: Times New Roman, serif;font-size: 20px\"><span style=\"color: #000000\"><span style=\"font-family: Arial, serif\"><b>In Selbsthilfegruppen k\u00f6nnen Sie:<\/b><\/span><\/span><\/span><\/p>\n<p class=\"western\"><span style=\"font-family: Times New Roman, serif;font-size: 20px\"><span style=\"color: #000000\"><span style=\"font-family: Arial, serif\">\u00c4ngste und Isolation abbauen,\u00a0Kontakte finden,<br \/>\nMut und Selbstvertrauen gewinnen,<br \/>\nIhre Lebenserfahrung mit einbringen,<br \/>\nehrenamtlich mitarbeiten.\u00a0<\/span><\/span><\/span><\/p>\n<p class=\"western\"><span style=\"font-family: Times New Roman, serif;font-size: 20px\"><span style=\"color: #000000\"><span style=\"font-family: Arial, serif\"><b>Wichtigste Regeln:<\/b><\/span><\/span><\/span><\/p>\n<p class=\"western\"><span style=\"font-family: Times New Roman, serif;font-size: 20px\"><span style=\"color: #000000\"><span style=\"font-family: Arial, serif\">Gegenseitige Achtung, Sch\u00e4tzung, Vertrauen. Nichts wird nach au\u00dfen getragen!\u00a0<\/span><\/span><\/span><\/p>\n<p class=\"western\"><span style=\"font-family: Times New Roman, serif;font-size: 20px\"><span style=\"color: #000000\"><span style=\"font-family: Arial, serif\"><b>F\u00fcr wen gibt es im Rhein \u2013 Erft \u2013 Kreis Selbsthilfegruppen:<\/b><\/span><\/span><\/span><\/p>\n<p class=\"western\"><span style=\"font-family: Times New Roman, serif;font-size: 20px\"><span style=\"color: #000000\"><span style=\"font-family: Arial, serif\">Zum Beispiel:<br \/>\nBehinderungen<br \/>\nSuchtproblematik<br \/>\nPhysische Erkrankungen<br \/>\nDiabetes mellitus<br \/>\nParkinson<br \/>\nChronische Schmerzen<br \/>\nArthrose, Rheuma<br \/>\nOsteoporose<br \/>\nVaskulitis Sklerose<br \/>\nAlzheimer und Demenz<br \/>\nChronische Erkrankungen<br \/>\nTinnitus, Morbus Meni\u00e9re<br \/>\nAngst und Depressionen<br \/>\nBegleitung in besonderen Lebenslagen (Organtransplantation)\u00a0<\/span><\/span><\/span><\/p>\n<p class=\"western\"><span style=\"font-family: Times New Roman, serif;font-size: 20px\"><span style=\"color: #000000\"><span style=\"font-family: Arial, serif\"><b>Was bringt die Kontakt- und Informationsstelle f\u00fcr Selbsthilfe<br \/>\n\u201eAG\u201c im Rhein \u2013 Erft \u2013 Kreis?\u00a0<\/b><\/span><\/span><\/span><\/p>\n<p class=\"western\"><span style=\"font-family: Times New Roman, serif;font-size: 20px\"><span style=\"color: #000000\"><span style=\"font-family: Arial, serif\">Wir vermitteln Interessierte in schon bestehende Gruppen,<br \/>\nWir beraten bei Neugr\u00fcndung von SHG,<br \/>\nWir beraten bei Bedarf bestehende Gruppen,<br \/>\nWir unterst\u00fctzen SHG bei \u00f6ffentlichkeitswirksamer T\u00e4tigkeit z.B. bei Veranstaltungen, Gesundheitsmesse. Presse,<br \/>\nWir vertreten die Selbsthilfe in politischen sowie in gesundheitlichen Gremien und in der breiten \u00d6ffentlichkeit.\u00a0<\/span><\/span><\/span><\/p>\n<p class=\"western\"><span style=\"font-family: Times New Roman, serif\"><span style=\"color: #000000;font-size: 20px\"><span style=\"font-family: Arial, serif\"><b>Gemeinsam sind wir stark! Machen Sie mit!<br \/>\n<\/b><\/span><\/span><span style=\"color: #000000\"><span style=\"font-family: Arial, serif\"><span style=\"font-size: 20px\">Unterst\u00fctzen Sie uns durch Ihre kostenlose Mitgliedschaft!<\/span><br \/>\n<\/span><\/span><\/span><\/p>\n<h1 class=\"western\"><span style=\"font-family: arial,helvetica,sans-serif;font-size: 20px\"><b>Kontakt:<br \/>\nArbeitsgemeinschaft der Selbsthilfegruppen im Rhein-Erft-Kreis<\/b><b>\u00a0<\/b><b><br \/>\nVorsitzende: Ingrid Weiss<br \/>\n<\/b><\/span><span style=\"font-family: arial,helvetica,sans-serif;font-size: 20px\"><b>Willy-Brandt-Platz 1<\/b><b>\u00a0<\/b><b><br \/>\n50126 Bergheim<\/b><b>\u00a0<\/b><b><br \/>\n<\/b><\/span><b><span style=\"font-family: arial,helvetica,sans-serif;font-size: 20px\">Kreishaus Zimmer\u00a0KT1.27 &#8211; 1ter Stock\u00a0Kreistagsgeb\u00e4ude<\/span><br \/>\n<span style=\"font-family: arial,helvetica,sans-serif;font-size: 20px\">e-mail: <\/span><\/b><span style=\"font-family: arial,helvetica,sans-serif;font-size: 20px\"><a href=\"mailto:info@ag-shg.de\"><b>info<\/b><b>@ag-shg.de<\/b><\/a><\/span><\/h1>\n<p><strong><span style=\"font-family: arial,helvetica,sans-serif;font-size: 20px\">e-mail: <a href=\"mailto:ingrid.weiss49@ag-shg.de\">ingrid.weiss49@ag-shg.de<\/a><\/span><\/strong><\/p>\n<h1 class=\"western\"><b><\/b><strong><span style=\"font-family: arial,helvetica,sans-serif;font-size: 20px\"><a href=\"http:\/\/www.selbsthilfegruppen-rhein-erftkreis.de\/\">www.selbsthilfegruppen-rhein-erftkreis.de<\/a><\/span><\/strong><\/h1>\n<p><span style=\"font-family: arial,helvetica,sans-serif;font-size: 20px\">Neue WebSite: Folgt bald!<br \/>\n<\/span><\/p>\n<p class=\"western\"><span style=\"color: #000080\"><strong><span style=\"font-family: arial,helvetica,sans-serif;font-size: 20px\">Telefon: 02271 8349421<br \/>\nFax: 02271 8322311<br \/>\n<\/span><\/strong><\/span><\/p>\n<p><span style=\"color: #000080\"><strong><span style=\"font-family: arial,helvetica,sans-serif;font-size: 20px\">B\u00fcrozeiten: Mo von 09.00 Uhr- 12.00 Uhr und Do von 15.00 &#8211; 18.00 Uhr<\/span><\/strong><\/span><\/p>\n","protected":false},"excerpt":{"rendered":"<p class=\"western\">Unserer AG \u00a0unterstehen \u00a0ca. 100 Selbsthilfegruppen im REK, unterschiedlicher Krankheitsbilder. Der Zusammenschluss von Selbsthilfegruppen im Rhein-Erft-Kreis.\u00a0<\/p>\n<p class=\"western\">Am 27.01.2003 wurde die AG Selbsthilfegruppen Rhein-Erft-Kreis von acht Leiter\/Innen von Selbsthilfegruppen verschiedenster Krankheiten gegr\u00fcndet. Seitdem ist die Initiative ein zuverl\u00e4ssiger Ansprechpartner f\u00fcr Ratsuchende auf der Suche nach einer geeigneten Gruppe, leistet Hilfe bei Gruppenneugr\u00fcndung, veranstaltet Gesundheitsmessen &hellip; <\/p>\n<p><a class=\"more-link btn\" href=\"https:\/\/unser-quartier.de\/stadt-bergheim\/arbeitsgemeinschaft-der-selbsthilfegruppen-rhein-erft-kreis\/\">Weiterlesen<\/a><\/p>\n","protected":false},"author":48,"featured_media":0,"parent":0,"menu_order":5,"comment_status":"closed","ping_status":"closed","template":"","meta":{"_bbp_topic_count":0,"_bbp_reply_count":0,"_bbp_total_topic_count":0,"_bbp_total_reply_count":0,"_bbp_voice_count":0,"_bbp_anonymous_reply_count":0,"_bbp_topic_count_hidden":0,"_bbp_reply_count_hidden":0,"_bbp_forum_subforum_count":0,"jetpack_post_was_ever_published":false,"footnotes":""},"class_list":["post-14053","page","type-page","status-publish","hentry","nodate","item-wrap"],"jetpack_sharing_enabled":true,"jetpack_shortlink":"https:\/\/wp.me\/P3vhfJ-3EF","jetpack_likes_enabled":true,"_links":{"self":[{"href":"https:\/\/unser-quartier.de\/stadt-bergheim\/wp-json\/wp\/v2\/pages\/14053","targetHints":{"allow":["GET"]}}],"collection":[{"href":"https:\/\/unser-quartier.de\/stadt-bergheim\/wp-json\/wp\/v2\/pages"}],"about":[{"href":"https:\/\/unser-quartier.de\/stadt-bergheim\/wp-json\/wp\/v2\/types\/page"}],"author":[{"embeddable":true,"href":"https:\/\/unser-quartier.de\/stadt-bergheim\/wp-json\/wp\/v2\/users\/48"}],"replies":[{"embeddable":true,"href":"https:\/\/unser-quartier.de\/stadt-bergheim\/wp-json\/wp\/v2\/comments?post=14053"}],"version-history":[{"count":0,"href":"https:\/\/unser-quartier.de\/stadt-bergheim\/wp-json\/wp\/v2\/pages\/14053\/revisions"}],"wp:attachment":[{"href":"https:\/\/unser-quartier.de\/stadt-bergheim\/wp-json\/wp\/v2\/media?parent=14053"}],"curies":[{"name":"wp","href":"https:\/\/api.w.org\/{rel}","templated":true}]}}