{"id":14450,"date":"2017-04-22T23:16:27","date_gmt":"2017-04-22T21:16:27","guid":{"rendered":"https:\/\/unser-quartier.de\/stadt-bergheim\/?page_id=14450"},"modified":"2018-07-02T13:41:22","modified_gmt":"2018-07-02T11:41:22","slug":"zusammenarbeit-aktive-senioren-brauweiler","status":"publish","type":"page","link":"https:\/\/unser-quartier.de\/stadt-bergheim\/informationen\/untermenue-2\/zusammenarbeit-aktive-senioren-brauweiler\/","title":{"rendered":"Zusammenarbeit: Aktive Senioren Brauweiler"},"content":{"rendered":"<p><span style=\"font-family: Tahoma\"><span style=\"font-size: 12pt\"><span style=\"color: #3333ff\"><strong><u>Das Netzwerk \u201eAktive-Senioren-Brauweiler,<\/u><\/strong><br \/>\n<span style=\"color: #000000\">kann noch Unterst\u00fctzung gebrauchen! <\/span><\/span><span style=\"color: #3333ff\"><span style=\"color: #000000\">Die Senioren treffen sich regelm\u00e4\u00dfig am letzten Mittwoch im Monat von 10.00-12.00 Uhr in der Jugendeinrichtung Zahnrad in Brauweiler, Donatusstr. 43. Ziel dieses Netzwerks ist es, sich gegenseitig bei\u00a0 Alltagsproblemen\u00a0 und in der Freizeit ehrenamtlich im Rahmen der Nachbarschaftshilfe zu unterst\u00fctzen. Die Treffen findet statt am 31.05., 28.06.,<\/span> <span style=\"color: #000000\">26.07. und 30.08.2017. Anmeldungen erw\u00fcnscht unter <\/span><\/span><span style=\"color: #000000\"><span style=\"color: #3366ff\"><a class=\"moz-txt-link-abbreviated\" style=\"color: #3366ff\" href=\"mailto:aktive.senioren@web.de\" target=\"_blank\" rel=\"noopener noreferrer\">aktive.senioren@web.de<\/a><\/span> oder telefonisch unter 0179\/1528443.<br \/>\nWeitere Informationen unter <\/span><\/span><span style=\"color: #3366ff;font-size: 12pt\">www.aktive-senioren-brauweiler.jimdo.com\u00a0<\/span><\/span><\/p>\n<p><span style=\"font-family: Tahoma\"><span style=\"color: #000000\"><span style=\"font-size: 12pt\">Ihre Ansprechpartnerin ist Ingrid Djokic\u00a0\u00a0\u00a0\u00a0\u00a0<\/span>\u00a0\u00a0\u00a0\u00a0\u00a0\u00a0\u00a0\u00a0<\/span> <\/span><\/p>\n","protected":false},"excerpt":{"rendered":"<p><strong>Das Netzwerk \u201eAktive-Senioren-Brauweiler,<\/strong> kann noch Unterst\u00fctzung gebrauchen! Die Senioren treffen sich regelm\u00e4\u00dfig am letzten Mittwoch im Monat von 10.00-12.00 Uhr in der Jugendeinrichtung Zahnrad in Brauweiler, Donatusstr. 43. Ziel dieses Netzwerks ist es, sich gegenseitig bei\u00a0 Alltagsproblemen\u00a0 und in der Freizeit ehrenamtlich im Rahmen der Nachbarschaftshilfe zu unterst\u00fctzen. Die Treffen findet statt am 31.05., 28.06., &hellip; <\/p>\n<p><a class=\"more-link btn\" href=\"https:\/\/unser-quartier.de\/stadt-bergheim\/informationen\/untermenue-2\/zusammenarbeit-aktive-senioren-brauweiler\/\">Weiterlesen<\/a><\/p>\n","protected":false},"author":48,"featured_media":0,"parent":3332,"menu_order":11,"comment_status":"closed","ping_status":"closed","template":"","meta":{"_bbp_topic_count":0,"_bbp_reply_count":0,"_bbp_total_topic_count":0,"_bbp_total_reply_count":0,"_bbp_voice_count":0,"_bbp_anonymous_reply_count":0,"_bbp_topic_count_hidden":0,"_bbp_reply_count_hidden":0,"_bbp_forum_subforum_count":0,"jetpack_post_was_ever_published":false,"footnotes":""},"class_list":["post-14450","page","type-page","status-publish","hentry","nodate","item-wrap"],"jetpack_sharing_enabled":true,"jetpack_shortlink":"https:\/\/wp.me\/P3vhfJ-3L4","jetpack_likes_enabled":true,"_links":{"self":[{"href":"https:\/\/unser-quartier.de\/stadt-bergheim\/wp-json\/wp\/v2\/pages\/14450","targetHints":{"allow":["GET"]}}],"collection":[{"href":"https:\/\/unser-quartier.de\/stadt-bergheim\/wp-json\/wp\/v2\/pages"}],"about":[{"href":"https:\/\/unser-quartier.de\/stadt-bergheim\/wp-json\/wp\/v2\/types\/page"}],"author":[{"embeddable":true,"href":"https:\/\/unser-quartier.de\/stadt-bergheim\/wp-json\/wp\/v2\/users\/48"}],"replies":[{"embeddable":true,"href":"https:\/\/unser-quartier.de\/stadt-bergheim\/wp-json\/wp\/v2\/comments?post=14450"}],"version-history":[{"count":0,"href":"https:\/\/unser-quartier.de\/stadt-bergheim\/wp-json\/wp\/v2\/pages\/14450\/revisions"}],"up":[{"embeddable":true,"href":"https:\/\/unser-quartier.de\/stadt-bergheim\/wp-json\/wp\/v2\/pages\/3332"}],"wp:attachment":[{"href":"https:\/\/unser-quartier.de\/stadt-bergheim\/wp-json\/wp\/v2\/media?parent=14450"}],"curies":[{"name":"wp","href":"https:\/\/api.w.org\/{rel}","templated":true}]}}