{"id":15641,"date":"2017-06-11T09:52:27","date_gmt":"2017-06-11T07:52:27","guid":{"rendered":"https:\/\/unser-quartier.de\/stadt-bergheim\/?page_id=15641"},"modified":"2018-07-02T13:41:21","modified_gmt":"2018-07-02T11:41:21","slug":"senioren-assistentin-hilft","status":"publish","type":"page","link":"https:\/\/unser-quartier.de\/stadt-bergheim\/informationen\/untermenue-2\/senioren-assistentin-hilft\/","title":{"rendered":"Senioren-Assistentin hilft &#8230;"},"content":{"rendered":"<div id=\"cc-inner\" class=\"cc-content-parent\">\n<div class=\"jtpl-main cc-content-parent\">\n<div class=\"jtpl-section flex-background-options cc-content-parent\">\n<div class=\"jtpl-section-main alignment-options cc-content-parent\">\n<div class=\"jtpl-content content-options cc-content-parent\">\n<div id=\"content_area\">\n<div id=\"cc-matrix-3913383423\">\n<div id=\"cc-m-13682970423\" class=\"j-module n j-textWithImage \">\n<figure class=\"cc-imagewrapper cc-m-image-align-1\"><img data-recalc-dims=\"1\" decoding=\"async\" id=\"cc-m-textwithimage-image-13682970423\" class=\"alignleft\" src=\"https:\/\/i0.wp.com\/image.jimcdn.com\/app\/cms\/image\/transf\/none\/path\/seb7785bd6f4060d7\/image\/i03ccb99b9c818657\/version\/1493904332\/image.jpg?w=770&#038;ssl=1\" alt=\"\" \/><\/figure>\n<div>\n<div id=\"cc-m-textwithimage-13682970423\" class=\"cc-m-textwithimage-inline-rte\">\n<p><span style=\"font-size: 12pt\">Jutta Gross<\/span><\/p>\n<p><span style=\"font-size: 12pt\">C\u00e4cilienstr. 33<\/span><\/p>\n<p><span style=\"font-size: 12pt\">50259 Pulheim<\/span><\/p>\n<p>&nbsp;<\/p>\n<p><span style=\"font-size: 12pt\"><strong>Telefon:\u00a0<\/strong><b>0173 2511 422<\/b><\/span><\/p>\n<p>&nbsp;<\/p>\n<p><span style=\"font-size: 12pt\">E-Mail:\u00a0<a title=\"jutta@gd-seniorenassistenz.de\" href=\"mailto:jutta@gd-seniorenassistenz.de\">jutta@gd-seniorenassistenz.de<\/a><\/span><\/p>\n<p><span style=\"font-size: 12pt\">Webseite:\u00a0<a title=\"www.gd-seniorenassistenz.de\" href=\"http:\/\/www.gd-seniorenassistenz.de\/\" target=\"_blank\" rel=\"noopener\">www.gd-seniorenassistenz.de<\/a><\/span><\/p>\n<\/div>\n<\/div>\n<div class=\"cc-clear\"><span style=\"font-size: 12pt\">\u00a0<\/span><\/div>\n<\/div>\n<div id=\"cc-m-13682970523\" class=\"j-module n j-text \">\n<p><span style=\"font-size: 12pt\"><strong>Ich besch\u00e4ftige mich gerne mit Menschen<\/strong><\/span><\/p>\n<p><span style=\"font-size: 12pt\">Ich bin ein Familienmensch, habe drei S\u00f6hne \u201egro\u00dfgezogen\u201c und sowohl beruflich als auch privat hat mir die Arbeit mit Menschen immer die gr\u00f6\u00dfte Freude bereitet. Ich liebe den direkten Austausch, bin eine gute Zuh\u00f6rerin und habe ein ehrliches Interesse am Wohlbefinden meines Gegen\u00fcbers.<\/span><\/p>\n<p><span style=\"font-size: 12pt\">Als ausgebildete Bankkauffrau und Bankfachwirtin habe ich neben meinen Aufgaben als Mutter viele Jahre als Assistentin der Gesch\u00e4ftsleitung in einem gro\u00dfen Logistikunternehmen gearbeitet. Da ich neben meinem Beruf stets ehrenamtlich auch im Seniorenbereich t\u00e4tig war, hatte ich das Bed\u00fcrfnis, dies zu meiner Hauptaufgabe zu machen.<\/span><\/p>\n<p><span style=\"font-size: 12pt\">Mein Ziel ist es, die Lebensqualit\u00e4t \u00e4lterer Menschen zu steigern, um ihnen damit die Freude am Leben zu erhalten.<\/span><\/p>\n<p>&nbsp;<\/p>\n<\/div>\n<p><span style=\"font-size: 12pt\">Und hier mein<\/span> <span style=\"font-size: 12pt\"><b>Kleines <\/b><span style=\"font-family: Lucida Handwriting,serif\"><b>A\u2013B\u2013C<\/b><\/span><b> meiner T\u00e4tigkeit als Senioren-Assistentin<\/b><\/span><\/p>\n<\/div>\n<\/div>\n<\/div>\n<\/div>\n<\/div>\n<\/div>\n<\/div>\n<p><span style=\"font-size: 12pt\"><span style=\"font-family: Lucida Handwriting,serif\"><b>Allgemeine Korrespondenz<\/b><\/span><b>: <\/b><\/span><\/p>\n<p><span style=\"font-size: 12pt\">Unterst\u00fctzung bei Ihrem Schriftverkehr per Post oder E-Mail.<\/span><\/p>\n<p><span style=\"font-family: Lucida Handwriting,serif;font-size: 12pt\"><b>Arzttermine<\/b><\/span><\/p>\n<p><span style=\"font-size: 12pt\">Begleitung zu erforderlichen Arztterminen und gemeinsame Besprechung mit<\/span><\/p>\n<p><span style=\"font-size: 12pt\">dem Arzt, falls gew\u00fcnscht.<\/span><\/p>\n<p><span style=\"font-family: Lucida Handwriting,serif;font-size: 12pt\"><b>Beaufsichtigung von Dienstleistern <\/b><\/span><\/p>\n<p><span style=\"font-size: 12pt\">Gerne unterst\u00fctze und kontrolliere ich anstehende Handwerkerarbeiten in<\/span><\/p>\n<p><span style=\"font-size: 12pt\">Ihrem zu Hause.<\/span><\/p>\n<p><span style=\"font-family: Lucida Handwriting,serif;font-size: 12pt\"><b>Begleitung<\/b><\/span><\/p>\n<p><span style=\"font-size: 12pt\">Ob zu Fu\u00df oder per Auto, ich bringe Sie zu Ihren Terminen au\u00dfer Haus und<\/span><\/p>\n<p><span style=\"font-size: 12pt\">wieder zur\u00fcck.<\/span><\/p>\n<p><span style=\"font-family: Lucida Handwriting,serif;font-size: 12pt\"><b>Beh\u00f6rdeng\u00e4nge<\/b><\/span><\/p>\n<p><span style=\"font-size: 12pt\">Begleitung und Erledigung von allen Beh\u00f6rdenangelegenheiten.<\/span><\/p>\n<p><span style=\"font-family: Lucida Handwriting,serif;font-size: 12pt\"><b>Beratung <\/b><\/span><\/p>\n<p><span style=\"font-size: 12pt\">In Pflegeangelegenheiten, bei Vorsorgevollmacht und Patientenverf\u00fcgung.<\/span><\/p>\n<p><span style=\"font-family: Lucida Handwriting,serif;font-size: 12pt\"><b>Besorgungen<\/b><\/span><\/p>\n<p><span style=\"font-size: 12pt\">Gemeinsame allt\u00e4gliche Eink\u00e4ufe.<\/span><\/p>\n<p><span style=\"font-family: Lucida Handwriting,serif;font-size: 12pt\"><b>Betreuung <\/b><\/span><\/p>\n<p><span style=\"font-size: 12pt\">Vor- w\u00e4hrend und nach einem Krankenhausaufenthalt oder einer Reha-Ma\u00df-<\/span><\/p>\n<p><span style=\"font-size: 12pt\">nahme bin ich gerne f\u00fcr Sie da.<\/span><\/p>\n<p><span style=\"font-family: Lucida Handwriting,serif;font-size: 12pt\"><b>Biografiearbeit <\/b><\/span><\/p>\n<p><span style=\"font-size: 12pt\">Berichten Sie \u00fcber erlebte pers\u00f6nliche, gesellschaftliche und historische<\/span><\/p>\n<p><span style=\"font-size: 12pt\">Ereignisse.<\/span><\/p>\n<p><span style=\"font-family: Lucida Handwriting,serif;font-size: 12pt\"><b>Bewegung <\/b><\/span><\/p>\n<p><span style=\"font-size: 12pt\">Der K\u00f6rper erh\u00e4lt im Alter nur die Funktionen aufrecht, die regelm\u00e4\u00dfig eingesetzt<\/span><\/p>\n<p><span style=\"font-size: 12pt\">und benutzt werden. Hier gehe ich mit meiner Erfahrung aus dem Sport auf Ihre individuellen Bed\u00fcrfnisse gerne ein.<\/span><\/p>\n<p><span style=\"font-family: Lucida Handwriting,serif;font-size: 12pt\"><b>Ern\u00e4hrung<\/b><\/span><\/p>\n<p><span style=\"font-size: 12pt\">Gesund zu essen ist f\u00fcr \u00e4ltere Menschen ungleich schwerer als f\u00fcr j\u00fcngere. Ich<\/span><\/p>\n<p><span style=\"font-size: 12pt\">gebe Ihnen Tipps f\u00fcr gesundes Essen im Alter.<\/span><\/p>\n<p><span style=\"font-family: Lucida Handwriting,serif;font-size: 12pt\"><b>Familienfeiern <\/b><\/span><\/p>\n<p><span style=\"font-size: 12pt\">Die Organisation und Durchf\u00fchrung von Festivit\u00e4ten \u00fcbernehme ich gemeinsam<\/span><\/p>\n<p><span style=\"font-size: 12pt\">mit Ihnen.<\/span><\/p>\n<p><span style=\"font-family: Lucida Handwriting,serif;font-size: 12pt\"><b>Ged\u00e4chtnistraining<\/b><\/span><\/p>\n<p><span style=\"font-size: 12pt\">Ziel ist es, die geistige Fitness und Flexibilit\u00e4t zu erhalten oder wiederherzu-<\/span><\/p>\n<p><span style=\"font-size: 12pt\">stellen. Ge\u00fcbt wird ohne Leistungsdruck, individuell nach Ihren<\/span><\/p>\n<p><span style=\"font-size: 12pt\">Bed\u00fcrfnissen.<\/span><\/p>\n<p><span style=\"font-family: Lucida Handwriting,serif;font-size: 12pt\"><b>Haushalt<\/b><\/span><\/p>\n<p><span style=\"font-size: 12pt\">Bei der Suche und Auswahl einer qualifizierten Haushaltshilfe unterst\u00fctze ich Sie<\/span><\/p>\n<p><span style=\"font-size: 12pt\"><a name=\"_GoBack\"><\/a>nach Ihren W\u00fcnschen.<\/span><\/p>\n<p><span style=\"font-family: Lucida Handwriting,serif;font-size: 12pt\"><b>Kulturelle Veranstaltungen<\/b><\/span><\/p>\n<p><span style=\"font-size: 12pt\">Ich begleite Sie gerne ins Theater, die Oper und die Philharmonie.<\/span><\/p>\n<p><span style=\"font-family: Lucida Handwriting,serif;font-size: 12pt\"><b>Moderne Medien<\/b><\/span><\/p>\n<p><span style=\"font-size: 12pt\">Ob Handy oder PC, auch im Alter sind dies interessante und wichtige<\/span><\/p>\n<p><span style=\"font-size: 12pt\">Kommunikationsmittel.<\/span><\/p>\n<p><span style=\"font-family: Lucida Handwriting,serif;font-size: 12pt\"><b>Nordic Walking<\/b><\/span><\/p>\n<p><span style=\"font-size: 12pt\">Diese Sportart ist bestens geeignet die Beweglichkeit, Kraft und Ausdauer zu<\/span><\/p>\n<p><span style=\"font-size: 12pt\">trainieren. Individuell, leicht zu erlernen und unabh\u00e4ngig vom Alter.<\/span><\/p>\n<p><span style=\"font-family: Lucida Handwriting,serif;font-size: 12pt\"><b>Seniorensport<\/b><\/span><\/p>\n<p><span style=\"font-size: 12pt\">Unter dem Motto \u201eFit bis ins hohe Alter\u201c motiviere und mobilisiere ich Sie mit<\/span><\/p>\n<p><span style=\"font-size: 12pt\">kleinen sportlichen \u00dcbungen f\u00fcr zu Hause.<\/span><\/p>\n<p><span style=\"font-family: Lucida Handwriting,serif;font-size: 12pt\"><b>Spazierg\u00e4nge<\/b><\/span><\/p>\n<p><span style=\"font-size: 12pt\">Mit Bewegung an der frischen Luft gemeinsam erholen und entspannen!<\/span><\/p>\n<p><span style=\"font-family: Lucida Handwriting,serif;font-size: 12pt\"><b>Sturzprofilaxe<\/b><\/span><\/p>\n<p><span style=\"font-size: 12pt\">Je \u00e4lter die Menschen werden, umso gr\u00f6\u00dfer ist auch das Sturzrisiko. Bewegungs-<\/span><\/p>\n<p><span style=\"font-size: 12pt\">sicherheit ist eine der wichtigsten Voraussetzungen um die Sturzgefahr zu<\/span><\/p>\n<p><span style=\"font-size: 12pt\">vermeiden. Dies mit geeigneten \u00dcbungen zu vermeiden, ist ein wesentliches<\/span><\/p>\n<p><span style=\"font-size: 12pt\">Element meiner sportlichen T\u00e4tigkeit in der Pr\u00e4vention.<\/span><\/p>\n<p><span style=\"font-family: Lucida Handwriting,serif;font-size: 12pt\"><b>Trauerangelegenheiten<\/b><\/span><\/p>\n<p><span style=\"font-size: 12pt\">Ein Ihnen nahestehender Mensch ist gestorben. Trauer ist eine notwendige und<\/span><\/p>\n<p><span style=\"font-size: 12pt\">nat\u00fcrliche Reaktion auf schmerzliche Trennung und Verlust. Trauerbew\u00e4ltigung<\/span><\/p>\n<p><span style=\"font-size: 12pt\">braucht ihre Zeit und ihre Zuh\u00f6rer. Da bin ich gerne f\u00fcr Sie da!<\/span><\/p>\n<p><span style=\"font-family: Lucida Handwriting,serif;font-size: 12pt\"><b>Vorsorgevollmachten<\/b><\/span><\/p>\n<p><span style=\"font-size: 12pt\">Vorsorgevollmachten und Patientenverf\u00fcgung bespreche ich pers\u00f6nlich<\/span><\/p>\n<p><span style=\"font-size: 12pt\">mit Ihnen.<\/span><\/p>\n<p><span style=\"font-family: Lucida Handwriting,serif;font-size: 12pt\"><b>Wellnessmassagen<\/b><\/span><\/p>\n<p><span style=\"font-size: 12pt\">Massage ist heilsame Ber\u00fchrung. Als ausgebildete Wellnesstherapeutin wei\u00df ich<\/span><\/p>\n<p><span style=\"font-size: 12pt\">um die Wirkung einer wohltuenden Massage f\u00fcr R\u00fccken, H\u00e4nde oder F\u00fc\u00dfe, in<\/span><\/p>\n<p><span style=\"font-size: 12pt\">Ihrer gewohnten Umgebung.<\/span><\/p>\n<p><span style=\"font-family: Lucida Handwriting,serif;font-size: 12pt\"><b>Ihre Senioren-Assistentin<\/b><\/span><\/p>\n<p><span style=\"font-family: Lucida Handwriting,serif;font-size: 12pt\"><b>Jutta Gross<\/b><\/span><\/p>\n","protected":false},"excerpt":{"rendered":"<p>Jutta Gross<\/p>\n<p>C\u00e4cilienstr. 33<\/p>\n<p>50259 Pulheim<\/p>\n<p>&nbsp;<\/p>\n<p><strong>Telefon:\u00a0<\/strong>0173 2511 422<\/p>\n<p>&nbsp;<\/p>\n<p>E-Mail:\u00a0jutta@gd-seniorenassistenz.de<\/p>\n<p>Webseite:\u00a0www.gd-seniorenassistenz.de<\/p>\n<p> \u00a0 <\/p>\n<p><strong>Ich besch\u00e4ftige mich gerne mit Menschen<\/strong><\/p>\n<p>Ich bin ein Familienmensch, habe drei S\u00f6hne \u201egro\u00dfgezogen\u201c und sowohl beruflich als auch privat hat mir die Arbeit mit Menschen immer die gr\u00f6\u00dfte Freude bereitet. Ich liebe den direkten Austausch, bin eine gute Zuh\u00f6rerin und &hellip; <\/p>\n<p><a class=\"more-link btn\" href=\"https:\/\/unser-quartier.de\/stadt-bergheim\/informationen\/untermenue-2\/senioren-assistentin-hilft\/\">Weiterlesen<\/a><\/p>\n","protected":false},"author":48,"featured_media":0,"parent":3332,"menu_order":7,"comment_status":"closed","ping_status":"closed","template":"","meta":{"_bbp_topic_count":0,"_bbp_reply_count":0,"_bbp_total_topic_count":0,"_bbp_total_reply_count":0,"_bbp_voice_count":0,"_bbp_anonymous_reply_count":0,"_bbp_topic_count_hidden":0,"_bbp_reply_count_hidden":0,"_bbp_forum_subforum_count":0,"jetpack_post_was_ever_published":false,"footnotes":""},"class_list":["post-15641","page","type-page","status-publish","hentry","nodate","item-wrap"],"jetpack_sharing_enabled":true,"jetpack_shortlink":"https:\/\/wp.me\/P3vhfJ-44h","jetpack_likes_enabled":true,"_links":{"self":[{"href":"https:\/\/unser-quartier.de\/stadt-bergheim\/wp-json\/wp\/v2\/pages\/15641","targetHints":{"allow":["GET"]}}],"collection":[{"href":"https:\/\/unser-quartier.de\/stadt-bergheim\/wp-json\/wp\/v2\/pages"}],"about":[{"href":"https:\/\/unser-quartier.de\/stadt-bergheim\/wp-json\/wp\/v2\/types\/page"}],"author":[{"embeddable":true,"href":"https:\/\/unser-quartier.de\/stadt-bergheim\/wp-json\/wp\/v2\/users\/48"}],"replies":[{"embeddable":true,"href":"https:\/\/unser-quartier.de\/stadt-bergheim\/wp-json\/wp\/v2\/comments?post=15641"}],"version-history":[{"count":0,"href":"https:\/\/unser-quartier.de\/stadt-bergheim\/wp-json\/wp\/v2\/pages\/15641\/revisions"}],"up":[{"embeddable":true,"href":"https:\/\/unser-quartier.de\/stadt-bergheim\/wp-json\/wp\/v2\/pages\/3332"}],"wp:attachment":[{"href":"https:\/\/unser-quartier.de\/stadt-bergheim\/wp-json\/wp\/v2\/media?parent=15641"}],"curies":[{"name":"wp","href":"https:\/\/api.w.org\/{rel}","templated":true}]}}