{"id":17477,"date":"2017-09-17T09:01:49","date_gmt":"2017-09-17T07:01:49","guid":{"rendered":"https:\/\/unser-quartier.de\/stadt-bergheim\/?page_id=17477"},"modified":"2017-09-17T09:55:45","modified_gmt":"2017-09-17T07:55:45","slug":"mein-quadrath-ichendorf","status":"publish","type":"page","link":"https:\/\/unser-quartier.de\/stadt-bergheim\/informationen\/untermenue-1\/mein-quadrath-ichendorf\/","title":{"rendered":"Mein-Quadrath-Ichendorf"},"content":{"rendered":"<p><span style=\"font-size: 20px\"><a href=\"https:\/\/mein-quadrath-ichendorf.de\/\"><span style=\"font-family: 'Arial','sans-serif'\">Hier geht es zu unseren Freunden aus Quadrath-Ichendorf&#8230;<\/span><\/a><\/span><\/p>\n<p><span style=\"font-size: 14px\">Danke sagt das Seniorenportal Bergheim an das Redaktionsteam f\u00fcr die Zusammenarbeit:<\/span><\/p>\n<p>&nbsp;<\/p>\n<table style=\"width: 150.26px;height: 208px\">\n<tbody>\n<tr>\n<td style=\"width: 139.26px\">Dieter Sauer<\/td>\n<\/tr>\n<tr>\n<td style=\"width: 139.26px\">Harald Bou<\/td>\n<\/tr>\n<tr>\n<td style=\"width: 139.26px\">Katrin Kiethe<\/td>\n<\/tr>\n<tr>\n<td style=\"width: 139.26px\">Max Konrad<\/td>\n<\/tr>\n<tr>\n<td style=\"width: 139.26px\">Michael H\u00f6lzemer<\/td>\n<\/tr>\n<tr>\n<td style=\"width: 139.26px\">Jan Schnorrenberg<\/td>\n<\/tr>\n<tr>\n<td style=\"width: 139.26px\">Ina Willemsen<\/td>\n<\/tr>\n<tr>\n<td style=\"width: 139.26px\">Jens Kiethe<\/td>\n<\/tr>\n<tr>\n<td style=\"width: 139.26px\">Holger Schmitz<\/td>\n<\/tr>\n<\/tbody>\n<\/table>\n<p>&nbsp;<\/p>\n<p><span style=\"font-size: 14px\"><span style=\"font-family: 'Arial','sans-serif'\">Quadrath-Ichendorf ist mit rd. 14.000 Einwohnern der gr\u00f6\u00dfte Stadtteil der Kreisstadt Bergheim (Rhein-Erft-Kreis). Die bis Ende 1974 selbst\u00e4ndige Gemeinde wurde im 11. Jahrhundert zum ersten Mal urkundlich erw\u00e4hnt. <\/span>\u00dcberregional bekannt ist Q-I. durch das \u00e4lteste Privatgest\u00fct der Welt \u2013 Gest\u00fct Schlenderhan auf dem gleichnamigen Schloss -, mit seinen vielen nationalen und internationalen Erfolgen im Galoppsport. Zweites \u00f6rtliches Schloss ist Schloss Frens, das sich im Renaissancestil pr\u00e4sentiert. Der Glasbl\u00e4serbrunnen im Ortskern erinnert zudem an die fr\u00fchere Ichendorfer Glash\u00fctte, deren Gl\u00e4ser bis an den englischen K\u00f6nigshof geliefert wurden&#8230;<\/span><\/p>\n","protected":false},"excerpt":{"rendered":"<p>Hier geht es zu unseren Freunden aus Quadrath-Ichendorf&#8230;<\/p>\n<p>Danke sagt das Seniorenportal Bergheim an das Redaktionsteam f\u00fcr die Zusammenarbeit:<\/p>\n<p>&nbsp;<\/p>\n<p> Dieter Sauer Harald Bou Katrin Kiethe Max Konrad Michael H\u00f6lzemer Jan Schnorrenberg Ina Willemsen Jens Kiethe Holger Schmitz <\/p>\n<p>&nbsp;<\/p>\n<p>Quadrath-Ichendorf ist mit rd. 14.000 Einwohnern der gr\u00f6\u00dfte Stadtteil der Kreisstadt Bergheim (Rhein-Erft-Kreis). Die bis Ende &hellip; <\/p>\n<p><a class=\"more-link btn\" href=\"https:\/\/unser-quartier.de\/stadt-bergheim\/informationen\/untermenue-1\/mein-quadrath-ichendorf\/\">Weiterlesen<\/a><\/p>\n","protected":false},"author":48,"featured_media":0,"parent":3330,"menu_order":0,"comment_status":"closed","ping_status":"closed","template":"","meta":{"_bbp_topic_count":0,"_bbp_reply_count":0,"_bbp_total_topic_count":0,"_bbp_total_reply_count":0,"_bbp_voice_count":0,"_bbp_anonymous_reply_count":0,"_bbp_topic_count_hidden":0,"_bbp_reply_count_hidden":0,"_bbp_forum_subforum_count":0,"jetpack_post_was_ever_published":false,"footnotes":""},"class_list":["post-17477","page","type-page","status-publish","hentry","nodate","item-wrap"],"jetpack_sharing_enabled":true,"jetpack_shortlink":"https:\/\/wp.me\/P3vhfJ-4xT","jetpack_likes_enabled":true,"_links":{"self":[{"href":"https:\/\/unser-quartier.de\/stadt-bergheim\/wp-json\/wp\/v2\/pages\/17477","targetHints":{"allow":["GET"]}}],"collection":[{"href":"https:\/\/unser-quartier.de\/stadt-bergheim\/wp-json\/wp\/v2\/pages"}],"about":[{"href":"https:\/\/unser-quartier.de\/stadt-bergheim\/wp-json\/wp\/v2\/types\/page"}],"author":[{"embeddable":true,"href":"https:\/\/unser-quartier.de\/stadt-bergheim\/wp-json\/wp\/v2\/users\/48"}],"replies":[{"embeddable":true,"href":"https:\/\/unser-quartier.de\/stadt-bergheim\/wp-json\/wp\/v2\/comments?post=17477"}],"version-history":[{"count":0,"href":"https:\/\/unser-quartier.de\/stadt-bergheim\/wp-json\/wp\/v2\/pages\/17477\/revisions"}],"up":[{"embeddable":true,"href":"https:\/\/unser-quartier.de\/stadt-bergheim\/wp-json\/wp\/v2\/pages\/3330"}],"wp:attachment":[{"href":"https:\/\/unser-quartier.de\/stadt-bergheim\/wp-json\/wp\/v2\/media?parent=17477"}],"curies":[{"name":"wp","href":"https:\/\/api.w.org\/{rel}","templated":true}]}}