{"id":17829,"date":"2017-10-03T15:44:09","date_gmt":"2017-10-03T13:44:09","guid":{"rendered":"https:\/\/unser-quartier.de\/stadt-bergheim\/?page_id=17829"},"modified":"2019-01-25T20:52:42","modified_gmt":"2019-01-25T19:52:42","slug":"volkschor-der-stadt-bergheim","status":"publish","type":"page","link":"https:\/\/unser-quartier.de\/stadt-bergheim\/informationen\/untermenue-3\/volkschor-der-stadt-bergheim\/","title":{"rendered":"Volkschor der Stadt Bergheim &#8230;"},"content":{"rendered":"<p>Wer m\u00f6chte dabei sein:<\/p>\n<h1 class=\"text\">Volkschor der Stadt Bergheim<\/h1>\n<p><b>Der Volkschor <\/b>der Stadt Bergheim e.V. ist der Kulturtr\u00e4ger und musikalische Botschafter der Kreisstadt Bergheim. Seine ca. 70 S\u00e4ngerinnen und S\u00e4nger kommen nicht nur aus Bergheim sondern auch aus anderen St\u00e4dten des Rhein-Erft-Kreises und sogar aus K\u00f6ln. Der Volkschor gestaltet das st\u00e4dtische Konzertprogramm mit, das von der geistlichen Musik, der Auff\u00fchrung gro\u00dfer Oratorien und der klassischen Sinfonik bis zur Unterhaltungsmusik eine gro\u00dfe stilistische Vielfalt bietet. Seit 2004 werden diese Konzerte von der BM.CULTURA GmbH veranstaltet. Der Volkschor ist ab 2005 im Rahmen einer Kooperation Mitveranstalter dieser Klassik-Konzerte im MEDIO.RHEIN.ERFT geworden.<\/p>\n<p><a href=\"http:\/\/www.volkschor-bergheim.de\" target=\"_blank\" rel=\"noopener\">Hier geht es zur WebSite vom Volkschor Bergheim, bitte klicken<\/a><\/p>\n<p>&nbsp;<\/p>\n<p>&nbsp;<\/p>\n","protected":false},"excerpt":{"rendered":"<p>Wer m\u00f6chte dabei sein:<\/p>\n<p> Volkschor der Stadt Bergheim <\/p>\n<p>Der Volkschor der Stadt Bergheim e.V. ist der Kulturtr\u00e4ger und musikalische Botschafter der Kreisstadt Bergheim. Seine ca. 70 S\u00e4ngerinnen und S\u00e4nger kommen nicht nur aus Bergheim sondern auch aus anderen St\u00e4dten des Rhein-Erft-Kreises und sogar aus K\u00f6ln. Der Volkschor gestaltet das st\u00e4dtische Konzertprogramm mit, das von der &hellip; <\/p>\n<p><a class=\"more-link btn\" href=\"https:\/\/unser-quartier.de\/stadt-bergheim\/informationen\/untermenue-3\/volkschor-der-stadt-bergheim\/\">Weiterlesen<\/a><\/p>\n","protected":false},"author":48,"featured_media":0,"parent":3336,"menu_order":0,"comment_status":"closed","ping_status":"closed","template":"","meta":{"_bbp_topic_count":0,"_bbp_reply_count":0,"_bbp_total_topic_count":0,"_bbp_total_reply_count":0,"_bbp_voice_count":0,"_bbp_anonymous_reply_count":0,"_bbp_topic_count_hidden":0,"_bbp_reply_count_hidden":0,"_bbp_forum_subforum_count":0,"jetpack_post_was_ever_published":false,"footnotes":""},"class_list":["post-17829","page","type-page","status-publish","hentry","nodate","item-wrap"],"jetpack_sharing_enabled":true,"jetpack_shortlink":"https:\/\/wp.me\/P3vhfJ-4Dz","jetpack_likes_enabled":true,"_links":{"self":[{"href":"https:\/\/unser-quartier.de\/stadt-bergheim\/wp-json\/wp\/v2\/pages\/17829","targetHints":{"allow":["GET"]}}],"collection":[{"href":"https:\/\/unser-quartier.de\/stadt-bergheim\/wp-json\/wp\/v2\/pages"}],"about":[{"href":"https:\/\/unser-quartier.de\/stadt-bergheim\/wp-json\/wp\/v2\/types\/page"}],"author":[{"embeddable":true,"href":"https:\/\/unser-quartier.de\/stadt-bergheim\/wp-json\/wp\/v2\/users\/48"}],"replies":[{"embeddable":true,"href":"https:\/\/unser-quartier.de\/stadt-bergheim\/wp-json\/wp\/v2\/comments?post=17829"}],"version-history":[{"count":0,"href":"https:\/\/unser-quartier.de\/stadt-bergheim\/wp-json\/wp\/v2\/pages\/17829\/revisions"}],"up":[{"embeddable":true,"href":"https:\/\/unser-quartier.de\/stadt-bergheim\/wp-json\/wp\/v2\/pages\/3336"}],"wp:attachment":[{"href":"https:\/\/unser-quartier.de\/stadt-bergheim\/wp-json\/wp\/v2\/media?parent=17829"}],"curies":[{"name":"wp","href":"https:\/\/api.w.org\/{rel}","templated":true}]}}