{"id":18254,"date":"2017-10-22T18:52:15","date_gmt":"2017-10-22T16:52:15","guid":{"rendered":"https:\/\/unser-quartier.de\/stadt-bergheim\/?page_id=18254"},"modified":"2018-09-16T10:08:12","modified_gmt":"2018-09-16T08:08:12","slug":"infothek","status":"publish","type":"page","link":"https:\/\/unser-quartier.de\/stadt-bergheim\/infothek\/","title":{"rendered":"Infothek"},"content":{"rendered":"<button id=\"listenButton1\" class=\"responsivevoice-button\" type=\"button\" value=\"Play\" title=\"ResponsiveVoice Tap to Start\/Stop Speech\"><span>&#128266; Beitrag vorlesen lassen<\/span><\/button>\n        <script>\n            listenButton1.onclick = function(){\n                if(responsiveVoice.isPlaying()){\n                    responsiveVoice.cancel();\n                }else{\n                    responsiveVoice.speak(\"Die Infothek h\u00e4lt umfangreiche Informationen mit viel Wissenswertem. Unsere Infothek bietet Ihnen eine Zusammenstellung ausf\u00fchrlicher Informationen zum Anschauen und Ausdrucken. Hier geht es zur Datenschutzerkl\u00e4rung\", \"Deutsch Female\");\n                }\n            };\n        <\/script>\n    \n<p><span class=\"st\">Die<span style=\"font-size: 24px\"><strong><span style=\"color: #000000\"> <em>Infothek<\/em><\/span><\/strong><\/span> h\u00e4lt umfangreiche Informationen mit viel Wissenswertem.<br \/>\nUnsere <em><strong><span style=\"color: #6a6a6a\">Infothek<\/span><\/strong><\/em> bietet Ihnen eine Zusammenstellung ausf\u00fchrlicher Informationen<br \/>\nzum <span style=\"font-size: 20px;color: #000080\"><strong>Anschauen<\/strong><\/span> und <span style=\"color: #0000ff;font-size: 20px\">Ausdrucken<\/span>.<br \/>\n<\/span><\/p>\n<p><a href=\"https:\/\/unser-quartier.de\/stadt-bergheim\/datenschutzerklaerung\/\">Hier geht es zur Datenschutzerkl\u00e4rung<\/a><\/p>\n<p>&nbsp;<\/p>\n","protected":false},"excerpt":{"rendered":"<p>Die<strong> Infothek<\/strong> h\u00e4lt umfangreiche Informationen mit viel Wissenswertem. Unsere <strong>Infothek<\/strong> bietet Ihnen eine Zusammenstellung ausf\u00fchrlicher Informationen zum <strong>Anschauen<\/strong> und Ausdrucken. <\/p>\n<p>Hier geht es zur Datenschutzerkl\u00e4rung<\/p>\n<p>&nbsp;<\/p>\n","protected":false},"author":48,"featured_media":0,"parent":0,"menu_order":4,"comment_status":"closed","ping_status":"closed","template":"","meta":{"_bbp_topic_count":0,"_bbp_reply_count":0,"_bbp_total_topic_count":0,"_bbp_total_reply_count":0,"_bbp_voice_count":0,"_bbp_anonymous_reply_count":0,"_bbp_topic_count_hidden":0,"_bbp_reply_count_hidden":0,"_bbp_forum_subforum_count":0,"jetpack_post_was_ever_published":false,"footnotes":""},"class_list":["post-18254","page","type-page","status-publish","hentry","nodate","item-wrap"],"jetpack_sharing_enabled":true,"jetpack_shortlink":"https:\/\/wp.me\/P3vhfJ-4Kq","jetpack_likes_enabled":true,"_links":{"self":[{"href":"https:\/\/unser-quartier.de\/stadt-bergheim\/wp-json\/wp\/v2\/pages\/18254","targetHints":{"allow":["GET"]}}],"collection":[{"href":"https:\/\/unser-quartier.de\/stadt-bergheim\/wp-json\/wp\/v2\/pages"}],"about":[{"href":"https:\/\/unser-quartier.de\/stadt-bergheim\/wp-json\/wp\/v2\/types\/page"}],"author":[{"embeddable":true,"href":"https:\/\/unser-quartier.de\/stadt-bergheim\/wp-json\/wp\/v2\/users\/48"}],"replies":[{"embeddable":true,"href":"https:\/\/unser-quartier.de\/stadt-bergheim\/wp-json\/wp\/v2\/comments?post=18254"}],"version-history":[{"count":0,"href":"https:\/\/unser-quartier.de\/stadt-bergheim\/wp-json\/wp\/v2\/pages\/18254\/revisions"}],"wp:attachment":[{"href":"https:\/\/unser-quartier.de\/stadt-bergheim\/wp-json\/wp\/v2\/media?parent=18254"}],"curies":[{"name":"wp","href":"https:\/\/api.w.org\/{rel}","templated":true}]}}