{"id":18280,"date":"2017-10-23T15:29:55","date_gmt":"2017-10-23T13:29:55","guid":{"rendered":"https:\/\/unser-quartier.de\/stadt-bergheim\/?page_id=18280"},"modified":"2018-05-04T15:51:56","modified_gmt":"2018-05-04T13:51:56","slug":"gesundheit","status":"publish","type":"page","link":"https:\/\/unser-quartier.de\/stadt-bergheim\/infothek\/gesundheit\/","title":{"rendered":"Gesundheit"},"content":{"rendered":"<p>Hier berichten wir \u00fcber Gesundheit<br \/>\nAlt sein hei\u00dft nicht zwangsl\u00e4ufig krank zu werden. Und doch nimmt die Wahrscheinlichkeit von k\u00f6rperlichen und geistigen Defiziten zu und es kommt zu den typischen Alterskrankheiten. Manche k\u00f6nnen sich gut damit arrangieren und f\u00fchren ein aktives Leben. Vorsorge kann man auch zu Hause treffen, beispielsweise durch eine gesunde und ausgewogene Ern\u00e4hrung, durch Bewegung und den weitgehenden Verzicht auf Alkohol, Tabak und nicht unbedingt notwendige Medikamente. Neben der \u00e4rztlichen Betreuung im Krankheitsfall ist der Erfahrungsaustausch in Selbsthilfegruppen heilsam, erst recht f\u00fcr die pflegenden Angeh\u00f6rigen. Eine Rehabilitation hilft, die Selbst\u00e4ndigkeit zu erhalten und erspart eventuell den Umzug ins Pflegeheim.Welche Gesundheitstipps haben Sie?<\/p>\n<p>Information 1<\/p>\n","protected":false},"excerpt":{"rendered":"<p>Hier berichten wir \u00fcber Gesundheit Alt sein hei\u00dft nicht zwangsl\u00e4ufig krank zu werden. Und doch nimmt die Wahrscheinlichkeit von k\u00f6rperlichen und geistigen Defiziten zu und es kommt zu den typischen Alterskrankheiten. Manche k\u00f6nnen sich gut damit arrangieren und f\u00fchren ein aktives Leben. Vorsorge kann man auch zu Hause treffen, beispielsweise durch eine gesunde und ausgewogene &hellip; <\/p>\n<p><a class=\"more-link btn\" href=\"https:\/\/unser-quartier.de\/stadt-bergheim\/infothek\/gesundheit\/\">Weiterlesen<\/a><\/p>\n","protected":false},"author":48,"featured_media":0,"parent":18254,"menu_order":4,"comment_status":"closed","ping_status":"closed","template":"","meta":{"_bbp_topic_count":0,"_bbp_reply_count":0,"_bbp_total_topic_count":0,"_bbp_total_reply_count":0,"_bbp_voice_count":0,"_bbp_anonymous_reply_count":0,"_bbp_topic_count_hidden":0,"_bbp_reply_count_hidden":0,"_bbp_forum_subforum_count":0,"jetpack_post_was_ever_published":false,"footnotes":""},"class_list":["post-18280","page","type-page","status-publish","hentry","nodate","item-wrap"],"jetpack_sharing_enabled":true,"jetpack_shortlink":"https:\/\/wp.me\/P3vhfJ-4KQ","jetpack_likes_enabled":true,"_links":{"self":[{"href":"https:\/\/unser-quartier.de\/stadt-bergheim\/wp-json\/wp\/v2\/pages\/18280","targetHints":{"allow":["GET"]}}],"collection":[{"href":"https:\/\/unser-quartier.de\/stadt-bergheim\/wp-json\/wp\/v2\/pages"}],"about":[{"href":"https:\/\/unser-quartier.de\/stadt-bergheim\/wp-json\/wp\/v2\/types\/page"}],"author":[{"embeddable":true,"href":"https:\/\/unser-quartier.de\/stadt-bergheim\/wp-json\/wp\/v2\/users\/48"}],"replies":[{"embeddable":true,"href":"https:\/\/unser-quartier.de\/stadt-bergheim\/wp-json\/wp\/v2\/comments?post=18280"}],"version-history":[{"count":0,"href":"https:\/\/unser-quartier.de\/stadt-bergheim\/wp-json\/wp\/v2\/pages\/18280\/revisions"}],"up":[{"embeddable":true,"href":"https:\/\/unser-quartier.de\/stadt-bergheim\/wp-json\/wp\/v2\/pages\/18254"}],"wp:attachment":[{"href":"https:\/\/unser-quartier.de\/stadt-bergheim\/wp-json\/wp\/v2\/media?parent=18280"}],"curies":[{"name":"wp","href":"https:\/\/api.w.org\/{rel}","templated":true}]}}