{"id":19353,"date":"2017-12-06T18:00:36","date_gmt":"2017-12-06T17:00:36","guid":{"rendered":"https:\/\/unser-quartier.de\/stadt-bergheim\/?page_id=19353"},"modified":"2018-07-02T13:41:19","modified_gmt":"2018-07-02T11:41:19","slug":"citybuero","status":"publish","type":"page","link":"https:\/\/unser-quartier.de\/stadt-bergheim\/informationen\/untermenue-2\/citybuero\/","title":{"rendered":"Cityb\u00fcro"},"content":{"rendered":"<h2><span style=\"font-size: 20px\">Citymanagement der Kreisstadt und Servicecenter der Stadtwerke Bergheim GmbH in der Bergheimer Fu\u00dfg\u00e4ngerzone &#8230;<\/span><\/h2>\n<p><img data-recalc-dims=\"1\" decoding=\"async\" class=\"lazy imgloaded\" title=\"\" src=\"https:\/\/i0.wp.com\/www.bergheim.de\/img\/Hauptmenue\/Stadtentwicklung\/bild%2520cityb%C3%BCro_1.jpg?w=770\" alt=\"\" \/><\/p>\n<div class=\"spacer\"><\/div>\n<div class=\"wrapper-text\">\n<p>Unter dem Motto \u201eBERGHEIM MEINE STADT\u201c wurde am 22. Dezember 2016 das st\u00e4dtische Cityb\u00fcro gemeinsam mit dem Servicecenter der Stadtwerke Bergheim GmbH im Zentrum der Bergheimer Altstadt (Hauptstra\u00dfe 57 &#8211; 59) er\u00f6ffnet. Beide Institutionen, das Citymanagement der Kreisstadt Bergheim und das Servicecenter der Stadtwerke Bergheim GmbH,\u00a0setzen mit der Er\u00f6ffnung des Cityb\u00fcros ein sichtbares Zeichen f\u00fcr <strong>B\u00fcrgern\u00e4he<\/strong>.<\/p>\n<p><strong>Servicecenter<\/strong><\/p>\n<p>Das Servicecenter soll als zus\u00e4tzliches Angebot f\u00fcr Informationen und Anliegen in den Bereichen Energie- und Abfallwirtschaft dienen.<\/p>\n<\/div>\n<p>Cityb\u00fcro<br \/>\nHauptstra\u00dfe 57-59<br \/>\n\u00d6ffnungszeiten:<br \/>\nMontag und Mittwoch:<br \/>\n10 bis 16 Uhr<br \/>\nDonnerstag:<br \/>\n14 bis 18 Uhr<\/p>\n<p>Petra Kokisch<\/p>\n<hr \/>\n<p>Kreisstadt Bergheim<br \/>\nDer B\u00fcrgermeister<br \/>\nRats- und B\u00fcrgermeisterb\u00fcro<br \/>\nCitymanagement<br \/>\nPetra Kokisch<br \/>\nBethlehemer Str. 9-11<br \/>\n50126 Bergheim<br \/>\nTel: (02271) 89 -778<br \/>\nFax: (02271) 8971- 778<br \/>\ne-mail: <a href=\"mailto:petra.kokisch@bergheim.de\">petra.kokisch@bergheim.de<\/a><br \/>\nweb: <a href=\"http:\/\/www.bergheim.de\">www.bergheim.de<\/a><\/p>\n","protected":false},"excerpt":{"rendered":"<p>Citymanagement der Kreisstadt und Servicecenter der Stadtwerke Bergheim GmbH in der Bergheimer Fu\u00dfg\u00e4ngerzone &#8230; <\/p>\n<p>Unter dem Motto \u201eBERGHEIM MEINE STADT\u201c wurde am 22. Dezember 2016 das st\u00e4dtische Cityb\u00fcro gemeinsam mit dem Servicecenter der Stadtwerke Bergheim GmbH im Zentrum der Bergheimer Altstadt (Hauptstra\u00dfe 57 &#8211; 59) er\u00f6ffnet. Beide Institutionen, das Citymanagement der Kreisstadt Bergheim und &hellip; <\/p>\n<p><a class=\"more-link btn\" href=\"https:\/\/unser-quartier.de\/stadt-bergheim\/informationen\/untermenue-2\/citybuero\/\">Weiterlesen<\/a><\/p>\n","protected":false},"author":48,"featured_media":0,"parent":3332,"menu_order":3,"comment_status":"closed","ping_status":"closed","template":"","meta":{"_bbp_topic_count":0,"_bbp_reply_count":0,"_bbp_total_topic_count":0,"_bbp_total_reply_count":0,"_bbp_voice_count":0,"_bbp_anonymous_reply_count":0,"_bbp_topic_count_hidden":0,"_bbp_reply_count_hidden":0,"_bbp_forum_subforum_count":0,"jetpack_post_was_ever_published":false,"footnotes":""},"class_list":["post-19353","page","type-page","status-publish","hentry","nodate","item-wrap"],"jetpack_sharing_enabled":true,"jetpack_shortlink":"https:\/\/wp.me\/P3vhfJ-529","jetpack_likes_enabled":true,"_links":{"self":[{"href":"https:\/\/unser-quartier.de\/stadt-bergheim\/wp-json\/wp\/v2\/pages\/19353","targetHints":{"allow":["GET"]}}],"collection":[{"href":"https:\/\/unser-quartier.de\/stadt-bergheim\/wp-json\/wp\/v2\/pages"}],"about":[{"href":"https:\/\/unser-quartier.de\/stadt-bergheim\/wp-json\/wp\/v2\/types\/page"}],"author":[{"embeddable":true,"href":"https:\/\/unser-quartier.de\/stadt-bergheim\/wp-json\/wp\/v2\/users\/48"}],"replies":[{"embeddable":true,"href":"https:\/\/unser-quartier.de\/stadt-bergheim\/wp-json\/wp\/v2\/comments?post=19353"}],"version-history":[{"count":0,"href":"https:\/\/unser-quartier.de\/stadt-bergheim\/wp-json\/wp\/v2\/pages\/19353\/revisions"}],"up":[{"embeddable":true,"href":"https:\/\/unser-quartier.de\/stadt-bergheim\/wp-json\/wp\/v2\/pages\/3332"}],"wp:attachment":[{"href":"https:\/\/unser-quartier.de\/stadt-bergheim\/wp-json\/wp\/v2\/media?parent=19353"}],"curies":[{"name":"wp","href":"https:\/\/api.w.org\/{rel}","templated":true}]}}