{"id":19386,"date":"2017-12-07T20:27:36","date_gmt":"2017-12-07T19:27:36","guid":{"rendered":"https:\/\/unser-quartier.de\/stadt-bergheim\/?page_id=19386"},"modified":"2018-05-04T15:51:56","modified_gmt":"2018-05-04T13:51:56","slug":"checkliste-krankenhausaufenthalt","status":"publish","type":"page","link":"https:\/\/unser-quartier.de\/stadt-bergheim\/infothek\/checkliste-krankenhausaufenthalt\/","title":{"rendered":"Checkliste Krankenhausaufenthalt"},"content":{"rendered":"<p>&nbsp;<\/p>\n<div class=\"entry-content clearfix\">\n<div class=\"pf-content\">\n<p class=\"bodytext\">Die Landesseniorenvertretung NRW hat eine Checkliste zusammengestellt, worauf vor, w\u00e4hrend und nach dem Krankenhausaufenthalt zu achten ist \u2013 von der Versichertenkarte \u00fcber die Patientenverf\u00fcgung bis zum\u00a0 Medikamentenplan. Damit k\u00f6nnen Sie sich selbst und Angeh\u00f6rige optimal vorbereiten und vergessen nichts Wichtiges.<\/p>\n<p class=\"bodytext\">Einbezogen ist auch das Entlass-Management, welches in allen Krankenh\u00e4usern eingef\u00fchrt werden soll. Schon bei der Entlassung wird gefragt, ob Sie danach Hilfe ben\u00f6tigen. Dazu wird ein einfacher Fragebogen ausgef\u00fcllt. Patienten bekommen zus\u00e4tzlich zum Arztbrief einen Entlassplan, der Auskunft dar\u00fcber gibt, wie es mit der Behandlung und Versorgung weitergeht.<\/p>\n<p class=\"bodytext\">Die komplette Checkliste ist abzurufen unter<\/p>\n<p class=\"bodytext\"><a href=\"http:\/\/lsv-nrw.de\/wp-content\/uploads\/2017\/11\/O_Check_Entlassmanagement.pdf\" target=\"_blank\" rel=\"noopener\">http:\/\/lsv-nrw.de<\/a><\/p>\n<\/div>\n<\/div>\n","protected":false},"excerpt":{"rendered":"<p>&nbsp;<\/p>\n<p class=\"bodytext\">Die Landesseniorenvertretung NRW hat eine Checkliste zusammengestellt, worauf vor, w\u00e4hrend und nach dem Krankenhausaufenthalt zu achten ist \u2013 von der Versichertenkarte \u00fcber die Patientenverf\u00fcgung bis zum\u00a0 Medikamentenplan. Damit k\u00f6nnen Sie sich selbst und Angeh\u00f6rige optimal vorbereiten und vergessen nichts Wichtiges.<\/p>\n<p class=\"bodytext\">Einbezogen ist auch das Entlass-Management, welches in allen Krankenh\u00e4usern eingef\u00fchrt werden soll. &hellip; <\/p>\n<p><a class=\"more-link btn\" href=\"https:\/\/unser-quartier.de\/stadt-bergheim\/infothek\/checkliste-krankenhausaufenthalt\/\">Weiterlesen<\/a><\/p>\n","protected":false},"author":48,"featured_media":0,"parent":18254,"menu_order":2,"comment_status":"closed","ping_status":"closed","template":"","meta":{"_bbp_topic_count":0,"_bbp_reply_count":0,"_bbp_total_topic_count":0,"_bbp_total_reply_count":0,"_bbp_voice_count":0,"_bbp_anonymous_reply_count":0,"_bbp_topic_count_hidden":0,"_bbp_reply_count_hidden":0,"_bbp_forum_subforum_count":0,"jetpack_post_was_ever_published":false,"footnotes":""},"class_list":["post-19386","page","type-page","status-publish","hentry","nodate","item-wrap"],"jetpack_sharing_enabled":true,"jetpack_shortlink":"https:\/\/wp.me\/P3vhfJ-52G","jetpack_likes_enabled":true,"_links":{"self":[{"href":"https:\/\/unser-quartier.de\/stadt-bergheim\/wp-json\/wp\/v2\/pages\/19386","targetHints":{"allow":["GET"]}}],"collection":[{"href":"https:\/\/unser-quartier.de\/stadt-bergheim\/wp-json\/wp\/v2\/pages"}],"about":[{"href":"https:\/\/unser-quartier.de\/stadt-bergheim\/wp-json\/wp\/v2\/types\/page"}],"author":[{"embeddable":true,"href":"https:\/\/unser-quartier.de\/stadt-bergheim\/wp-json\/wp\/v2\/users\/48"}],"replies":[{"embeddable":true,"href":"https:\/\/unser-quartier.de\/stadt-bergheim\/wp-json\/wp\/v2\/comments?post=19386"}],"version-history":[{"count":0,"href":"https:\/\/unser-quartier.de\/stadt-bergheim\/wp-json\/wp\/v2\/pages\/19386\/revisions"}],"up":[{"embeddable":true,"href":"https:\/\/unser-quartier.de\/stadt-bergheim\/wp-json\/wp\/v2\/pages\/18254"}],"wp:attachment":[{"href":"https:\/\/unser-quartier.de\/stadt-bergheim\/wp-json\/wp\/v2\/media?parent=19386"}],"curies":[{"name":"wp","href":"https:\/\/api.w.org\/{rel}","templated":true}]}}