{"id":2174,"date":"2014-02-25T16:18:09","date_gmt":"2014-02-25T15:18:09","guid":{"rendered":"http:\/\/unser-quartier.de\/stadt-bergheim\/?page_id=2174"},"modified":"2014-02-26T10:27:25","modified_gmt":"2014-02-26T09:27:25","slug":"suedwestwind-e-v","status":"publish","type":"page","link":"https:\/\/unser-quartier.de\/stadt-bergheim\/informationen\/untermenue-1\/suedwestwind-e-v\/","title":{"rendered":"S\u00fcdWestWind e. V."},"content":{"rendered":"<p><span style=\"font-size: medium\">Der Verein \u201eS\u00fcdWestWind e. V.\u201c hat zum Ziel, dem Gemeinwohl zu dienen, das Gemeinwesen im Stadtteil Bergheim S\u00fcd-West zu f\u00f6rdern und den Stadtteil insgesamt zu st\u00e4rken. Er will B\u00fcrgerinnen und B\u00fcrger, Initiativen, Vereine, Wirtschaftsunternehmen und Institutionen im Stadtteil und auf dem Gebiet der Stadt Bergheim insgesamt anregen, mehr Mitverantwortung f\u00fcr die Gestaltung des Gemeinwesens zu \u00fcbernehmen.<\/span><\/p>\n<p><span style=\"font-size: medium\">Dieser Verein betreibt eine Vielzahl von Projekten, die Menschen jeden Alters die M\u00f6glichkeit bieten, teilzunehmen, mitzuwirken oder mitzugestalten.<\/span><\/p>\n<p><span style=\"font-size: medium\">Kontakt:<\/span><\/p>\n<p><span style=\"font-size: medium\">S\u00fcdWestWind e.V.<\/span><br \/><span style=\"font-size: medium\">c\/o Herbert Vetter (Vorstandsvorsitzender)<\/span><br \/><span style=\"font-size: medium\">Turmallee 9<\/span><br \/><span style=\"font-size: medium\">50126 Bergheim<\/span><\/p>\n<p><span style=\"font-size: medium\">Web:\u00a0\u00a0\u00a0\u00a0 <a href=\"http:\/\/www.suedwestwind-bergheim.de\" target=\"_blank\">www.suedwestwind-bergheim.de<\/a><\/span><\/p>\n","protected":false},"excerpt":{"rendered":"<p>Der Verein \u201eS\u00fcdWestWind e. V.\u201c hat zum Ziel, dem Gemeinwohl zu dienen, das Gemeinwesen im Stadtteil Bergheim S\u00fcd-West zu f\u00f6rdern und den Stadtteil insgesamt zu st\u00e4rken. Er will B\u00fcrgerinnen und B\u00fcrger, Initiativen, Vereine, Wirtschaftsunternehmen und Institutionen im Stadtteil und auf dem Gebiet der Stadt Bergheim insgesamt anregen, mehr Mitverantwortung f\u00fcr die Gestaltung des Gemeinwesens zu &hellip; <\/p>\n<p><a class=\"more-link btn\" href=\"https:\/\/unser-quartier.de\/stadt-bergheim\/informationen\/untermenue-1\/suedwestwind-e-v\/\">Weiterlesen<\/a><\/p>\n","protected":false},"author":48,"featured_media":0,"parent":3330,"menu_order":7,"comment_status":"open","ping_status":"open","template":"","meta":{"_bbp_topic_count":0,"_bbp_reply_count":0,"_bbp_total_topic_count":0,"_bbp_total_reply_count":0,"_bbp_voice_count":0,"_bbp_anonymous_reply_count":0,"_bbp_topic_count_hidden":0,"_bbp_reply_count_hidden":0,"_bbp_forum_subforum_count":0,"jetpack_post_was_ever_published":false,"footnotes":""},"class_list":["post-2174","page","type-page","status-publish","hentry","nodate","item-wrap"],"jetpack_sharing_enabled":true,"jetpack_shortlink":"https:\/\/wp.me\/P3vhfJ-z4","jetpack_likes_enabled":true,"_links":{"self":[{"href":"https:\/\/unser-quartier.de\/stadt-bergheim\/wp-json\/wp\/v2\/pages\/2174","targetHints":{"allow":["GET"]}}],"collection":[{"href":"https:\/\/unser-quartier.de\/stadt-bergheim\/wp-json\/wp\/v2\/pages"}],"about":[{"href":"https:\/\/unser-quartier.de\/stadt-bergheim\/wp-json\/wp\/v2\/types\/page"}],"author":[{"embeddable":true,"href":"https:\/\/unser-quartier.de\/stadt-bergheim\/wp-json\/wp\/v2\/users\/48"}],"replies":[{"embeddable":true,"href":"https:\/\/unser-quartier.de\/stadt-bergheim\/wp-json\/wp\/v2\/comments?post=2174"}],"version-history":[{"count":0,"href":"https:\/\/unser-quartier.de\/stadt-bergheim\/wp-json\/wp\/v2\/pages\/2174\/revisions"}],"up":[{"embeddable":true,"href":"https:\/\/unser-quartier.de\/stadt-bergheim\/wp-json\/wp\/v2\/pages\/3330"}],"wp:attachment":[{"href":"https:\/\/unser-quartier.de\/stadt-bergheim\/wp-json\/wp\/v2\/media?parent=2174"}],"curies":[{"name":"wp","href":"https:\/\/api.w.org\/{rel}","templated":true}]}}