{"id":22393,"date":"2018-05-04T15:48:26","date_gmt":"2018-05-04T13:48:26","guid":{"rendered":"https:\/\/unser-quartier.de\/stadt-bergheim\/?page_id=22393"},"modified":"2018-05-06T14:10:39","modified_gmt":"2018-05-06T12:10:39","slug":"infothek-beschreibung","status":"publish","type":"page","link":"https:\/\/unser-quartier.de\/stadt-bergheim\/infothek\/infothek-beschreibung\/","title":{"rendered":"Infothek-Beschreibung"},"content":{"rendered":"<button id=\"listenButton1\" class=\"responsivevoice-button\" type=\"button\" value=\"Play\" title=\"ResponsiveVoice Tap to Start\/Stop Speech\"><span>&#128266; Infothek-Beschreibung vorlesen lassen<\/span><\/button>\n        <script>\n            listenButton1.onclick = function(){\n                if(responsiveVoice.isPlaying()){\n                    responsiveVoice.cancel();\n                }else{\n                    responsiveVoice.speak(\"Die Infothek h\u00e4lt umfangreiche Informationen mit viel Wissenswertem. Unsere Infothek bietet Ihnen eine Zusammenstellung ausf\u00fchrlicher Informationen zum Anschauen und Ausdrucken. Hier geht es zur Datenschutzerkl\u00e4rung\", \"Deutsch Female\");\n                }\n            };\n        <\/script>\n    \n<p>&nbsp;<\/p>\n<p><span class=\"st\">Die<strong> <em>Infothek<\/em><\/strong> h\u00e4lt umfangreiche Informationen mit viel Wissenswertem.<br \/>\nUnsere <em><strong>Infothek<\/strong><\/em> bietet Ihnen eine Zusammenstellung ausf\u00fchrlicher Informationen<br \/>\nzum <strong>Anschauen<\/strong> und Ausdrucken.<br \/>\n<\/span><\/p>\n<p><a href=\"https:\/\/unser-quartier.de\/stadt-bergheim\/datenschutzerklaerung\/\">Hier geht es zur Datenschutzerkl\u00e4rung<\/a><\/p>\n<p>&nbsp;<\/p>\n","protected":false},"excerpt":{"rendered":"<p>&nbsp;<\/p>\n<p>Die<strong> Infothek<\/strong> h\u00e4lt umfangreiche Informationen mit viel Wissenswertem. Unsere <strong>Infothek<\/strong> bietet Ihnen eine Zusammenstellung ausf\u00fchrlicher Informationen zum <strong>Anschauen<\/strong> und Ausdrucken. <\/p>\n<p>Hier geht es zur Datenschutzerkl\u00e4rung<\/p>\n<p>&nbsp;<\/p>\n","protected":false},"author":48,"featured_media":0,"parent":18254,"menu_order":1,"comment_status":"closed","ping_status":"closed","template":"","meta":{"_bbp_topic_count":0,"_bbp_reply_count":0,"_bbp_total_topic_count":0,"_bbp_total_reply_count":0,"_bbp_voice_count":0,"_bbp_anonymous_reply_count":0,"_bbp_topic_count_hidden":0,"_bbp_reply_count_hidden":0,"_bbp_forum_subforum_count":0,"jetpack_post_was_ever_published":false,"footnotes":""},"class_list":["post-22393","page","type-page","status-publish","hentry","nodate","item-wrap"],"jetpack_sharing_enabled":true,"jetpack_shortlink":"https:\/\/wp.me\/P3vhfJ-5Pb","jetpack_likes_enabled":true,"_links":{"self":[{"href":"https:\/\/unser-quartier.de\/stadt-bergheim\/wp-json\/wp\/v2\/pages\/22393","targetHints":{"allow":["GET"]}}],"collection":[{"href":"https:\/\/unser-quartier.de\/stadt-bergheim\/wp-json\/wp\/v2\/pages"}],"about":[{"href":"https:\/\/unser-quartier.de\/stadt-bergheim\/wp-json\/wp\/v2\/types\/page"}],"author":[{"embeddable":true,"href":"https:\/\/unser-quartier.de\/stadt-bergheim\/wp-json\/wp\/v2\/users\/48"}],"replies":[{"embeddable":true,"href":"https:\/\/unser-quartier.de\/stadt-bergheim\/wp-json\/wp\/v2\/comments?post=22393"}],"version-history":[{"count":0,"href":"https:\/\/unser-quartier.de\/stadt-bergheim\/wp-json\/wp\/v2\/pages\/22393\/revisions"}],"up":[{"embeddable":true,"href":"https:\/\/unser-quartier.de\/stadt-bergheim\/wp-json\/wp\/v2\/pages\/18254"}],"wp:attachment":[{"href":"https:\/\/unser-quartier.de\/stadt-bergheim\/wp-json\/wp\/v2\/media?parent=22393"}],"curies":[{"name":"wp","href":"https:\/\/api.w.org\/{rel}","templated":true}]}}