{"id":22405,"date":"2018-05-04T16:01:36","date_gmt":"2018-05-04T14:01:36","guid":{"rendered":"https:\/\/unser-quartier.de\/stadt-bergheim\/?page_id=22405"},"modified":"2024-04-25T08:32:43","modified_gmt":"2024-04-25T06:32:43","slug":"akteure-in-bm-beschreibung","status":"publish","type":"page","link":"https:\/\/unser-quartier.de\/stadt-bergheim\/informationen\/akteure-in-bm-beschreibung\/","title":{"rendered":"Akteure in BM-Beschreibung"},"content":{"rendered":"<button id=\"listenButton1\" class=\"responsivevoice-button\" type=\"button\" value=\"Play\" title=\"ResponsiveVoice Tap to Start\/Stop Speech\"><span>&#128266; Akteure in BM-Beschreibung vorlesen lassen<\/span><\/button>\n        <script>\n            listenButton1.onclick = function(){\n                if(responsiveVoice.isPlaying()){\n                    responsiveVoice.cancel();\n                }else{\n                    responsiveVoice.speak(\"Hier stellen sich einzelne Akteure, Institutionen und Initiativen in der Stadt Bergheim vor. Erfahren Sie mehr \u00fcber die Angebote f\u00fcr \u00e4ltere Menschen. Hier geht es zur Datenschutzerkl\u00e4rung Wenn auch Sie Ihre Aktivit\u00e4ten\u00a0bekannt machen und einen Link zu Ihrer Homepage w\u00fcnschen, wenden Sie sich bitte an den Koordinator Hans-J\u00fcrgen Knabben oder an die Fachstelle \u00c4lterwerden, Frau Eckart.\", \"Deutsch Female\");\n                }\n            };\n        <\/script>\n    \n<p>Hier stellen sich einzelne Akteure, Institutionen und Initiativen in der Stadt Bergheim vor.<br \/>\nErfahren Sie mehr \u00fcber die Angebote f\u00fcr \u00e4ltere Menschen.<\/p>\n<p><strong><a href=\"https:\/\/unser-quartier.de\/stadt-bergheim\/datenschutzerklaerung\/\">Hier geht es zur Datenschutzerkl\u00e4rung<\/a><\/strong><\/p>\n<p>Wenn auch Sie Ihre Aktivit\u00e4ten\u00a0bekannt machen und einen Link zu Ihrer Homepage w\u00fcnschen, wenden Sie sich bitte an den Koordinator Hans-J\u00fcrgen Knabben oder an die Fachstelle \u00c4lterwerden, Frau Eckart.<\/p>\n","protected":false},"excerpt":{"rendered":"<p>Hier stellen sich einzelne Akteure, Institutionen und Initiativen in der Stadt Bergheim vor. Erfahren Sie mehr \u00fcber die Angebote f\u00fcr \u00e4ltere Menschen.<\/p>\n<p><strong>Hier geht es zur Datenschutzerkl\u00e4rung<\/strong><\/p>\n<p>Wenn auch Sie Ihre Aktivit\u00e4ten\u00a0bekannt machen und einen Link zu Ihrer Homepage w\u00fcnschen, wenden Sie sich bitte an den Koordinator Hans-J\u00fcrgen Knabben oder an die Fachstelle \u00c4lterwerden, Frau &hellip; <\/p>\n<p><a class=\"more-link btn\" href=\"https:\/\/unser-quartier.de\/stadt-bergheim\/informationen\/akteure-in-bm-beschreibung\/\">Weiterlesen<\/a><\/p>\n","protected":false},"author":48,"featured_media":0,"parent":246,"menu_order":0,"comment_status":"closed","ping_status":"closed","template":"","meta":{"_bbp_topic_count":0,"_bbp_reply_count":0,"_bbp_total_topic_count":0,"_bbp_total_reply_count":0,"_bbp_voice_count":0,"_bbp_anonymous_reply_count":0,"_bbp_topic_count_hidden":0,"_bbp_reply_count_hidden":0,"_bbp_forum_subforum_count":0,"jetpack_post_was_ever_published":false,"footnotes":""},"class_list":["post-22405","page","type-page","status-publish","hentry","nodate","item-wrap"],"jetpack_sharing_enabled":true,"jetpack_shortlink":"https:\/\/wp.me\/P3vhfJ-5Pn","jetpack_likes_enabled":true,"_links":{"self":[{"href":"https:\/\/unser-quartier.de\/stadt-bergheim\/wp-json\/wp\/v2\/pages\/22405","targetHints":{"allow":["GET"]}}],"collection":[{"href":"https:\/\/unser-quartier.de\/stadt-bergheim\/wp-json\/wp\/v2\/pages"}],"about":[{"href":"https:\/\/unser-quartier.de\/stadt-bergheim\/wp-json\/wp\/v2\/types\/page"}],"author":[{"embeddable":true,"href":"https:\/\/unser-quartier.de\/stadt-bergheim\/wp-json\/wp\/v2\/users\/48"}],"replies":[{"embeddable":true,"href":"https:\/\/unser-quartier.de\/stadt-bergheim\/wp-json\/wp\/v2\/comments?post=22405"}],"version-history":[{"count":1,"href":"https:\/\/unser-quartier.de\/stadt-bergheim\/wp-json\/wp\/v2\/pages\/22405\/revisions"}],"predecessor-version":[{"id":34630,"href":"https:\/\/unser-quartier.de\/stadt-bergheim\/wp-json\/wp\/v2\/pages\/22405\/revisions\/34630"}],"up":[{"embeddable":true,"href":"https:\/\/unser-quartier.de\/stadt-bergheim\/wp-json\/wp\/v2\/pages\/246"}],"wp:attachment":[{"href":"https:\/\/unser-quartier.de\/stadt-bergheim\/wp-json\/wp\/v2\/media?parent=22405"}],"curies":[{"name":"wp","href":"https:\/\/api.w.org\/{rel}","templated":true}]}}