{"id":2403,"date":"2014-03-11T20:58:20","date_gmt":"2014-03-11T19:58:20","guid":{"rendered":"http:\/\/unser-quartier.de\/stadt-bergheim\/?page_id=2403"},"modified":"2015-04-26T16:22:14","modified_gmt":"2015-04-26T14:22:14","slug":"stadtbibliothek-lesen-und-vieles-mehr","status":"publish","type":"page","link":"https:\/\/unser-quartier.de\/stadt-bergheim\/informationen\/untermenue-1\/stadtbibliothek-lesen-und-vieles-mehr\/","title":{"rendered":"STADTBIBLIOTHEK &#8211; LESEN UND VIELES MEHR"},"content":{"rendered":"<p><span style=\"font-family: Arial, serif\"><span style=\"font-size: medium\">Die STADT.BIBLIOTHEK.BERGHEIM ist eine Bildungs- und Kultureinrichtung der Stadt Bergheim und steht allen B\u00fcrgerinnen und B\u00fcrgern zur Verf\u00fcgung.<\/span><\/span><\/p>\n<p><span style=\"font-family: Arial, serif\"><span style=\"font-size: medium\">Sie ist zu finden im MEDIO.RHEIN.ERFT im Herzen der Bergheimer Innenstadt. Auf einer Fl\u00e4che von 1.300 qm bietet die Stadtbibliothek eine interessante und freundlich gestaltete Bibliothekslandschaft. Entdecken kann man das vielf\u00e4ltige Angebot virtuell\u00a0 <\/span><\/span><a href=\"http:\/\/www.stadtbibliothek.bergheim.de\"><span style=\"color: #558ed5\"><span style=\"font-family: Arial, serif\"><span style=\"font-size: medium\"><i>www.stadtbibliothek.bergheim.de<\/i><\/span><\/span><\/span><\/a><span style=\"font-family: Arial, serif\"><span style=\"font-size: medium\"> und vor Ort!<\/span><\/span><\/p>\n<p><span style=\"font-family: Times New Roman, serif\"><span style=\"font-size: medium\"><span style=\"font-family: Arial, serif\">Neben B\u00fcchern ist eine Vielzahl weiterer Medien im Angebot wie Zeitschriften, Spiele, Musik und Filme, Karten.<\/span><\/span><\/span><\/p>\n<p><span style=\"font-family: Times New Roman, serif\"><span style=\"font-size: medium\"><span style=\"font-family: Arial, serif\">Besonders interessant f\u00fcr Senioren \u2013 doch nicht nur f\u00fcr sie \u2013 sind:<\/span><\/span><\/span><\/p>\n<p><span style=\"font-family: Times New Roman, serif\"><span style=\"font-size: medium\"><span style=\"font-family: Arial, serif\"><span style=\"text-decoration: underline\">Gro\u00dfdruck-B\u00fccher:<\/span><\/span><\/span><\/span><\/p>\n<p><span style=\"font-family: Times New Roman, serif\"><span style=\"font-size: medium\"><span style=\"font-family: Arial, serif\">Viele Druckerzeugnisse werden heutzutage in sehr kleiner Schrift gedruckt.<\/span><\/span><\/span><\/p>\n<p><span style=\"font-family: Times New Roman, serif\"><span style=\"font-size: medium\"><span style=\"font-family: Arial, serif\">Aber: Es gibt auch spezielle Gro\u00dfdruck-B\u00fccher. <\/span><\/span><\/span><\/p>\n<p><span style=\"font-family: Times New Roman, serif\"><span style=\"font-size: medium\"><span style=\"font-family: Arial, serif\">Im Romanbereich hat die Stadtbibliothek eine eigene Rubrik f\u00fcr diese Titel.<\/span><\/span><\/span><\/p>\n<p><span style=\"font-family: Times New Roman, serif\"><span style=\"font-size: medium\"><span style=\"font-family: Arial, serif\"><span style=\"text-decoration: underline\">H\u00f6rb\u00fccher:<\/span><\/span><\/span><\/span><\/p>\n<p><span style=\"font-family: Times New Roman, serif\"><span style=\"font-size: medium\"><span style=\"font-family: Arial, serif\">Ein H\u00f6rbuch ist die Tonaufzeichnung einer Lesung.<\/span><\/span><\/span><\/p>\n<p><span style=\"font-family: Times New Roman, serif\"><span style=\"font-size: medium\"><span style=\"font-family: Arial, serif\">Diese Titel sind eine Alternative zum gedruckten Buch und speziell f\u00fcr Sehbehinderte eine gro\u00dfe Bereicherung.<\/span><\/span><\/span><\/p>\n<p><span style=\"font-family: Times New Roman, serif\"><span style=\"font-size: medium\"><span style=\"font-family: Arial, serif\">Man findet ein gro\u00dfes Angebot an Sach- und erz\u00e4hlenden H\u00f6rb\u00fcchern in der Stadtbibliothek.<\/span><\/span><\/span><\/p>\n<p><span style=\"font-family: Times New Roman, serif\"><span style=\"font-size: medium\"><span style=\"font-family: Arial, serif\"><span style=\"text-decoration: underline\">Onleihe:<\/span><\/span><\/span><\/span><\/p>\n<p><span style=\"font-family: Times New Roman, serif\"><span style=\"font-size: medium\"><span style=\"font-family: Arial, serif\">Zusammen mit den Stadtbibliotheken in Frechen, Pulheim, Br\u00fchl, Elsdorf und Euskirchen bietet die Bergheimer Stadtbibliothek seit 2013 die Onleihe Erft an.<\/span><\/span><\/span><\/p>\n<p><span style=\"font-family: Times New Roman, serif\"><span style=\"font-size: medium\"><span style=\"font-family: Arial, serif\">Dort kann man digitale Medien wie eBooks, eAudios und ePaper ohne zus\u00e4tzliche Kosten downloaden. Dieser Service steht rund um die Uhr &#8211; 24 Stunden am Tag,<br \/>\n7 Tage die Woche \u2013 zur Verf\u00fcgung. Voraussetzung ist lediglich ein g\u00fcltiger Nutzerausweis der Stadtbibliothek.<\/span><\/span><\/span><\/p>\n<p><span style=\"font-family: Times New Roman, serif\"><span style=\"font-size: medium\"><span style=\"font-family: Arial, serif\"><span style=\"text-decoration: underline\">Lesehilfen:<\/span><\/span><\/span><\/span><\/p>\n<p><span style=\"font-family: Times New Roman, serif\"><span style=\"font-size: medium\"><span style=\"font-family: Arial, serif\">Brille vergessen? &#8211; Kein Problem, an der Informationstheke werden Lesehilfen f\u00fcr die Nutzer der Bibliothek bereit gehalten.<\/span><\/span><\/span><\/p>\n<p><span style=\"font-family: Times New Roman, serif\"><span style=\"font-size: medium\"><span style=\"font-family: Arial, serif\"><span style=\"text-decoration: underline\">Rollstuhlgerecht:<\/span><\/span><\/span><\/span><\/p>\n<p><span style=\"font-family: Times New Roman, serif\"><span style=\"font-size: medium\"><span style=\"font-family: Arial, serif\">Die Bergheimer Stadtbibliothek ist behindertengerecht.<\/span><\/span><\/span><\/p>\n<p><span style=\"font-family: Times New Roman, serif\"><span style=\"font-size: medium\"><span style=\"font-family: Arial, serif\">\u00dcber einen rollstuhlgerechten Zuweg und mit dem Fahrstuhl kann man in nahezu jeden Bereich der Bibliothek gelangen.<\/span><\/span><\/span><\/p>\n","protected":false},"excerpt":{"rendered":"<p>Die STADT.BIBLIOTHEK.BERGHEIM ist eine Bildungs- und Kultureinrichtung der Stadt Bergheim und steht allen B\u00fcrgerinnen und B\u00fcrgern zur Verf\u00fcgung.<\/p>\n<p>Sie ist zu finden im MEDIO.RHEIN.ERFT im Herzen der Bergheimer Innenstadt. Auf einer Fl\u00e4che von 1.300 qm bietet die Stadtbibliothek eine interessante und freundlich gestaltete Bibliothekslandschaft. Entdecken kann man das vielf\u00e4ltige Angebot virtuell\u00a0 www.stadtbibliothek.bergheim.de und vor Ort!<\/p>\n<p> &hellip; <\/p>\n<p><a class=\"more-link btn\" href=\"https:\/\/unser-quartier.de\/stadt-bergheim\/informationen\/untermenue-1\/stadtbibliothek-lesen-und-vieles-mehr\/\">Weiterlesen<\/a><\/p>\n","protected":false},"author":48,"featured_media":0,"parent":3330,"menu_order":3,"comment_status":"open","ping_status":"open","template":"","meta":{"_bbp_topic_count":0,"_bbp_reply_count":0,"_bbp_total_topic_count":0,"_bbp_total_reply_count":0,"_bbp_voice_count":0,"_bbp_anonymous_reply_count":0,"_bbp_topic_count_hidden":0,"_bbp_reply_count_hidden":0,"_bbp_forum_subforum_count":0,"jetpack_post_was_ever_published":false,"footnotes":""},"class_list":["post-2403","page","type-page","status-publish","hentry","nodate","item-wrap"],"jetpack_sharing_enabled":true,"jetpack_shortlink":"https:\/\/wp.me\/P3vhfJ-CL","jetpack_likes_enabled":true,"_links":{"self":[{"href":"https:\/\/unser-quartier.de\/stadt-bergheim\/wp-json\/wp\/v2\/pages\/2403","targetHints":{"allow":["GET"]}}],"collection":[{"href":"https:\/\/unser-quartier.de\/stadt-bergheim\/wp-json\/wp\/v2\/pages"}],"about":[{"href":"https:\/\/unser-quartier.de\/stadt-bergheim\/wp-json\/wp\/v2\/types\/page"}],"author":[{"embeddable":true,"href":"https:\/\/unser-quartier.de\/stadt-bergheim\/wp-json\/wp\/v2\/users\/48"}],"replies":[{"embeddable":true,"href":"https:\/\/unser-quartier.de\/stadt-bergheim\/wp-json\/wp\/v2\/comments?post=2403"}],"version-history":[{"count":0,"href":"https:\/\/unser-quartier.de\/stadt-bergheim\/wp-json\/wp\/v2\/pages\/2403\/revisions"}],"up":[{"embeddable":true,"href":"https:\/\/unser-quartier.de\/stadt-bergheim\/wp-json\/wp\/v2\/pages\/3330"}],"wp:attachment":[{"href":"https:\/\/unser-quartier.de\/stadt-bergheim\/wp-json\/wp\/v2\/media?parent=2403"}],"curies":[{"name":"wp","href":"https:\/\/api.w.org\/{rel}","templated":true}]}}