{"id":2495,"date":"2014-04-13T12:07:05","date_gmt":"2014-04-13T10:07:05","guid":{"rendered":"http:\/\/unser-quartier.de\/stadt-bergheim\/?page_id=2495"},"modified":"2017-02-27T12:44:00","modified_gmt":"2017-02-27T11:44:00","slug":"kommen-sie-ins-online-team","status":"publish","type":"page","link":"https:\/\/unser-quartier.de\/stadt-bergheim\/startseite\/vorstellung-der-moderatoren\/kommen-sie-ins-online-team\/","title":{"rendered":"Im Online-Team mitmachen!"},"content":{"rendered":"<div id=\"attachment_4872\" style=\"width: 300px\" class=\"wp-caption alignright\"><img data-recalc-dims=\"1\" loading=\"lazy\" decoding=\"async\" aria-describedby=\"caption-attachment-4872\" data-attachment-id=\"4872\" data-permalink=\"https:\/\/unser-quartier.de\/stadt-bergheim\/startseite\/vorstellung-der-moderatoren\/unser-team\/sony-dsc-32\/\" data-orig-file=\"https:\/\/i0.wp.com\/unser-quartier.de\/stadt-bergheim\/files\/2015\/01\/Team_STEHEND-e1421312367408.jpg?fit=500%2C332&amp;ssl=1\" data-orig-size=\"500,332\" data-comments-opened=\"0\" data-image-meta=\"{&quot;aperture&quot;:&quot;4.5&quot;,&quot;credit&quot;:&quot;&quot;,&quot;camera&quot;:&quot;NEX-C3&quot;,&quot;caption&quot;:&quot;&quot;,&quot;created_timestamp&quot;:&quot;1421061607&quot;,&quot;copyright&quot;:&quot;&quot;,&quot;focal_length&quot;:&quot;36&quot;,&quot;iso&quot;:&quot;1600&quot;,&quot;shutter_speed&quot;:&quot;0.025&quot;,&quot;title&quot;:&quot;SONY DSC&quot;,&quot;orientation&quot;:&quot;1&quot;}\" data-image-title=\"SONY DSC\" data-image-description=\"\" data-image-caption=\"&lt;p&gt;Unser Team 2015&lt;br \/&gt;\n       Hartmut, Andrea, Inge, Christa, Hans-J\u00fcrgen&lt;\/p&gt;\n\" data-medium-file=\"https:\/\/i0.wp.com\/unser-quartier.de\/stadt-bergheim\/files\/2015\/01\/Team_STEHEND-e1421312367408.jpg?fit=300%2C199&amp;ssl=1\" data-large-file=\"https:\/\/i0.wp.com\/unser-quartier.de\/stadt-bergheim\/files\/2015\/01\/Team_STEHEND-e1421312367408.jpg?fit=770%2C511&amp;ssl=1\" class=\"wp-image-4872 size-medium\" src=\"https:\/\/i0.wp.com\/unser-quartier.de\/stadt-bergheim\/files\/2015\/01\/Team_STEHEND.jpg?resize=300%2C199&#038;ssl=1\" alt=\"Unser Team 2015 Hartmut, Andrea, Inge, Christa, Hans-J\u00fcrgen\" width=\"300\" height=\"199\" \/><p id=\"caption-attachment-4872\" class=\"wp-caption-text\">Unser Team 2015<br \/> Hartmut, Andrea, Inge, Christa, Hans-J\u00fcrgen<\/p><\/div>\n<p><span style=\"font-size: medium\">Beim Seniorenportal Bergheim Seniorenarbeit kann jeder mitmachen und eigene Beitr\u00e4ge schreiben, Partner f\u00fcr gemeinsame Aktivit\u00e4ten suchen, Erfahrungen weitergeben und Tipps und Termine bekanntmachen. <\/span><\/p>\n<p><span style=\"font-size: medium\">Das Online-Team gestaltet die Seite und f\u00fcllt sie mit Inhalt. Es unterst\u00fctzt jeden, der Lust hat, sich einmal, mehrmals oder regelm\u00e4\u00dfig als Autor zu beteiligen. Kommen Sie gern zu unserer Redaktionssitzung. Wir treffen uns alle zwei Wochen montags im Bergheimer Rathaus. Die aktuellen Termine finden Sie unter\u00a0 <a href=\"https:\/\/unser-quartier.de\/stadt-bergheim\/startseite\/vorstellung-der-moderatoren\/termine-der-redakteure\/\" target=\"_blank\">&#8220;Termine der Redakteure&#8221;<\/a><\/span><\/p>\n<p><span style=\"font-size: medium\"><a href=\"mailto:senioren-online@gmx.de\" target=\"_blank\">Mail an das Online-Team<\/a><\/span><\/p>\n","protected":false},"excerpt":{"rendered":"<p>Beim Seniorenportal Bergheim Seniorenarbeit kann jeder mitmachen und eigene Beitr\u00e4ge schreiben, Partner f\u00fcr gemeinsame Aktivit\u00e4ten suchen, Erfahrungen weitergeben und Tipps und Termine bekanntmachen. <\/p>\n<p>Das Online-Team gestaltet die Seite und f\u00fcllt sie mit Inhalt. Es unterst\u00fctzt jeden, der Lust hat, sich einmal, mehrmals oder regelm\u00e4\u00dfig als Autor zu beteiligen. Kommen Sie gern zu unserer Redaktionssitzung. &hellip; <\/p>\n<p><a class=\"more-link btn\" href=\"https:\/\/unser-quartier.de\/stadt-bergheim\/startseite\/vorstellung-der-moderatoren\/kommen-sie-ins-online-team\/\">Weiterlesen<\/a><\/p>\n","protected":false},"author":48,"featured_media":4872,"parent":142,"menu_order":3,"comment_status":"open","ping_status":"open","template":"","meta":{"_bbp_topic_count":0,"_bbp_reply_count":0,"_bbp_total_topic_count":0,"_bbp_total_reply_count":0,"_bbp_voice_count":0,"_bbp_anonymous_reply_count":0,"_bbp_topic_count_hidden":0,"_bbp_reply_count_hidden":0,"_bbp_forum_subforum_count":0,"jetpack_post_was_ever_published":false,"footnotes":""},"class_list":["post-2495","page","type-page","status-publish","has-post-thumbnail","hentry","nodate","item-wrap"],"jetpack_sharing_enabled":true,"jetpack_shortlink":"https:\/\/wp.me\/P3vhfJ-Ef","jetpack_likes_enabled":true,"_links":{"self":[{"href":"https:\/\/unser-quartier.de\/stadt-bergheim\/wp-json\/wp\/v2\/pages\/2495","targetHints":{"allow":["GET"]}}],"collection":[{"href":"https:\/\/unser-quartier.de\/stadt-bergheim\/wp-json\/wp\/v2\/pages"}],"about":[{"href":"https:\/\/unser-quartier.de\/stadt-bergheim\/wp-json\/wp\/v2\/types\/page"}],"author":[{"embeddable":true,"href":"https:\/\/unser-quartier.de\/stadt-bergheim\/wp-json\/wp\/v2\/users\/48"}],"replies":[{"embeddable":true,"href":"https:\/\/unser-quartier.de\/stadt-bergheim\/wp-json\/wp\/v2\/comments?post=2495"}],"version-history":[{"count":0,"href":"https:\/\/unser-quartier.de\/stadt-bergheim\/wp-json\/wp\/v2\/pages\/2495\/revisions"}],"up":[{"embeddable":true,"href":"https:\/\/unser-quartier.de\/stadt-bergheim\/wp-json\/wp\/v2\/pages\/142"}],"wp:featuredmedia":[{"embeddable":true,"href":"https:\/\/unser-quartier.de\/stadt-bergheim\/wp-json\/wp\/v2\/media\/4872"}],"wp:attachment":[{"href":"https:\/\/unser-quartier.de\/stadt-bergheim\/wp-json\/wp\/v2\/media?parent=2495"}],"curies":[{"name":"wp","href":"https:\/\/api.w.org\/{rel}","templated":true}]}}