{"id":2504,"date":"2014-05-07T11:16:46","date_gmt":"2014-05-07T09:16:46","guid":{"rendered":"http:\/\/unser-quartier.de\/stadt-bergheim\/?page_id=2504"},"modified":"2018-07-02T13:41:25","modified_gmt":"2018-07-02T11:41:25","slug":"gruene-damen-und-herren","status":"publish","type":"page","link":"https:\/\/unser-quartier.de\/stadt-bergheim\/informationen\/untermenue-2\/gruene-damen-und-herren\/","title":{"rendered":"Gr\u00fcne Damen und Herren"},"content":{"rendered":"<p><span style=\"font-size: 12pt\">Ehrenamtliche Krankenhaushilfe im Maria-Hilf-Krankenhaus Bergheim<\/span><\/p>\n<p><span style=\"font-size: 12pt\">Die Gr\u00fcnen Damen und Herren des Bergheimer Maria-Hilf-Krankenhauses helfen mit, den Patientinnen und Patienten den Krankenhausaufenthalt etwas zu erleichtern. Sie bieten an, zuzuh\u00f6ren oder miteinander zu reden; dabei unterliegen sie selbstverst\u00e4ndlich der Schweigepflicht. Sie \u00fcbernehmen gerne Besorgungen oder Erledigungen \u2013 insbesondere wenn keine Angeh\u00f6rigen helfen k\u00f6nnen.<\/span><br \/>\n<span style=\"font-size: 12pt\">An Wochentagen besuchen sie vormittags in allen Stationen die Patientenzimmer und bieten ihre Unterst\u00fctzung an.<br \/>\n<\/span><span style=\"font-size: 12pt\">Das Bergheimer Team besteht seit 1983, umfasst derzeit ca. 15 Damen und\u00a0Herren und freut sich \u00fcber alle, die Interesse an der Mitarbeit haben. Die T\u00e4tigkeit ist ehrenamtlich und \u00fcberkonfessionell, einer besonderen Ausbildung bedarf es nicht.<\/span><\/p>\n<p><span style=\"font-size: 12pt\">Weitere Informationen kann man bei der <a title=\"Maria-Hilf-Krankenhaus\" href=\"http:\/\/www.maria-hilf-krankenhaus.de\/\" target=\"_blank\">Krankenhaus-Website <\/a>finden oder den Kontakt per E-Mail \u00fcber <a href=\"mailto:gruene-damen@maria-hilf-krankenhaus.de%20\" target=\"_blank\">Adresse<\/a> aufnehmen.<\/span><\/p>\n<p>&nbsp;<\/p>\n","protected":false},"excerpt":{"rendered":"<p>Ehrenamtliche Krankenhaushilfe im Maria-Hilf-Krankenhaus Bergheim<\/p>\n<p>Die Gr\u00fcnen Damen und Herren des Bergheimer Maria-Hilf-Krankenhauses helfen mit, den Patientinnen und Patienten den Krankenhausaufenthalt etwas zu erleichtern. Sie bieten an, zuzuh\u00f6ren oder miteinander zu reden; dabei unterliegen sie selbstverst\u00e4ndlich der Schweigepflicht. Sie \u00fcbernehmen gerne Besorgungen oder Erledigungen \u2013 insbesondere wenn keine Angeh\u00f6rigen helfen k\u00f6nnen. An Wochentagen besuchen sie &hellip; <\/p>\n<p><a class=\"more-link btn\" href=\"https:\/\/unser-quartier.de\/stadt-bergheim\/informationen\/untermenue-2\/gruene-damen-und-herren\/\">Weiterlesen<\/a><\/p>\n","protected":false},"author":48,"featured_media":0,"parent":3332,"menu_order":21,"comment_status":"open","ping_status":"open","template":"","meta":{"_bbp_topic_count":0,"_bbp_reply_count":0,"_bbp_total_topic_count":0,"_bbp_total_reply_count":0,"_bbp_voice_count":0,"_bbp_anonymous_reply_count":0,"_bbp_topic_count_hidden":0,"_bbp_reply_count_hidden":0,"_bbp_forum_subforum_count":0,"jetpack_post_was_ever_published":false,"footnotes":""},"class_list":["post-2504","page","type-page","status-publish","hentry","nodate","item-wrap"],"jetpack_sharing_enabled":true,"jetpack_shortlink":"https:\/\/wp.me\/P3vhfJ-Eo","jetpack_likes_enabled":true,"_links":{"self":[{"href":"https:\/\/unser-quartier.de\/stadt-bergheim\/wp-json\/wp\/v2\/pages\/2504","targetHints":{"allow":["GET"]}}],"collection":[{"href":"https:\/\/unser-quartier.de\/stadt-bergheim\/wp-json\/wp\/v2\/pages"}],"about":[{"href":"https:\/\/unser-quartier.de\/stadt-bergheim\/wp-json\/wp\/v2\/types\/page"}],"author":[{"embeddable":true,"href":"https:\/\/unser-quartier.de\/stadt-bergheim\/wp-json\/wp\/v2\/users\/48"}],"replies":[{"embeddable":true,"href":"https:\/\/unser-quartier.de\/stadt-bergheim\/wp-json\/wp\/v2\/comments?post=2504"}],"version-history":[{"count":0,"href":"https:\/\/unser-quartier.de\/stadt-bergheim\/wp-json\/wp\/v2\/pages\/2504\/revisions"}],"up":[{"embeddable":true,"href":"https:\/\/unser-quartier.de\/stadt-bergheim\/wp-json\/wp\/v2\/pages\/3332"}],"wp:attachment":[{"href":"https:\/\/unser-quartier.de\/stadt-bergheim\/wp-json\/wp\/v2\/media?parent=2504"}],"curies":[{"name":"wp","href":"https:\/\/api.w.org\/{rel}","templated":true}]}}