{"id":2629,"date":"2014-05-13T12:15:26","date_gmt":"2014-05-13T10:15:26","guid":{"rendered":"http:\/\/unser-quartier.de\/stadt-bergheim\/?page_id=2629"},"modified":"2014-05-26T10:46:12","modified_gmt":"2014-05-26T08:46:12","slug":"zitate-zu-fase","status":"publish","type":"page","link":"https:\/\/unser-quartier.de\/stadt-bergheim\/startseite\/was-ist-das-fachforum-seniorenarbeit-fase\/zitate-zu-fase\/","title":{"rendered":"Zitate zu FaSe"},"content":{"rendered":"<p><span style=\"font-size: 12pt\"><i>Kreisstadt Bergheim Maria Pfordt (B\u00fcrgermeisterin): <img data-recalc-dims=\"1\" loading=\"lazy\" decoding=\"async\" data-attachment-id=\"2661\" data-permalink=\"https:\/\/unser-quartier.de\/stadt-bergheim\/startseite\/was-ist-das-fachforum-seniorenarbeit-fase\/zitate-zu-fase\/frau_maria_pfordt\/\" data-orig-file=\"https:\/\/i0.wp.com\/unser-quartier.de\/stadt-bergheim\/files\/2014\/05\/Frau_Maria_Pfordt.jpg?fit=200%2C200&amp;ssl=1\" data-orig-size=\"200,200\" data-comments-opened=\"0\" data-image-meta=\"{&quot;aperture&quot;:&quot;5.6&quot;,&quot;credit&quot;:&quot;&quot;,&quot;camera&quot;:&quot;Canon EOS 40D&quot;,&quot;caption&quot;:&quot;&quot;,&quot;created_timestamp&quot;:&quot;1317553255&quot;,&quot;copyright&quot;:&quot;&quot;,&quot;focal_length&quot;:&quot;125&quot;,&quot;iso&quot;:&quot;200&quot;,&quot;shutter_speed&quot;:&quot;0.0125&quot;,&quot;title&quot;:&quot;&quot;}\" data-image-title=\"Frau_Maria_Pfordt\" data-image-description=\"\" data-image-caption=\"\" data-medium-file=\"https:\/\/i0.wp.com\/unser-quartier.de\/stadt-bergheim\/files\/2014\/05\/Frau_Maria_Pfordt.jpg?fit=200%2C200&amp;ssl=1\" data-large-file=\"https:\/\/i0.wp.com\/unser-quartier.de\/stadt-bergheim\/files\/2014\/05\/Frau_Maria_Pfordt.jpg?fit=200%2C200&amp;ssl=1\" class=\"alignleft wp-image-2661 size-thumbnail\" src=\"https:\/\/i0.wp.com\/unser-quartier.de\/stadt-bergheim\/files\/2014\/05\/Frau_Maria_Pfordt.jpg?resize=150%2C150&#038;ssl=1\" alt=\"Frau_Maria_Pfordt\" width=\"150\" height=\"150\" srcset=\"https:\/\/i0.wp.com\/unser-quartier.de\/stadt-bergheim\/files\/2014\/05\/Frau_Maria_Pfordt.jpg?resize=150%2C150&amp;ssl=1 150w, https:\/\/i0.wp.com\/unser-quartier.de\/stadt-bergheim\/files\/2014\/05\/Frau_Maria_Pfordt.jpg?w=200&amp;ssl=1 200w\" sizes=\"auto, (max-width: 150px) 100vw, 150px\" \/><\/i><\/span><\/p>\n<p><span style=\"font-size: 12pt\">Ich freue mich, dass die Bergheimerinnen und Bergheimer jetzt noch mehr \u00fcber die vielen Angebote und Aktivit\u00e4ten von und f\u00fcr Seniorinnen und Senioren in unserer Stadt erfahren k\u00f6nnen. Ich w\u00fcnsche mir, dass viele Menschen diesen innovativen Zugang nutzen und sich \u00fcber das Online-Portal Fachforum Seniorenarbeit Akteure miteinander vernetzen k\u00f6nnen.<\/span><\/p>\n<p><span style=\"font-size: 12pt\"><b>\u00a0<\/b><\/span><\/p>\n<p>&nbsp;<\/p>\n<p>&nbsp;<\/p>\n<p style=\"margin-bottom: 0cm\"><span style=\"font-size: 12pt\"><i><img data-recalc-dims=\"1\" loading=\"lazy\" decoding=\"async\" data-attachment-id=\"2665\" data-permalink=\"https:\/\/unser-quartier.de\/stadt-bergheim\/startseite\/was-ist-das-fachforum-seniorenarbeit-fase\/zitate-zu-fase\/roessler1\/\" data-orig-file=\"https:\/\/i0.wp.com\/unser-quartier.de\/stadt-bergheim\/files\/2014\/05\/R%C3%B6ssler1.jpg?fit=285%2C283&amp;ssl=1\" data-orig-size=\"285,283\" data-comments-opened=\"0\" data-image-meta=\"{&quot;aperture&quot;:&quot;0&quot;,&quot;credit&quot;:&quot;MDuHJK&quot;,&quot;camera&quot;:&quot;&quot;,&quot;caption&quot;:&quot;&quot;,&quot;created_timestamp&quot;:&quot;1379036188&quot;,&quot;copyright&quot;:&quot;&quot;,&quot;focal_length&quot;:&quot;0&quot;,&quot;iso&quot;:&quot;0&quot;,&quot;shutter_speed&quot;:&quot;0&quot;,&quot;title&quot;:&quot;&quot;}\" data-image-title=\"R\u00f6ssler1\" data-image-description=\"\" data-image-caption=\"\" data-medium-file=\"https:\/\/i0.wp.com\/unser-quartier.de\/stadt-bergheim\/files\/2014\/05\/R%C3%B6ssler1.jpg?fit=285%2C283&amp;ssl=1\" data-large-file=\"https:\/\/i0.wp.com\/unser-quartier.de\/stadt-bergheim\/files\/2014\/05\/R%C3%B6ssler1.jpg?fit=285%2C283&amp;ssl=1\" class=\"alignleft wp-image-2665 size-thumbnail\" src=\"https:\/\/i0.wp.com\/unser-quartier.de\/stadt-bergheim\/files\/2014\/05\/R%C3%B6ssler1.jpg?resize=150%2C148&#038;ssl=1\" alt=\"R\u00f6ssler1\" width=\"150\" height=\"148\" srcset=\"https:\/\/i0.wp.com\/unser-quartier.de\/stadt-bergheim\/files\/2014\/05\/R%C3%B6ssler1.jpg?resize=150%2C148&amp;ssl=1 150w, https:\/\/i0.wp.com\/unser-quartier.de\/stadt-bergheim\/files\/2014\/05\/R%C3%B6ssler1.jpg?w=285&amp;ssl=1 285w\" sizes=\"auto, (max-width: 150px) 100vw, 150px\" \/>Kreisstadt Bergheim Klaus-Hermann R\u00f6ssler (Beigeordneter):<\/i><\/span><\/p>\n<p><span style=\"font-size: 12pt\">FaSe gibt den \u00e4lteren Menschen die M\u00f6glichkeit, in unserer Stadt mitzumischen. Hier k\u00f6nnen Sie Ihre Themen \u00f6ffentlich darstellen und diskutieren. Das Online-Portal ist ein wichtiger Schritt, Partizipation und Teilhabe auf neuen Wegen zu st\u00e4rken.<\/span><\/p>\n<p><strong><span style=\"font-size: 12pt\">\u00a0<\/span><\/strong><\/p>\n<p><strong><span style=\"font-size: 12pt\"><br \/>\n<\/span><\/strong><\/p>\n<p>&nbsp;<\/p>\n<p style=\"margin-bottom: 0cm\"><span style=\"font-size: 12pt\"><i><img data-recalc-dims=\"1\" loading=\"lazy\" decoding=\"async\" data-attachment-id=\"2666\" data-permalink=\"https:\/\/unser-quartier.de\/stadt-bergheim\/startseite\/was-ist-das-fachforum-seniorenarbeit-fase\/zitate-zu-fase\/gohde_1-2\/\" data-orig-file=\"https:\/\/i0.wp.com\/unser-quartier.de\/stadt-bergheim\/files\/2014\/05\/Gohde_1.jpg?fit=1000%2C711&amp;ssl=1\" data-orig-size=\"1000,711\" data-comments-opened=\"0\" data-image-meta=\"{&quot;aperture&quot;:&quot;0&quot;,&quot;credit&quot;:&quot;&quot;,&quot;camera&quot;:&quot;&quot;,&quot;caption&quot;:&quot;&quot;,&quot;created_timestamp&quot;:&quot;0&quot;,&quot;copyright&quot;:&quot;&quot;,&quot;focal_length&quot;:&quot;0&quot;,&quot;iso&quot;:&quot;0&quot;,&quot;shutter_speed&quot;:&quot;0&quot;,&quot;title&quot;:&quot;&quot;}\" data-image-title=\"Gohde_1\" data-image-description=\"\" data-image-caption=\"\" data-medium-file=\"https:\/\/i0.wp.com\/unser-quartier.de\/stadt-bergheim\/files\/2014\/05\/Gohde_1.jpg?fit=300%2C213&amp;ssl=1\" data-large-file=\"https:\/\/i0.wp.com\/unser-quartier.de\/stadt-bergheim\/files\/2014\/05\/Gohde_1.jpg?fit=770%2C547&amp;ssl=1\" class=\"alignleft wp-image-2666 size-thumbnail\" src=\"https:\/\/i0.wp.com\/unser-quartier.de\/stadt-bergheim\/files\/2014\/05\/Gohde_1.jpg?resize=150%2C106&#038;ssl=1\" alt=\"Gohde_1\" width=\"150\" height=\"106\" srcset=\"https:\/\/i0.wp.com\/unser-quartier.de\/stadt-bergheim\/files\/2014\/05\/Gohde_1.jpg?resize=150%2C106&amp;ssl=1 150w, https:\/\/i0.wp.com\/unser-quartier.de\/stadt-bergheim\/files\/2014\/05\/Gohde_1.jpg?resize=300%2C213&amp;ssl=1 300w, https:\/\/i0.wp.com\/unser-quartier.de\/stadt-bergheim\/files\/2014\/05\/Gohde_1.jpg?w=1000&amp;ssl=1 1000w\" sizes=\"auto, (max-width: 150px) 100vw, 150px\" \/>Kuratorium Deutscher Altershilfe Dr. h.c. J\u00fcrgen Gohde (Vorstandsvorsitzender):<\/i><\/span><\/p>\n<p>\u00a0<span style=\"font-size: 12pt\">Die Verbreitung und Nutzung neuer medialer Technik in der Seniorenarbeit zeigt einmal mehr ein neues Bild vom Alter. Das digitale Zeitalter ist auch bei den \u00e4lteren Menschen angekommen.<\/span><\/p>\n<p>&nbsp;<\/p>\n<p>&nbsp;<\/p>\n<p style=\"margin-bottom: 0cm\"><span style=\"font-size: 12pt\"><i><img data-recalc-dims=\"1\" loading=\"lazy\" decoding=\"async\" data-attachment-id=\"2668\" data-permalink=\"https:\/\/unser-quartier.de\/stadt-bergheim\/startseite\/was-ist-das-fachforum-seniorenarbeit-fase\/zitate-zu-fase\/hoffmann-382383df-2\/\" data-orig-file=\"https:\/\/i0.wp.com\/unser-quartier.de\/stadt-bergheim\/files\/2014\/05\/hoffmann-382383df.jpg?fit=200%2C134&amp;ssl=1\" data-orig-size=\"200,134\" data-comments-opened=\"0\" data-image-meta=\"{&quot;aperture&quot;:&quot;0&quot;,&quot;credit&quot;:&quot;&quot;,&quot;camera&quot;:&quot;&quot;,&quot;caption&quot;:&quot;&quot;,&quot;created_timestamp&quot;:&quot;0&quot;,&quot;copyright&quot;:&quot;&quot;,&quot;focal_length&quot;:&quot;0&quot;,&quot;iso&quot;:&quot;0&quot;,&quot;shutter_speed&quot;:&quot;0&quot;,&quot;title&quot;:&quot;&quot;}\" data-image-title=\"hoffmann-382383df\" data-image-description=\"\" data-image-caption=\"\" data-medium-file=\"https:\/\/i0.wp.com\/unser-quartier.de\/stadt-bergheim\/files\/2014\/05\/hoffmann-382383df.jpg?fit=200%2C134&amp;ssl=1\" data-large-file=\"https:\/\/i0.wp.com\/unser-quartier.de\/stadt-bergheim\/files\/2014\/05\/hoffmann-382383df.jpg?fit=200%2C134&amp;ssl=1\" class=\"alignleft wp-image-2668\" src=\"https:\/\/i0.wp.com\/unser-quartier.de\/stadt-bergheim\/files\/2014\/05\/hoffmann-382383df.jpg?resize=152%2C137&#038;ssl=1\" alt=\"hoffmann-382383df\" width=\"152\" height=\"137\" \/>Forum Seniorenarbeit NRW Daniel Hoffmann (Projektleitung): <\/i><\/span><\/p>\n<p><span style=\"font-size: 12pt\">Meine Erfahrung mit unterschiedlichen Online-Projekten zeigt: F\u00fcr viele \u00e4ltere Menschen er\u00f6ffnen sich im Internet neue, spannende Welten, die zur Steigerung der Lebensqualit\u00e4t beitragen k\u00f6nnen. Virtuelles Miteinander in lokalen Online-Gemeinschaften ist meistens auch mit reeller Begegnung gekoppelt. Ich w\u00fcnsche mir, dass viele Menschen durch FaSe online gehen und mitgestalten!<\/span><\/p>\n<p style=\"margin-bottom: 0cm\"><span style=\"font-size: 12pt\"><i><img data-recalc-dims=\"1\" loading=\"lazy\" decoding=\"async\" data-attachment-id=\"2667\" data-permalink=\"https:\/\/unser-quartier.de\/stadt-bergheim\/startseite\/was-ist-das-fachforum-seniorenarbeit-fase\/zitate-zu-fase\/hinnneu2011-2\/\" data-orig-file=\"https:\/\/i0.wp.com\/unser-quartier.de\/stadt-bergheim\/files\/2014\/05\/Hinnneu2011.jpg?fit=800%2C665&amp;ssl=1\" data-orig-size=\"800,665\" data-comments-opened=\"0\" data-image-meta=\"{&quot;aperture&quot;:&quot;4.5&quot;,&quot;credit&quot;:&quot;&quot;,&quot;camera&quot;:&quot;Canon EOS 5D Mark II&quot;,&quot;caption&quot;:&quot;&quot;,&quot;created_timestamp&quot;:&quot;1318845314&quot;,&quot;copyright&quot;:&quot;&quot;,&quot;focal_length&quot;:&quot;125&quot;,&quot;iso&quot;:&quot;250&quot;,&quot;shutter_speed&quot;:&quot;0.008&quot;,&quot;title&quot;:&quot;&quot;}\" data-image-title=\"Hinnneu2011\" data-image-description=\"\" data-image-caption=\"\" data-medium-file=\"https:\/\/i0.wp.com\/unser-quartier.de\/stadt-bergheim\/files\/2014\/05\/Hinnneu2011.jpg?fit=300%2C249&amp;ssl=1\" data-large-file=\"https:\/\/i0.wp.com\/unser-quartier.de\/stadt-bergheim\/files\/2014\/05\/Hinnneu2011.jpg?fit=770%2C640&amp;ssl=1\" class=\"alignleft wp-image-2667 size-thumbnail\" src=\"https:\/\/i0.wp.com\/unser-quartier.de\/stadt-bergheim\/files\/2014\/05\/Hinnneu2011.jpg?resize=150%2C124&#038;ssl=1\" alt=\"Hinnneu2011\" width=\"150\" height=\"124\" srcset=\"https:\/\/i0.wp.com\/unser-quartier.de\/stadt-bergheim\/files\/2014\/05\/Hinnneu2011.jpg?resize=150%2C124&amp;ssl=1 150w, https:\/\/i0.wp.com\/unser-quartier.de\/stadt-bergheim\/files\/2014\/05\/Hinnneu2011.jpg?resize=300%2C249&amp;ssl=1 300w, https:\/\/i0.wp.com\/unser-quartier.de\/stadt-bergheim\/files\/2014\/05\/Hinnneu2011.jpg?w=800&amp;ssl=1 800w\" sizes=\"auto, (max-width: 150px) 100vw, 150px\" \/>Bundesarbeitsgemeinschaft Seniorenb\u00fcros Gabriele Hinn (Gesch\u00e4ftsf\u00fchrerin):<\/i><\/span><\/p>\n<ul>\n<li>\n<p style=\"margin-bottom: 0cm\"><span style=\"font-size: 12pt\">Die digitalen Medien er\u00f6ffnen ganz neue Engagementfelder: \u00c4ltere Menschen werden Redakteure, Administratoren und Lernpartner f\u00fcr Menschen, die Unterst\u00fctzung beim Umgang mit dem PC suchen. Ich m\u00f6chte Ihnen Mut machen, dieses Engagementfeld kennen zu lernen!<\/span><\/p>\n<\/li>\n<\/ul>\n<p>&nbsp;<\/p>\n<p>&nbsp;<\/p>\n<p>&nbsp;<\/p>\n<p>&nbsp;<\/p>\n<p>&nbsp;<\/p>\n<p>&nbsp;<\/p>\n<p>&nbsp;<\/p>\n","protected":false},"excerpt":{"rendered":"<p>Kreisstadt Bergheim Maria Pfordt (B\u00fcrgermeisterin): <\/p>\n<p>Ich freue mich, dass die Bergheimerinnen und Bergheimer jetzt noch mehr \u00fcber die vielen Angebote und Aktivit\u00e4ten von und f\u00fcr Seniorinnen und Senioren in unserer Stadt erfahren k\u00f6nnen. Ich w\u00fcnsche mir, dass viele Menschen diesen innovativen Zugang nutzen und sich \u00fcber das Online-Portal Fachforum Seniorenarbeit Akteure miteinander vernetzen k\u00f6nnen.<\/p>\n<p> &hellip; <\/p>\n<p><a class=\"more-link btn\" href=\"https:\/\/unser-quartier.de\/stadt-bergheim\/startseite\/was-ist-das-fachforum-seniorenarbeit-fase\/zitate-zu-fase\/\">Weiterlesen<\/a><\/p>\n","protected":false},"author":48,"featured_media":0,"parent":133,"menu_order":4,"comment_status":"open","ping_status":"open","template":"","meta":{"_bbp_topic_count":0,"_bbp_reply_count":0,"_bbp_total_topic_count":0,"_bbp_total_reply_count":0,"_bbp_voice_count":0,"_bbp_anonymous_reply_count":0,"_bbp_topic_count_hidden":0,"_bbp_reply_count_hidden":0,"_bbp_forum_subforum_count":0,"jetpack_post_was_ever_published":false,"footnotes":""},"class_list":["post-2629","page","type-page","status-publish","hentry","nodate","item-wrap"],"jetpack_sharing_enabled":true,"jetpack_shortlink":"https:\/\/wp.me\/P3vhfJ-Gp","jetpack_likes_enabled":true,"_links":{"self":[{"href":"https:\/\/unser-quartier.de\/stadt-bergheim\/wp-json\/wp\/v2\/pages\/2629","targetHints":{"allow":["GET"]}}],"collection":[{"href":"https:\/\/unser-quartier.de\/stadt-bergheim\/wp-json\/wp\/v2\/pages"}],"about":[{"href":"https:\/\/unser-quartier.de\/stadt-bergheim\/wp-json\/wp\/v2\/types\/page"}],"author":[{"embeddable":true,"href":"https:\/\/unser-quartier.de\/stadt-bergheim\/wp-json\/wp\/v2\/users\/48"}],"replies":[{"embeddable":true,"href":"https:\/\/unser-quartier.de\/stadt-bergheim\/wp-json\/wp\/v2\/comments?post=2629"}],"version-history":[{"count":0,"href":"https:\/\/unser-quartier.de\/stadt-bergheim\/wp-json\/wp\/v2\/pages\/2629\/revisions"}],"up":[{"embeddable":true,"href":"https:\/\/unser-quartier.de\/stadt-bergheim\/wp-json\/wp\/v2\/pages\/133"}],"wp:attachment":[{"href":"https:\/\/unser-quartier.de\/stadt-bergheim\/wp-json\/wp\/v2\/media?parent=2629"}],"curies":[{"name":"wp","href":"https:\/\/api.w.org\/{rel}","templated":true}]}}