{"id":26742,"date":"2018-12-20T21:45:30","date_gmt":"2018-12-20T20:45:30","guid":{"rendered":"https:\/\/unser-quartier.de\/stadt-bergheim\/?page_id=26742"},"modified":"2018-12-20T21:53:52","modified_gmt":"2018-12-20T20:53:52","slug":"tuerchen-23-2","status":"publish","type":"page","link":"https:\/\/unser-quartier.de\/stadt-bergheim\/tuerchen-23-2\/","title":{"rendered":"T\u00fcrchen 23"},"content":{"rendered":"<p style=\"text-align: center;\"><span style=\"font-size: 20px; font-family: arial, helvetica, sans-serif;\">Das T\u00fcrchen 23 ist ge\u00f6ffnet &#8230;<\/span><\/p>\n<p><img data-recalc-dims=\"1\" loading=\"lazy\" decoding=\"async\" data-attachment-id=\"27137\" data-permalink=\"https:\/\/unser-quartier.de\/stadt-bergheim\/tuerchen-23-2\/kerzen\/\" data-orig-file=\"https:\/\/i0.wp.com\/unser-quartier.de\/stadt-bergheim\/files\/2018\/12\/Kerzen.jpg?fit=541%2C340&amp;ssl=1\" data-orig-size=\"541,340\" data-comments-opened=\"0\" data-image-meta=\"{&quot;aperture&quot;:&quot;16&quot;,&quot;credit&quot;:&quot;&quot;,&quot;camera&quot;:&quot;Canon EOS 650D&quot;,&quot;caption&quot;:&quot;&quot;,&quot;created_timestamp&quot;:&quot;0&quot;,&quot;copyright&quot;:&quot;&quot;,&quot;focal_length&quot;:&quot;270&quot;,&quot;iso&quot;:&quot;400&quot;,&quot;shutter_speed&quot;:&quot;0.2&quot;,&quot;title&quot;:&quot;&quot;,&quot;orientation&quot;:&quot;0&quot;}\" data-image-title=\"Kerzen\" data-image-description=\"\" data-image-caption=\"\" data-medium-file=\"https:\/\/i0.wp.com\/unser-quartier.de\/stadt-bergheim\/files\/2018\/12\/Kerzen.jpg?fit=300%2C189&amp;ssl=1\" data-large-file=\"https:\/\/i0.wp.com\/unser-quartier.de\/stadt-bergheim\/files\/2018\/12\/Kerzen.jpg?fit=541%2C340&amp;ssl=1\" class=\"alignnone size-medium wp-image-27137 aligncenter\" src=\"https:\/\/i0.wp.com\/unser-quartier.de\/stadt-bergheim\/files\/2018\/12\/Kerzen.jpg?resize=300%2C189&#038;ssl=1\" alt=\"\" width=\"300\" height=\"189\" srcset=\"https:\/\/i0.wp.com\/unser-quartier.de\/stadt-bergheim\/files\/2018\/12\/Kerzen.jpg?resize=300%2C189&amp;ssl=1 300w, https:\/\/i0.wp.com\/unser-quartier.de\/stadt-bergheim\/files\/2018\/12\/Kerzen.jpg?resize=150%2C94&amp;ssl=1 150w, https:\/\/i0.wp.com\/unser-quartier.de\/stadt-bergheim\/files\/2018\/12\/Kerzen.jpg?w=541&amp;ssl=1 541w\" sizes=\"auto, (max-width: 300px) 100vw, 300px\" \/><\/p>\n<p style=\"text-align: center;\"><span style=\"font-size: 24px;\"><strong>Die vierte Kerze brennt! Vierter Advent!<\/strong><\/span><\/p>\n<div class=\"gmail_default\" style=\"text-align: center;\"><span style=\"font-size: 24px;\"><strong><span style=\"font-family: arial,helvetica,sans-serif;\">Die vier Kerzen<\/span><\/strong><\/span><\/div>\n<div class=\"gmail_default\" style=\"text-align: center;\"><span style=\"font-family: arial,helvetica,sans-serif; font-size: 20px;\">.<\/span><\/div>\n<div class=\"gmail_default\">\n<div class=\"gmail_default\" style=\"text-align: center;\"><span style=\"font-family: arial,helvetica,sans-serif; font-size: 20px;\">Vier Kerzen brannten am Adventskranz. Es war still. So still, dass man h\u00f6rte, wie die Kerzen zu reden begannen.\u00a0<\/span><\/div>\n<div class=\"gmail_default\" style=\"text-align: center;\"><\/div>\n<div class=\"gmail_default\" style=\"text-align: center;\"><span style=\"font-family: arial,helvetica,sans-serif; font-size: 20px;\">Die erste Kerze seufzte und sagte: &#8220;Ich hei\u00dfe Frieden. Mein Licht leuchtet, aber die Menschen halten keinen Frieden, sie wollen mich nicht.&#8221; Ihr Licht wurde immer kleiner und erlosch schlie\u00dflich ganz.\u00a0<\/span><\/div>\n<div class=\"gmail_default\" style=\"text-align: center;\"><\/div>\n<div class=\"gmail_default\" style=\"text-align: center;\"><span style=\"font-family: arial,helvetica,sans-serif; font-size: 20px;\">Die zweite Kerze flackerte und flackerte und sagte:\u00a0 &#8220;Ich hei\u00dfe Glauben.\u00a0 Auch ich bin \u00fcberfl\u00fcssig. Die Menschen wollen von Gott nichts wissen. Es hat keinen Sinn mehr, dass ich brenne.&#8221; Ein Luftzug wehte durch den Raum und die Kerze war aus.\u00a0<\/span><\/div>\n<div class=\"gmail_default\" style=\"text-align: center;\"><\/div>\n<div class=\"gmail_default\" style=\"text-align: center;\"><span style=\"font-family: arial,helvetica,sans-serif; font-size: 20px;\">Leise und sehr traurig meldete sich nun die dritte Kerze zu Wort:\u00a0 &#8220;Ich hei\u00dfe Liebe. Ich habe keine Kraft mehr zu brennen. Die Menschen stellen mich an die Seite. Sie sehen nur sich selbst und nicht die anderen, die sie lieb haben sollen.&#8221; Und mit einem letzten Aufflackern war auch dieses Licht ausgel\u00f6scht.\u00a0<\/span><\/div>\n<div class=\"gmail_default\" style=\"text-align: center;\"><\/div>\n<div class=\"gmail_default\" style=\"text-align: center;\"><span style=\"font-family: arial,helvetica,sans-serif; font-size: 20px;\">Dann kam ein Kind ins Zimmer. Es schaute die Kerzen an und sagte:\u00a0 &#8220;Aber, aber, ihr sollt doch brennen und nicht aus sein!&#8221; Und es fing an zu weinen.\u00a0<\/span><\/div>\n<div class=\"gmail_default\" style=\"text-align: center;\"><\/div>\n<div class=\"gmail_default\" style=\"text-align: center;\"><span style=\"font-family: arial,helvetica,sans-serif; font-size: 20px;\">Da meldete sich auch die vierte Kerze zu Wort. Sie sagte:\u00a0 &#8220;Hab&#8217; keine Angst! Solange ich brenne, k\u00f6nnen wir auch die anderen Kerzen wieder anz\u00fcnden. Ich hei\u00dfe Hoffnung.&#8221;\u00a0<\/span><\/div>\n<div class=\"gmail_default\" style=\"text-align: center;\"><\/div>\n<div class=\"gmail_default\" style=\"text-align: center;\"><span style=\"font-family: arial,helvetica,sans-serif; font-size: 20px;\">Mit einem Streichholz nahm das Kind ein Licht von der Kerze und z\u00fcndete die anderen Kerzen wieder an.\u00a0<\/span><\/div>\n<div class=\"gmail_default\" style=\"text-align: center;\"><span style=\"font-family: arial,helvetica,sans-serif; font-size: 20px;\">.<\/span><\/div>\n<div class=\"gmail_default\" style=\"text-align: center;\"><span style=\"font-family: arial,helvetica,sans-serif; font-size: 20px;\">Netzfund<\/span><\/div>\n<\/div>\n<p>&nbsp;<\/p>\n<p><span style=\"font-family: arial,helvetica,sans-serif; font-size: 20px;\">Und noch eine sch\u00f6ne Geschichte \u00fcber Weihnachten (1 und 2)<\/span><\/p>\n<p><span style=\"font-size: 20px; font-family: arial, helvetica, sans-serif;\">Perfekte Weihnachten 1<\/span><\/p>\n<p><span style=\"font-size: 20px; font-family: arial, helvetica, sans-serif;\">In diesem Jahr wird alles perfekt. Da bin ich ganz sicher. Ich habe alles vorbereitet f\u00fcr meine Familie. Lucy bekommt etwas zum Anziehen, am besten einen Gutschein von einem ihrer Lieblingsl\u00e4den. Das kann sie immer gebrauchen und ich muss nicht m\u00fchsam etwas aussuchen. Eine Vierzehnj\u00e4hrige ist ja so kompliziert. Und f\u00fcr Thomas w\u00e4re etwas f\u00fcr seine Spielekonsole gut. Ich habe keine Ahnung, was er so spielt, aber er kann sich selbst etwas aussuchen. Das Einfachste ist, ich schenke ihm auch einen Gutschein. Damit ist ihm am meisten gedient \u2013 und ich kaufe nichts, das ich dann hinterher umtauschen muss. Das macht nur unn\u00f6tig Arbeit. Hmm, was mache ich f\u00fcr meinen Mann? Ich glaube, eine neue Digitalkamera w\u00e4re gut. Er sagt ja immer, dass ihm seine zu kompliziert ist und sie f\u00fcr wirklich gute Bilder nicht das Richtige ist. Aber bei Kameras gibt es bestimmt viel Auswahl und ich m\u00fcsste mich ausgiebig beraten lassen. Vielleicht ist am besten, er sucht sich selbst eine Kamera aus: also Gutschein. Meine Eltern und Schwiegereltern kommen auch, aber da mache ich nur eine Kleinigkeit. Alte Leute gehen ja dauernd in die Apotheke. Das ist nicht problematisch, ich besorge einen Gutschein und fertig. So ist es prima, das Thema \u201eGeschenke\u201c ist perfekt abgearbeitet.<\/span><\/p>\n<p><span style=\"font-size: 20px; font-family: arial, helvetica, sans-serif;\">Essen. Was mache ich zu essen? Stefan m\u00f6chte immer Ente. Ohne Ente ist es f\u00fcr ihn kein richtiges Weihnachten, sagt er immer. Und seine Mutter macht eine wunderbare Ente. Das ist nat\u00fcrlich ein kleines Problem, denn ich mag keine Ente und au\u00dferdem macht die Zubereitung sehr viel Arbeit. In meiner Familie gab es am Heiligen Abend immer Kartoffelsalat und W\u00fcrstchen. Weil wir vorher alle in die Kirche gingen. Wir werden zwar sicher nicht in die Kirche gehen, aber es ist auch keinem damit gedient, wenn ich am Feiertag v\u00f6llig gestresst bin. Ich besorge also W\u00fcrstchen und Kartoffelsalat. Der Metzger nebenan hat einen guten, da merkt niemand, dass er nicht selbstgemacht ist und ich spare mir die Arbeit. Das wird perfekt.<\/span><\/p>\n<p><span style=\"font-size: 20px; font-family: arial, helvetica, sans-serif;\">Weihnachtsbaum. Kugeln und eine Lichterkette habe ich noch, einen neuen Baum brauche ich nat\u00fcrlich. Brauche ich einen Baum? Die Kinder sind ja schon gro\u00df und so ein Baum ist eigentlich nur im Weg. Ich werde Zweige nehmen. Im G\u00e4stezimmer habe ich noch welche, mit Lichterkette und Kugeln sieht das doch auch weihnachtlich aus. Wunderbar, wieder etwas perfekt erledigt. Die Weihnachtsplanung steht.<\/span><\/p>\n<p><span style=\"font-size: 20px; font-family: arial, helvetica, sans-serif;\">Ich wei\u00df gar nicht, was sich die Leute immer f\u00fcr einen Weihnachtsstress machen. Ich habe alles perfekt organisiert. Nicht so wie die Kollegin L\u00fcdtke, die schon seit drei Wochen v\u00f6llig aus dem H\u00e4uschen ist. Dauernd bastelt sie irgendetwas, oder sie backt Kekse, oder sie sucht ein ganz besonderes Geschenk f\u00fcr ihre Kinder oder ihren Mann. Im n\u00e4chsten Jahr sage ich ihr einmal, wie man Weihnachten perfekt macht.<\/span><\/p>\n<p><span style=\"font-size: 20px; font-family: arial, helvetica, sans-serif;\">Das Fest der Liebe ist da. Meine Eltern kamen schon zum Mittagessen. Stefans Eltern sind da etwas r\u00fccksichtsvoller und tauchen erst am Nachmittag auf. Sie haben Stollen mitgebracht. Wir essen also Stollen und trinken Kaffee. Und was gibt es Neues? Eine rein rhetorische Frage, denn es gibt immer wieder die alten Geschichten. Ich glaube, alle sind froh, dass mein Vater einen sch\u00f6nen Spaziergang vorschl\u00e4gt. Wir gehen also durch unsere Siedlung. Es sieht wirklich sch\u00f6n aus. Viele Nachbarn haben Lichterketten in den G\u00e4rten, es funkelt. Die Kirche ist hell erleuchtet und sieht irgendwie einladend aus. Aber wir k\u00f6nnen da jetzt nicht reingehen, sonst wird es zu sp\u00e4t mit der Bescherung. Und sicher will auch keiner von den anderen in den Gottesdienst gehen. Daf\u00fcr haben wir wirklich keine Zeit. Langsam gehen wir zur\u00fcck. Unser Haus ist dunkel. Ich schaue erwartungsvoll zu Stefan, er soll endlich aufschlie\u00dfen, mir wird kalt.<\/span><\/p>\n<p><span style=\"font-size: 20px; font-family: arial, helvetica, sans-serif;\">Aus, vorbei. Mein perfektes Weihnachten ist erledigt.<\/span><\/p>\n<p><span style=\"font-size: 20px;\">gesehen auf www.weihnachtswuensche.com<\/span><\/p>\n","protected":false},"excerpt":{"rendered":"<p style=\"text-align: center;\">Das T\u00fcrchen 23 ist ge\u00f6ffnet &#8230;<\/p>\n<\/p>\n<p style=\"text-align: center;\"><strong>Die vierte Kerze brennt! Vierter Advent!<\/strong><\/p>\n<p> <strong>Die vier Kerzen<\/strong> . Vier Kerzen brannten am Adventskranz. Es war still. So still, dass man h\u00f6rte, wie die Kerzen zu reden begannen.\u00a0 Die erste Kerze seufzte und sagte: &#8220;Ich hei\u00dfe Frieden. Mein Licht leuchtet, aber die Menschen &hellip; <\/p>\n<p><a class=\"more-link btn\" href=\"https:\/\/unser-quartier.de\/stadt-bergheim\/tuerchen-23-2\/\">Weiterlesen<\/a><\/p>\n","protected":false},"author":48,"featured_media":0,"parent":0,"menu_order":0,"comment_status":"closed","ping_status":"closed","template":"","meta":{"_bbp_topic_count":0,"_bbp_reply_count":0,"_bbp_total_topic_count":0,"_bbp_total_reply_count":0,"_bbp_voice_count":0,"_bbp_anonymous_reply_count":0,"_bbp_topic_count_hidden":0,"_bbp_reply_count_hidden":0,"_bbp_forum_subforum_count":0,"jetpack_post_was_ever_published":false,"footnotes":""},"class_list":["post-26742","page","type-page","status-publish","hentry","nodate","item-wrap"],"jetpack_sharing_enabled":true,"jetpack_shortlink":"https:\/\/wp.me\/P3vhfJ-6Xk","jetpack_likes_enabled":true,"_links":{"self":[{"href":"https:\/\/unser-quartier.de\/stadt-bergheim\/wp-json\/wp\/v2\/pages\/26742","targetHints":{"allow":["GET"]}}],"collection":[{"href":"https:\/\/unser-quartier.de\/stadt-bergheim\/wp-json\/wp\/v2\/pages"}],"about":[{"href":"https:\/\/unser-quartier.de\/stadt-bergheim\/wp-json\/wp\/v2\/types\/page"}],"author":[{"embeddable":true,"href":"https:\/\/unser-quartier.de\/stadt-bergheim\/wp-json\/wp\/v2\/users\/48"}],"replies":[{"embeddable":true,"href":"https:\/\/unser-quartier.de\/stadt-bergheim\/wp-json\/wp\/v2\/comments?post=26742"}],"version-history":[{"count":0,"href":"https:\/\/unser-quartier.de\/stadt-bergheim\/wp-json\/wp\/v2\/pages\/26742\/revisions"}],"wp:attachment":[{"href":"https:\/\/unser-quartier.de\/stadt-bergheim\/wp-json\/wp\/v2\/media?parent=26742"}],"curies":[{"name":"wp","href":"https:\/\/api.w.org\/{rel}","templated":true}]}}