{"id":2695,"date":"2014-06-01T15:51:34","date_gmt":"2014-06-01T13:51:34","guid":{"rendered":"http:\/\/unser-quartier.de\/stadt-bergheim\/?page_id=2695"},"modified":"2015-03-21T11:38:55","modified_gmt":"2015-03-21T10:38:55","slug":"rundpflug-einer-bergheimerin-ueber-bergheim","status":"publish","type":"page","link":"https:\/\/unser-quartier.de\/stadt-bergheim\/startseite\/bilder\/bergheim-mitte\/rundpflug-einer-bergheimerin-ueber-bergheim\/","title":{"rendered":"Rundflug einer Bergheimerin \u00fcber Bergheim"},"content":{"rendered":"<p><span style=\"font-size: 12pt\">Ich habe von Freunden einen Rundflug in einem kleinen Motorflugzeug geschenkt bekommen.Der Flughafen Erkelenz-K\u00fcckhoven war \u00fcber die A61 leicht zu erreichen.<\/span><\/p>\n<p><span style=\"font-size: 12pt\">Mit viel Vorfreude aber auch mit Spannung ging es los. Das Wetter war sch\u00f6n.<br \/>\nEs war ein leichter Zweisitzer, ich sa\u00df neben den Piloten und der Rundum-Blick war perfekt. Bei dem Start \u00fcber die Gras-Piste wurde mir etwas mulmig. Der Flugplatz verschwand unter uns und in der Luft f\u00fchlte ich mich leicht wie ein Vogel. An das Schaukeln gew\u00f6hnte ich mich schnell. Wir flogen zun\u00e4chst \u00fcber ein Braunkohlewerk, ich glaube es war Weisweiler. Die gro\u00dfen Bagger sahen wie Spielzeugteile aus und ich sah die Braunkohle auf den F\u00f6rderb\u00e4ndern flie\u00dfen, die arbeiten wohl auch\u00a0sonntags dachte ich bei mir. Es war so spannend!<\/span><\/p>\n<p><span style=\"font-size: 12pt\">Die Felder sahen wie Stoff-L\u00e4ppchen aus, das ganze erinnerte mich an eine gr\u00fcn-braune Patchworkdecke. Fu\u00dfballfelder, Tennisfelder und einen Golfplatz konnte man erkennen. Alle Menschen darauf sahen aus wie kleine Insekten, Wir flogen \u00fcber D\u00f6rfer und \u00fcber die Stadt M\u00f6nchengladbach. Ich bat den Piloten \u00fcber Bergheim fliegen zu d\u00fcrfen. \u00a0OK er wollte!! Nachdem er die Genehmigung daf\u00fcr eingeholt hatte steuerten wir Bergheim an. \u201eDas ist\u00a0Bergheim\u201c sagte er und zeigte nach unten. Ich strengte mich an, die Stra\u00dfen zu erkennen, aber es gelang mir nicht einen Bezugspunkt zu finden. Ich wollte doch von Bergheim Fotos machen. Etwas entt\u00e4uscht flogen wir weiter zum n\u00e4chsten Ort.<br \/>\nDann auf einmal sah ich unverkennbar das Medio, wie ein gro\u00dfes Schiff gl\u00e4nzte es in der Sonne. Ich rief aufgeregt, \u201eDa, das \u00a0ist Bergheim\u201c!<br \/>\nDer Pilot kannte sich offenbar nicht so gut aus wie ich. Nun hatte ich meinen Bezugspunkt. Wir flogen drei Runden \u00fcber die Stadt und ich erkannte vieles wieder. Leider sind nicht alle Fotos sch\u00f6n\u00a0geworden. Schade!<\/span><\/p>\n<p><span style=\"font-size: 12pt\">Dann flogen wir zur\u00fcck zum Flughafen. Die Landung \u00fcber die Graspiste gelang wunderbar. Ich war gl\u00fccklich wieder festen Boden unter den Fu\u00dfen zu haben. Den ganzen Tagen f\u00fchlte ich mich noch auf \u00a0Wolken. Bergheim ist so sch\u00f6n!!!!<\/span><\/p>\n<p>von Margriet Dreyer<\/p>\n<p>&nbsp;<\/p>\n<div class=\"tiled-gallery type-rectangular tiled-gallery-unresized\" data-original-width=\"770\" data-carousel-extra='{&quot;blog_id&quot;:38,&quot;permalink&quot;:&quot;https:\\\/\\\/unser-quartier.de\\\/stadt-bergheim\\\/startseite\\\/bilder\\\/bergheim-mitte\\\/rundpflug-einer-bergheimerin-ueber-bergheim\\\/&quot;,&quot;likes_blog_id&quot;:51783499}' itemscope itemtype=\"http:\/\/schema.org\/ImageGallery\" > <div class=\"gallery-row\" style=\"width: 770px; height: 218px;\" data-original-width=\"770\" data-original-height=\"218\" > <div class=\"gallery-group images-1\" style=\"width: 385px; height: 218px;\" data-original-width=\"385\" data-original-height=\"218\" > <div class=\"tiled-gallery-item tiled-gallery-item-large\" itemprop=\"associatedMedia\" itemscope itemtype=\"http:\/\/schema.org\/ImageObject\"> <a href=\"https:\/\/unser-quartier.de\/stadt-bergheim\/startseite\/bilder\/bergheim-mitte\/rundpflug-einer-bergheimerin-ueber-bergheim\/rundflug1-6-14-3\/\" border=\"0\" itemprop=\"url\"> <meta itemprop=\"width\" content=\"381\"> <meta itemprop=\"height\" content=\"214\"> <img decoding=\"async\" class=\"\" data-attachment-id=\"2696\" data-orig-file=\"https:\/\/unser-quartier.de\/stadt-bergheim\/files\/2014\/06\/Rundflug1-6-14-3.jpg\" data-orig-size=\"3072,1728\" data-comments-opened=\"\" data-image-meta=\"{&quot;aperture&quot;:&quot;5.1&quot;,&quot;credit&quot;:&quot;&quot;,&quot;camera&quot;:&quot;KODAK EASYSHARE M763 DIGITAL CAMERA&quot;,&quot;caption&quot;:&quot;&quot;,&quot;created_timestamp&quot;:&quot;1401624297&quot;,&quot;copyright&quot;:&quot;&quot;,&quot;focal_length&quot;:&quot;17.1&quot;,&quot;iso&quot;:&quot;210&quot;,&quot;shutter_speed&quot;:&quot;0.007791&quot;,&quot;title&quot;:&quot;&quot;}\" data-image-title=\"Rundflug1-6-14 (3)\" data-image-description=\"\" data-medium-file=\"https:\/\/i0.wp.com\/unser-quartier.de\/stadt-bergheim\/files\/2014\/06\/Rundflug1-6-14-3.jpg?fit=300%2C168&#038;ssl=1\" data-large-file=\"https:\/\/i0.wp.com\/unser-quartier.de\/stadt-bergheim\/files\/2014\/06\/Rundflug1-6-14-3.jpg?fit=770%2C433&#038;ssl=1\" src=\"https:\/\/i0.wp.com\/unser-quartier.de\/stadt-bergheim\/files\/2014\/06\/Rundflug1-6-14-3.jpg?w=381&#038;h=214&#038;ssl=1\" srcset=\"https:\/\/i0.wp.com\/unser-quartier.de\/stadt-bergheim\/files\/2014\/06\/Rundflug1-6-14-3.jpg?w=3072&amp;ssl=1 3072w, https:\/\/i0.wp.com\/unser-quartier.de\/stadt-bergheim\/files\/2014\/06\/Rundflug1-6-14-3.jpg?resize=150%2C84&amp;ssl=1 150w, https:\/\/i0.wp.com\/unser-quartier.de\/stadt-bergheim\/files\/2014\/06\/Rundflug1-6-14-3.jpg?resize=300%2C168&amp;ssl=1 300w, https:\/\/i0.wp.com\/unser-quartier.de\/stadt-bergheim\/files\/2014\/06\/Rundflug1-6-14-3.jpg?resize=1024%2C576&amp;ssl=1 1024w, https:\/\/i0.wp.com\/unser-quartier.de\/stadt-bergheim\/files\/2014\/06\/Rundflug1-6-14-3.jpg?w=1540&amp;ssl=1 1540w, https:\/\/i0.wp.com\/unser-quartier.de\/stadt-bergheim\/files\/2014\/06\/Rundflug1-6-14-3.jpg?w=2310&amp;ssl=1 2310w\" width=\"381\" height=\"214\" loading=\"lazy\" data-original-width=\"381\" data-original-height=\"214\" itemprop=\"http:\/\/schema.org\/image\" title=\"Rundflug1-6-14 (3)\" alt=\"Oberau\u00dfem\" style=\"width: 381px; height: 214px;\" \/> <\/a> <div class=\"tiled-gallery-caption\" itemprop=\"caption description\"> Oberau\u00dfem <\/div> <\/div> <\/div> <!-- close group --> <div class=\"gallery-group images-1\" style=\"width: 385px; height: 218px;\" data-original-width=\"385\" data-original-height=\"218\" > <div class=\"tiled-gallery-item tiled-gallery-item-large\" itemprop=\"associatedMedia\" itemscope itemtype=\"http:\/\/schema.org\/ImageObject\"> <a href=\"https:\/\/unser-quartier.de\/stadt-bergheim\/startseite\/bilder\/bergheim-mitte\/rundpflug-einer-bergheimerin-ueber-bergheim\/rundflug1-6-14-4\/\" border=\"0\" itemprop=\"url\"> <meta itemprop=\"width\" content=\"381\"> <meta itemprop=\"height\" content=\"214\"> <img decoding=\"async\" class=\"\" data-attachment-id=\"2697\" data-orig-file=\"https:\/\/unser-quartier.de\/stadt-bergheim\/files\/2014\/06\/Rundflug1-6-14-4.jpg\" data-orig-size=\"3072,1728\" data-comments-opened=\"\" data-image-meta=\"{&quot;aperture&quot;:&quot;5.1&quot;,&quot;credit&quot;:&quot;&quot;,&quot;camera&quot;:&quot;KODAK EASYSHARE M763 DIGITAL CAMERA&quot;,&quot;caption&quot;:&quot;&quot;,&quot;created_timestamp&quot;:&quot;1401624452&quot;,&quot;copyright&quot;:&quot;&quot;,&quot;focal_length&quot;:&quot;17.1&quot;,&quot;iso&quot;:&quot;80&quot;,&quot;shutter_speed&quot;:&quot;0.004788&quot;,&quot;title&quot;:&quot;&quot;}\" data-image-title=\"Rundflug1-6-14 (4)\" data-image-description=\"\" data-medium-file=\"https:\/\/i0.wp.com\/unser-quartier.de\/stadt-bergheim\/files\/2014\/06\/Rundflug1-6-14-4.jpg?fit=300%2C168&#038;ssl=1\" data-large-file=\"https:\/\/i0.wp.com\/unser-quartier.de\/stadt-bergheim\/files\/2014\/06\/Rundflug1-6-14-4.jpg?fit=770%2C433&#038;ssl=1\" src=\"https:\/\/i0.wp.com\/unser-quartier.de\/stadt-bergheim\/files\/2014\/06\/Rundflug1-6-14-4.jpg?w=381&#038;h=214&#038;ssl=1\" srcset=\"https:\/\/i0.wp.com\/unser-quartier.de\/stadt-bergheim\/files\/2014\/06\/Rundflug1-6-14-4.jpg?w=3072&amp;ssl=1 3072w, https:\/\/i0.wp.com\/unser-quartier.de\/stadt-bergheim\/files\/2014\/06\/Rundflug1-6-14-4.jpg?resize=150%2C84&amp;ssl=1 150w, https:\/\/i0.wp.com\/unser-quartier.de\/stadt-bergheim\/files\/2014\/06\/Rundflug1-6-14-4.jpg?resize=300%2C168&amp;ssl=1 300w, https:\/\/i0.wp.com\/unser-quartier.de\/stadt-bergheim\/files\/2014\/06\/Rundflug1-6-14-4.jpg?resize=1024%2C576&amp;ssl=1 1024w, https:\/\/i0.wp.com\/unser-quartier.de\/stadt-bergheim\/files\/2014\/06\/Rundflug1-6-14-4.jpg?w=1540&amp;ssl=1 1540w, https:\/\/i0.wp.com\/unser-quartier.de\/stadt-bergheim\/files\/2014\/06\/Rundflug1-6-14-4.jpg?w=2310&amp;ssl=1 2310w\" width=\"381\" height=\"214\" loading=\"lazy\" data-original-width=\"381\" data-original-height=\"214\" itemprop=\"http:\/\/schema.org\/image\" title=\"Rundflug1-6-14 (4)\" alt=\"Bergheim\" style=\"width: 381px; height: 214px;\" \/> <\/a> <div class=\"tiled-gallery-caption\" itemprop=\"caption description\"> Bergheim <\/div> <\/div> <\/div> <!-- close group --> <\/div> <!-- close row --> <div class=\"gallery-row\" style=\"width: 770px; height: 218px;\" data-original-width=\"770\" data-original-height=\"218\" > <div class=\"gallery-group images-1\" style=\"width: 385px; height: 218px;\" data-original-width=\"385\" data-original-height=\"218\" > <div class=\"tiled-gallery-item tiled-gallery-item-large\" itemprop=\"associatedMedia\" itemscope itemtype=\"http:\/\/schema.org\/ImageObject\"> <a href=\"https:\/\/unser-quartier.de\/stadt-bergheim\/startseite\/bilder\/bergheim-mitte\/rundpflug-einer-bergheimerin-ueber-bergheim\/rundflug1-6-14-5\/\" border=\"0\" itemprop=\"url\"> <meta itemprop=\"width\" content=\"381\"> <meta itemprop=\"height\" content=\"214\"> <img decoding=\"async\" class=\"\" data-attachment-id=\"2698\" data-orig-file=\"https:\/\/unser-quartier.de\/stadt-bergheim\/files\/2014\/06\/Rundflug1-6-14-5.jpg\" data-orig-size=\"3072,1728\" data-comments-opened=\"\" data-image-meta=\"{&quot;aperture&quot;:&quot;5.1&quot;,&quot;credit&quot;:&quot;&quot;,&quot;camera&quot;:&quot;KODAK EASYSHARE M763 DIGITAL CAMERA&quot;,&quot;caption&quot;:&quot;&quot;,&quot;created_timestamp&quot;:&quot;1401624466&quot;,&quot;copyright&quot;:&quot;&quot;,&quot;focal_length&quot;:&quot;17.1&quot;,&quot;iso&quot;:&quot;80&quot;,&quot;shutter_speed&quot;:&quot;0.005193&quot;,&quot;title&quot;:&quot;&quot;}\" data-image-title=\"Rundflug1-6-14 (5)\" data-image-description=\"\" data-medium-file=\"https:\/\/i0.wp.com\/unser-quartier.de\/stadt-bergheim\/files\/2014\/06\/Rundflug1-6-14-5.jpg?fit=300%2C168&#038;ssl=1\" data-large-file=\"https:\/\/i0.wp.com\/unser-quartier.de\/stadt-bergheim\/files\/2014\/06\/Rundflug1-6-14-5.jpg?fit=770%2C433&#038;ssl=1\" src=\"https:\/\/i0.wp.com\/unser-quartier.de\/stadt-bergheim\/files\/2014\/06\/Rundflug1-6-14-5.jpg?w=381&#038;h=214&#038;ssl=1\" srcset=\"https:\/\/i0.wp.com\/unser-quartier.de\/stadt-bergheim\/files\/2014\/06\/Rundflug1-6-14-5.jpg?w=3072&amp;ssl=1 3072w, https:\/\/i0.wp.com\/unser-quartier.de\/stadt-bergheim\/files\/2014\/06\/Rundflug1-6-14-5.jpg?resize=150%2C84&amp;ssl=1 150w, https:\/\/i0.wp.com\/unser-quartier.de\/stadt-bergheim\/files\/2014\/06\/Rundflug1-6-14-5.jpg?resize=300%2C168&amp;ssl=1 300w, https:\/\/i0.wp.com\/unser-quartier.de\/stadt-bergheim\/files\/2014\/06\/Rundflug1-6-14-5.jpg?resize=1024%2C576&amp;ssl=1 1024w, https:\/\/i0.wp.com\/unser-quartier.de\/stadt-bergheim\/files\/2014\/06\/Rundflug1-6-14-5.jpg?w=1540&amp;ssl=1 1540w, https:\/\/i0.wp.com\/unser-quartier.de\/stadt-bergheim\/files\/2014\/06\/Rundflug1-6-14-5.jpg?w=2310&amp;ssl=1 2310w\" width=\"381\" height=\"214\" loading=\"lazy\" data-original-width=\"381\" data-original-height=\"214\" itemprop=\"http:\/\/schema.org\/image\" title=\"Rundflug1-6-14 (5)\" alt=\"Bergheim\" style=\"width: 381px; height: 214px;\" \/> <\/a> <div class=\"tiled-gallery-caption\" itemprop=\"caption description\"> Bergheim <\/div> <\/div> <\/div> <!-- close group --> <div class=\"gallery-group images-1\" style=\"width: 385px; height: 218px;\" data-original-width=\"385\" data-original-height=\"218\" > <div class=\"tiled-gallery-item tiled-gallery-item-large\" itemprop=\"associatedMedia\" itemscope itemtype=\"http:\/\/schema.org\/ImageObject\"> <a href=\"https:\/\/unser-quartier.de\/stadt-bergheim\/startseite\/bilder\/bergheim-mitte\/rundpflug-einer-bergheimerin-ueber-bergheim\/rundflug1-6-14-6\/\" border=\"0\" itemprop=\"url\"> <meta itemprop=\"width\" content=\"381\"> <meta itemprop=\"height\" content=\"214\"> <img decoding=\"async\" class=\"\" data-attachment-id=\"2699\" data-orig-file=\"https:\/\/unser-quartier.de\/stadt-bergheim\/files\/2014\/06\/Rundflug1-6-14-6.jpg\" data-orig-size=\"3072,1728\" data-comments-opened=\"\" data-image-meta=\"{&quot;aperture&quot;:&quot;5.1&quot;,&quot;credit&quot;:&quot;&quot;,&quot;camera&quot;:&quot;KODAK EASYSHARE M763 DIGITAL CAMERA&quot;,&quot;caption&quot;:&quot;&quot;,&quot;created_timestamp&quot;:&quot;1401624488&quot;,&quot;copyright&quot;:&quot;&quot;,&quot;focal_length&quot;:&quot;17.1&quot;,&quot;iso&quot;:&quot;80&quot;,&quot;shutter_speed&quot;:&quot;0.005482&quot;,&quot;title&quot;:&quot;&quot;}\" data-image-title=\"Rundflug1-6-14 (6)\" data-image-description=\"\" data-medium-file=\"https:\/\/i0.wp.com\/unser-quartier.de\/stadt-bergheim\/files\/2014\/06\/Rundflug1-6-14-6.jpg?fit=300%2C168&#038;ssl=1\" data-large-file=\"https:\/\/i0.wp.com\/unser-quartier.de\/stadt-bergheim\/files\/2014\/06\/Rundflug1-6-14-6.jpg?fit=770%2C433&#038;ssl=1\" src=\"https:\/\/i0.wp.com\/unser-quartier.de\/stadt-bergheim\/files\/2014\/06\/Rundflug1-6-14-6.jpg?w=381&#038;h=214&#038;ssl=1\" srcset=\"https:\/\/i0.wp.com\/unser-quartier.de\/stadt-bergheim\/files\/2014\/06\/Rundflug1-6-14-6.jpg?w=3072&amp;ssl=1 3072w, https:\/\/i0.wp.com\/unser-quartier.de\/stadt-bergheim\/files\/2014\/06\/Rundflug1-6-14-6.jpg?resize=150%2C84&amp;ssl=1 150w, https:\/\/i0.wp.com\/unser-quartier.de\/stadt-bergheim\/files\/2014\/06\/Rundflug1-6-14-6.jpg?resize=300%2C168&amp;ssl=1 300w, https:\/\/i0.wp.com\/unser-quartier.de\/stadt-bergheim\/files\/2014\/06\/Rundflug1-6-14-6.jpg?resize=1024%2C576&amp;ssl=1 1024w, https:\/\/i0.wp.com\/unser-quartier.de\/stadt-bergheim\/files\/2014\/06\/Rundflug1-6-14-6.jpg?w=1540&amp;ssl=1 1540w, https:\/\/i0.wp.com\/unser-quartier.de\/stadt-bergheim\/files\/2014\/06\/Rundflug1-6-14-6.jpg?w=2310&amp;ssl=1 2310w\" width=\"381\" height=\"214\" loading=\"lazy\" data-original-width=\"381\" data-original-height=\"214\" itemprop=\"http:\/\/schema.org\/image\" title=\"Rundflug1-6-14 (6)\" alt=\"Medio und Rathaus\" style=\"width: 381px; height: 214px;\" \/> <\/a> <div class=\"tiled-gallery-caption\" itemprop=\"caption description\"> Medio und Rathaus <\/div> <\/div> <\/div> <!-- close group --> <\/div> <!-- close row --> <div class=\"gallery-row\" style=\"width: 770px; height: 218px;\" data-original-width=\"770\" data-original-height=\"218\" > <div class=\"gallery-group images-1\" style=\"width: 385px; height: 218px;\" data-original-width=\"385\" data-original-height=\"218\" > <div class=\"tiled-gallery-item tiled-gallery-item-large\" itemprop=\"associatedMedia\" itemscope itemtype=\"http:\/\/schema.org\/ImageObject\"> <a href=\"https:\/\/unser-quartier.de\/stadt-bergheim\/startseite\/bilder\/bergheim-mitte\/rundpflug-einer-bergheimerin-ueber-bergheim\/rundflug1-6-14-7\/\" border=\"0\" itemprop=\"url\"> <meta itemprop=\"width\" content=\"381\"> <meta itemprop=\"height\" content=\"214\"> <img decoding=\"async\" class=\"\" data-attachment-id=\"2700\" data-orig-file=\"https:\/\/unser-quartier.de\/stadt-bergheim\/files\/2014\/06\/Rundflug1-6-14-7.jpg\" data-orig-size=\"3072,1728\" data-comments-opened=\"\" data-image-meta=\"{&quot;aperture&quot;:&quot;5.1&quot;,&quot;credit&quot;:&quot;&quot;,&quot;camera&quot;:&quot;KODAK EASYSHARE M763 DIGITAL CAMERA&quot;,&quot;caption&quot;:&quot;&quot;,&quot;created_timestamp&quot;:&quot;1401624544&quot;,&quot;copyright&quot;:&quot;&quot;,&quot;focal_length&quot;:&quot;17.1&quot;,&quot;iso&quot;:&quot;80&quot;,&quot;shutter_speed&quot;:&quot;0.00606&quot;,&quot;title&quot;:&quot;&quot;}\" data-image-title=\"Rundflug1-6-14 (7)\" data-image-description=\"\" data-medium-file=\"https:\/\/i0.wp.com\/unser-quartier.de\/stadt-bergheim\/files\/2014\/06\/Rundflug1-6-14-7.jpg?fit=300%2C168&#038;ssl=1\" data-large-file=\"https:\/\/i0.wp.com\/unser-quartier.de\/stadt-bergheim\/files\/2014\/06\/Rundflug1-6-14-7.jpg?fit=770%2C433&#038;ssl=1\" src=\"https:\/\/i0.wp.com\/unser-quartier.de\/stadt-bergheim\/files\/2014\/06\/Rundflug1-6-14-7.jpg?w=381&#038;h=214&#038;ssl=1\" srcset=\"https:\/\/i0.wp.com\/unser-quartier.de\/stadt-bergheim\/files\/2014\/06\/Rundflug1-6-14-7.jpg?w=3072&amp;ssl=1 3072w, https:\/\/i0.wp.com\/unser-quartier.de\/stadt-bergheim\/files\/2014\/06\/Rundflug1-6-14-7.jpg?resize=150%2C84&amp;ssl=1 150w, https:\/\/i0.wp.com\/unser-quartier.de\/stadt-bergheim\/files\/2014\/06\/Rundflug1-6-14-7.jpg?resize=300%2C168&amp;ssl=1 300w, https:\/\/i0.wp.com\/unser-quartier.de\/stadt-bergheim\/files\/2014\/06\/Rundflug1-6-14-7.jpg?resize=1024%2C576&amp;ssl=1 1024w, https:\/\/i0.wp.com\/unser-quartier.de\/stadt-bergheim\/files\/2014\/06\/Rundflug1-6-14-7.jpg?w=1540&amp;ssl=1 1540w, https:\/\/i0.wp.com\/unser-quartier.de\/stadt-bergheim\/files\/2014\/06\/Rundflug1-6-14-7.jpg?w=2310&amp;ssl=1 2310w\" width=\"381\" height=\"214\" loading=\"lazy\" data-original-width=\"381\" data-original-height=\"214\" itemprop=\"http:\/\/schema.org\/image\" title=\"Rundflug1-6-14 (7)\" alt=\"Bergheim\" style=\"width: 381px; height: 214px;\" \/> <\/a> <div class=\"tiled-gallery-caption\" itemprop=\"caption description\"> Bergheim <\/div> <\/div> <\/div> <!-- close group --> <div class=\"gallery-group images-1\" style=\"width: 385px; height: 218px;\" data-original-width=\"385\" data-original-height=\"218\" > <div class=\"tiled-gallery-item tiled-gallery-item-large\" itemprop=\"associatedMedia\" itemscope itemtype=\"http:\/\/schema.org\/ImageObject\"> <a href=\"https:\/\/unser-quartier.de\/stadt-bergheim\/startseite\/bilder\/bergheim-mitte\/rundpflug-einer-bergheimerin-ueber-bergheim\/rundflug1-6-14-8\/\" border=\"0\" itemprop=\"url\"> <meta itemprop=\"width\" content=\"381\"> <meta itemprop=\"height\" content=\"214\"> <img decoding=\"async\" class=\"\" data-attachment-id=\"2701\" data-orig-file=\"https:\/\/unser-quartier.de\/stadt-bergheim\/files\/2014\/06\/Rundflug1-6-14-8.jpg\" data-orig-size=\"3072,1728\" data-comments-opened=\"\" data-image-meta=\"{&quot;aperture&quot;:&quot;3.2&quot;,&quot;credit&quot;:&quot;&quot;,&quot;camera&quot;:&quot;KODAK EASYSHARE M763 DIGITAL CAMERA&quot;,&quot;caption&quot;:&quot;&quot;,&quot;created_timestamp&quot;:&quot;1401624939&quot;,&quot;copyright&quot;:&quot;&quot;,&quot;focal_length&quot;:&quot;7.1&quot;,&quot;iso&quot;:&quot;80&quot;,&quot;shutter_speed&quot;:&quot;0.003563&quot;,&quot;title&quot;:&quot;&quot;}\" data-image-title=\"Rundflug1-6-14 (8)\" data-image-description=\"\" data-medium-file=\"https:\/\/i0.wp.com\/unser-quartier.de\/stadt-bergheim\/files\/2014\/06\/Rundflug1-6-14-8.jpg?fit=300%2C168&#038;ssl=1\" data-large-file=\"https:\/\/i0.wp.com\/unser-quartier.de\/stadt-bergheim\/files\/2014\/06\/Rundflug1-6-14-8.jpg?fit=770%2C433&#038;ssl=1\" src=\"https:\/\/i0.wp.com\/unser-quartier.de\/stadt-bergheim\/files\/2014\/06\/Rundflug1-6-14-8.jpg?w=381&#038;h=214&#038;ssl=1\" srcset=\"https:\/\/i0.wp.com\/unser-quartier.de\/stadt-bergheim\/files\/2014\/06\/Rundflug1-6-14-8.jpg?w=3072&amp;ssl=1 3072w, https:\/\/i0.wp.com\/unser-quartier.de\/stadt-bergheim\/files\/2014\/06\/Rundflug1-6-14-8.jpg?resize=150%2C84&amp;ssl=1 150w, https:\/\/i0.wp.com\/unser-quartier.de\/stadt-bergheim\/files\/2014\/06\/Rundflug1-6-14-8.jpg?resize=300%2C168&amp;ssl=1 300w, https:\/\/i0.wp.com\/unser-quartier.de\/stadt-bergheim\/files\/2014\/06\/Rundflug1-6-14-8.jpg?resize=1024%2C576&amp;ssl=1 1024w, https:\/\/i0.wp.com\/unser-quartier.de\/stadt-bergheim\/files\/2014\/06\/Rundflug1-6-14-8.jpg?w=1540&amp;ssl=1 1540w, https:\/\/i0.wp.com\/unser-quartier.de\/stadt-bergheim\/files\/2014\/06\/Rundflug1-6-14-8.jpg?w=2310&amp;ssl=1 2310w\" width=\"381\" height=\"214\" loading=\"lazy\" data-original-width=\"381\" data-original-height=\"214\" itemprop=\"http:\/\/schema.org\/image\" title=\"Rundflug1-6-14 (8)\" alt=\"Windpark\" style=\"width: 381px; height: 214px;\" \/> <\/a> <div class=\"tiled-gallery-caption\" itemprop=\"caption description\"> Windpark <\/div> <\/div> <\/div> <!-- close group --> <\/div> <!-- close row --> <\/div>\n","protected":false},"excerpt":{"rendered":"<p>Ich habe von Freunden einen Rundflug in einem kleinen Motorflugzeug geschenkt bekommen.Der Flughafen Erkelenz-K\u00fcckhoven war \u00fcber die A61 leicht zu erreichen.<\/p>\n<p>Mit viel Vorfreude aber auch mit Spannung ging es los. Das Wetter war sch\u00f6n. Es war ein leichter Zweisitzer, ich sa\u00df neben den Piloten und der Rundum-Blick war perfekt. Bei dem Start \u00fcber die &hellip; <\/p>\n<p><a class=\"more-link btn\" href=\"https:\/\/unser-quartier.de\/stadt-bergheim\/startseite\/bilder\/bergheim-mitte\/rundpflug-einer-bergheimerin-ueber-bergheim\/\">Weiterlesen<\/a><\/p>\n","protected":false},"author":48,"featured_media":0,"parent":2525,"menu_order":4,"comment_status":"open","ping_status":"open","template":"","meta":{"_bbp_topic_count":0,"_bbp_reply_count":0,"_bbp_total_topic_count":0,"_bbp_total_reply_count":0,"_bbp_voice_count":0,"_bbp_anonymous_reply_count":0,"_bbp_topic_count_hidden":0,"_bbp_reply_count_hidden":0,"_bbp_forum_subforum_count":0,"jetpack_post_was_ever_published":false,"footnotes":""},"class_list":["post-2695","page","type-page","status-publish","hentry","nodate","item-wrap"],"jetpack_sharing_enabled":true,"jetpack_shortlink":"https:\/\/wp.me\/P3vhfJ-Ht","jetpack_likes_enabled":true,"_links":{"self":[{"href":"https:\/\/unser-quartier.de\/stadt-bergheim\/wp-json\/wp\/v2\/pages\/2695","targetHints":{"allow":["GET"]}}],"collection":[{"href":"https:\/\/unser-quartier.de\/stadt-bergheim\/wp-json\/wp\/v2\/pages"}],"about":[{"href":"https:\/\/unser-quartier.de\/stadt-bergheim\/wp-json\/wp\/v2\/types\/page"}],"author":[{"embeddable":true,"href":"https:\/\/unser-quartier.de\/stadt-bergheim\/wp-json\/wp\/v2\/users\/48"}],"replies":[{"embeddable":true,"href":"https:\/\/unser-quartier.de\/stadt-bergheim\/wp-json\/wp\/v2\/comments?post=2695"}],"version-history":[{"count":0,"href":"https:\/\/unser-quartier.de\/stadt-bergheim\/wp-json\/wp\/v2\/pages\/2695\/revisions"}],"up":[{"embeddable":true,"href":"https:\/\/unser-quartier.de\/stadt-bergheim\/wp-json\/wp\/v2\/pages\/2525"}],"wp:attachment":[{"href":"https:\/\/unser-quartier.de\/stadt-bergheim\/wp-json\/wp\/v2\/media?parent=2695"}],"curies":[{"name":"wp","href":"https:\/\/api.w.org\/{rel}","templated":true}]}}