{"id":27122,"date":"2018-12-13T17:51:18","date_gmt":"2018-12-13T16:51:18","guid":{"rendered":"https:\/\/unser-quartier.de\/stadt-bergheim\/?page_id=27122"},"modified":"2018-12-13T17:51:18","modified_gmt":"2018-12-13T16:51:18","slug":"tuerchen-19","status":"publish","type":"page","link":"https:\/\/unser-quartier.de\/stadt-bergheim\/tuerchen-19\/","title":{"rendered":"T\u00fcrchen 19"},"content":{"rendered":"<p style=\"text-align: center;\"><span style=\"font-size: 20px; font-family: arial, helvetica, sans-serif;\">Das T\u00fcrchen 19 ist ge\u00f6ffnet &#8230;<\/span><\/p>\n<p><img data-recalc-dims=\"1\" loading=\"lazy\" decoding=\"async\" data-attachment-id=\"27123\" data-permalink=\"https:\/\/unser-quartier.de\/stadt-bergheim\/tuerchen-19\/trueffel\/\" data-orig-file=\"https:\/\/i0.wp.com\/unser-quartier.de\/stadt-bergheim\/files\/2018\/12\/Tr%C3%BCffel.jpg?fit=960%2C650&amp;ssl=1\" data-orig-size=\"960,650\" data-comments-opened=\"0\" data-image-meta=\"{&quot;aperture&quot;:&quot;0&quot;,&quot;credit&quot;:&quot;&quot;,&quot;camera&quot;:&quot;&quot;,&quot;caption&quot;:&quot;&quot;,&quot;created_timestamp&quot;:&quot;0&quot;,&quot;copyright&quot;:&quot;&quot;,&quot;focal_length&quot;:&quot;0&quot;,&quot;iso&quot;:&quot;0&quot;,&quot;shutter_speed&quot;:&quot;0&quot;,&quot;title&quot;:&quot;&quot;,&quot;orientation&quot;:&quot;0&quot;}\" data-image-title=\"Tr\u00fcffel\" data-image-description=\"\" data-image-caption=\"\" data-medium-file=\"https:\/\/i0.wp.com\/unser-quartier.de\/stadt-bergheim\/files\/2018\/12\/Tr%C3%BCffel.jpg?fit=300%2C203&amp;ssl=1\" data-large-file=\"https:\/\/i0.wp.com\/unser-quartier.de\/stadt-bergheim\/files\/2018\/12\/Tr%C3%BCffel.jpg?fit=770%2C521&amp;ssl=1\" class=\"aligncenter wp-image-27123 size-full\" src=\"https:\/\/i0.wp.com\/unser-quartier.de\/stadt-bergheim\/files\/2018\/12\/Tr%C3%BCffel.jpg?resize=770%2C521&#038;ssl=1\" alt=\"\" width=\"770\" height=\"521\" srcset=\"https:\/\/i0.wp.com\/unser-quartier.de\/stadt-bergheim\/files\/2018\/12\/Tr%C3%BCffel.jpg?w=960&amp;ssl=1 960w, https:\/\/i0.wp.com\/unser-quartier.de\/stadt-bergheim\/files\/2018\/12\/Tr%C3%BCffel.jpg?resize=150%2C102&amp;ssl=1 150w, https:\/\/i0.wp.com\/unser-quartier.de\/stadt-bergheim\/files\/2018\/12\/Tr%C3%BCffel.jpg?resize=300%2C203&amp;ssl=1 300w, https:\/\/i0.wp.com\/unser-quartier.de\/stadt-bergheim\/files\/2018\/12\/Tr%C3%BCffel.jpg?resize=768%2C520&amp;ssl=1 768w\" sizes=\"auto, (max-width: 770px) 100vw, 770px\" \/><\/p>\n<div>\n<div class=\"gmail_default\" style=\"text-align: left;\"><span style=\"font-size: 20px; font-family: arial, helvetica, sans-serif;\"><b>Tr\u00fcffel selber machen<\/b><\/span><\/div>\n<div class=\"gmail_default\" style=\"text-align: left;\">.<\/div>\n<div class=\"gmail_default\" style=\"text-align: left;\"><strong>Zutaten:<\/strong><\/div>\n<div class=\"gmail_default\" style=\"text-align: left;\">100 ml Sahne<\/div>\n<div class=\"gmail_default\" style=\"text-align: left;\">frischer Chili, fein gew\u00fcrfelt&#8230; oder Chilipulver<\/div>\n<div class=\"gmail_default\" style=\"text-align: left;\">2 Messerspitzen Ingwer gemahlen<\/div>\n<div class=\"gmail_default\" style=\"text-align: left;\">2 Messerspitzen Kardamon, gemahlen<\/div>\n<div class=\"gmail_default\" style=\"text-align: left;\">2 Messerspitzen Zimt, gemahlen<\/div>\n<div class=\"gmail_default\" style=\"text-align: left;\">150 g Zartbitter- oder Vollmilch-Kuvert\u00fcre<\/div>\n<div class=\"gmail_default\" style=\"text-align: left;\">1 TL Butter<\/div>\n<div class=\"gmail_default\" style=\"text-align: left;\">Schokoladenstreusel und Kakaopulver<\/div>\n<div class=\"gmail_default\" style=\"text-align: left;\">.<\/div>\n<div class=\"gmail_default\" style=\"text-align: left;\"><strong>Zubereitung:<\/strong><\/div>\n<div class=\"gmail_default\" style=\"text-align: left;\">Sahne leicht erhitzen, Gew\u00fcrze dazugeben und f\u00fcr 5 Min auf kleiner Hitze k\u00f6cheln lassen.<\/div>\n<div class=\"gmail_default\" style=\"text-align: left;\">.<\/div>\n<div class=\"gmail_default\" style=\"text-align: left;\">Kuvert\u00fcre hacken und mit der Butter in eine Sch\u00fcssel geben.<\/div>\n<div class=\"gmail_default\" style=\"text-align: left;\">.<\/div>\n<div class=\"gmail_default\" style=\"text-align: left;\">Die kochend hei\u00dfe Sahne auf die Kuvert\u00fcre geben und mit einem Schneebesen alles glatt verr\u00fchren, bis die Schokolade aufgel\u00f6st ist.<\/div>\n<div class=\"gmail_default\" style=\"text-align: left;\">.<\/div>\n<div class=\"gmail_default\" style=\"text-align: left;\">Sch\u00fcssel 1 Stunde in K\u00fchlschrank stellen. Immer wieder umr\u00fchren und die Konsistenz pr\u00fcfen. Wenn die Masse beginnt fest zu werden, aus dem K\u00fchlschrank nehmen und mit 2 Teel\u00f6ffeln Kugeln formen.<\/div>\n<div class=\"gmail_default\" style=\"text-align: left;\">.<\/div>\n<div class=\"gmail_default\" style=\"text-align: left;\">Die eine H\u00e4lfte in Kakaopulver, die andere in Schokostreuseln w\u00e4lzen.<\/div>\n<div class=\"gmail_default\" style=\"text-align: left;\">.<\/div>\n<div class=\"gmail_default\" style=\"text-align: left;\">von Gertrud Breuer<\/div>\n<\/div>\n","protected":false},"excerpt":{"rendered":"<p style=\"text-align: center;\">Das T\u00fcrchen 19 ist ge\u00f6ffnet &#8230;<\/p>\n<\/p>\n<p> Tr\u00fcffel selber machen . <strong>Zutaten:<\/strong> 100 ml Sahne frischer Chili, fein gew\u00fcrfelt&#8230; oder Chilipulver 2 Messerspitzen Ingwer gemahlen 2 Messerspitzen Kardamon, gemahlen 2 Messerspitzen Zimt, gemahlen 150 g Zartbitter- oder Vollmilch-Kuvert\u00fcre 1 TL Butter Schokoladenstreusel und Kakaopulver . <strong>Zubereitung:<\/strong> Sahne leicht erhitzen, Gew\u00fcrze dazugeben und f\u00fcr &hellip; <\/p>\n<p><a class=\"more-link btn\" href=\"https:\/\/unser-quartier.de\/stadt-bergheim\/tuerchen-19\/\">Weiterlesen<\/a><\/p>\n","protected":false},"author":48,"featured_media":27123,"parent":0,"menu_order":0,"comment_status":"closed","ping_status":"closed","template":"","meta":{"_bbp_topic_count":0,"_bbp_reply_count":0,"_bbp_total_topic_count":0,"_bbp_total_reply_count":0,"_bbp_voice_count":0,"_bbp_anonymous_reply_count":0,"_bbp_topic_count_hidden":0,"_bbp_reply_count_hidden":0,"_bbp_forum_subforum_count":0,"jetpack_post_was_ever_published":false,"footnotes":""},"class_list":["post-27122","page","type-page","status-publish","has-post-thumbnail","hentry","nodate","item-wrap"],"jetpack_sharing_enabled":true,"jetpack_shortlink":"https:\/\/wp.me\/P3vhfJ-73s","jetpack_likes_enabled":true,"_links":{"self":[{"href":"https:\/\/unser-quartier.de\/stadt-bergheim\/wp-json\/wp\/v2\/pages\/27122","targetHints":{"allow":["GET"]}}],"collection":[{"href":"https:\/\/unser-quartier.de\/stadt-bergheim\/wp-json\/wp\/v2\/pages"}],"about":[{"href":"https:\/\/unser-quartier.de\/stadt-bergheim\/wp-json\/wp\/v2\/types\/page"}],"author":[{"embeddable":true,"href":"https:\/\/unser-quartier.de\/stadt-bergheim\/wp-json\/wp\/v2\/users\/48"}],"replies":[{"embeddable":true,"href":"https:\/\/unser-quartier.de\/stadt-bergheim\/wp-json\/wp\/v2\/comments?post=27122"}],"version-history":[{"count":0,"href":"https:\/\/unser-quartier.de\/stadt-bergheim\/wp-json\/wp\/v2\/pages\/27122\/revisions"}],"wp:featuredmedia":[{"embeddable":true,"href":"https:\/\/unser-quartier.de\/stadt-bergheim\/wp-json\/wp\/v2\/media\/27123"}],"wp:attachment":[{"href":"https:\/\/unser-quartier.de\/stadt-bergheim\/wp-json\/wp\/v2\/media?parent=27122"}],"curies":[{"name":"wp","href":"https:\/\/api.w.org\/{rel}","templated":true}]}}