{"id":27198,"date":"2018-12-17T11:21:45","date_gmt":"2018-12-17T10:21:45","guid":{"rendered":"https:\/\/unser-quartier.de\/stadt-bergheim\/?page_id=27198"},"modified":"2018-12-17T11:29:29","modified_gmt":"2018-12-17T10:29:29","slug":"mentor-leselernhelfer-bergheim","status":"publish","type":"page","link":"https:\/\/unser-quartier.de\/stadt-bergheim\/mentor-leselernhelfer-bergheim\/","title":{"rendered":"Mentor Leselernhelfer Bergheim"},"content":{"rendered":"<p><a href=\"http:\/\/mentor-bergheim.de\" target=\"_blank\" rel=\"noopener\"><strong><span style=\"font-size: 20px; font-family: arial, helvetica, sans-serif;\">Die Leselernhelfer Bergheim im EFI-Team Bergheim e.V.<\/span><\/strong><\/a><\/p>\n<p><span style=\"font-size: 20px; font-family: arial, helvetica, sans-serif;\">EFI-Team Bergheim e.V. ist Mitglied im Mentor Bundesverband e.V.<\/span><\/p>\n<p><span style=\"font-size: 20px; font-family: arial, helvetica, sans-serif;\">Die Abk\u00fcrzung\u00a0EFI bedeutet: &#8220;Erfahrungswissen f\u00fcr Initiativen&#8221;<\/span><\/p>\n<p><span style=\"font-size: 20px; font-family: arial, helvetica, sans-serif;\">Und\u00a0als Aufgabe haben wir, die Gewinnung und Qualifizierung lebenserfahrener Menschen f\u00fcr ein b\u00fcrgerschaftliches Engagement. Unsere Mitglieder sind alle ausgebildete <strong>seniorTrainer<\/strong>.<\/span><br \/>\n<span style=\"font-size: 20px; font-family: arial, helvetica, sans-serif;\">Wir unterst\u00fctzen B\u00fcrgerinnen und B\u00fcrger bei Projekten.<\/span><\/p>\n<p><strong><span style=\"font-size: 20px; font-family: arial, helvetica, sans-serif;\">Wir geben unser Wissen weiter!<\/span><\/strong><\/p>\n<p><span style=\"font-size: 20px; font-family: arial, helvetica, sans-serif;\">Mentor Leselernhelfer Bergheim ist das neuste Projekt im Verein.<\/span><\/p>\n<p><span style=\"font-size: 20px;\"><span style=\"font-family: arial, helvetica, sans-serif;\">MENTOR \u2013 Die Leselernhelfer e.V. ist eine gemeinn\u00fctzige Initiative, die Kinder durch individuelle F\u00f6rderung gezielt dabei unterst\u00fctzt, die Schl\u00fcsselqualifikation der Zukunft, n\u00e4mlich<\/span> ihre Lese- und Sprachkompetenz, auszubilden. Begleitet werden M\u00e4dchen und Jungen zwischen 6 und 16 Jahren.<\/span><\/p>\n<p><span style=\"font-size: 20px;\">MENTOR unterscheidet sich von anderen Leseinitiativen durch die Ausrichtung an der p\u00e4dagogischen F\u00f6rderphilosophie von MENTOR: dem 1:1 Prinzip. Dieses besteht vor allem in einer 1:1-Betreuung: Eine Mentorin bzw. ein Mentor arbeitet mit einem Kind, und zwar mindestens ein Jahr lang.<\/span><\/p>\n<p><span style=\"font-size: 20px;\">Der Verein stellt den Kontakt zwischen Mentoren und Schulen her. Lehrer nennen uns f\u00f6rderungsw\u00fcrdige Kinder. Die Zustimmung der Eltern wird vorher eingeholt.<\/span><\/p>\n<p><span style=\"font-size: 20px;\">Lesen altersgem\u00e4\u00dfer Texte; W\u00fcnsche des Kindes werden ber\u00fccksichtigt<\/span><br \/>\n<span style=\"font-size: 20px;\">Gemeinsames Sprechen und Erz\u00e4hlen \u00fcber das Gelesene<\/span><br \/>\n<span style=\"font-size: 20px;\">Leselust wecken mit Lesespielen, Fantasie und Kreativit\u00e4t<\/span><\/p>\n","protected":false},"excerpt":{"rendered":"<p><strong>Die Leselernhelfer Bergheim im EFI-Team Bergheim e.V.<\/strong><\/p>\n<p>EFI-Team Bergheim e.V. ist Mitglied im Mentor Bundesverband e.V.<\/p>\n<p>Die Abk\u00fcrzung\u00a0EFI bedeutet: &#8220;Erfahrungswissen f\u00fcr Initiativen&#8221;<\/p>\n<p>Und\u00a0als Aufgabe haben wir, die Gewinnung und Qualifizierung lebenserfahrener Menschen f\u00fcr ein b\u00fcrgerschaftliches Engagement. Unsere Mitglieder sind alle ausgebildete <strong>seniorTrainer<\/strong>. Wir unterst\u00fctzen B\u00fcrgerinnen und B\u00fcrger bei Projekten.<\/p>\n<p><strong>Wir geben unser Wissen weiter!<\/strong><\/p>\n<p>Mentor &hellip; <\/p>\n<p><a class=\"more-link btn\" href=\"https:\/\/unser-quartier.de\/stadt-bergheim\/mentor-leselernhelfer-bergheim\/\">Weiterlesen<\/a><\/p>\n","protected":false},"author":48,"featured_media":0,"parent":0,"menu_order":0,"comment_status":"closed","ping_status":"closed","template":"","meta":{"_bbp_topic_count":0,"_bbp_reply_count":0,"_bbp_total_topic_count":0,"_bbp_total_reply_count":0,"_bbp_voice_count":0,"_bbp_anonymous_reply_count":0,"_bbp_topic_count_hidden":0,"_bbp_reply_count_hidden":0,"_bbp_forum_subforum_count":0,"jetpack_post_was_ever_published":false,"footnotes":""},"class_list":["post-27198","page","type-page","status-publish","hentry","nodate","item-wrap"],"jetpack_sharing_enabled":true,"jetpack_shortlink":"https:\/\/wp.me\/P3vhfJ-74G","jetpack_likes_enabled":true,"_links":{"self":[{"href":"https:\/\/unser-quartier.de\/stadt-bergheim\/wp-json\/wp\/v2\/pages\/27198","targetHints":{"allow":["GET"]}}],"collection":[{"href":"https:\/\/unser-quartier.de\/stadt-bergheim\/wp-json\/wp\/v2\/pages"}],"about":[{"href":"https:\/\/unser-quartier.de\/stadt-bergheim\/wp-json\/wp\/v2\/types\/page"}],"author":[{"embeddable":true,"href":"https:\/\/unser-quartier.de\/stadt-bergheim\/wp-json\/wp\/v2\/users\/48"}],"replies":[{"embeddable":true,"href":"https:\/\/unser-quartier.de\/stadt-bergheim\/wp-json\/wp\/v2\/comments?post=27198"}],"version-history":[{"count":0,"href":"https:\/\/unser-quartier.de\/stadt-bergheim\/wp-json\/wp\/v2\/pages\/27198\/revisions"}],"wp:attachment":[{"href":"https:\/\/unser-quartier.de\/stadt-bergheim\/wp-json\/wp\/v2\/media?parent=27198"}],"curies":[{"name":"wp","href":"https:\/\/api.w.org\/{rel}","templated":true}]}}