{"id":2751,"date":"2014-06-05T07:20:35","date_gmt":"2014-06-05T05:20:35","guid":{"rendered":"http:\/\/unser-quartier.de\/stadt-bergheim\/?page_id=2751"},"modified":"2017-07-28T16:33:22","modified_gmt":"2017-07-28T14:33:22","slug":"kultur-im-rhein-erft-kreis","status":"publish","type":"page","link":"https:\/\/unser-quartier.de\/stadt-bergheim\/informationen\/untermenue-3\/kultur-im-rhein-erft-kreis\/","title":{"rendered":"Kultur im Rhein-Erft-Kreis"},"content":{"rendered":"<p><span style=\"font-size: 12pt\">Das Kulturnetz im bietet einen Rundumblick \u00fcber Kunst und Literatur, Musik, Theater und Veranstaltungen im Rhein-Erft Kreis.<br \/>\nVom Buchtipp des Monats bis hin zu Gottesdiensten an au\u00dfergew\u00f6hnlichen Orten finden sich jede Menge Anregungen und Freizeittipps f\u00fcr kulturell Interessierte. Vereine und Institutionen werden vorgestellt, Museen und K\u00fcnstler sowie Brauchtum und Heimatgeschichte.<br \/>\n\u00dcber die Suchfunktion sind s\u00e4mtliche Infos, Akteure und Initativen gut auffindbar.<\/span><\/p>\n<p><span style=\"font-size: 12pt\">http:\/\/www.rhein-erft-kreis.de\/netze\/kulturnetz\/<\/span><\/p>\n<p>&nbsp;<\/p>\n<p>&nbsp;<\/p>\n","protected":false},"excerpt":{"rendered":"<p>Das Kulturnetz im bietet einen Rundumblick \u00fcber Kunst und Literatur, Musik, Theater und Veranstaltungen im Rhein-Erft Kreis. Vom Buchtipp des Monats bis hin zu Gottesdiensten an au\u00dfergew\u00f6hnlichen Orten finden sich jede Menge Anregungen und Freizeittipps f\u00fcr kulturell Interessierte. Vereine und Institutionen werden vorgestellt, Museen und K\u00fcnstler sowie Brauchtum und Heimatgeschichte. \u00dcber die Suchfunktion sind s\u00e4mtliche &hellip; <\/p>\n<p><a class=\"more-link btn\" href=\"https:\/\/unser-quartier.de\/stadt-bergheim\/informationen\/untermenue-3\/kultur-im-rhein-erft-kreis\/\">Weiterlesen<\/a><\/p>\n","protected":false},"author":48,"featured_media":0,"parent":3336,"menu_order":9,"comment_status":"open","ping_status":"open","template":"","meta":{"_bbp_topic_count":0,"_bbp_reply_count":0,"_bbp_total_topic_count":0,"_bbp_total_reply_count":0,"_bbp_voice_count":0,"_bbp_anonymous_reply_count":0,"_bbp_topic_count_hidden":0,"_bbp_reply_count_hidden":0,"_bbp_forum_subforum_count":0,"jetpack_post_was_ever_published":false,"footnotes":""},"class_list":["post-2751","page","type-page","status-publish","hentry","nodate","item-wrap"],"jetpack_sharing_enabled":true,"jetpack_shortlink":"https:\/\/wp.me\/P3vhfJ-In","jetpack_likes_enabled":true,"_links":{"self":[{"href":"https:\/\/unser-quartier.de\/stadt-bergheim\/wp-json\/wp\/v2\/pages\/2751","targetHints":{"allow":["GET"]}}],"collection":[{"href":"https:\/\/unser-quartier.de\/stadt-bergheim\/wp-json\/wp\/v2\/pages"}],"about":[{"href":"https:\/\/unser-quartier.de\/stadt-bergheim\/wp-json\/wp\/v2\/types\/page"}],"author":[{"embeddable":true,"href":"https:\/\/unser-quartier.de\/stadt-bergheim\/wp-json\/wp\/v2\/users\/48"}],"replies":[{"embeddable":true,"href":"https:\/\/unser-quartier.de\/stadt-bergheim\/wp-json\/wp\/v2\/comments?post=2751"}],"version-history":[{"count":0,"href":"https:\/\/unser-quartier.de\/stadt-bergheim\/wp-json\/wp\/v2\/pages\/2751\/revisions"}],"up":[{"embeddable":true,"href":"https:\/\/unser-quartier.de\/stadt-bergheim\/wp-json\/wp\/v2\/pages\/3336"}],"wp:attachment":[{"href":"https:\/\/unser-quartier.de\/stadt-bergheim\/wp-json\/wp\/v2\/media?parent=2751"}],"curies":[{"name":"wp","href":"https:\/\/api.w.org\/{rel}","templated":true}]}}