{"id":2787,"date":"2014-06-16T14:51:24","date_gmt":"2014-06-16T12:51:24","guid":{"rendered":"http:\/\/unser-quartier.de\/stadt-bergheim\/?page_id=2787"},"modified":"2025-05-06T13:17:13","modified_gmt":"2025-05-06T11:17:13","slug":"tiertafel-rheinerft-e-v","status":"publish","type":"page","link":"https:\/\/unser-quartier.de\/stadt-bergheim\/informationen\/untermenue-2\/tiertafel-rheinerft-e-v\/","title":{"rendered":"Tiertafel RheinErft e.V."},"content":{"rendered":"<div class=\"moz-forward-container\">\n<p><img data-recalc-dims=\"1\" loading=\"lazy\" decoding=\"async\" data-attachment-id=\"35175\" data-permalink=\"https:\/\/unser-quartier.de\/stadt-bergheim\/informationen\/untermenue-2\/tiertafel-rheinerft-e-v\/ai-generated-illustration-of-a-male-senior-citizen-with-his-beloved-dog-sitting-on-his-couch-midjourney\/\" data-orig-file=\"https:\/\/i0.wp.com\/unser-quartier.de\/stadt-bergheim\/files\/2025\/05\/AdobeStock_681939162.jpeg?fit=1024%2C771&amp;ssl=1\" data-orig-size=\"1024,771\" data-comments-opened=\"0\" data-image-meta=\"{&quot;aperture&quot;:&quot;0&quot;,&quot;credit&quot;:&quot;EAStevens - stock.adobe.com&quot;,&quot;camera&quot;:&quot;&quot;,&quot;caption&quot;:&quot;the calming power of touch, portrait of an attractive modern elderly man sitting on his sofa and petting his beloved dog, natural window light, man and dog in sharp focus --ar 4:3 --style BV1J4guu --v 5.2 Job ID: 22a8a2b4-8f85-47ec-b1d5-5936d1dcd02d&quot;,&quot;created_timestamp&quot;:&quot;0&quot;,&quot;copyright&quot;:&quot;&quot;,&quot;focal_length&quot;:&quot;0&quot;,&quot;iso&quot;:&quot;0&quot;,&quot;shutter_speed&quot;:&quot;0&quot;,&quot;title&quot;:&quot;AI-generated illustration of a male senior citizen with his beloved dog, sitting on his couch. MidJourney.&quot;,&quot;orientation&quot;:&quot;0&quot;}\" data-image-title=\"AI-generated illustration of a male senior citizen with his beloved dog, sitting on his couch. MidJourney.\" data-image-description=\"\" data-image-caption=\"&lt;p&gt;the calming power of touch, portrait of an attractive modern elderly man sitting on his sofa and petting his beloved dog, natural window light, man and dog in sharp focus &#8211;ar 4:3 &#8211;style BV1J4guu &#8211;v 5.2 Job ID: 22a8a2b4-8f85-47ec-b1d5-5936d1dcd02d&lt;\/p&gt;\n\" data-medium-file=\"https:\/\/i0.wp.com\/unser-quartier.de\/stadt-bergheim\/files\/2025\/05\/AdobeStock_681939162.jpeg?fit=300%2C226&amp;ssl=1\" data-large-file=\"https:\/\/i0.wp.com\/unser-quartier.de\/stadt-bergheim\/files\/2025\/05\/AdobeStock_681939162.jpeg?fit=770%2C580&amp;ssl=1\" class=\"alignleft wp-image-35175 size-medium\" src=\"https:\/\/i0.wp.com\/unser-quartier.de\/stadt-bergheim\/files\/2025\/05\/AdobeStock_681939162.jpeg?resize=300%2C226&#038;ssl=1\" alt=\"\" width=\"300\" height=\"226\" srcset=\"https:\/\/i0.wp.com\/unser-quartier.de\/stadt-bergheim\/files\/2025\/05\/AdobeStock_681939162.jpeg?resize=300%2C226&amp;ssl=1 300w, https:\/\/i0.wp.com\/unser-quartier.de\/stadt-bergheim\/files\/2025\/05\/AdobeStock_681939162.jpeg?resize=150%2C113&amp;ssl=1 150w, https:\/\/i0.wp.com\/unser-quartier.de\/stadt-bergheim\/files\/2025\/05\/AdobeStock_681939162.jpeg?resize=768%2C578&amp;ssl=1 768w, https:\/\/i0.wp.com\/unser-quartier.de\/stadt-bergheim\/files\/2025\/05\/AdobeStock_681939162.jpeg?resize=770%2C580&amp;ssl=1 770w, https:\/\/i0.wp.com\/unser-quartier.de\/stadt-bergheim\/files\/2025\/05\/AdobeStock_681939162.jpeg?w=1024&amp;ssl=1 1024w\" sizes=\"auto, (max-width: 300px) 100vw, 300px\" \/><\/p>\n<p><strong>Unser Verein Tiertafel RheinErft e.V. wurde gegr\u00fcndet f\u00fcr Menschen mit Haustieren in finanzieller Not. Niemand soll seinen langj\u00e4hrigen Weggef\u00e4hrten abgeben m\u00fcssen, weil das Geld f\u00fcr das Futter nicht mehr reicht.<br \/>\n<\/strong><\/div>\n<div><\/div>\n<div class=\"moz-forward-container\">Haustiere wecken Lebensfreude, vermitteln das Gef\u00fchl gebraucht zu werden und nehmen das Gef\u00fchl der Einsamkeit. Sie geben dem Tag eine Struktur und bringen Abwechslung und Gespr\u00e4chsstoff in den Alltag.<\/div>\n<div class=\"moz-forward-container\">\n<p>&nbsp;<\/p>\n<p>Aber was ist, wenn die kleine Rente nicht mehr f\u00fcr das Futter reicht? Was ist, wenn der kleine Liebling nicht mehr artgerecht versorgt werden kann, weil man sich den Tierarztbesuch und die n\u00f6tigen Medikamente nicht mehr leisten kann.<\/p>\n<p>Ist die Abgabe in ein Tierheim der einzige Ausweg? Nein, dazu darf es nicht kommen.\u00a0 Wir helfen Senioren aus dem Rhein-Erft-Kreis ihre vierbeinigen Weggef\u00e4hrten artgerecht zu versorgen, <strong>damit zusammen bleiben kann, was zusammen geh\u00f6rt<\/strong>.<\/p>\n<p>Sie haben keine M\u00f6glichkeiten zu uns zu kommen und das Futter selbst abzuholen? Auch dieses Problem werden wir gemeinsam l\u00f6sen.\u00a0Sprechen Sie uns an: <b>0152 51 08 27 65<\/b><\/p>\n<p>Wenn Sie uns nicht pers\u00f6nlich am Telefon haben hinterlassen Sie bitte eine Nachricht auf unserer Mailbox &#8211; wir rufen schnellstm\u00f6glich zur\u00fcck.<\/p>\n<p><strong>Tiertafel RheinErft e.V.<\/strong><br \/>\nVorstand: Dagmar Oetken, Annette Quadt<br \/>\nHauptstr. 72 (Eingang Am Jobberath neben Haus Nr. 15), 50126 Bergheim.<br \/>\nMobil-Tel.: 0152 51 08 27 65<br \/>\n<a href=\"mailto:info@tiertafelrheinerft.de\" target=\"_blank\" rel=\"noopener noreferrer\">Mail: info@tiertafelrheinerft.de<\/a><\/p>\n<p>Und weitere Informationen hier:<br \/>\n<a class=\"moz-txt-link-abbreviated\" href=\"https:\/\/www.tiertafelrheinerft.de\/wir-helfen\/senioren\/\" target=\"_blank\" rel=\"noopener noreferrer\">www.tiertafelrheinerft.de\/wir-helfen\/senioren\/<\/a><\/p>\n<\/div>\n<p>&nbsp;<\/p>\n<p>&nbsp;<\/p>\n","protected":false},"excerpt":{"rendered":"<\/p>\n<p><strong>Unser Verein Tiertafel RheinErft e.V. wurde gegr\u00fcndet f\u00fcr Menschen mit Haustieren in finanzieller Not. Niemand soll seinen langj\u00e4hrigen Weggef\u00e4hrten abgeben m\u00fcssen, weil das Geld f\u00fcr das Futter nicht mehr reicht. <\/strong> Haustiere wecken Lebensfreude, vermitteln das Gef\u00fchl gebraucht zu werden und nehmen das Gef\u00fchl der Einsamkeit. Sie geben dem Tag eine Struktur und bringen &hellip; <\/p>\n<p><a class=\"more-link btn\" href=\"https:\/\/unser-quartier.de\/stadt-bergheim\/informationen\/untermenue-2\/tiertafel-rheinerft-e-v\/\">Weiterlesen<\/a><\/p>\n","protected":false},"author":48,"featured_media":0,"parent":3332,"menu_order":22,"comment_status":"closed","ping_status":"closed","template":"","meta":{"_bbp_topic_count":0,"_bbp_reply_count":0,"_bbp_total_topic_count":0,"_bbp_total_reply_count":0,"_bbp_voice_count":0,"_bbp_anonymous_reply_count":0,"_bbp_topic_count_hidden":0,"_bbp_reply_count_hidden":0,"_bbp_forum_subforum_count":0,"jetpack_post_was_ever_published":false,"footnotes":""},"class_list":["post-2787","page","type-page","status-publish","hentry","nodate","item-wrap"],"jetpack_sharing_enabled":true,"jetpack_shortlink":"https:\/\/wp.me\/P3vhfJ-IX","jetpack_likes_enabled":true,"_links":{"self":[{"href":"https:\/\/unser-quartier.de\/stadt-bergheim\/wp-json\/wp\/v2\/pages\/2787","targetHints":{"allow":["GET"]}}],"collection":[{"href":"https:\/\/unser-quartier.de\/stadt-bergheim\/wp-json\/wp\/v2\/pages"}],"about":[{"href":"https:\/\/unser-quartier.de\/stadt-bergheim\/wp-json\/wp\/v2\/types\/page"}],"author":[{"embeddable":true,"href":"https:\/\/unser-quartier.de\/stadt-bergheim\/wp-json\/wp\/v2\/users\/48"}],"replies":[{"embeddable":true,"href":"https:\/\/unser-quartier.de\/stadt-bergheim\/wp-json\/wp\/v2\/comments?post=2787"}],"version-history":[{"count":2,"href":"https:\/\/unser-quartier.de\/stadt-bergheim\/wp-json\/wp\/v2\/pages\/2787\/revisions"}],"predecessor-version":[{"id":35176,"href":"https:\/\/unser-quartier.de\/stadt-bergheim\/wp-json\/wp\/v2\/pages\/2787\/revisions\/35176"}],"up":[{"embeddable":true,"href":"https:\/\/unser-quartier.de\/stadt-bergheim\/wp-json\/wp\/v2\/pages\/3332"}],"wp:attachment":[{"href":"https:\/\/unser-quartier.de\/stadt-bergheim\/wp-json\/wp\/v2\/media?parent=2787"}],"curies":[{"name":"wp","href":"https:\/\/api.w.org\/{rel}","templated":true}]}}