{"id":2902,"date":"2014-06-23T13:34:53","date_gmt":"2014-06-23T11:34:53","guid":{"rendered":"http:\/\/unser-quartier.de\/stadt-bergheim\/?page_id=2902"},"modified":"2014-06-23T13:41:11","modified_gmt":"2014-06-23T11:41:11","slug":"himmel-erde-an-rhein-und-erft-und-unser-forum","status":"publish","type":"page","link":"https:\/\/unser-quartier.de\/stadt-bergheim\/startseite\/vorstellung-der-moderatoren\/himmel-erde-an-rhein-und-erft-und-unser-forum\/","title":{"rendered":"Himmel und Erde berichtete \u00fcber unser Forum"},"content":{"rendered":"<h1><img data-recalc-dims=\"1\" loading=\"lazy\" decoding=\"async\" title=\"Himmel &amp; Erde an Rhein und Erft\" src=\"https:\/\/i0.wp.com\/bildung.erzbistum-koeln.de\/bw-rhein-erft-kreis\/.content\/.galleries\/bilder\/Himmel_und_Erde.jpg?resize=250%2C177&#038;ssl=1\" alt=\"Himmel &amp; Erde an Rhein und Erft\" width=\"250\" height=\"177\" \/><\/h1>\n<div class=\"paragraph\">\n<div>\n<p>&nbsp;<\/p>\n<\/div>\n<div class=\"clear\"><span style=\"font-size: 12pt\">\u00a0<\/span><\/div>\n<\/div>\n<div class=\"paragraph\">\n<div>\n<p><a href=\"https:\/\/bildung.erzbistum-koeln.de\/bw-rhein-erft-kreis\/.content\/.galleries\/hoerbeitraege\/2014_06_22HxE_lSeniorenarbeit.mp3\" target=\"_blank\"><span style=\"font-size: 12pt\"><strong><span style=\"text-decoration: underline\"><span style=\"color: #0066cc\">Fachforum Seniorenarbeit<\/span><\/span><\/strong>: Hier geht es zum Radiobericht, Sendung am Sonntag, 22. Juni 2014, bitte klicken!<\/span><\/a><\/p>\n<p><span style=\"font-size: 12pt\">Das Fachforum Seniorenarbeit ist ein Onlineportal, zu finden \u00a0unter www.unser-quartier.de\/stadt-bergheim.<br \/>\nEs informiert umfassend \u00fcber das Thema \u201e\u00c4lterwerden\u201c in der Kreisstadt Bergheim.<br \/>\nLokale Akteure, Initiativen und Institutionen stellen sich vor, ein Veranstaltungskalender gibt Tipps f\u00fcr die Freizeitgestaltung, ein Diskussionsforum l\u00e4dt zum Austausch ein. Es ist ein Portal f\u00fcr alle, die \u00a0sich f\u00fcr die Seniorenarbeit interessieren, mitmachen oder in irgendeiner Form\u00a0 aktiv werden wollen. Interessierte k\u00f6nnen sich auf der Plattform austauschen, vernetzen und ihre Aktivit\u00e4ten einer breiten \u00d6ffentlichkeit pr\u00e4sentieren. Im\u00a0 Onlineteam wird die Internetseite inhaltlich gestaltet. Wer sich ehrenamtlich engagieren m\u00f6chte, findet hier vielleicht eine spannende Aufgabe.<\/span><\/p>\n<p><span style=\"font-size: 12pt\">Kontakt: Britta Fuchs, Fachstelle \u00c4lterwerden der Kreisstadt Bergheim, Tel.:02271\/89-568<\/span><\/p>\n<p><span style=\"font-size: 12pt\">www.unser-quartier.de\/stadt-bergheim<\/span><\/p>\n<\/div>\n<\/div>\n","protected":false},"excerpt":{"rendered":"<p>&nbsp;<\/p>\n<p> \u00a0 <\/p>\n<p><strong>Fachforum Seniorenarbeit<\/strong>: Hier geht es zum Radiobericht, Sendung am Sonntag, 22. Juni 2014, bitte klicken!<\/p>\n<p>Das Fachforum Seniorenarbeit ist ein Onlineportal, zu finden \u00a0unter www.unser-quartier.de\/stadt-bergheim. Es informiert umfassend \u00fcber das Thema \u201e\u00c4lterwerden\u201c in der Kreisstadt Bergheim. Lokale Akteure, Initiativen und Institutionen stellen sich vor, ein Veranstaltungskalender gibt Tipps f\u00fcr die Freizeitgestaltung, ein Diskussionsforum &hellip; <\/p>\n<p><a class=\"more-link btn\" href=\"https:\/\/unser-quartier.de\/stadt-bergheim\/startseite\/vorstellung-der-moderatoren\/himmel-erde-an-rhein-und-erft-und-unser-forum\/\">Weiterlesen<\/a><\/p>\n","protected":false},"author":48,"featured_media":0,"parent":142,"menu_order":4,"comment_status":"open","ping_status":"open","template":"","meta":{"_bbp_topic_count":0,"_bbp_reply_count":0,"_bbp_total_topic_count":0,"_bbp_total_reply_count":0,"_bbp_voice_count":0,"_bbp_anonymous_reply_count":0,"_bbp_topic_count_hidden":0,"_bbp_reply_count_hidden":0,"_bbp_forum_subforum_count":0,"jetpack_post_was_ever_published":false,"footnotes":""},"class_list":["post-2902","page","type-page","status-publish","hentry","nodate","item-wrap"],"jetpack_sharing_enabled":true,"jetpack_shortlink":"https:\/\/wp.me\/P3vhfJ-KO","jetpack_likes_enabled":true,"_links":{"self":[{"href":"https:\/\/unser-quartier.de\/stadt-bergheim\/wp-json\/wp\/v2\/pages\/2902","targetHints":{"allow":["GET"]}}],"collection":[{"href":"https:\/\/unser-quartier.de\/stadt-bergheim\/wp-json\/wp\/v2\/pages"}],"about":[{"href":"https:\/\/unser-quartier.de\/stadt-bergheim\/wp-json\/wp\/v2\/types\/page"}],"author":[{"embeddable":true,"href":"https:\/\/unser-quartier.de\/stadt-bergheim\/wp-json\/wp\/v2\/users\/48"}],"replies":[{"embeddable":true,"href":"https:\/\/unser-quartier.de\/stadt-bergheim\/wp-json\/wp\/v2\/comments?post=2902"}],"version-history":[{"count":0,"href":"https:\/\/unser-quartier.de\/stadt-bergheim\/wp-json\/wp\/v2\/pages\/2902\/revisions"}],"up":[{"embeddable":true,"href":"https:\/\/unser-quartier.de\/stadt-bergheim\/wp-json\/wp\/v2\/pages\/142"}],"wp:attachment":[{"href":"https:\/\/unser-quartier.de\/stadt-bergheim\/wp-json\/wp\/v2\/media?parent=2902"}],"curies":[{"name":"wp","href":"https:\/\/api.w.org\/{rel}","templated":true}]}}