{"id":3,"date":"2012-05-05T08:43:01","date_gmt":"2012-05-05T08:43:01","guid":{"rendered":"http:\/\/unser-quartier.de\/tmp-musterblog\/veranstaltungen\/"},"modified":"2018-09-16T10:08:14","modified_gmt":"2018-09-16T08:08:14","slug":"veranstaltungen","status":"publish","type":"page","link":"https:\/\/unser-quartier.de\/stadt-bergheim\/veranstaltungen\/","title":{"rendered":"Veranstaltungen"},"content":{"rendered":"<p><strong><a href=\"https:\/\/unser-quartier.de\/stadt-bergheim\/datenschutzerklaerung\/\">Hier geht es zur Datenschutzerkl\u00e4rung<br \/>\n<\/a><\/strong><\/p>\n<p>.<\/p>\n<p><span style=\"float: none;background-color: transparent;color: #4a474b;cursor: text;font-family: 'Lato',sans-serif;font-size: 16px;font-style: normal;font-variant: normal;font-weight: 400;letter-spacing: normal;text-align: left;text-decoration: none;text-indent: 0px\"><button id=\"listenButton1\" class=\"responsivevoice-button\" type=\"button\" value=\"Play\" title=\"ResponsiveVoice Tap to Start\/Stop Speech\"><span>&#128266; Veranstaltungen vorlesen lassen<\/span><\/button>\n        <script>\n            listenButton1.onclick = function(){\n                if(responsiveVoice.isPlaying()){\n                    responsiveVoice.cancel();\n                }else{\n                    responsiveVoice.speak(\"Hier geht es zur Datenschutzerkl\u00e4rung . Was l\u00e4uft f\u00fcr Senioren und Familienangeh\u00f6rige\u00a0in Bergheim?\u00a0 Hier haben wir aktuelle Veranstaltungstipps f\u00fcr Sie gesammelt. Haben Sie auch einen Termin anzuk\u00fcndigen? Dann wenden Sie sich bitte an das Online-Team, Hans-J\u00fcrgen Knabben Kontakt... CONTENTS\", \"Deutsch Female\");\n                }\n            };\n        <\/script>\n    <\/span><\/p>\n<p><span style=\"font-size: 12pt\"><img data-recalc-dims=\"1\" loading=\"lazy\" decoding=\"async\" data-attachment-id=\"2710\" data-permalink=\"https:\/\/unser-quartier.de\/stadt-bergheim\/veranstaltungen\/_dsc4907-3\/\" data-orig-file=\"https:\/\/i0.wp.com\/unser-quartier.de\/stadt-bergheim\/files\/2014\/06\/DSC4907.jpg?fit=949%2C630&amp;ssl=1\" data-orig-size=\"949,630\" data-comments-opened=\"0\" data-image-meta=\"{&quot;aperture&quot;:&quot;0&quot;,&quot;credit&quot;:&quot;&quot;,&quot;camera&quot;:&quot;&quot;,&quot;caption&quot;:&quot;&quot;,&quot;created_timestamp&quot;:&quot;0&quot;,&quot;copyright&quot;:&quot;Frank Rechtmann&quot;,&quot;focal_length&quot;:&quot;0&quot;,&quot;iso&quot;:&quot;0&quot;,&quot;shutter_speed&quot;:&quot;0&quot;,&quot;title&quot;:&quot;&quot;}\" data-image-title=\"_DSC4907\" data-image-description=\"\" data-image-caption=\"\" data-medium-file=\"https:\/\/i0.wp.com\/unser-quartier.de\/stadt-bergheim\/files\/2014\/06\/DSC4907.jpg?fit=300%2C199&amp;ssl=1\" data-large-file=\"https:\/\/i0.wp.com\/unser-quartier.de\/stadt-bergheim\/files\/2014\/06\/DSC4907.jpg?fit=770%2C511&amp;ssl=1\" class=\"alignleft wp-image-2710 \" src=\"https:\/\/i0.wp.com\/unser-quartier.de\/stadt-bergheim\/files\/2014\/06\/DSC4907.jpg?resize=259%2C171&#038;ssl=1\" alt=\"_DSC4907\" width=\"259\" height=\"171\" srcset=\"https:\/\/i0.wp.com\/unser-quartier.de\/stadt-bergheim\/files\/2014\/06\/DSC4907.jpg?resize=150%2C99&amp;ssl=1 150w, https:\/\/i0.wp.com\/unser-quartier.de\/stadt-bergheim\/files\/2014\/06\/DSC4907.jpg?resize=300%2C199&amp;ssl=1 300w, https:\/\/i0.wp.com\/unser-quartier.de\/stadt-bergheim\/files\/2014\/06\/DSC4907.jpg?w=949&amp;ssl=1 949w\" sizes=\"auto, (max-width: 259px) 100vw, 259px\" \/><\/span><\/p>\n<p><span style=\"font-size: 12pt\">Was l\u00e4uft f\u00fcr Senioren und Familienangeh\u00f6rige\u00a0in Bergheim?<\/span><span style=\"font-size: 12pt\">\u00a0<\/span><\/p>\n<p><span style=\"font-size: 12pt\">Hier haben wir aktuelle<br \/>\nVeranstaltungstipps f\u00fcr Sie gesammelt.<\/span><\/p>\n<p><span style=\"font-size: 12pt\">Haben Sie auch einen Termin anzuk\u00fcndigen?<\/span><\/p>\n<p><span style=\"font-size: 12pt\">Dann wenden Sie sich bitte an das<br \/>\nOnline-Team,<\/span> <span style=\"font-size: 12pt\">Hans-J\u00fcrgen Knabben <a href=\"mailto:senioren-online@gmx.de\" target=\"_blank\" rel=\"noopener\">Kontakt&#8230;<\/a><\/span><\/p>\n<p>&nbsp;<\/p>\n<p>CONTENTS<\/p>\n<p>&nbsp;<\/p>\n<p>&nbsp;<\/p>\n<p>&nbsp;<\/p>\n<p>&nbsp;<\/p>\n","protected":false},"excerpt":{"rendered":"<p>CONTENTS<\/p><p><a class=\"more-link btn\" href=\"https:\/\/unser-quartier.de\/stadt-bergheim\/veranstaltungen\/\">Weiterlesen<\/a><\/p>\n","protected":false},"author":48,"featured_media":2710,"parent":0,"menu_order":12,"comment_status":"closed","ping_status":"closed","template":"","meta":{"_bbp_topic_count":0,"_bbp_reply_count":0,"_bbp_total_topic_count":0,"_bbp_total_reply_count":0,"_bbp_voice_count":0,"_bbp_anonymous_reply_count":0,"_bbp_topic_count_hidden":0,"_bbp_reply_count_hidden":0,"_bbp_forum_subforum_count":0,"jetpack_post_was_ever_published":false,"footnotes":""},"class_list":["post-3","page","type-page","status-publish","has-post-thumbnail","hentry","nodate","item-wrap"],"jetpack_sharing_enabled":true,"jetpack_shortlink":"https:\/\/wp.me\/P3vhfJ-3","jetpack_likes_enabled":true,"_links":{"self":[{"href":"https:\/\/unser-quartier.de\/stadt-bergheim\/wp-json\/wp\/v2\/pages\/3","targetHints":{"allow":["GET"]}}],"collection":[{"href":"https:\/\/unser-quartier.de\/stadt-bergheim\/wp-json\/wp\/v2\/pages"}],"about":[{"href":"https:\/\/unser-quartier.de\/stadt-bergheim\/wp-json\/wp\/v2\/types\/page"}],"author":[{"embeddable":true,"href":"https:\/\/unser-quartier.de\/stadt-bergheim\/wp-json\/wp\/v2\/users\/48"}],"replies":[{"embeddable":true,"href":"https:\/\/unser-quartier.de\/stadt-bergheim\/wp-json\/wp\/v2\/comments?post=3"}],"version-history":[{"count":0,"href":"https:\/\/unser-quartier.de\/stadt-bergheim\/wp-json\/wp\/v2\/pages\/3\/revisions"}],"wp:featuredmedia":[{"embeddable":true,"href":"https:\/\/unser-quartier.de\/stadt-bergheim\/wp-json\/wp\/v2\/media\/2710"}],"wp:attachment":[{"href":"https:\/\/unser-quartier.de\/stadt-bergheim\/wp-json\/wp\/v2\/media?parent=3"}],"curies":[{"name":"wp","href":"https:\/\/api.w.org\/{rel}","templated":true}]}}