{"id":32577,"date":"2020-10-17T22:06:26","date_gmt":"2020-10-17T20:06:26","guid":{"rendered":"https:\/\/unser-quartier.de\/stadt-bergheim\/?page_id=32577"},"modified":"2020-10-19T16:30:22","modified_gmt":"2020-10-19T14:30:22","slug":"km-messen-und-events","status":"publish","type":"page","link":"https:\/\/unser-quartier.de\/stadt-bergheim\/km-messen-und-events\/","title":{"rendered":"KM Messen und Events &#8230;"},"content":{"rendered":"<p>&nbsp;<\/p>\n<p><span style=\"-webkit-text-size-adjust: 100%; font-size: 20px;\"><img data-recalc-dims=\"1\" loading=\"lazy\" decoding=\"async\" data-attachment-id=\"32586\" data-permalink=\"https:\/\/unser-quartier.de\/stadt-bergheim\/km-messen-und-events\/dbf1feed-c22c-42e6-a2a5-2d31260da937\/\" data-orig-file=\"https:\/\/i0.wp.com\/unser-quartier.de\/stadt-bergheim\/files\/2020\/10\/DBF1FEED-C22C-42E6-A2A5-2D31260DA937.jpeg?fit=679%2C1024&amp;ssl=1\" data-orig-size=\"679,1024\" data-comments-opened=\"0\" data-image-meta=\"{&quot;aperture&quot;:&quot;0&quot;,&quot;credit&quot;:&quot;&quot;,&quot;camera&quot;:&quot;&quot;,&quot;caption&quot;:&quot;&quot;,&quot;created_timestamp&quot;:&quot;0&quot;,&quot;copyright&quot;:&quot;&quot;,&quot;focal_length&quot;:&quot;0&quot;,&quot;iso&quot;:&quot;0&quot;,&quot;shutter_speed&quot;:&quot;0&quot;,&quot;title&quot;:&quot;&quot;,&quot;orientation&quot;:&quot;1&quot;}\" data-image-title=\"DBF1FEED-C22C-42E6-A2A5-2D31260DA937\" data-image-description=\"\" data-image-caption=\"\" data-medium-file=\"https:\/\/i0.wp.com\/unser-quartier.de\/stadt-bergheim\/files\/2020\/10\/DBF1FEED-C22C-42E6-A2A5-2D31260DA937.jpeg?fit=199%2C300&amp;ssl=1\" data-large-file=\"https:\/\/i0.wp.com\/unser-quartier.de\/stadt-bergheim\/files\/2020\/10\/DBF1FEED-C22C-42E6-A2A5-2D31260DA937.jpeg?fit=679%2C1024&amp;ssl=1\" class=\"alignnone size-full wp-image-32586\" src=\"https:\/\/i0.wp.com\/unser-quartier.de\/stadt-bergheim\/files\/2020\/10\/DBF1FEED-C22C-42E6-A2A5-2D31260DA937.jpeg?resize=679%2C1024&#038;ssl=1\" alt=\"\" width=\"679\" height=\"1024\" srcset=\"https:\/\/i0.wp.com\/unser-quartier.de\/stadt-bergheim\/files\/2020\/10\/DBF1FEED-C22C-42E6-A2A5-2D31260DA937.jpeg?w=679&amp;ssl=1 679w, https:\/\/i0.wp.com\/unser-quartier.de\/stadt-bergheim\/files\/2020\/10\/DBF1FEED-C22C-42E6-A2A5-2D31260DA937.jpeg?resize=199%2C300&amp;ssl=1 199w, https:\/\/i0.wp.com\/unser-quartier.de\/stadt-bergheim\/files\/2020\/10\/DBF1FEED-C22C-42E6-A2A5-2D31260DA937.jpeg?resize=99%2C150&amp;ssl=1 99w\" sizes=\"auto, (max-width: 679px) 100vw, 679px\" \/><\/span><\/p>\n<p><a href=\"https:\/\/caretravelling.de\/index.php\/de\/\">Mehr Info \u00fcber Care-Travelling hier<\/a><\/p>\n<p>&nbsp;<\/p>\n<p><span style=\"-webkit-text-size-adjust: 100%; font-size: 20px;\">Planungen von<\/span><\/p>\n<div class=\"s9\"><span style=\"font-size: 20px;\"><span class=\"s7\">\u2022 <\/span><span class=\"s8\"><span class=\"bumpedFont15\">Hochzeiten<\/span><\/span><\/span><\/div>\n<div class=\"s11\"><span style=\"font-size: 20px;\"><span class=\"s10\">\u2022 <\/span><span class=\"s8\"><span class=\"bumpedFont15\">Private Feiern \u00a0<\/span><\/span><span class=\"s12\"><span class=\"bumpedFont20\">(z. B. Geburtstag)<\/span><\/span><\/span><\/div>\n<div class=\"s11\"><span style=\"font-size: 20px;\"><span class=\"s10\">\u2022 <\/span><span class=\"s8\"><span class=\"bumpedFont15\">Vereinsfeste<\/span><\/span><\/span><\/div>\n<div class=\"s16\"><span style=\"font-size: 20px;\"><span class=\"s15\">\u2022 <\/span><span class=\"s8\"><span class=\"bumpedFont15\">Ausstellungen<\/span><\/span><\/span><\/div>\n<div class=\"s18\"><span style=\"font-size: 20px;\"><span class=\"s17\">\u2022 <\/span><span class=\"s8\"><span class=\"bumpedFont15\">Konferenzen<\/span><\/span><\/span><\/div>\n<div class=\"s16\"><span style=\"font-size: 20px;\"><span class=\"s15\">\u2022 <\/span><span class=\"s8\"><span class=\"bumpedFont15\">Publikumsmessen<\/span><\/span><\/span><\/div>\n<p>&nbsp;<\/p>\n<p class=\"s20\"><span style=\"font-size: 20px;\"><span class=\"s19\"><span class=\"bumpedFont20\">auch in besonderen Objekten wie historisches Geb\u00e4ude, Hotel, Schloss, Industriebrache etc. <\/span><\/span><span class=\"s4\"><span class=\"bumpedFont15\">\u00fcbernimmt f\u00fcr Sie vertrauensvoll sowie unter Ber\u00fccksichtigung der jeweils regional geltenden Auflagen (z. B. Wegen COVID-19)<\/span><\/span><\/span><\/p>\n<p><span style=\"font-size: 20px;\">KM\u00a0<span class=\"s22\"><span class=\"bumpedFont15\">Messen &amp; Events UG (<\/span><\/span><span class=\"s23\"><span class=\"bumpedFont20\">haftungsbeschr\u00e4nkt)<\/span><\/span><\/span><\/p>\n<p class=\"s26\"><span class=\"s25\" style=\"font-size: 20px;\"><span class=\"bumpedFont15\">Klaus M\u00f6dder<\/span><\/span><\/p>\n<p class=\"s26\"><span style=\"font-size: 20px;\"><span class=\"s27\"><span class=\"bumpedFont20\">\u00a0<\/span><\/span><span class=\"s28\"><span class=\"bumpedFont20\">Gesch\u00e4ftsf\u00fchrer\u00a0<\/span><\/span><\/span><\/p>\n<p class=\"s31\"><span class=\"s30\" style=\"font-size: 20px;\"><span class=\"bumpedFont20\">K\u00f6lner Stra\u00dfe 29<\/span><\/span><\/p>\n<p class=\"s32\"><span class=\"s30\" style=\"font-size: 20px;\"><span class=\"bumpedFont20\">D &#8211; \u200b50126 Bergheim<\/span><\/span><\/p>\n<p class=\"s33\"><span style=\"font-size: 20px;\"><span class=\"s4\"><span class=\"bumpedFont15\">Individuelle Beratung<\/span><\/span> <span class=\"s4\"><span class=\"bumpedFont15\">und Informationsvermittlung \u00a0<\/span><\/span><span class=\"s4\"><span class=\"bumpedFont15\">ausschlie\u00dflich mit\u00a0<\/span><\/span><span class=\"s35\"><span class=\"bumpedFont15\">vorheriger Terminvereinbarung<\/span><\/span><span class=\"s4\"><span class=\"bumpedFont15\"> unter<\/span><\/span><\/span><\/p>\n<p class=\"s33\"><span style=\"font-size: 20px;\"><span class=\"s34\"><span class=\"bumpedFont15\">Tel.: <\/span><\/span><span class=\"s4\"><span class=\"bumpedFont15\">++49-(0)2271-7593548<\/span><\/span><\/span><\/p>\n<p><span style=\"font-size: 20px;\">und Immobilien Service<\/span><\/p>\n<p><span style=\"font-size: 20px;\"><img data-recalc-dims=\"1\" loading=\"lazy\" decoding=\"async\" data-attachment-id=\"32585\" data-permalink=\"https:\/\/unser-quartier.de\/stadt-bergheim\/km-messen-und-events\/c85263b1-9663-4a50-841a-bf7d4872f90c\/\" data-orig-file=\"https:\/\/i0.wp.com\/unser-quartier.de\/stadt-bergheim\/files\/2020\/10\/C85263B1-9663-4A50-841A-BF7D4872F90C.jpeg?fit=650%2C1024&amp;ssl=1\" data-orig-size=\"650,1024\" data-comments-opened=\"0\" data-image-meta=\"{&quot;aperture&quot;:&quot;0&quot;,&quot;credit&quot;:&quot;&quot;,&quot;camera&quot;:&quot;&quot;,&quot;caption&quot;:&quot;&quot;,&quot;created_timestamp&quot;:&quot;0&quot;,&quot;copyright&quot;:&quot;&quot;,&quot;focal_length&quot;:&quot;0&quot;,&quot;iso&quot;:&quot;0&quot;,&quot;shutter_speed&quot;:&quot;0&quot;,&quot;title&quot;:&quot;&quot;,&quot;orientation&quot;:&quot;1&quot;}\" data-image-title=\"C85263B1-9663-4A50-841A-BF7D4872F90C\" data-image-description=\"\" data-image-caption=\"\" data-medium-file=\"https:\/\/i0.wp.com\/unser-quartier.de\/stadt-bergheim\/files\/2020\/10\/C85263B1-9663-4A50-841A-BF7D4872F90C.jpeg?fit=190%2C300&amp;ssl=1\" data-large-file=\"https:\/\/i0.wp.com\/unser-quartier.de\/stadt-bergheim\/files\/2020\/10\/C85263B1-9663-4A50-841A-BF7D4872F90C.jpeg?fit=650%2C1024&amp;ssl=1\" class=\"alignnone size-full wp-image-32585\" src=\"https:\/\/i0.wp.com\/unser-quartier.de\/stadt-bergheim\/files\/2020\/10\/C85263B1-9663-4A50-841A-BF7D4872F90C.jpeg?resize=650%2C1024&#038;ssl=1\" alt=\"\" width=\"650\" height=\"1024\" srcset=\"https:\/\/i0.wp.com\/unser-quartier.de\/stadt-bergheim\/files\/2020\/10\/C85263B1-9663-4A50-841A-BF7D4872F90C.jpeg?w=650&amp;ssl=1 650w, https:\/\/i0.wp.com\/unser-quartier.de\/stadt-bergheim\/files\/2020\/10\/C85263B1-9663-4A50-841A-BF7D4872F90C.jpeg?resize=190%2C300&amp;ssl=1 190w, https:\/\/i0.wp.com\/unser-quartier.de\/stadt-bergheim\/files\/2020\/10\/C85263B1-9663-4A50-841A-BF7D4872F90C.jpeg?resize=95%2C150&amp;ssl=1 95w\" sizes=\"auto, (max-width: 650px) 100vw, 650px\" \/><\/span><\/p>\n<p>&nbsp;<\/p>\n<p>&nbsp;<\/p>\n<p>&nbsp;<\/p>\n","protected":false},"excerpt":{"rendered":"<p>&nbsp;<\/p>\n<\/p>\n<p>Mehr Info \u00fcber Care-Travelling hier<\/p>\n<p>&nbsp;<\/p>\n<p>Planungen von<\/p>\n<p> \u2022 Hochzeiten \u2022 Private Feiern \u00a0(z. B. Geburtstag) \u2022 Vereinsfeste \u2022 Ausstellungen \u2022 Konferenzen \u2022 Publikumsmessen <\/p>\n<p>&nbsp;<\/p>\n<p class=\"s20\">auch in besonderen Objekten wie historisches Geb\u00e4ude, Hotel, Schloss, Industriebrache etc. \u00fcbernimmt f\u00fcr Sie vertrauensvoll sowie unter Ber\u00fccksichtigung der jeweils regional geltenden Auflagen (z. B. Wegen COVID-19)<\/p>\n<p> &hellip; <\/p>\n<p><a class=\"more-link btn\" href=\"https:\/\/unser-quartier.de\/stadt-bergheim\/km-messen-und-events\/\">Weiterlesen<\/a><\/p>\n","protected":false},"author":48,"featured_media":0,"parent":0,"menu_order":0,"comment_status":"closed","ping_status":"closed","template":"","meta":{"_bbp_topic_count":0,"_bbp_reply_count":0,"_bbp_total_topic_count":0,"_bbp_total_reply_count":0,"_bbp_voice_count":0,"_bbp_anonymous_reply_count":0,"_bbp_topic_count_hidden":0,"_bbp_reply_count_hidden":0,"_bbp_forum_subforum_count":0,"jetpack_post_was_ever_published":false,"footnotes":""},"class_list":["post-32577","page","type-page","status-publish","hentry","nodate","item-wrap"],"jetpack_sharing_enabled":true,"jetpack_shortlink":"https:\/\/wp.me\/P3vhfJ-8tr","jetpack_likes_enabled":true,"_links":{"self":[{"href":"https:\/\/unser-quartier.de\/stadt-bergheim\/wp-json\/wp\/v2\/pages\/32577","targetHints":{"allow":["GET"]}}],"collection":[{"href":"https:\/\/unser-quartier.de\/stadt-bergheim\/wp-json\/wp\/v2\/pages"}],"about":[{"href":"https:\/\/unser-quartier.de\/stadt-bergheim\/wp-json\/wp\/v2\/types\/page"}],"author":[{"embeddable":true,"href":"https:\/\/unser-quartier.de\/stadt-bergheim\/wp-json\/wp\/v2\/users\/48"}],"replies":[{"embeddable":true,"href":"https:\/\/unser-quartier.de\/stadt-bergheim\/wp-json\/wp\/v2\/comments?post=32577"}],"version-history":[{"count":0,"href":"https:\/\/unser-quartier.de\/stadt-bergheim\/wp-json\/wp\/v2\/pages\/32577\/revisions"}],"wp:attachment":[{"href":"https:\/\/unser-quartier.de\/stadt-bergheim\/wp-json\/wp\/v2\/media?parent=32577"}],"curies":[{"name":"wp","href":"https:\/\/api.w.org\/{rel}","templated":true}]}}