{"id":3267,"date":"2014-10-14T16:44:13","date_gmt":"2014-10-14T14:44:13","guid":{"rendered":"http:\/\/unser-quartier.de\/stadt-bergheim\/?page_id=3267"},"modified":"2014-10-14T16:46:38","modified_gmt":"2014-10-14T14:46:38","slug":"mehr-als-nur-oeffentlichkeitsarbeit","status":"publish","type":"page","link":"https:\/\/unser-quartier.de\/stadt-bergheim\/startseite\/was-ist-das-fachforum-seniorenarbeit-fase\/mehr-als-nur-oeffentlichkeitsarbeit\/","title":{"rendered":"Mehr als nur \u00d6ffentlichkeitsarbeit"},"content":{"rendered":"<p><span style=\"font-size: 12pt\">Die M\u00f6glichkeiten des Internets gehen weit \u00fcber \u00d6ffentlichkeitsarbeit hinaus. <\/span><br \/>\n<span style=\"font-size: 12pt\">Auch \u00c4ltere nutzen das Internet zunehmend zur Organisation ihres b\u00fcrgerschaftlichen Engagements, zur Artikulation ihrer Interessen, zur Vernetzung mit anderen und zum Informationsaustausch. Dabei entstehen neue Engagementfelder im Internet und im Bereich der Vermittlung von Medienkompetenzen.<\/span><\/p>\n<p><span style=\"font-size: 12pt\">Die Fachstelle \u00c4lterwerden der Kreisstadt Bergheim hat ein Online-Portal mit und f\u00fcr \u00c4ltere initiiert. Anhand dieses Projektes werden im Workshop die Entwicklungsm\u00f6glichkeiten und Problemfelder beleuchtet: Welchen Nutzen bringt das Internet?<\/span><\/p>\n<p><span style=\"font-size: 12pt\">Wie wird es von den \u00c4lteren genutzt?<\/span><\/p>\n<p><span style=\"font-size: 12pt\">Welche Barrieren gibt es und wie k\u00f6nnen sie abgebaut werden?<\/span><\/p>\n<p><span style=\"font-size: 12pt\">Wie kann die \u00d6ffentlichkeitsarbeit gestaltet werden?<\/span><\/p>\n<p><span style=\"font-size: 12pt\">Wie k\u00f6nnen freiwillig Engagierte und Hauptamtliche in dem Feld zusammen arbeiten?<\/span><\/p>\n<p><span style=\"font-size: 12pt\">Referentin: Britta Fuchs, Kreisstadt Bergheim, Fachstelle \u00c4lterwerden<br \/>\nmit dem Online-Team Fachforum Seniorenarbeit<\/span><\/p>\n<p><span style=\"font-size: 12pt\">Moderation: Daniel Hoffmann, Kuratorium Deutsche Altershilfe<\/span><\/p>\n","protected":false},"excerpt":{"rendered":"<p>Die M\u00f6glichkeiten des Internets gehen weit \u00fcber \u00d6ffentlichkeitsarbeit hinaus. Auch \u00c4ltere nutzen das Internet zunehmend zur Organisation ihres b\u00fcrgerschaftlichen Engagements, zur Artikulation ihrer Interessen, zur Vernetzung mit anderen und zum Informationsaustausch. Dabei entstehen neue Engagementfelder im Internet und im Bereich der Vermittlung von Medienkompetenzen.<\/p>\n<p>Die Fachstelle \u00c4lterwerden der Kreisstadt Bergheim hat ein Online-Portal mit und &hellip; <\/p>\n<p><a class=\"more-link btn\" href=\"https:\/\/unser-quartier.de\/stadt-bergheim\/startseite\/was-ist-das-fachforum-seniorenarbeit-fase\/mehr-als-nur-oeffentlichkeitsarbeit\/\">Weiterlesen<\/a><\/p>\n","protected":false},"author":48,"featured_media":0,"parent":133,"menu_order":9,"comment_status":"open","ping_status":"open","template":"","meta":{"_bbp_topic_count":0,"_bbp_reply_count":0,"_bbp_total_topic_count":0,"_bbp_total_reply_count":0,"_bbp_voice_count":0,"_bbp_anonymous_reply_count":0,"_bbp_topic_count_hidden":0,"_bbp_reply_count_hidden":0,"_bbp_forum_subforum_count":0,"jetpack_post_was_ever_published":false,"footnotes":""},"class_list":["post-3267","page","type-page","status-publish","hentry","nodate","item-wrap"],"jetpack_sharing_enabled":true,"jetpack_shortlink":"https:\/\/wp.me\/P3vhfJ-QH","jetpack_likes_enabled":true,"_links":{"self":[{"href":"https:\/\/unser-quartier.de\/stadt-bergheim\/wp-json\/wp\/v2\/pages\/3267","targetHints":{"allow":["GET"]}}],"collection":[{"href":"https:\/\/unser-quartier.de\/stadt-bergheim\/wp-json\/wp\/v2\/pages"}],"about":[{"href":"https:\/\/unser-quartier.de\/stadt-bergheim\/wp-json\/wp\/v2\/types\/page"}],"author":[{"embeddable":true,"href":"https:\/\/unser-quartier.de\/stadt-bergheim\/wp-json\/wp\/v2\/users\/48"}],"replies":[{"embeddable":true,"href":"https:\/\/unser-quartier.de\/stadt-bergheim\/wp-json\/wp\/v2\/comments?post=3267"}],"version-history":[{"count":0,"href":"https:\/\/unser-quartier.de\/stadt-bergheim\/wp-json\/wp\/v2\/pages\/3267\/revisions"}],"up":[{"embeddable":true,"href":"https:\/\/unser-quartier.de\/stadt-bergheim\/wp-json\/wp\/v2\/pages\/133"}],"wp:attachment":[{"href":"https:\/\/unser-quartier.de\/stadt-bergheim\/wp-json\/wp\/v2\/media?parent=3267"}],"curies":[{"name":"wp","href":"https:\/\/api.w.org\/{rel}","templated":true}]}}