{"id":3875,"date":"2014-11-11T12:05:23","date_gmt":"2014-11-11T11:05:23","guid":{"rendered":"http:\/\/unser-quartier.de\/stadt-bergheim\/?page_id=3875"},"modified":"2014-11-20T10:22:35","modified_gmt":"2014-11-20T09:22:35","slug":"glessen","status":"publish","type":"page","link":"https:\/\/unser-quartier.de\/stadt-bergheim\/startseite\/bilder\/stadtteile\/beschreibungen\/glessen\/","title":{"rendered":"Beschreibung-Glessen"},"content":{"rendered":"<p style=\"margin-top: 0.05cm;margin-bottom: 0.18cm\"><span style=\"font-family: Calibri, serif;font-size: 14pt\"><b>Glessen \u2013 Dorf mit Domblick<\/b><\/span><\/p>\n<p style=\"margin-top: 0.05cm;margin-bottom: 0.18cm\"><span style=\"font-size: 14pt\"><span style=\"font-family: Calibri, serif\">Glessen ist die H\u00f6he! Mit 204 Metern ist die aus dem Brauntagebau-Abraum k\u00fcnstlich entstandene \u201eKippe\u201c die h\u00f6chste Erhebung des Rhein-Erft-Kreises und bietet nicht nur vom Gipfelkreuz aus einen phantastischen Panoramablick von D\u00fcsseldorf \u00fcber K\u00f6ln bis weit ins Siebengebirge und Bergische Land. Die rund 5.400 Einwohner sch\u00e4tzen an ihrem sch\u00f6nen Dorf mit Domblick die gelungene Kombination aus Gro\u00dfstadtn\u00e4he und Landleben. Anziehungspunkte sind urige Restaurants und Caf\u00e9s, kleine Gesch\u00e4fte und Hofl\u00e4den, Galerien und ein neu geschaffener Mehrgenerationenplatz mitten im Ort. Die Nahversorgung ist durch einen neuen <\/span><span style=\"font-family: Calibri, serif\">Vollsortimenter und zwei Discounter gesichert.<br \/>\n<\/span><span style=\"font-family: Calibri, serif\">Auch im Glessener Gewerbegebiet haben sich etliche Firmen angesiedelt. \u00c4rzte, Friseure und weitere Dienstleister k\u00fcmmern sich um die Gesundheit und anderen Belange der Glessener. <\/span><\/span><\/p>\n<p style=\"margin-top: 0.05cm;margin-bottom: 0.18cm\"><span style=\"font-family: Calibri, serif;font-size: 14pt\"><b>Sch\u00f6ne Aussichten<\/b><\/span><\/p>\n<p style=\"margin-top: 0.05cm;margin-bottom: 0.18cm\"><span style=\"font-size: 14pt\"><a name=\"_GoBack\"><\/a> <span style=\"font-family: Calibri, serif\">Der hohe Freizeitwert mit dem regen Vereinsleben, der Glessener H\u00f6he, dem frisch renaturierten Quellgebiet an der \u201eLiebesallee\u201c, mehreren Reiterh\u00f6fen und dem Ausflugsziel M\u00fchlenhof machen den \u00f6stlichsten Stadtteil Bergheims zu einem gefragten Wohnort f\u00fcr Jung und Alt. Auch das Wasser von Glessen \u201eess jod\u201c: Neben dem alten Wasserturm aus den 30er Jahren duckt sich unauff\u00e4llig ein hochmoderner Wasserspeicher, der die B\u00fcrger mit qualitativ hochwertigem Trinkwasser aus gro\u00dfen Gesteinstiefen versorgt. Im Stil eines landwirtschaftlichen Geb\u00e4udes passt er perfekt ins Bild und st\u00f6rt die sch\u00f6nen Aussichten auf den Quellenort und sein 22 Meter hohes Wahrzeichen nicht im Geringsten. <\/span><\/span><\/p>\n<p style=\"margin-top: 0.05cm;margin-bottom: 0.18cm\"><span style=\"font-family: Calibri, serif;font-size: 14pt\">Andrea Flo\u00df<\/span><\/p>\n<p style=\"margin-top: 0.05cm;margin-bottom: 0.18cm\"><span style=\"font-size: 14pt\"><a href=\"http:\/\/www.glessen-ortsinfo.de\/\"><span style=\"color: #0066cc;font-family: Calibri, serif\"><span style=\"text-decoration: underline\">www.glessen-ortsinfo.de<\/span><\/span><\/a><\/span><\/p>\n","protected":false},"excerpt":{"rendered":"<p style=\"margin-top: 0.05cm;margin-bottom: 0.18cm\">Glessen \u2013 Dorf mit Domblick<\/p>\n<p style=\"margin-top: 0.05cm;margin-bottom: 0.18cm\">Glessen ist die H\u00f6he! Mit 204 Metern ist die aus dem Brauntagebau-Abraum k\u00fcnstlich entstandene \u201eKippe\u201c die h\u00f6chste Erhebung des Rhein-Erft-Kreises und bietet nicht nur vom Gipfelkreuz aus einen phantastischen Panoramablick von D\u00fcsseldorf \u00fcber K\u00f6ln bis weit ins Siebengebirge und Bergische Land. Die rund 5.400 &hellip; <\/p>\n<p><a class=\"more-link btn\" href=\"https:\/\/unser-quartier.de\/stadt-bergheim\/startseite\/bilder\/stadtteile\/beschreibungen\/glessen\/\">Weiterlesen<\/a><\/p>\n","protected":false},"author":48,"featured_media":0,"parent":3841,"menu_order":7,"comment_status":"open","ping_status":"open","template":"","meta":{"_bbp_topic_count":0,"_bbp_reply_count":0,"_bbp_total_topic_count":0,"_bbp_total_reply_count":0,"_bbp_voice_count":0,"_bbp_anonymous_reply_count":0,"_bbp_topic_count_hidden":0,"_bbp_reply_count_hidden":0,"_bbp_forum_subforum_count":0,"jetpack_post_was_ever_published":false,"footnotes":""},"class_list":["post-3875","page","type-page","status-publish","hentry","nodate","item-wrap"],"jetpack_sharing_enabled":true,"jetpack_shortlink":"https:\/\/wp.me\/P3vhfJ-10v","jetpack_likes_enabled":true,"_links":{"self":[{"href":"https:\/\/unser-quartier.de\/stadt-bergheim\/wp-json\/wp\/v2\/pages\/3875","targetHints":{"allow":["GET"]}}],"collection":[{"href":"https:\/\/unser-quartier.de\/stadt-bergheim\/wp-json\/wp\/v2\/pages"}],"about":[{"href":"https:\/\/unser-quartier.de\/stadt-bergheim\/wp-json\/wp\/v2\/types\/page"}],"author":[{"embeddable":true,"href":"https:\/\/unser-quartier.de\/stadt-bergheim\/wp-json\/wp\/v2\/users\/48"}],"replies":[{"embeddable":true,"href":"https:\/\/unser-quartier.de\/stadt-bergheim\/wp-json\/wp\/v2\/comments?post=3875"}],"version-history":[{"count":0,"href":"https:\/\/unser-quartier.de\/stadt-bergheim\/wp-json\/wp\/v2\/pages\/3875\/revisions"}],"up":[{"embeddable":true,"href":"https:\/\/unser-quartier.de\/stadt-bergheim\/wp-json\/wp\/v2\/pages\/3841"}],"wp:attachment":[{"href":"https:\/\/unser-quartier.de\/stadt-bergheim\/wp-json\/wp\/v2\/media?parent=3875"}],"curies":[{"name":"wp","href":"https:\/\/api.w.org\/{rel}","templated":true}]}}