{"id":4009,"date":"2014-11-14T13:12:23","date_gmt":"2014-11-14T12:12:23","guid":{"rendered":"http:\/\/unser-quartier.de\/stadt-bergheim\/?page_id=4009"},"modified":"2014-11-14T13:12:23","modified_gmt":"2014-11-14T12:12:23","slug":"ahe-angebote","status":"publish","type":"page","link":"https:\/\/unser-quartier.de\/stadt-bergheim\/startseite\/bilder\/stadtteile\/angebote\/ahe-angebote\/","title":{"rendered":"Ahe-Angebote"},"content":{"rendered":"<p><strong><span style=\"font-size: 12pt\">Ahe &#8211; Mobile Beratung vor Ort<\/span> <\/strong><\/p>\n<p><span style=\"font-size: 12pt\"><strong>Gesundheitstraining\u00a0 f\u00fcr die Frau\u00a0 <\/strong><\/span><\/p>\n<p><span style=\"font-size: 12pt\">Ein ganzheitliches Training, das K\u00f6rper, Geist und Seele in Einklang bringt.\u00a0 Es verbindet Elemente aus Yoga und Pilates.\u00a0 Neue Teilnehmerinnen sind herzlich willkommen.\u00a0<\/span><\/p>\n<p><span style=\"font-size: 12pt\">Veranstaltungsort:\u00a0\u00a0\u00a0\u00a0\u00a0 Kath. Pfarrheim St. Michael, Michaelsplatz, 50127 Bergheim-Ahe<\/span><\/p>\n<p><span style=\"font-size: 12pt\">Wann? \u00a0\u00a0\u00a0\u00a0\u00a0\u00a0\u00a0\u00a0\u00a0\u00a0\u00a0\u00a0\u00a0\u00a0\u00a0\u00a0\u00a0\u00a0\u00a0\u00a0\u00a0\u00a0 Wir treffen uns jeden Dienstag, 9.30 Uhr \u2013 10.30 Uhr<\/span><\/p>\n<p><span style=\"font-size: 12pt\">Leitung:\u00a0\u00a0\u00a0\u00a0\u00a0\u00a0 \u00a0\u00a0\u00a0\u00a0\u00a0\u00a0\u00a0\u00a0\u00a0\u00a0\u00a0\u00a0\u00a0\u00a0\u00a0 Birgit H\u00f6lter (Sport- und Gymnastiklehrerin)<\/span><\/p>\n<p><span style=\"font-size: 12pt\">Kontakt:\u00a0\u00a0\u00a0\u00a0\u00a0\u00a0 \u00a0\u00a0\u00a0\u00a0\u00a0\u00a0\u00a0\u00a0\u00a0\u00a0\u00a0\u00a0\u00a0\u00a0 02271\/ 991550 \u2013 e-mail: birgit.sports@web.de<\/span><\/p>\n<p><span style=\"font-size: 12pt\">Kosten:<\/span><\/p>\n<p>&nbsp;<\/p>\n<p><span style=\"font-size: 12pt\"><strong>Internetcaf\u00e9 f\u00fcr Senioren<\/strong><\/span><\/p>\n<p><span style=\"font-size: 12pt\">Veranstaltungsort: \u00a0\u00a0\u00a0\u00a0 Chaunyring 11-13, 50126 Bergheim<\/span><\/p>\n<p><span style=\"font-size: 12pt\">Wann?\u00a0\u00a0\u00a0\u00a0\u00a0\u00a0\u00a0\u00a0\u00a0\u00a0\u00a0\u00a0\u00a0\u00a0\u00a0\u00a0\u00a0\u00a0\u00a0\u00a0\u00a0\u00a0\u00a0 Dienstag \u2013 Freitag, 09.00 Uhr \u2013 13.00 Uhr<\/span><\/p>\n<p><span style=\"font-size: 12pt\">Leitung: \u00a0\u00a0\u00a0\u00a0\u00a0\u00a0\u00a0\u00a0\u00a0\u00a0\u00a0\u00a0\u00a0\u00a0\u00a0\u00a0\u00a0\u00a0\u00a0\u00a0\u00a0 Wolfgang Kr\u00fcger<\/span><\/p>\n<p><span style=\"font-size: 12pt\">Kontakt:\u00a0\u00a0\u00a0\u00a0\u00a0\u00a0\u00a0\u00a0\u00a0\u00a0\u00a0\u00a0\u00a0\u00a0\u00a0\u00a0\u00a0\u00a0\u00a0\u00a0\u00a0 02271\/95312\u00a0<\/span><\/p>\n<p><span style=\"font-size: 12pt\">Kosten:\u00a0<\/span><\/p>\n<p><strong>\u00a0<\/strong><\/p>\n<p><span style=\"font-size: 12pt\"><strong>Die \u201eKaffeebud\u201c\u00a0 <\/strong><\/span><\/p>\n<p><span style=\"font-size: 12pt\">Menschen treffen, miteinander reden &#8211; Treffen Sie Herrn Amenda in lockerer Atmosph\u00e4re (Stehtische) auf einen Kaffee!<\/span><\/p>\n<p><span style=\"font-size: 12pt\">Veranstaltungsort:\u00a0\u00a0\u00a0\u00a0\u00a0 \u00a0\u00a0\u00a0\u00a0\u00a0\u00a0\u00a0\u00a0\u00a0\u00a0\u00a0 Michaelsplatz, 50127 Bergheim-Ahe<\/span><\/p>\n<p><span style=\"font-size: 12pt\">Wann?\u00a0\u00a0\u00a0\u00a0\u00a0\u00a0\u00a0\u00a0\u00a0\u00a0\u00a0\u00a0\u00a0\u00a0\u00a0\u00a0\u00a0\u00a0\u00a0\u00a0\u00a0\u00a0\u00a0 \u00a0\u00a0\u00a0\u00a0\u00a0\u00a0\u00a0\u00a0\u00a0\u00a0\u00a0 mittwochs, 12.00 Uhr \u2013 13.00 Uhr<\/span> Kosten:<\/p>\n<p><strong>\u00a0<\/strong><\/p>\n<p><span style=\"font-size: 12pt\"><strong>Frauengemeinschaft <\/strong><\/span><\/p>\n<p><span style=\"font-size: 12pt\">Neue Teilnehmerinnen sind herzlich willkommen, bei unserem Treff, zu dem nur Frauen Zutritt haben! Schlie\u00dflich reden wir \u00fcber Themen, die nur uns interessieren!<\/span><\/p>\n<p><span style=\"font-size: 12pt\">Veranstaltungsort:\u00a0\u00a0\u00a0\u00a0\u00a0 \u00a0\u00a0\u00a0\u00a0\u00a0\u00a0\u00a0\u00a0\u00a0\u00a0\u00a0 Kath. Pfarrheim St. Michael, Michaelsplatz, 50127 Bergheim-Ahe<\/span><\/p>\n<p><span style=\"font-size: 12pt\">Wann?\u00a0\u00a0\u00a0 \u00a0\u00a0\u00a0\u00a0\u00a0\u00a0\u00a0 \u00a0\u00a0\u00a0\u00a0\u00a0\u00a0\u00a0\u00a0\u00a0\u00a0\u00a0\u00a0\u00a0\u00a0\u00a0\u00a0\u00a0\u00a0\u00a0\u00a0\u00a0\u00a0\u00a0 jeden 3. Dienstag im Monat<\/span><\/p>\n<p><span style=\"font-size: 12pt\">Leitung:\u00a0\u00a0\u00a0\u00a0\u00a0\u00a0\u00a0\u00a0\u00a0\u00a0\u00a0\u00a0\u00a0\u00a0\u00a0\u00a0\u00a0\u00a0\u00a0\u00a0\u00a0\u00a0\u00a0 \u00a0\u00a0\u00a0\u00a0\u00a0\u00a0\u00a0\u00a0\u00a0 Frau Wiegand, Frau Engel<\/span><\/p>\n<p><span style=\"font-size: 12pt\">Kontakt:\u00a0\u00a0\u00a0\u00a0\u00a0\u00a0\u00a0\u00a0\u00a0\u00a0\u00a0\u00a0\u00a0\u00a0\u00a0\u00a0\u00a0\u00a0\u00a0\u00a0\u00a0\u00a0\u00a0 \u00a0\u00a0\u00a0\u00a0\u00a0\u00a0\u00a0\u00a0\u00a0 02271\/94985; 02271\/755483 Kosten:\u00a0<\/span><\/p>\n<p>&nbsp;<\/p>\n<p><span style=\"font-size: 12pt\"><strong>Geplante Veranstaltungen f\u00fcr das 2. Halbjahr 2014\u00a0\u00a0\u00a0 <\/strong><\/span><\/p>\n<p><span style=\"font-size: 12pt\"><strong>Vortrag: Vorsorgevollmacht, Patientenverf\u00fcgung, Betreuungsrecht<\/strong><\/span><\/p>\n<p><span style=\"font-size: 12pt\">In dem 90-min\u00fctigen Vortrag erfahren Sie, &#8211; wie Sie in gesunden Tagen Vorsorge treffen k\u00f6nnen f\u00fcr den Fall, dass Sie nicht mehr in der Lage sind, ihre Angelegenheit selbst zu regeln &#8211; welche drei verschiedenen M\u00f6glichkeiten der Vorsorge getroffen werden k\u00f6nnen.\u00a0<\/span><\/p>\n<p><span style=\"font-size: 12pt\">Veranstaltungsort:\u00a0\u00a0\u00a0\u00a0\u00a0 \u00a0\u00a0\u00a0\u00a0\u00a0\u00a0\u00a0\u00a0\u00a0\u00a0\u00a0 Kath. Pfarrheim St. Michael, 50127 Bergheim-Ahe<\/span><\/p>\n<p><span style=\"font-size: 12pt\">Datum\/Uhrzeit:\u00a0\u00a0\u00a0\u00a0\u00a0\u00a0\u00a0\u00a0\u00a0\u00a0\u00a0 \u00a0\u00a0\u00a0\u00a0\u00a0\u00a0\u00a0\u00a0\u00a0\u00a0 Dienstag, 16. September. 2014, 19.00 Uhr<\/span><\/p>\n<p><span style=\"font-size: 12pt\">Referent:\u00a0\u00a0\u00a0\u00a0\u00a0\u00a0\u00a0\u00a0\u00a0\u00a0\u00a0\u00a0\u00a0\u00a0\u00a0\u00a0\u00a0\u00a0\u00a0\u00a0 \u00a0\u00a0\u00a0\u00a0\u00a0\u00a0\u00a0\u00a0\u00a0\u00a0 Friedrich H\u00f6lter (Dipl.-Sozialarbeiter), Praxisgemeinschaft Rechtliche\u00a0Betreuungen im Rhein-Erft-Kreis<\/span><\/p>\n<p><span style=\"font-size: 12pt\">Kosten: \u00a0\u00a0\u00a0\u00a0\u00a0\u00a0\u00a0\u00a0\u00a0\u00a0\u00a0\u00a0\u00a0\u00a0\u00a0\u00a0\u00a0\u00a0\u00a0\u00a0\u00a0\u00a0\u00a0\u00a0\u00a0\u00a0\u00a0\u00a0\u00a0\u00a0\u00a0 \u00a0 kostenlos\u00a0\u00a0\u00a0\u00a0\u00a0\u00a0\u00a0\u00a0\u00a0\u00a0<\/span><\/p>\n<p>&nbsp;<\/p>\n<p><span style=\"font-size: 12pt\"><strong>Vortrag: SGB XII \u2013 Grundsicherung im Alter<\/strong><\/span><\/p>\n<p><span style=\"font-size: 12pt\">Die Grundsicherung ist seit dem 1. Januar 2005 eine Hilfeart innerhalb der Sozialhilfe (Hilfe zum Lebensunterhalt).<br \/>\nIn diesem Vortrag erhalten Sie wichtige Informationen \u00fcber den Leistungsumfang und welche Bereiche die Grundsicherung \u00fcberhaupt umfasst.<\/span><\/p>\n<p><span style=\"font-size: 12pt\">Veranstaltungsort:\u00a0\u00a0 \u00a0\u00a0 Kath. Pfarrheim St. Michael, 50127 Bergheim-Ahe<\/span><\/p>\n<p><span style=\"font-size: 12pt\">Datum\/Uhrzeit:\u00a0\u00a0\u00a0\u00a0\u00a0\u00a0\u00a0\u00a0 \u00a0 Dienstag, 28. Oktober 2014, 19.00 Uhr<\/span><\/p>\n<p><span style=\"font-size: 12pt\">Referent:\u00a0\u00a0\u00a0\u00a0\u00a0\u00a0\u00a0\u00a0\u00a0\u00a0\u00a0\u00a0\u00a0\u00a0\u00a0\u00a0\u00a0\u00a0\u00a0 Friedrich H\u00f6lter (Dipl.-Sozialarbeiter), Praxisgemeinschaft Rechtliche Betreuungen im Rhein-Erft-Kreis<\/span><\/p>\n<p><span style=\"font-size: 12pt\">Kosten:\u00a0\u00a0\u00a0\u00a0\u00a0\u00a0\u00a0\u00a0\u00a0\u00a0\u00a0\u00a0\u00a0\u00a0\u00a0\u00a0\u00a0\u00a0\u00a0\u00a0\u00a0 kostenlos\u00a0<\/span><\/p>\n<p><strong>\u00a0<\/strong><\/p>\n<p><span style=\"font-size: 12pt\"><strong>Vortrag: SGB II \u2013 Grundsicherung f\u00fcr Arbeitssuchende \u201eHartz IV\u201c <\/strong><\/span><\/p>\n<p><span style=\"font-size: 12pt\">Im zweiten Buch des Sozialgesetzbuches (SGB II) sind die staatlichen Leistungen f\u00fcr erwerbsf\u00e4hige Leistungsberechtigte und ihre Familien geregelt.<br \/>\nDie im vierten Hartz-Gesetz festgelegte Zusammenf\u00fchrung von Arbeitslosen- und Sozialhilfe gilt f\u00fcr viele Menschen als Buch mit sieben Siegeln.<br \/>\nBei diesem Vortrag erfahren Sie, was Sie schon immer \u00fcber Hartz IV wissen wollten.<br \/>\nWer ist von Hartz IV betroffen?<br \/>\nWorin liegt der Unterschied zwischen Arbeitslosengeld I und Arbeitslosengeld II?<br \/>\nWer gilt als erwerbsf\u00e4hig? uvm\u2026\u2026<\/span><\/p>\n<p><span style=\"font-size: 12pt\">Veranstaltungsort:\u00a0\u00a0\u00a0\u00a0 T.O.T:. Im Wohnpark, 50127 Bergheim-Ahe<\/span><\/p>\n<p><span style=\"font-size: 12pt\">Datum\/Uhrzeit:\u00a0\u00a0\u00a0\u00a0\u00a0\u00a0\u00a0\u00a0\u00a0 werden noch mitgeteilt<\/span><\/p>\n<p><span style=\"font-size: 12pt\">Referent:\u00a0\u00a0\u00a0\u00a0\u00a0\u00a0\u00a0\u00a0\u00a0\u00a0\u00a0\u00a0\u00a0\u00a0\u00a0\u00a0\u00a0\u00a0 Friedrich H\u00f6lter (Dipl.-Sozialarbeiter), Praxisgemeinschaft Rechtliche \u00a0\u00a0\u00a0\u00a0\u00a0\u00a0\u00a0\u00a0\u00a0\u00a0\u00a0\u00a0\u00a0\u00a0\u00a0\u00a0\u00a0\u00a0\u00a0\u00a0\u00a0\u00a0\u00a0\u00a0\u00a0\u00a0\u00a0\u00a0\u00a0\u00a0\u00a0\u00a0\u00a0 Betreuungen im Rhein-Erft-Kreis<\/span><\/p>\n<p><span style=\"font-size: 12pt\">Kosten:\u00a0\u00a0\u00a0\u00a0\u00a0\u00a0\u00a0\u00a0\u00a0\u00a0\u00a0\u00a0\u00a0\u00a0\u00a0\u00a0\u00a0\u00a0\u00a0\u00a0\u00a0 kostenlos\u00a0<\/span><\/p>\n<p>&nbsp;<\/p>\n<p><span style=\"font-size: 12pt\"><strong>Rollator-Training f\u00fcr Senioren\u00a0\u00a0\u00a0\u00a0\u00a0\u00a0\u00a0\u00a0 <\/strong><\/span><\/p>\n<p><span style=\"font-size: 12pt\">Beim Rollator-Training werden Tipps und Tricks zum richtigen Umgang mit der fahrenden Gehilfe gegeben sowie die richtige Einstellung von H\u00f6he und Bremsen gepr\u00fcft, um die Mobilit\u00e4t zu verbessern. Es geht um den Erhalt der Selbst\u00e4ndigkeit und Sicherheit im Alltag. Eigene Rollatoren sind mitzubringen.<\/span><\/p>\n<p><span style=\"font-size: 12pt\">Veranstaltungsort:\u00a0 \u00a0wird noch bekanntgegeben<\/span><\/p>\n<p><span style=\"font-size: 12pt\">Datum\/Uhrzeit:\u00a0\u00a0\u00a0 \u00a0\u00a0\u00a0\u00a0\u00a0\u00a0 Es wird zwei Termine geben, einen theoretischen und einen praktischen Teil. Datum und Uhrzeit werden noch bekanntgegeben.<\/span><\/p>\n<p><span style=\"font-size: 12pt\">Referent:\u00a0\u00a0\u00a0\u00a0\u00a0\u00a0\u00a0\u00a0\u00a0\u00a0\u00a0\u00a0\u00a0\u00a0\u00a0\u00a0\u00a0\u00a0\u00a0 Verkehrswacht des Rhein-Erft-Kreises<\/span><\/p>\n<p><span style=\"font-size: 12pt\">Kosten:\u00a0\u00a0\u00a0\u00a0\u00a0\u00a0\u00a0\u00a0\u00a0\u00a0\u00a0\u00a0\u00a0\u00a0\u00a0\u00a0\u00a0\u00a0\u00a0\u00a0\u00a0\u00a0 kostenlos\u00a0<\/span><\/p>\n<p>&nbsp;<\/p>\n<p><span style=\"font-size: 12pt\"><strong>Erste-Hilfe-Kurs f\u00fcr Senioren <\/strong><\/span><\/p>\n<p><span style=\"font-size: 12pt\">Veranstaltungsort:\u00a0\u00a0\u00a0\u00a0 Kath. Pfarrheim St. Michael, 50127 Bergheim-Ahe<\/span><\/p>\n<p><span style=\"font-size: 12pt\">Datum\/Uhrzeit:\u00a0\u00a0\u00a0\u00a0 \u00a0\u00a0\u00a0\u00a0\u00a0 werden noch bekanntgegeben<\/span><\/p>\n<p><span style=\"font-size: 12pt\">Referent:\u00a0\u00a0\u00a0\u00a0\u00a0\u00a0\u00a0\u00a0\u00a0\u00a0\u00a0\u00a0\u00a0\u00a0\u00a0\u00a0\u00a0\u00a0\u00a0 Frau Broich, DLRG<\/span><\/p>\n<p><span style=\"font-size: 12pt\">Kosten:\u00a0\u00a0\u00a0\u00a0\u00a0\u00a0\u00a0\u00a0\u00a0\u00a0\u00a0\u00a0\u00a0\u00a0\u00a0\u00a0\u00a0\u00a0\u00a0\u00a0\u00a0\u00a0 6,00 \u20ac<\/span><\/p>\n<p><span style=\"font-size: 12pt\">Gef\u00f6rdert vom Bundesministerium f\u00fcr Familie, Senioren, Frauen und Jugend<br \/>\nin Kooperation mit dem Deutschen Verband f\u00fcr Wohnungswesen, St\u00e4dtebau und Raumordnung e.V.<\/span><\/p>\n","protected":false},"excerpt":{"rendered":"<p><strong>Ahe &#8211; Mobile Beratung vor Ort <\/strong><\/p>\n<p><strong>Gesundheitstraining\u00a0 f\u00fcr die Frau\u00a0 <\/strong><\/p>\n<p>Ein ganzheitliches Training, das K\u00f6rper, Geist und Seele in Einklang bringt.\u00a0 Es verbindet Elemente aus Yoga und Pilates.\u00a0 Neue Teilnehmerinnen sind herzlich willkommen.\u00a0<\/p>\n<p>Veranstaltungsort:\u00a0\u00a0\u00a0\u00a0\u00a0 Kath. Pfarrheim St. Michael, Michaelsplatz, 50127 Bergheim-Ahe<\/p>\n<p>Wann? \u00a0\u00a0\u00a0\u00a0\u00a0\u00a0\u00a0\u00a0\u00a0\u00a0\u00a0\u00a0\u00a0\u00a0\u00a0\u00a0\u00a0\u00a0\u00a0\u00a0\u00a0\u00a0 Wir treffen uns jeden Dienstag, 9.30 Uhr \u2013 10.30 Uhr<\/p>\n<p> &hellip; <\/p>\n<p><a class=\"more-link btn\" href=\"https:\/\/unser-quartier.de\/stadt-bergheim\/startseite\/bilder\/stadtteile\/angebote\/ahe-angebote\/\">Weiterlesen<\/a><\/p>\n","protected":false},"author":48,"featured_media":0,"parent":3843,"menu_order":2,"comment_status":"open","ping_status":"open","template":"","meta":{"_bbp_topic_count":0,"_bbp_reply_count":0,"_bbp_total_topic_count":0,"_bbp_total_reply_count":0,"_bbp_voice_count":0,"_bbp_anonymous_reply_count":0,"_bbp_topic_count_hidden":0,"_bbp_reply_count_hidden":0,"_bbp_forum_subforum_count":0,"jetpack_post_was_ever_published":false,"footnotes":""},"class_list":["post-4009","page","type-page","status-publish","hentry","nodate","item-wrap"],"jetpack_sharing_enabled":true,"jetpack_shortlink":"https:\/\/wp.me\/P3vhfJ-12F","jetpack_likes_enabled":true,"_links":{"self":[{"href":"https:\/\/unser-quartier.de\/stadt-bergheim\/wp-json\/wp\/v2\/pages\/4009","targetHints":{"allow":["GET"]}}],"collection":[{"href":"https:\/\/unser-quartier.de\/stadt-bergheim\/wp-json\/wp\/v2\/pages"}],"about":[{"href":"https:\/\/unser-quartier.de\/stadt-bergheim\/wp-json\/wp\/v2\/types\/page"}],"author":[{"embeddable":true,"href":"https:\/\/unser-quartier.de\/stadt-bergheim\/wp-json\/wp\/v2\/users\/48"}],"replies":[{"embeddable":true,"href":"https:\/\/unser-quartier.de\/stadt-bergheim\/wp-json\/wp\/v2\/comments?post=4009"}],"version-history":[{"count":0,"href":"https:\/\/unser-quartier.de\/stadt-bergheim\/wp-json\/wp\/v2\/pages\/4009\/revisions"}],"up":[{"embeddable":true,"href":"https:\/\/unser-quartier.de\/stadt-bergheim\/wp-json\/wp\/v2\/pages\/3843"}],"wp:attachment":[{"href":"https:\/\/unser-quartier.de\/stadt-bergheim\/wp-json\/wp\/v2\/media?parent=4009"}],"curies":[{"name":"wp","href":"https:\/\/api.w.org\/{rel}","templated":true}]}}