{"id":4019,"date":"2014-11-14T23:12:11","date_gmt":"2014-11-14T22:12:11","guid":{"rendered":"http:\/\/unser-quartier.de\/stadt-bergheim\/?page_id=4019"},"modified":"2015-08-25T13:09:46","modified_gmt":"2015-08-25T11:09:46","slug":"beschreibung-ahe","status":"publish","type":"page","link":"https:\/\/unser-quartier.de\/stadt-bergheim\/startseite\/bilder\/stadtteile\/beschreibungen\/beschreibung-ahe\/","title":{"rendered":"Beschreibung-Ahe"},"content":{"rendered":"<p><span style=\"font-size: 12pt\">Woher kommt der\u00a0Name Ahe? Ahe hat was mit Wasser zu tun!<br \/>\nG<\/span><span style=\"font-size: 12pt\">emeint ist der Name &#8220;Aue&#8221; f\u00fcr das &#8220;Land am Wasser&#8221;.<br \/>\n<\/span><span style=\"font-family: arial, helvetica, sans-serif\"><br \/>\n<span style=\"font-size: 12pt\">Der Ortsname &#8220;Ahe&#8221; ist sehr alt und wohl vom indogermanischen Wort &#8220;Aha&#8221; abgeleitet. Es bedeutet soviel wie &#8220;Wasser&#8221; oder &#8220;Bach&#8221;.<br \/>\nDie Besiedlung dieses Stadtteils wird auf die fr\u00e4nkische Landnahmezeit zur\u00fcckgef\u00fchrt.<br \/>\nEs wird vermutet, das die fr\u00e4nkische Siedlung unterhalb der heutigen Ortsbebauung, am ehesten in der N\u00e4he der ehemaligen Burg und M\u00fchle, liegt. Schriftliche Quellen setzen erst im Mittelalter an.<\/span><\/span><\/p>\n<p><span style=\"font-family: arial, helvetica, sans-serif;font-size: 12pt\">Die wahrscheinlich fr\u00fcheste Erw\u00e4hnung Ahes kann auf eine Urkunde im Jahr 1182 zur\u00fcckgef\u00fchrt werden. Darin wird vermerkt, dass ein Freier, also ein Adliger Herr, namens Wolbert dem Stift M\u00fcnstereifel seine L\u00e4ndereien \u00fcbereignet hat, unter anderem Ahe. Weitere Erw\u00e4hnungen dieser Edelfreien liegen jedoch nicht vor.<br \/>\nEin Aussterben dieses Geschlechts um 1200 wird daher vermutet.<\/span><\/p>\n<p><span style=\"font-family: arial, helvetica, sans-serif;font-size: 12pt\">Eine Familie, die nach 1200 in Ahe Fu\u00df gefasst hat, ist das Adelsgeschlecht der Familie von Wiedenau, die eine Burg s\u00fcdlich von Ahe bewohnte und es zu hohen \u00c4mtern in der J\u00fclicher Administration brachte. Schliesslich siedelten sich auch Angeh\u00f6rige des niederen Adels an, die sich nach dem Ort Ahe benannten, so zum Beispiel Gobelin de Ay (1316) und Tilman de A (1338). Die Herren von Ahe gelangten auch in den Besitz der Aher M\u00fchle. Es ist verb\u00fcrgt, dass Arnold von Ahe dem Ritter Gerhard von Wiedenau 1368 die M\u00fchle zu Ahe in Erbpacht verlieh. Es handelte sich um eine Getreide- und \u00d6lm\u00fchle, die mindestens bis 1669 in Betrieb war. 1535 taucht ein Matthias von Ahe in den Quellen auf. Ob er mit den anderen Herren verwandt war? Schwer zu sagen, aber jener Matthias von Ahe besa\u00df in Ahe immerhin eine Burg.<\/span><\/p>\n<p><span style=\"font-family: arial, helvetica, sans-serif;font-size: 12pt\">Sp\u00e4ter wurde die Entstehung von Ahe auf 1115 datiert&#8230;<\/span><\/p>\n<p>&nbsp;<\/p>\n<p><span style=\"font-size: 12pt\">Ahe heute<\/span><br \/>\n<span style=\"font-size: 12pt\">Der Stadtteil Ahe hat sich sprunghaft entwickelt. Z\u00e4hlte Ahe im Jahr 1798 lediglich 304 Einwochner, so leben hier heute circa 3.000 Menschen.<\/span><\/p>\n<p><span style=\"font-size: 12pt\">Mit dem Bau des Aher Wohnparkes entstanden rund 800 Wohnungen, insbesondere f\u00fcr kinderreiche Familien.Der ansehnliche und gro\u00dfz\u00fcgig angelegte Wohnpark wurde mehrfach kopiert &#8211; nicht nur in Bergheim.<\/span><\/p>\n<p><span style=\"font-size: 12pt\">Zahlreiche kulturelle und sportliche Anl\u00e4sse, aktive Vereine und eine lebendige B\u00fcrgerbeteiligung pr\u00e4gen ein reges Ortsleben und schaffen im ganzen Ort ein sp\u00fcrbares Zusammengeh\u00f6rigkeitsgef\u00fchl.<\/span><\/p>\n<p>Quelle: www.bergheim.de, www.bergheim-ahe.de<\/p>\n","protected":false},"excerpt":{"rendered":"<p>Woher kommt der\u00a0Name Ahe? Ahe hat was mit Wasser zu tun! Gemeint ist der Name &#8220;Aue&#8221; f\u00fcr das &#8220;Land am Wasser&#8221;. Der Ortsname &#8220;Ahe&#8221; ist sehr alt und wohl vom indogermanischen Wort &#8220;Aha&#8221; abgeleitet. Es bedeutet soviel wie &#8220;Wasser&#8221; oder &#8220;Bach&#8221;. Die Besiedlung dieses Stadtteils wird auf die fr\u00e4nkische Landnahmezeit zur\u00fcckgef\u00fchrt. Es wird vermutet, das &hellip; <\/p>\n<p><a class=\"more-link btn\" href=\"https:\/\/unser-quartier.de\/stadt-bergheim\/startseite\/bilder\/stadtteile\/beschreibungen\/beschreibung-ahe\/\">Weiterlesen<\/a><\/p>\n","protected":false},"author":48,"featured_media":0,"parent":3841,"menu_order":15,"comment_status":"open","ping_status":"open","template":"","meta":{"_bbp_topic_count":0,"_bbp_reply_count":0,"_bbp_total_topic_count":0,"_bbp_total_reply_count":0,"_bbp_voice_count":0,"_bbp_anonymous_reply_count":0,"_bbp_topic_count_hidden":0,"_bbp_reply_count_hidden":0,"_bbp_forum_subforum_count":0,"jetpack_post_was_ever_published":false,"footnotes":""},"class_list":["post-4019","page","type-page","status-publish","hentry","nodate","item-wrap"],"jetpack_sharing_enabled":true,"jetpack_shortlink":"https:\/\/wp.me\/P3vhfJ-12P","jetpack_likes_enabled":true,"_links":{"self":[{"href":"https:\/\/unser-quartier.de\/stadt-bergheim\/wp-json\/wp\/v2\/pages\/4019","targetHints":{"allow":["GET"]}}],"collection":[{"href":"https:\/\/unser-quartier.de\/stadt-bergheim\/wp-json\/wp\/v2\/pages"}],"about":[{"href":"https:\/\/unser-quartier.de\/stadt-bergheim\/wp-json\/wp\/v2\/types\/page"}],"author":[{"embeddable":true,"href":"https:\/\/unser-quartier.de\/stadt-bergheim\/wp-json\/wp\/v2\/users\/48"}],"replies":[{"embeddable":true,"href":"https:\/\/unser-quartier.de\/stadt-bergheim\/wp-json\/wp\/v2\/comments?post=4019"}],"version-history":[{"count":0,"href":"https:\/\/unser-quartier.de\/stadt-bergheim\/wp-json\/wp\/v2\/pages\/4019\/revisions"}],"up":[{"embeddable":true,"href":"https:\/\/unser-quartier.de\/stadt-bergheim\/wp-json\/wp\/v2\/pages\/3841"}],"wp:attachment":[{"href":"https:\/\/unser-quartier.de\/stadt-bergheim\/wp-json\/wp\/v2\/media?parent=4019"}],"curies":[{"name":"wp","href":"https:\/\/api.w.org\/{rel}","templated":true}]}}