{"id":4085,"date":"2014-11-20T10:31:04","date_gmt":"2014-11-20T09:31:04","guid":{"rendered":"http:\/\/unser-quartier.de\/stadt-bergheim\/?page_id=4085"},"modified":"2015-01-01T20:04:26","modified_gmt":"2015-01-01T19:04:26","slug":"beschreibung-rheidt","status":"publish","type":"page","link":"https:\/\/unser-quartier.de\/stadt-bergheim\/startseite\/bilder\/stadtteile\/beschreibungen\/beschreibung-rheidt\/","title":{"rendered":"Beschreibung-Rheidt"},"content":{"rendered":"<p>&nbsp;<\/p>\n<p>&nbsp;<\/p>\n<p><strong><span style=\"font-size: 12pt\">Der Stadtteil am Gilbach<\/span><\/strong><br \/>\n<span style=\"font-size: 12pt\">Ein gro\u00dfz\u00fcgiger Raum greifender Platz bildet den Mittelpunkt des Ortes. Er wird umgeben von einer Reihe historischer H\u00e4user, einer ehemaligen Dorfschmiede und Ortssch\u00e4nke und dem kleinsten Haus am Platz mit seinen beachtlichen 38 Quadratmetern.\u00a0<\/span><\/p>\n<p><strong><span style=\"font-size: 12pt\">Rheidt-H\u00fcchelhoven\u00a0gestern und heute<\/span><\/strong><br \/>\n<span style=\"font-size: 12pt\">Die Besiedlung l\u00e4sst sich bis weit in die vorr\u00f6mische Zeit zur\u00fcckdatieren.<\/span><br \/>\n<span style=\"font-size: 12pt\"> In einer Urkunde des Erzbischofs Friedrich I wird der Ort Rheidt im Jahr 1109 zum ersten Mal erw\u00e4hnt.<\/span><\/p>\n<p><span style=\"font-size: 12pt\">Rheidt-H\u00fcchelhoven ist heute ein beschaulicher Ort, der aufgrund seiner \u00a0zahlreichen historischen Geb\u00e4ude viel Charme ausstrahlt.<\/span><\/p>\n<p><span style=\"font-size: 12pt\">Wandererr, Jogger und andere Naturfreunde nutzen gern die\u00a05 bis 10 Kilometer langen\u00a0Strecken am Gilbach.<\/span><br \/>\n<span style=\"font-size: 12pt\"> Ein bekannter Termin ist jedes Jahr im September der &#8220;ber\u00fchmte Br\u00fcckenlauf am Gilbach&#8221;.<\/span><\/p>\n<p>Quelle: www.bergheim.de<\/p>\n","protected":false},"excerpt":{"rendered":"<p>&nbsp;<\/p>\n<p>&nbsp;<\/p>\n<p><strong>Der Stadtteil am Gilbach<\/strong> Ein gro\u00dfz\u00fcgiger Raum greifender Platz bildet den Mittelpunkt des Ortes. Er wird umgeben von einer Reihe historischer H\u00e4user, einer ehemaligen Dorfschmiede und Ortssch\u00e4nke und dem kleinsten Haus am Platz mit seinen beachtlichen 38 Quadratmetern.\u00a0<\/p>\n<p><strong>Rheidt-H\u00fcchelhoven\u00a0gestern und heute<\/strong> Die Besiedlung l\u00e4sst sich bis weit in die vorr\u00f6mische Zeit zur\u00fcckdatieren. In &hellip; <\/p>\n<p><a class=\"more-link btn\" href=\"https:\/\/unser-quartier.de\/stadt-bergheim\/startseite\/bilder\/stadtteile\/beschreibungen\/beschreibung-rheidt\/\">Weiterlesen<\/a><\/p>\n","protected":false},"author":48,"featured_media":0,"parent":3841,"menu_order":1,"comment_status":"open","ping_status":"open","template":"","meta":{"_bbp_topic_count":0,"_bbp_reply_count":0,"_bbp_total_topic_count":0,"_bbp_total_reply_count":0,"_bbp_voice_count":0,"_bbp_anonymous_reply_count":0,"_bbp_topic_count_hidden":0,"_bbp_reply_count_hidden":0,"_bbp_forum_subforum_count":0,"jetpack_post_was_ever_published":false,"footnotes":""},"class_list":["post-4085","page","type-page","status-publish","hentry","nodate","item-wrap"],"jetpack_sharing_enabled":true,"jetpack_shortlink":"https:\/\/wp.me\/P3vhfJ-13T","jetpack_likes_enabled":true,"_links":{"self":[{"href":"https:\/\/unser-quartier.de\/stadt-bergheim\/wp-json\/wp\/v2\/pages\/4085","targetHints":{"allow":["GET"]}}],"collection":[{"href":"https:\/\/unser-quartier.de\/stadt-bergheim\/wp-json\/wp\/v2\/pages"}],"about":[{"href":"https:\/\/unser-quartier.de\/stadt-bergheim\/wp-json\/wp\/v2\/types\/page"}],"author":[{"embeddable":true,"href":"https:\/\/unser-quartier.de\/stadt-bergheim\/wp-json\/wp\/v2\/users\/48"}],"replies":[{"embeddable":true,"href":"https:\/\/unser-quartier.de\/stadt-bergheim\/wp-json\/wp\/v2\/comments?post=4085"}],"version-history":[{"count":0,"href":"https:\/\/unser-quartier.de\/stadt-bergheim\/wp-json\/wp\/v2\/pages\/4085\/revisions"}],"up":[{"embeddable":true,"href":"https:\/\/unser-quartier.de\/stadt-bergheim\/wp-json\/wp\/v2\/pages\/3841"}],"wp:attachment":[{"href":"https:\/\/unser-quartier.de\/stadt-bergheim\/wp-json\/wp\/v2\/media?parent=4085"}],"curies":[{"name":"wp","href":"https:\/\/api.w.org\/{rel}","templated":true}]}}