{"id":4088,"date":"2014-11-20T10:39:24","date_gmt":"2014-11-20T09:39:24","guid":{"rendered":"http:\/\/unser-quartier.de\/stadt-bergheim\/?page_id=4088"},"modified":"2015-03-04T21:12:03","modified_gmt":"2015-03-04T20:12:03","slug":"beschreibung-auenheim","status":"publish","type":"page","link":"https:\/\/unser-quartier.de\/stadt-bergheim\/startseite\/bilder\/stadtteile\/beschreibungen\/beschreibung-auenheim\/","title":{"rendered":"Beschreibung-Auenheim"},"content":{"rendered":"<p><strong><span style=\"font-size: 12pt\">Die versteckte Insel<\/span><\/strong><br \/>\n<span style=\"font-size: 12pt\">Auenheim ist der kleinste Stadtteil von Bergheim. Die sp\u00e4tbarocke Kirche des Ortes ist f\u00fcr den Besucher Wegweiser und Attraktion zugleich.<\/span><br \/>\n<strong><span style=\"font-size: 12pt\">Auenheim gestern\u00a0<\/span><\/strong><br \/>\n<span style=\"font-size: 12pt\">Bereits in fr\u00e4nkischer Zeit d\u00fcrfte Auenheim besiedelt worden sein.<br \/>\nDer Name bedeutet &#8220;Heim eines Auwo&#8221;. <\/span><br \/>\n<span style=\"font-size: 12pt\"> Im Jahr 1187 wird eine Kirche erw\u00e4hnt, die dem heiligen Medardus geweiht war und den Mittelpunkt eines umfangreichen Pfarrbezirkes bildete.<br \/>\nSie wurde 1769 wegen Bauf\u00e4lligkeit durch einen Neubau ersetzt. <\/span><br \/>\n<span style=\"font-size: 12pt\"> Erst im Rahmen der kommunalen Neugliederung kam der Ort 1975 nach Bergheim. Die N\u00e4he zu Kraftwerk, Tagebau und Brikettfabrik verlangte Arbeitskr\u00e4fte in gro\u00dfer Zahl. Deshalb wuchs die Bev\u00f6lkerung\u00a0 rasch.<\/span><br \/>\n<strong><span style=\"font-size: 12pt\">Auenheim heute<\/span><\/strong><br \/>\n<span style=\"font-size: 12pt\">Die sp\u00e4tbarocke Kirche bildet zusammen mit dem historischen Ordenshof und dem reizvollen Dorfplatz das Zentrum Auenheims. <\/span><br \/>\n<span style=\"font-size: 12pt\">Die bemerkenswerten Schwarzpappeln des Dorfplatzes sollen &#8211; so wird es erz\u00e4hlt &#8211; aus Russland stammen und \u00fcber 150 Jahre alt sein. <\/span><br \/>\n<span style=\"font-size: 12pt\"> Hier kennt jeder jeden, und viel Geselligkeit wird gepflegt.<br \/>\nDazu tragen auch die vielen Feste im Ort bei.<\/span><\/p>\n<p>Quelle: www.bergheim.de<\/p>\n","protected":false},"excerpt":{"rendered":"<p><strong>Die versteckte Insel<\/strong> Auenheim ist der kleinste Stadtteil von Bergheim. Die sp\u00e4tbarocke Kirche des Ortes ist f\u00fcr den Besucher Wegweiser und Attraktion zugleich. <strong>Auenheim gestern\u00a0<\/strong> Bereits in fr\u00e4nkischer Zeit d\u00fcrfte Auenheim besiedelt worden sein. Der Name bedeutet &#8220;Heim eines Auwo&#8221;. Im Jahr 1187 wird eine Kirche erw\u00e4hnt, die dem heiligen Medardus geweiht war und den &hellip; <\/p>\n<p><a class=\"more-link btn\" href=\"https:\/\/unser-quartier.de\/stadt-bergheim\/startseite\/bilder\/stadtteile\/beschreibungen\/beschreibung-auenheim\/\">Weiterlesen<\/a><\/p>\n","protected":false},"author":48,"featured_media":0,"parent":3841,"menu_order":4,"comment_status":"open","ping_status":"open","template":"","meta":{"_bbp_topic_count":0,"_bbp_reply_count":0,"_bbp_total_topic_count":0,"_bbp_total_reply_count":0,"_bbp_voice_count":0,"_bbp_anonymous_reply_count":0,"_bbp_topic_count_hidden":0,"_bbp_reply_count_hidden":0,"_bbp_forum_subforum_count":0,"jetpack_post_was_ever_published":false,"footnotes":""},"class_list":["post-4088","page","type-page","status-publish","hentry","nodate","item-wrap"],"jetpack_sharing_enabled":true,"jetpack_shortlink":"https:\/\/wp.me\/P3vhfJ-13W","jetpack_likes_enabled":true,"_links":{"self":[{"href":"https:\/\/unser-quartier.de\/stadt-bergheim\/wp-json\/wp\/v2\/pages\/4088","targetHints":{"allow":["GET"]}}],"collection":[{"href":"https:\/\/unser-quartier.de\/stadt-bergheim\/wp-json\/wp\/v2\/pages"}],"about":[{"href":"https:\/\/unser-quartier.de\/stadt-bergheim\/wp-json\/wp\/v2\/types\/page"}],"author":[{"embeddable":true,"href":"https:\/\/unser-quartier.de\/stadt-bergheim\/wp-json\/wp\/v2\/users\/48"}],"replies":[{"embeddable":true,"href":"https:\/\/unser-quartier.de\/stadt-bergheim\/wp-json\/wp\/v2\/comments?post=4088"}],"version-history":[{"count":0,"href":"https:\/\/unser-quartier.de\/stadt-bergheim\/wp-json\/wp\/v2\/pages\/4088\/revisions"}],"up":[{"embeddable":true,"href":"https:\/\/unser-quartier.de\/stadt-bergheim\/wp-json\/wp\/v2\/pages\/3841"}],"wp:attachment":[{"href":"https:\/\/unser-quartier.de\/stadt-bergheim\/wp-json\/wp\/v2\/media?parent=4088"}],"curies":[{"name":"wp","href":"https:\/\/api.w.org\/{rel}","templated":true}]}}