{"id":4091,"date":"2014-11-20T10:42:43","date_gmt":"2014-11-20T09:42:43","guid":{"rendered":"http:\/\/unser-quartier.de\/stadt-bergheim\/?page_id=4091"},"modified":"2015-11-16T11:02:41","modified_gmt":"2015-11-16T10:02:41","slug":"beschreibung-buesdorf","status":"publish","type":"page","link":"https:\/\/unser-quartier.de\/stadt-bergheim\/startseite\/bilder\/stadtteile\/beschreibungen\/beschreibung-buesdorf\/","title":{"rendered":"Beschreibung-B\u00fcsdorf"},"content":{"rendered":"<p><strong><span style=\"font-size: 12pt\">Von der Muse gek\u00fcsst!<\/span><\/strong><br \/>\n<span style=\"font-size: 12pt\">Auf diese Idee k\u00f6nnte der Besucher kommen. Denn gleich mehrere K\u00fcnstler haben sich im so genannten B\u00fcsdorfer &#8220;K\u00fcnstlerviertel&#8221; niedergelassen. So auch seit vielen Jahren &#8220;orgels Franz &amp; Lenchen&#8221;, die bei vielen Anl\u00e4ssen f\u00fcr gute Stimmung sorgen und ihre vielseitige Orgelwerkstatt gern dem Besucher \u00f6ffnen.<\/span><br \/>\n<span style=\"font-size: 12pt\">\u00a0<\/span><br \/>\n<strong><span style=\"font-size: 12pt\">B\u00fcsdorf gestern und heute<\/span><\/strong><br \/>\n<span style=\"font-size: 12pt\">B\u00fcsdorf wird erstmals 927 in einer Urkunde des K\u00f6lner Erzbischofs Wichfried erw\u00e4hnt.<\/span><\/p>\n<p><span style=\"font-size: 12pt\">Heute ist der Stadtteil mit seinen circa 1.400 Einwohnerinnen und Einwohnern ein beschaulicher Ort. Mit seinem gut erhaltenen historischen Ortsbild aus der Jahrhundertwende strahlt er viel Charme aus und besitzt eine hohe Wohnqualit\u00e4t.<\/span><\/p>\n<p><span style=\"font-size: 12pt\">F\u00fcr Wanderfreunde oder Fahrradfahrer bietet er eine besondere Attraktion. Die Windm\u00fchlenstra\u00dfe f\u00fchrt an der romantisch gelegenen B\u00fcsdorfer M\u00fchle vorbei auf die Glessener H\u00f6he. Sie bietet eine wunderbare Fernsicht . Nicht nur zu Silvester lohnt sich hier &#8211; wie die B\u00fcsdorfer erz\u00e4hlen &#8211; ein Stelldichein.<\/span><\/p>\n<p>Quelle: www.bergheim.de<\/p>\n<p><span style=\"font-size: 12pt\">Und ein sch\u00f6ner Vergleich von &#8220;Fr\u00fcher&#8221; zu Heute&#8221; von einer B\u00fcrgerin aus B\u00fcsdorf und Mitglied vom Senioren Online Team, Inge Hoek<\/span><\/p>\n<p><span style=\"font-size: 12pt\">Bitte auf das Bild klicken!<\/span><\/p>\n<p><a href=\"https:\/\/unser-quartier.de\/stadt-bergheim\/files\/2014\/11\/Beitrag-zu-Buesdorf.pdf\"><img data-recalc-dims=\"1\" loading=\"lazy\" decoding=\"async\" data-attachment-id=\"8692\" data-permalink=\"https:\/\/unser-quartier.de\/stadt-bergheim\/startseite\/bilder\/stadtteile\/beschreibungen\/beschreibung-buesdorf\/buesdorf-2\/\" data-orig-file=\"https:\/\/i0.wp.com\/unser-quartier.de\/stadt-bergheim\/files\/2014\/11\/B%C3%BCsdorf.png?fit=351%2C197&amp;ssl=1\" data-orig-size=\"351,197\" data-comments-opened=\"0\" data-image-meta=\"{&quot;aperture&quot;:&quot;0&quot;,&quot;credit&quot;:&quot;&quot;,&quot;camera&quot;:&quot;&quot;,&quot;caption&quot;:&quot;&quot;,&quot;created_timestamp&quot;:&quot;0&quot;,&quot;copyright&quot;:&quot;&quot;,&quot;focal_length&quot;:&quot;0&quot;,&quot;iso&quot;:&quot;0&quot;,&quot;shutter_speed&quot;:&quot;0&quot;,&quot;title&quot;:&quot;&quot;,&quot;orientation&quot;:&quot;0&quot;}\" data-image-title=\"B\u00fcsdorf\" data-image-description=\"\" data-image-caption=\"\" data-medium-file=\"https:\/\/i0.wp.com\/unser-quartier.de\/stadt-bergheim\/files\/2014\/11\/B%C3%BCsdorf.png?fit=300%2C168&amp;ssl=1\" data-large-file=\"https:\/\/i0.wp.com\/unser-quartier.de\/stadt-bergheim\/files\/2014\/11\/B%C3%BCsdorf.png?fit=351%2C197&amp;ssl=1\" class=\"alignnone wp-image-8692 size-medium\" src=\"https:\/\/i0.wp.com\/unser-quartier.de\/stadt-bergheim\/files\/2014\/11\/B%C3%BCsdorf.png?resize=300%2C168&#038;ssl=1\" alt=\"B\u00fcsdorf\" width=\"300\" height=\"168\" srcset=\"https:\/\/i0.wp.com\/unser-quartier.de\/stadt-bergheim\/files\/2014\/11\/B%C3%BCsdorf.png?resize=300%2C168&amp;ssl=1 300w, https:\/\/i0.wp.com\/unser-quartier.de\/stadt-bergheim\/files\/2014\/11\/B%C3%BCsdorf.png?resize=150%2C84&amp;ssl=1 150w, https:\/\/i0.wp.com\/unser-quartier.de\/stadt-bergheim\/files\/2014\/11\/B%C3%BCsdorf.png?w=351&amp;ssl=1 351w\" sizes=\"auto, (max-width: 300px) 100vw, 300px\" \/><\/a><\/p>\n<p><span style=\"font-size: 12pt\"><a href=\"https:\/\/unser-quartier.de\/stadt-bergheim\/files\/2014\/11\/Beitrag-zu-Buesdorf.pdf\">Beitrag zu Buesdorf<\/a><\/span><\/p>\n<p>&nbsp;<\/p>\n<p><span style=\"font-family: Arial, sans-serif\"><span style=\"font-size: medium\">Erw\u00e4hnenswert ist auch die B\u00fcsdorfer M\u00fchle. Sie ist eines der Denkm\u00e4ler des Dorfes.<br \/>\nDas \u00e4ltere Bild der B\u00fcsdorfer M\u00fchle zeigt die M\u00fchle mit Fl\u00fcgeln. Aus dem Text von Hr. Dr. Brascho\u00df geht hervor, warum an der um 1850 erbauten M\u00fchle, heute die Fl\u00fcgel fehlen:<\/span><\/span><\/p>\n<p><span style=\"font-family: Arial, sans-serif\"><span style=\"font-size: small\">Copyright 2002 | Erftkreis M\u00fchlenkreis e.V.<\/span><\/span><\/p>\n<p><span style=\"font-family: Arial, sans-serif\"><span style=\"font-size: medium\"><i>Die B\u00fcsdorfer Windm\u00fchle<br \/>\n<\/i><\/span><\/span><\/p>\n<p><span style=\"font-family: Arial, sans-serif\"><span style=\"font-size: medium\"><i>Oberhalb von B\u00fcsdorf steht auf einem Ausl\u00e4ufer des Vorgebirges (Ville) eine der letzten Windm\u00fchlen in unserer Gegend. Die Lage im Gel\u00e4nde, 108 Meter \u00fcber dem Meeresspiegel, war f\u00fcr die Anlage einer M\u00fchle ideal. So ist es zu <\/i><\/span><\/span><span style=\"font-family: Arial, sans-serif\"><span style=\"font-size: medium\"><i>erkl\u00e4ren, dass<br \/>\nschon vor 1600 eine Windm\u00fchle an dieser Stelle urkundlich bezeugt ist.<br \/>\n<\/i><\/span><\/span><span style=\"font-family: Arial, sans-serif\"><span style=\"font-size: medium\"><i>Die jetzige M\u00fchle wurde um das Jahr 1850 von dem M\u00fcller Vinzenz Coenen und seiner Frau Elisabeth erbaut. <\/i><\/span><\/span><span style=\"font-family: Arial, sans-serif\"><span style=\"font-size: medium\"><i>Sie <\/i><\/span><\/span><span style=\"font-family: Arial, sans-serif\"><span style=\"font-size: medium\"><i>geh\u00f6rt dem Typ der Turmwindm\u00fchlen an.<br \/>\nEine Turmwindm\u00fchle hat als Unterbau einen massiven Steinturm.<br \/>\nMeterstark <\/i><\/span><\/span><span style=\"font-family: Arial, sans-serif\"><span style=\"font-size: medium\"><i>sind die Mauern des Unterbaues. Das Licht f\u00e4llt, abgesehen von wenigen Fenstern, durch schmale \u00d6ffnungen ein, die <\/i><\/span><\/span><span style=\"font-family: Arial, sans-serif\"><span style=\"font-size: medium\"><i>Schie\u00dfscharten gleichen.<br \/>\nAuf den Unterbau ist der M\u00fchlenturm aufgebaut, der drei Stockwerke hat und sich nach oben <\/i><\/span><\/span><span style=\"font-family: Arial, sans-serif\"><span style=\"font-size: medium\"><i>verj\u00fcngt. In den Stockwerken waren die Mahlg\u00e4nge f\u00fcr die verschiedenen Getreidearten. Den Abschluss des ca. 15 <\/i><\/span><\/span><span style=\"font-family: Arial, sans-serif\"><span style=\"font-size: medium\"><i>Meter hohen Bauwerkes bildet die Haube mit den Fl\u00fcgeln. Um die M\u00fchle zu betreiben, musste der M\u00fcller die Haube mit den Fl\u00fcgeln zum Wind hin drehen. Die Abh\u00e4ngigkeit vom Wind war ein Nachteil der Windm\u00fchle im Gegensatz zur Wasserm\u00fchle, die immer arbeiten konnte.<br \/>\n<\/i><\/span><\/span><span style=\"font-family: Arial, sans-serif\"><span style=\"font-size: medium\"><i>An der M\u00fchle in B\u00fcsdorf fehlen seit zwei schweren St\u00fcrmen um das Jahr 1985 die Fl\u00fcgel. Sie wurden vom Sturm abgerissen.<br \/>\n<\/i><\/span><\/span><span style=\"font-family: Arial, sans-serif\"><span style=\"font-size: medium\"><i>Gemahlen wurde in der M\u00fchle bis zum Jahre 1928.<br \/>\nSeitdem ist sie nur noch ein Denkmal der Technik auf einer H\u00f6he, <\/i><\/span><\/span><span style=\"font-family: Arial, sans-serif\"><span style=\"font-size: medium\"><i>die einen weiten Blick in das K\u00f6lner Land bis zum Siebengebirge hin gew\u00e4hrt.<\/i><\/span><\/span><\/p>\n<p><span style=\"font-family: Arial, sans-serif\"><span style=\"font-size: small\">Quelle: Brascho\u00df, Heinz u. a.: Kunstdenkm\u00e4ler und Bauten der Technik in der Stadt Bergheim,<br \/>\n<\/span><\/span><span style=\"font-family: Arial, sans-serif\"><span style=\"font-size: small\">Herg. CDU \u2013 Bergheim, S.25, Druckerei Deckstein, Bergheim 1998<\/span><\/span><\/p>\n<p>&nbsp;<\/p>\n<p>&nbsp;<\/p>\n<p>&nbsp;<\/p>\n<p>&nbsp;<\/p>\n","protected":false},"excerpt":{"rendered":"<p><strong>Von der Muse gek\u00fcsst!<\/strong> Auf diese Idee k\u00f6nnte der Besucher kommen. Denn gleich mehrere K\u00fcnstler haben sich im so genannten B\u00fcsdorfer &#8220;K\u00fcnstlerviertel&#8221; niedergelassen. So auch seit vielen Jahren &#8220;orgels Franz &amp; Lenchen&#8221;, die bei vielen Anl\u00e4ssen f\u00fcr gute Stimmung sorgen und ihre vielseitige Orgelwerkstatt gern dem Besucher \u00f6ffnen. \u00a0 <strong>B\u00fcsdorf gestern und heute<\/strong> B\u00fcsdorf wird &hellip; <\/p>\n<p><a class=\"more-link btn\" href=\"https:\/\/unser-quartier.de\/stadt-bergheim\/startseite\/bilder\/stadtteile\/beschreibungen\/beschreibung-buesdorf\/\">Weiterlesen<\/a><\/p>\n","protected":false},"author":48,"featured_media":0,"parent":3841,"menu_order":2,"comment_status":"open","ping_status":"open","template":"","meta":{"_bbp_topic_count":0,"_bbp_reply_count":0,"_bbp_total_topic_count":0,"_bbp_total_reply_count":0,"_bbp_voice_count":0,"_bbp_anonymous_reply_count":0,"_bbp_topic_count_hidden":0,"_bbp_reply_count_hidden":0,"_bbp_forum_subforum_count":0,"jetpack_post_was_ever_published":false,"footnotes":""},"class_list":["post-4091","page","type-page","status-publish","hentry","nodate","item-wrap"],"jetpack_sharing_enabled":true,"jetpack_shortlink":"https:\/\/wp.me\/P3vhfJ-13Z","jetpack_likes_enabled":true,"_links":{"self":[{"href":"https:\/\/unser-quartier.de\/stadt-bergheim\/wp-json\/wp\/v2\/pages\/4091","targetHints":{"allow":["GET"]}}],"collection":[{"href":"https:\/\/unser-quartier.de\/stadt-bergheim\/wp-json\/wp\/v2\/pages"}],"about":[{"href":"https:\/\/unser-quartier.de\/stadt-bergheim\/wp-json\/wp\/v2\/types\/page"}],"author":[{"embeddable":true,"href":"https:\/\/unser-quartier.de\/stadt-bergheim\/wp-json\/wp\/v2\/users\/48"}],"replies":[{"embeddable":true,"href":"https:\/\/unser-quartier.de\/stadt-bergheim\/wp-json\/wp\/v2\/comments?post=4091"}],"version-history":[{"count":0,"href":"https:\/\/unser-quartier.de\/stadt-bergheim\/wp-json\/wp\/v2\/pages\/4091\/revisions"}],"up":[{"embeddable":true,"href":"https:\/\/unser-quartier.de\/stadt-bergheim\/wp-json\/wp\/v2\/pages\/3841"}],"wp:attachment":[{"href":"https:\/\/unser-quartier.de\/stadt-bergheim\/wp-json\/wp\/v2\/media?parent=4091"}],"curies":[{"name":"wp","href":"https:\/\/api.w.org\/{rel}","templated":true}]}}