{"id":4094,"date":"2014-11-20T10:46:36","date_gmt":"2014-11-20T09:46:36","guid":{"rendered":"http:\/\/unser-quartier.de\/stadt-bergheim\/?page_id=4094"},"modified":"2015-03-04T02:56:38","modified_gmt":"2015-03-04T01:56:38","slug":"beschreibung-fliesteden","status":"publish","type":"page","link":"https:\/\/unser-quartier.de\/stadt-bergheim\/startseite\/bilder\/stadtteile\/beschreibungen\/beschreibung-fliesteden\/","title":{"rendered":"Beschreibung-Fliesteden"},"content":{"rendered":"<p><strong><span style=\"font-size: 12pt\">Fliesteden, ein Ort mit Beschaulichkeit und Charme<br \/>\n<\/span><\/strong><br \/>\n<span style=\"font-size: 12pt\">Erstmals erw\u00e4hnt\u00a0 wurde der Ort im Jahr 1135 <span style=\"color: #000000\">als &#8220;Vlysteiden&#8221; in einer Urkunde erw\u00e4hnt. Der Name bedeutet &#8220;Siedlung an einem Gew\u00e4sser&#8221;. <\/span><\/span><br \/>\n<span style=\"font-size: 12pt\"> Heute haben sich hier\u00a0 aus fr\u00fcheren Zeiten noch zwei aus dem Mittelalter stammende Burgen erhalten: die so genannte Ober- und Unterburg. Sie sind heute Sitze landwirtschaftlicher Betriebe.<\/span><span style=\"font-size: 12pt\"> Fliesteden ist heute ein beschaulicher und zugleich sehr lebendiger Ort. Denn das Miteinander wird in Fliesteden gro\u00df geschrieben.<br \/>\nZahlreiche B\u00fcrgerinnen und B\u00fcrger engagieren sich \u00a0und\u00a0tragen zu einem lebendigen Ortsgeschehen bei.<\/span><span style=\"font-size: 12pt\">Die Attraktivit\u00e4t hat die Bev\u00f6lkerung stark wachsen lassen und Fliesteden schon mehrfach zum Preistr\u00e4ger des Wettbewerbes &#8220;Unser Dorf soll sch\u00f6ner werden&#8221; gemacht.\u00a0<\/span><\/p>\n<p><span style=\"font-size: 12pt\"><strong>Die B\u00e4lle sind klein und rund<\/strong><br \/>\n<span style=\"font-size: 12pt\">Meisterlich\u00a0geschlagen werden sie immer wieder auf der renommierten Golfanlage Am Alten Flie\u00df in Fliesteden.Ob Profi oder Hobbysportler, die Freunde des Golfsports sind hier auf dem 120 ha gro\u00dfen Gel\u00e4nde mit seinem gem\u00fctlichen Clubhaus und den gro\u00dfz\u00fcgigen Sonnenterrassen gern gesehen.<\/span>\u00a0<\/span><\/p>\n<p>Quelle: www.bergheim.de<\/p>\n","protected":false},"excerpt":{"rendered":"<p><strong>Fliesteden, ein Ort mit Beschaulichkeit und Charme <\/strong> Erstmals erw\u00e4hnt\u00a0 wurde der Ort im Jahr 1135 als &#8220;Vlysteiden&#8221; in einer Urkunde erw\u00e4hnt. Der Name bedeutet &#8220;Siedlung an einem Gew\u00e4sser&#8221;. Heute haben sich hier\u00a0 aus fr\u00fcheren Zeiten noch zwei aus dem Mittelalter stammende Burgen erhalten: die so genannte Ober- und Unterburg. Sie sind heute Sitze landwirtschaftlicher &hellip; <\/p>\n<p><a class=\"more-link btn\" href=\"https:\/\/unser-quartier.de\/stadt-bergheim\/startseite\/bilder\/stadtteile\/beschreibungen\/beschreibung-fliesteden\/\">Weiterlesen<\/a><\/p>\n","protected":false},"author":48,"featured_media":0,"parent":3841,"menu_order":3,"comment_status":"open","ping_status":"open","template":"","meta":{"_bbp_topic_count":0,"_bbp_reply_count":0,"_bbp_total_topic_count":0,"_bbp_total_reply_count":0,"_bbp_voice_count":0,"_bbp_anonymous_reply_count":0,"_bbp_topic_count_hidden":0,"_bbp_reply_count_hidden":0,"_bbp_forum_subforum_count":0,"jetpack_post_was_ever_published":false,"footnotes":""},"class_list":["post-4094","page","type-page","status-publish","hentry","nodate","item-wrap"],"jetpack_sharing_enabled":true,"jetpack_shortlink":"https:\/\/wp.me\/P3vhfJ-142","jetpack_likes_enabled":true,"_links":{"self":[{"href":"https:\/\/unser-quartier.de\/stadt-bergheim\/wp-json\/wp\/v2\/pages\/4094","targetHints":{"allow":["GET"]}}],"collection":[{"href":"https:\/\/unser-quartier.de\/stadt-bergheim\/wp-json\/wp\/v2\/pages"}],"about":[{"href":"https:\/\/unser-quartier.de\/stadt-bergheim\/wp-json\/wp\/v2\/types\/page"}],"author":[{"embeddable":true,"href":"https:\/\/unser-quartier.de\/stadt-bergheim\/wp-json\/wp\/v2\/users\/48"}],"replies":[{"embeddable":true,"href":"https:\/\/unser-quartier.de\/stadt-bergheim\/wp-json\/wp\/v2\/comments?post=4094"}],"version-history":[{"count":0,"href":"https:\/\/unser-quartier.de\/stadt-bergheim\/wp-json\/wp\/v2\/pages\/4094\/revisions"}],"up":[{"embeddable":true,"href":"https:\/\/unser-quartier.de\/stadt-bergheim\/wp-json\/wp\/v2\/pages\/3841"}],"wp:attachment":[{"href":"https:\/\/unser-quartier.de\/stadt-bergheim\/wp-json\/wp\/v2\/media?parent=4094"}],"curies":[{"name":"wp","href":"https:\/\/api.w.org\/{rel}","templated":true}]}}