{"id":4098,"date":"2014-11-20T10:52:33","date_gmt":"2014-11-20T09:52:33","guid":{"rendered":"http:\/\/unser-quartier.de\/stadt-bergheim\/?page_id=4098"},"modified":"2014-11-24T18:38:48","modified_gmt":"2014-11-24T17:38:48","slug":"beschreibung-niederaussem","status":"publish","type":"page","link":"https:\/\/unser-quartier.de\/stadt-bergheim\/startseite\/bilder\/stadtteile\/beschreibungen\/beschreibung-niederaussem\/","title":{"rendered":"Beschreibung-Niederau\u00dfem"},"content":{"rendered":"<p><strong><span style=\"font-size: 12pt\">Eine Entdeckung, die sich lohnt.<\/span><\/strong><br \/>\n<span style=\"font-size: 12pt\">Niederau\u00dfem liegt an der Bundesstra\u00dfe 477, die nach Neuss f\u00fchrt. Dort befindet sich das moderne Boa-Kraftwerk &#8211; eine Besichtigung, die\u00a0immer wieder fasziniert. Doch es gibt auch noch ein ganz anderes Gesicht des Stadtteils. Es wird gepr\u00e4gt durch die alte Niederau\u00dfemer Kirche, ein Schmuckst\u00fcck sakraler Baukunst, gut erhaltene H\u00f6fe und denkmalgesch\u00fctzte herrschaftliche Villen.\u00a0<\/span><br \/>\n<span style=\"font-size: 12pt\">\u00a0<\/span><br \/>\n<strong><span style=\"font-size: 12pt\">Niederau\u00dfem gestern und heute<\/span><\/strong><br \/>\n<span style=\"font-size: 12pt\">Niederau\u00dfem wird 962 in der Schenkungsurkunde des K\u00f6lner Erzbischofs Bruno I. unter dem Namen Oluesheim erw\u00e4hnt.<\/span><\/p>\n<p><span style=\"font-size: 12pt\">Mit der BoA, dem Braunkohlekraftwerk mit optimierter Anlagentechnik, ist hier das modernste Kraftwerk der Welt angesiedelt. Dieser weit \u00fcber die Region hinaus bekannte und gefragte Energiestandort bedeutet Zukunftschancen und attraktive Arbeitspl\u00e4tze.<\/span><\/p>\n<p><span style=\"font-size: 12pt\">Positive Zukunftsperspektiven bietet das neue Wohngebiet &#8220;Im Euel&#8221; auf der Grenze der beiden gro\u00dfen n\u00f6rdlichen Stadtteile Niederau\u00dfem und Oberau\u00dfem. Hier haben sich in einem ersten Schritt\u00a0zwei gro\u00dfe Discounter angesiedelt, so dass die Versorgungsstruktur deutlich verbessert wurde. Im n\u00e4chsten Schritt sollen hier bis zu 40 H\u00e4user gebaut werden. Hier k\u00f6nnen sich junge Familien ihren Traum von den eigenen vier\u00a0 W\u00e4nden erf\u00fcllen.<\/span><\/p>\n<p>Quelle: www.bergheim.de<\/p>\n","protected":false},"excerpt":{"rendered":"<p><strong>Eine Entdeckung, die sich lohnt.<\/strong> Niederau\u00dfem liegt an der Bundesstra\u00dfe 477, die nach Neuss f\u00fchrt. Dort befindet sich das moderne Boa-Kraftwerk &#8211; eine Besichtigung, die\u00a0immer wieder fasziniert. Doch es gibt auch noch ein ganz anderes Gesicht des Stadtteils. Es wird gepr\u00e4gt durch die alte Niederau\u00dfemer Kirche, ein Schmuckst\u00fcck sakraler Baukunst, gut erhaltene H\u00f6fe und denkmalgesch\u00fctzte &hellip; <\/p>\n<p><a class=\"more-link btn\" href=\"https:\/\/unser-quartier.de\/stadt-bergheim\/startseite\/bilder\/stadtteile\/beschreibungen\/beschreibung-niederaussem\/\">Weiterlesen<\/a><\/p>\n","protected":false},"author":48,"featured_media":0,"parent":3841,"menu_order":5,"comment_status":"open","ping_status":"open","template":"","meta":{"_bbp_topic_count":0,"_bbp_reply_count":0,"_bbp_total_topic_count":0,"_bbp_total_reply_count":0,"_bbp_voice_count":0,"_bbp_anonymous_reply_count":0,"_bbp_topic_count_hidden":0,"_bbp_reply_count_hidden":0,"_bbp_forum_subforum_count":0,"jetpack_post_was_ever_published":false,"footnotes":""},"class_list":["post-4098","page","type-page","status-publish","hentry","nodate","item-wrap"],"jetpack_sharing_enabled":true,"jetpack_shortlink":"https:\/\/wp.me\/P3vhfJ-146","jetpack_likes_enabled":true,"_links":{"self":[{"href":"https:\/\/unser-quartier.de\/stadt-bergheim\/wp-json\/wp\/v2\/pages\/4098","targetHints":{"allow":["GET"]}}],"collection":[{"href":"https:\/\/unser-quartier.de\/stadt-bergheim\/wp-json\/wp\/v2\/pages"}],"about":[{"href":"https:\/\/unser-quartier.de\/stadt-bergheim\/wp-json\/wp\/v2\/types\/page"}],"author":[{"embeddable":true,"href":"https:\/\/unser-quartier.de\/stadt-bergheim\/wp-json\/wp\/v2\/users\/48"}],"replies":[{"embeddable":true,"href":"https:\/\/unser-quartier.de\/stadt-bergheim\/wp-json\/wp\/v2\/comments?post=4098"}],"version-history":[{"count":0,"href":"https:\/\/unser-quartier.de\/stadt-bergheim\/wp-json\/wp\/v2\/pages\/4098\/revisions"}],"up":[{"embeddable":true,"href":"https:\/\/unser-quartier.de\/stadt-bergheim\/wp-json\/wp\/v2\/pages\/3841"}],"wp:attachment":[{"href":"https:\/\/unser-quartier.de\/stadt-bergheim\/wp-json\/wp\/v2\/media?parent=4098"}],"curies":[{"name":"wp","href":"https:\/\/api.w.org\/{rel}","templated":true}]}}