{"id":4101,"date":"2014-11-20T10:59:18","date_gmt":"2014-11-20T09:59:18","guid":{"rendered":"http:\/\/unser-quartier.de\/stadt-bergheim\/?page_id=4101"},"modified":"2014-11-24T18:40:17","modified_gmt":"2014-11-24T17:40:17","slug":"beschreibung-oberaussem","status":"publish","type":"page","link":"https:\/\/unser-quartier.de\/stadt-bergheim\/startseite\/bilder\/stadtteile\/beschreibungen\/beschreibung-oberaussem\/","title":{"rendered":"Beschreibung-Oberau\u00dfem"},"content":{"rendered":"<p><strong><span style=\"font-size: 12pt\">Ob hier der Ort der Weisheit liegt?<\/span><\/strong><br \/>\n<span style=\"font-size: 12pt\">Die Vorboten sind auf jeden Fall hier zuhause, die Oberau\u00dfemer Eulen. Sie haben nun bereits seit mehreren Jahren ihre Bleibe im so genannten Eulenturm gefunden.<\/span><br \/>\n<span style=\"font-size: 12pt\">\u00a0<\/span><br \/>\n<strong><span style=\"font-size: 12pt\">Oberau\u00dfem gestern und heute<\/span><\/strong><br \/>\n<span style=\"font-size: 12pt\">Braunkohle und Energiegewinnung haben die Entwicklung des Ortes in den letzten 100 Jahren bestimmt. Mit der gro\u00dfr\u00e4umigen Erschlie\u00dfung der Tagebaue zur F\u00f6rderung der Braunkohle bl\u00fchte der Ort auf.<\/span><\/p>\n<p><strong><span style=\"font-size: 12pt\">Oberau\u00dfem und Niederau\u00dfem werden 962 unter dem gemeinsamen Namen Olusheim erw\u00e4hnt.<\/span><\/strong><\/p>\n<p><span style=\"font-size: 12pt\">Die alte Windm\u00fchle aus dem Jahre 1813 ist heute noch ein Wahrzeichen des Ortes. Ebenso ist es die um 1880 erbaute Kirche St. Vincentius mit ihrer unverkennbaren Silhouette.<\/span><\/p>\n<p><span style=\"font-size: 12pt\">Gro\u00dfz\u00fcgige Sport- und Freizeiteinrichtungen und ein eigenes B\u00fcrgerhaus pr\u00e4gen den Ort\u00a0 zusammen mit seinen zahlreichen aktiven Vereinen und B\u00fcrgern.<\/span><\/p>\n<p><span style=\"font-size: 12pt\">Das neue Wohngebiet &#8220;Im Euel&#8221; schafft positive Zukunftsperspektiven mit seiner guten Versorgungsstruktur und attraktivem Wohnraum f\u00fcr junge Familien.<\/span><\/p>\n<p>Quelle: www.bergheim.de<\/p>\n","protected":false},"excerpt":{"rendered":"<p><strong>Ob hier der Ort der Weisheit liegt?<\/strong> Die Vorboten sind auf jeden Fall hier zuhause, die Oberau\u00dfemer Eulen. Sie haben nun bereits seit mehreren Jahren ihre Bleibe im so genannten Eulenturm gefunden. \u00a0 <strong>Oberau\u00dfem gestern und heute<\/strong> Braunkohle und Energiegewinnung haben die Entwicklung des Ortes in den letzten 100 Jahren bestimmt. Mit der gro\u00dfr\u00e4umigen Erschlie\u00dfung &hellip; <\/p>\n<p><a class=\"more-link btn\" href=\"https:\/\/unser-quartier.de\/stadt-bergheim\/startseite\/bilder\/stadtteile\/beschreibungen\/beschreibung-oberaussem\/\">Weiterlesen<\/a><\/p>\n","protected":false},"author":48,"featured_media":0,"parent":3841,"menu_order":6,"comment_status":"open","ping_status":"open","template":"","meta":{"_bbp_topic_count":0,"_bbp_reply_count":0,"_bbp_total_topic_count":0,"_bbp_total_reply_count":0,"_bbp_voice_count":0,"_bbp_anonymous_reply_count":0,"_bbp_topic_count_hidden":0,"_bbp_reply_count_hidden":0,"_bbp_forum_subforum_count":0,"jetpack_post_was_ever_published":false,"footnotes":""},"class_list":["post-4101","page","type-page","status-publish","hentry","nodate","item-wrap"],"jetpack_sharing_enabled":true,"jetpack_shortlink":"https:\/\/wp.me\/P3vhfJ-149","jetpack_likes_enabled":true,"_links":{"self":[{"href":"https:\/\/unser-quartier.de\/stadt-bergheim\/wp-json\/wp\/v2\/pages\/4101","targetHints":{"allow":["GET"]}}],"collection":[{"href":"https:\/\/unser-quartier.de\/stadt-bergheim\/wp-json\/wp\/v2\/pages"}],"about":[{"href":"https:\/\/unser-quartier.de\/stadt-bergheim\/wp-json\/wp\/v2\/types\/page"}],"author":[{"embeddable":true,"href":"https:\/\/unser-quartier.de\/stadt-bergheim\/wp-json\/wp\/v2\/users\/48"}],"replies":[{"embeddable":true,"href":"https:\/\/unser-quartier.de\/stadt-bergheim\/wp-json\/wp\/v2\/comments?post=4101"}],"version-history":[{"count":0,"href":"https:\/\/unser-quartier.de\/stadt-bergheim\/wp-json\/wp\/v2\/pages\/4101\/revisions"}],"up":[{"embeddable":true,"href":"https:\/\/unser-quartier.de\/stadt-bergheim\/wp-json\/wp\/v2\/pages\/3841"}],"wp:attachment":[{"href":"https:\/\/unser-quartier.de\/stadt-bergheim\/wp-json\/wp\/v2\/media?parent=4101"}],"curies":[{"name":"wp","href":"https:\/\/api.w.org\/{rel}","templated":true}]}}