{"id":4104,"date":"2014-11-20T11:05:04","date_gmt":"2014-11-20T10:05:04","guid":{"rendered":"http:\/\/unser-quartier.de\/stadt-bergheim\/?page_id=4104"},"modified":"2015-03-11T16:45:12","modified_gmt":"2015-03-11T15:45:12","slug":"beschreibung-glesch","status":"publish","type":"page","link":"https:\/\/unser-quartier.de\/stadt-bergheim\/startseite\/bilder\/stadtteile\/beschreibungen\/beschreibung-glesch\/","title":{"rendered":"Beschreibung-Glesch"},"content":{"rendered":"<p><strong><span style=\"font-size: 12pt\">Nur fliegen ist sch\u00f6ner<\/span><\/strong><br \/>\n<span style=\"font-size: 12pt\">Leise und ohne Motor \u00fcber die Erftlandschaft gleiten: Das ist auf dem Segelflugplatz\u00a0auf der Wiedenfelder H\u00f6he in Glesch m\u00f6glich.<br \/>\nVom Segelflieger aus k\u00f6nnen faszinierende Technik und weite Auenlandschaften &#8220;von oben &#8221; erlebt werden.\u00a0<\/span><br \/>\n<span style=\"font-size: 12pt\">\u00a0<\/span><br \/>\n<strong><span style=\"font-size: 12pt\">Ein kurzer Blick auf die Geschichte<\/span><\/strong><br \/>\n<span style=\"font-size: 12pt\">Die Geschichte des Ortes weist bis in die Steinzeit zur\u00fcck. Urkundlich erw\u00e4hnt wird Glesch erstmals 973. Im 14. Jahrhundert unterhielt das Stift Essen hier einen H\u00f6feverbund mit 64 abh\u00e4ngigen Bauerng\u00fctern und einer M\u00fchle.<\/span><br \/>\n<span style=\"font-size: 12pt\">\u00a0<\/span><br \/>\n<span style=\"font-size: 12pt\">Ein Ort mit Erholungsgebieten und guter Verkehrsanbindung<\/span><br \/>\n<span style=\"font-size: 12pt\">Die Bahnstation mit regelm\u00e4\u00dfiger Verbindung nach K\u00f6ln und Neuss, eine Kindertageseinrichtung, eine Grundschule, ein Feuerwehrger\u00e4tehaus\u00a0und mehrere Sportanlagen tragen wesentlich zu der guten Infrastruktur des Ortes bei.<\/span><\/p>\n<p><span style=\"font-size: 12pt\">Glesch hat seinen historischen Ortskern mit der Kirche, zahlreichen H\u00e4usern des 18. und 20. Jahrhunderts sowie dem Stamshof, einem ehemaligen Rittersitz, weitgehend bewahrt.<\/span><\/p>\n<p><span style=\"font-size: 12pt\">Im Herzen des Ortes ist als attraktiver Mittelpunkt eine attraktive Gr\u00fcnanlage entstanden.<\/span><\/p>\n<p><span style=\"font-size: 12pt\">\u00dcber die Peringsseeallee erschlie\u00dft sich dem Besucher ein neues vielseitiges Erholungsgebiet mit hohem Freizeitwert. F\u00fcr Wanderer, Jogger\u00a0und Radfahrer ist der Peringssee und der angrenzende Landschaftsraum ein beliebtes Ausflugsziel.\u00a0\u00a0\u00a0<\/span><\/p>\n<p>Quelle: www.bergheim.de<\/p>\n<p><span style=\"font-size: 12pt\">Zus\u00e4tzlich ist zu erw\u00e4hnen der Kalender &#8220;Lebendiges Glesch&#8221;<\/span><\/p>\n<p>&nbsp;<\/p>\n<p>&nbsp;<\/p>\n","protected":false},"excerpt":{"rendered":"<p><strong>Nur fliegen ist sch\u00f6ner<\/strong> Leise und ohne Motor \u00fcber die Erftlandschaft gleiten: Das ist auf dem Segelflugplatz\u00a0auf der Wiedenfelder H\u00f6he in Glesch m\u00f6glich. Vom Segelflieger aus k\u00f6nnen faszinierende Technik und weite Auenlandschaften &#8220;von oben &#8221; erlebt werden.\u00a0 \u00a0 <strong>Ein kurzer Blick auf die Geschichte<\/strong> Die Geschichte des Ortes weist bis in die Steinzeit zur\u00fcck. Urkundlich &hellip; <\/p>\n<p><a class=\"more-link btn\" href=\"https:\/\/unser-quartier.de\/stadt-bergheim\/startseite\/bilder\/stadtteile\/beschreibungen\/beschreibung-glesch\/\">Weiterlesen<\/a><\/p>\n","protected":false},"author":48,"featured_media":0,"parent":3841,"menu_order":8,"comment_status":"open","ping_status":"open","template":"","meta":{"_bbp_topic_count":0,"_bbp_reply_count":0,"_bbp_total_topic_count":0,"_bbp_total_reply_count":0,"_bbp_voice_count":0,"_bbp_anonymous_reply_count":0,"_bbp_topic_count_hidden":0,"_bbp_reply_count_hidden":0,"_bbp_forum_subforum_count":0,"jetpack_post_was_ever_published":false,"footnotes":""},"class_list":["post-4104","page","type-page","status-publish","hentry","nodate","item-wrap"],"jetpack_sharing_enabled":true,"jetpack_shortlink":"https:\/\/wp.me\/P3vhfJ-14c","jetpack_likes_enabled":true,"_links":{"self":[{"href":"https:\/\/unser-quartier.de\/stadt-bergheim\/wp-json\/wp\/v2\/pages\/4104","targetHints":{"allow":["GET"]}}],"collection":[{"href":"https:\/\/unser-quartier.de\/stadt-bergheim\/wp-json\/wp\/v2\/pages"}],"about":[{"href":"https:\/\/unser-quartier.de\/stadt-bergheim\/wp-json\/wp\/v2\/types\/page"}],"author":[{"embeddable":true,"href":"https:\/\/unser-quartier.de\/stadt-bergheim\/wp-json\/wp\/v2\/users\/48"}],"replies":[{"embeddable":true,"href":"https:\/\/unser-quartier.de\/stadt-bergheim\/wp-json\/wp\/v2\/comments?post=4104"}],"version-history":[{"count":0,"href":"https:\/\/unser-quartier.de\/stadt-bergheim\/wp-json\/wp\/v2\/pages\/4104\/revisions"}],"up":[{"embeddable":true,"href":"https:\/\/unser-quartier.de\/stadt-bergheim\/wp-json\/wp\/v2\/pages\/3841"}],"wp:attachment":[{"href":"https:\/\/unser-quartier.de\/stadt-bergheim\/wp-json\/wp\/v2\/media?parent=4104"}],"curies":[{"name":"wp","href":"https:\/\/api.w.org\/{rel}","templated":true}]}}