{"id":4108,"date":"2014-11-20T11:16:15","date_gmt":"2014-11-20T10:16:15","guid":{"rendered":"http:\/\/unser-quartier.de\/stadt-bergheim\/?page_id=4108"},"modified":"2014-11-24T18:42:45","modified_gmt":"2014-11-24T17:42:45","slug":"beschreibung-paffendorf","status":"publish","type":"page","link":"https:\/\/unser-quartier.de\/stadt-bergheim\/startseite\/bilder\/stadtteile\/beschreibungen\/beschreibung-paffendorf\/","title":{"rendered":"Beschreibung-Paffendorf"},"content":{"rendered":"<p><strong><span style=\"font-size: 12pt\">Hoch zu Ross und Wagen<\/span><\/strong><br \/>\n<span style=\"font-size: 12pt\">So fuhren fr\u00fcher die Besitzer von Schloss Paffendorf durch den Ort. Ein Besuch war damals\u00a0 nur zu seltenen Gelgenheiten m\u00f6glich. Heute ist das pr\u00e4chtige \u00fcber 400 Jahre alte Wasserschloss f\u00fcr die \u00d6ffentlichkeit zug\u00e4nglich und deshalb ein \u00fcberregional bekanntes und beliebtes Ausflugsziel.<\/span><br \/>\n<span style=\"font-size: 12pt\">\u00a0<\/span><br \/>\n<strong><span style=\"font-size: 12pt\">Paffendorf gestern und heute<\/span><\/strong><br \/>\n<span style=\"font-size: 12pt\">Paffendorf ist als alter K\u00f6nigsbesitz vor 947 an das Stift Essen verschenkt worden. Dieses machte den Ort zum Verwaltungsmittelpunkt seiner gro\u00dfen Grundherrschaft an der Erft.<\/span><\/p>\n<p><span style=\"font-size: 12pt\">In preu\u00dfischer Zeit wuchs Paffendorf zur B\u00fcrgermeisterei, zu der die Orte Nieder- und Oberau\u00dfem sowie Glesch geh\u00f6rten. Mit der kommunalen Neugliederung 1975 wurde der Ort Stadtteil von Bergheim.<\/span><\/p>\n<p><span style=\"font-size: 12pt\">Die Einwohnerzahl Paffendorfs ist stark gewachsen. Dies ist insbesondere auf die neueren Wohngebiete an den n\u00f6rdlichen und westlichen Ausl\u00e4ufern Paffendorfs zur\u00fcckzuf\u00fchren.<\/span><\/p>\n<p><span style=\"font-size: 12pt\">Ein wichtiger Aspekt der wirtschaftlichen Entwicklung ist der Gewerbepark, der ein gelungenes Beispiel f\u00fcr die gr\u00fcnorientierte Gestaltung gewerblicher Nutzfl\u00e4chen darstellt.<\/span><\/p>\n<p>Quelle: www.bergheim.de<\/p>\n","protected":false},"excerpt":{"rendered":"<p><strong>Hoch zu Ross und Wagen<\/strong> So fuhren fr\u00fcher die Besitzer von Schloss Paffendorf durch den Ort. Ein Besuch war damals\u00a0 nur zu seltenen Gelgenheiten m\u00f6glich. Heute ist das pr\u00e4chtige \u00fcber 400 Jahre alte Wasserschloss f\u00fcr die \u00d6ffentlichkeit zug\u00e4nglich und deshalb ein \u00fcberregional bekanntes und beliebtes Ausflugsziel. \u00a0 <strong>Paffendorf gestern und heute<\/strong> Paffendorf ist als alter &hellip; <\/p>\n<p><a class=\"more-link btn\" href=\"https:\/\/unser-quartier.de\/stadt-bergheim\/startseite\/bilder\/stadtteile\/beschreibungen\/beschreibung-paffendorf\/\">Weiterlesen<\/a><\/p>\n","protected":false},"author":48,"featured_media":0,"parent":3841,"menu_order":9,"comment_status":"open","ping_status":"open","template":"","meta":{"_bbp_topic_count":0,"_bbp_reply_count":0,"_bbp_total_topic_count":0,"_bbp_total_reply_count":0,"_bbp_voice_count":0,"_bbp_anonymous_reply_count":0,"_bbp_topic_count_hidden":0,"_bbp_reply_count_hidden":0,"_bbp_forum_subforum_count":0,"jetpack_post_was_ever_published":false,"footnotes":""},"class_list":["post-4108","page","type-page","status-publish","hentry","nodate","item-wrap"],"jetpack_sharing_enabled":true,"jetpack_shortlink":"https:\/\/wp.me\/P3vhfJ-14g","jetpack_likes_enabled":true,"_links":{"self":[{"href":"https:\/\/unser-quartier.de\/stadt-bergheim\/wp-json\/wp\/v2\/pages\/4108","targetHints":{"allow":["GET"]}}],"collection":[{"href":"https:\/\/unser-quartier.de\/stadt-bergheim\/wp-json\/wp\/v2\/pages"}],"about":[{"href":"https:\/\/unser-quartier.de\/stadt-bergheim\/wp-json\/wp\/v2\/types\/page"}],"author":[{"embeddable":true,"href":"https:\/\/unser-quartier.de\/stadt-bergheim\/wp-json\/wp\/v2\/users\/48"}],"replies":[{"embeddable":true,"href":"https:\/\/unser-quartier.de\/stadt-bergheim\/wp-json\/wp\/v2\/comments?post=4108"}],"version-history":[{"count":0,"href":"https:\/\/unser-quartier.de\/stadt-bergheim\/wp-json\/wp\/v2\/pages\/4108\/revisions"}],"up":[{"embeddable":true,"href":"https:\/\/unser-quartier.de\/stadt-bergheim\/wp-json\/wp\/v2\/pages\/3841"}],"wp:attachment":[{"href":"https:\/\/unser-quartier.de\/stadt-bergheim\/wp-json\/wp\/v2\/media?parent=4108"}],"curies":[{"name":"wp","href":"https:\/\/api.w.org\/{rel}","templated":true}]}}