{"id":4117,"date":"2014-11-20T11:31:56","date_gmt":"2014-11-20T10:31:56","guid":{"rendered":"http:\/\/unser-quartier.de\/stadt-bergheim\/?page_id=4117"},"modified":"2014-11-24T18:48:44","modified_gmt":"2014-11-24T17:48:44","slug":"beschreibung-kenten","status":"publish","type":"page","link":"https:\/\/unser-quartier.de\/stadt-bergheim\/startseite\/bilder\/stadtteile\/beschreibungen\/beschreibung-kenten\/","title":{"rendered":"Beschreibung-Kenten"},"content":{"rendered":"<p><span style=\"font-size: 12pt\"><strong>Klein Venedig mit dem Deutschen Eck<\/strong><\/span><br \/>\n<span style=\"font-size: 12pt\">So beschreiben Kentener eine ihrer Lieblingsstrecken per Rad. Was liegt bei diesen Stichworten n\u00e4her als die Erft? Mit dem Rad gelangt man in idyllischer Erftauenlandschaft gleich \u00fcber mehrere\u00a0Br\u00fccken und findet auch das Deutsche Eck, den Ort, an dem die kleine und die gro\u00dfe Erft zusammenflie\u00dfen.\u00a0<\/span><br \/>\n<span style=\"font-size: 12pt\">\u00a0<\/span><br \/>\n<span style=\"font-size: 12pt\"><strong>Ein kurzer Blick in die Geschichte<\/strong><\/span><br \/>\n<span style=\"font-size: 12pt\">Kenten wird\u00a0 erstmals im Jahr 1115 erw\u00e4hnt. Die Herren von Kenten errichteten hier an der Erftniederung eine leider heute nicht mehr erhaltenen Burg. <\/span><br \/>\n<span style=\"font-size: 12pt\"> Das alte Kenten gruppiert sich rund um den Dorfplatz, in unmittelbarer Nachbarschaft der Kirche.\u00a0\u00a0<\/span><br \/>\n<span style=\"font-size: 12pt\">\u00a0<\/span><br \/>\n<span style=\"font-size: 12pt\"><strong>Kenten heute<\/strong><\/span><br \/>\n<span style=\"font-size: 12pt\">Blickfang in Kenten ist insbesondere die Pfarrkirche St. Hubertus. Hier hat der bekannte K\u00fcnstler Ewald Matar\u00e9 (1887-1965 ), der auch\u00a0 vier T\u00fcren f\u00fcr das S\u00fcdportal des K\u00f6lner Doms gestaltete,\u00a0seine Spuren hinterlassen. Er schuf das Kirchenportal, den Tabernakel und auch den Kirchturmhahn.<br \/>\nDer Hahn stellt eine Besonderheit dar. Denn er besitzt einen ungew\u00f6hnlichen Kopf. Er hat\u00a0die Form eines Strahlenkranzes\u00a0als Symbol f\u00fcr die Sonne.<\/span><\/p>\n<p><span style=\"font-size: 12pt\">Der Bergheimer Bahnhof ist in wenigen Minuten zu Fu\u00df zu erreichen, so dass\u00a0eine gute \u00f6ffentliche Verkehrsanbindung besteht.<\/span><\/p>\n<p><span style=\"font-size: 12pt\">Reges Sport- und Vereinsleben sorgt f\u00fcr viele aktive Freizeitm\u00f6glich-keiten. Auch die Geselligkeit kommt nicht zu kurz.<br \/>\n<\/span><span style=\"font-size: 12pt\">Daf\u00fcr sorgen die \u00f6rtlichen Treffpunkte und Feste f\u00fcr Jung und Alt.\u00a0<\/span><\/p>\n<p>Quelle: www.bergheim.de<\/p>\n","protected":false},"excerpt":{"rendered":"<p><strong>Klein Venedig mit dem Deutschen Eck<\/strong> So beschreiben Kentener eine ihrer Lieblingsstrecken per Rad. Was liegt bei diesen Stichworten n\u00e4her als die Erft? Mit dem Rad gelangt man in idyllischer Erftauenlandschaft gleich \u00fcber mehrere\u00a0Br\u00fccken und findet auch das Deutsche Eck, den Ort, an dem die kleine und die gro\u00dfe Erft zusammenflie\u00dfen.\u00a0 \u00a0 <strong>Ein kurzer Blick &hellip; <\/strong><\/p>\n<p><a class=\"more-link btn\" href=\"https:\/\/unser-quartier.de\/stadt-bergheim\/startseite\/bilder\/stadtteile\/beschreibungen\/beschreibung-kenten\/\">Weiterlesen<\/a><\/p>\n","protected":false},"author":48,"featured_media":0,"parent":3841,"menu_order":12,"comment_status":"open","ping_status":"open","template":"","meta":{"_bbp_topic_count":0,"_bbp_reply_count":0,"_bbp_total_topic_count":0,"_bbp_total_reply_count":0,"_bbp_voice_count":0,"_bbp_anonymous_reply_count":0,"_bbp_topic_count_hidden":0,"_bbp_reply_count_hidden":0,"_bbp_forum_subforum_count":0,"jetpack_post_was_ever_published":false,"footnotes":""},"class_list":["post-4117","page","type-page","status-publish","hentry","nodate","item-wrap"],"jetpack_sharing_enabled":true,"jetpack_shortlink":"https:\/\/wp.me\/P3vhfJ-14p","jetpack_likes_enabled":true,"_links":{"self":[{"href":"https:\/\/unser-quartier.de\/stadt-bergheim\/wp-json\/wp\/v2\/pages\/4117","targetHints":{"allow":["GET"]}}],"collection":[{"href":"https:\/\/unser-quartier.de\/stadt-bergheim\/wp-json\/wp\/v2\/pages"}],"about":[{"href":"https:\/\/unser-quartier.de\/stadt-bergheim\/wp-json\/wp\/v2\/types\/page"}],"author":[{"embeddable":true,"href":"https:\/\/unser-quartier.de\/stadt-bergheim\/wp-json\/wp\/v2\/users\/48"}],"replies":[{"embeddable":true,"href":"https:\/\/unser-quartier.de\/stadt-bergheim\/wp-json\/wp\/v2\/comments?post=4117"}],"version-history":[{"count":0,"href":"https:\/\/unser-quartier.de\/stadt-bergheim\/wp-json\/wp\/v2\/pages\/4117\/revisions"}],"up":[{"embeddable":true,"href":"https:\/\/unser-quartier.de\/stadt-bergheim\/wp-json\/wp\/v2\/pages\/3841"}],"wp:attachment":[{"href":"https:\/\/unser-quartier.de\/stadt-bergheim\/wp-json\/wp\/v2\/media?parent=4117"}],"curies":[{"name":"wp","href":"https:\/\/api.w.org\/{rel}","templated":true}]}}